{"id":7492,"date":"2024-05-27T14:38:38","date_gmt":"2024-05-27T14:38:38","guid":{"rendered":"https:\/\/consortium.hr\/?post_type=product&#038;p=7492"},"modified":"2026-03-23T10:13:02","modified_gmt":"2026-03-23T10:13:02","slug":"chromoden-lak-za-parket-20m2","status":"publish","type":"product","link":"https:\/\/consortium.hr\/sl\/product\/chromoden-lak-za-parket-20m2\/","title":{"rendered":"Chromoden lak za parket 20m2"},"content":{"rendered":"<div class=\"woocommerce-product-details__short-description\">\n<p><strong>Poliuretanski dvokomponentni brezbarvni laki s posebnimi dodatki za visokokakovostno za\u0161\u010dito in dekoracijo parketa ter drugih lesenih podlag.<\/strong><\/p>\n<p>V posebnih pogojih (visoke temperature, velike povr\u0161ine z manj\u0161im \u0161tevilom izvajalcev) se priporo\u010da red\u010denje z do 10 % Chromoden upo\u010dasnjevalca.<\/p>\n<\/div>\n<div class=\"product-content\">\n<p class=\"fusion-responsive-typography-calculated\" data-fontsize=\"28\" data-lineheight=\"33.6px\"><strong>Lastnosti:<\/strong><\/p>\n<ul>\n<li>Izjemno dolgotrajni in odporni na obrabo<\/li>\n<li>Odlikujejo se z visoko trdotojo<\/li>\n<li>Enostavni za vzdr\u017eevanje in odporni na vplive bla\u017ejih kemikalij<\/li>\n<\/ul>\n<\/div>","protected":false},"excerpt":{"rendered":"<p>Poliuretanski dvokomponentni bezbojni lakovi sa specijalnim dodacima za visokokvalitetnu za\u0161titu i dekoraciju parketa i drugih drvenih podloga. Pri posebnim uvjetima (visoke temperature, velike povr\u0161ine uz manji broj izvo\u0111a\u010da) preporu\u010duje se razrje\u0111enje s do 10% Chromoden usporiva\u010da. Karakteristike: Izuzetno dugotrajni i otporni na habanje Odlikuju se visokom tvrdo\u0107om Lako se odr\u017eavaju i otporni na utjecaje bla\u017eih [&hellip;]<\/p>","protected":false},"featured_media":7493,"template":"","meta":{"_acf_changed":false},"product_brand":[],"product_cat":[169,173,364],"product_tag":[],"class_list":{"0":"post-7492","1":"product","2":"type-product","3":"status-publish","4":"has-post-thumbnail","6":"product_cat-boje-i-lakovi","7":"product_cat-lakovi","8":"product_cat-lakovi-za-drvo","10":"first","11":"instock","12":"shipping-taxable","13":"purchasable","14":"product-type-simple"},"acf":[],"yoast_head":"<!-- This site is optimized with the Yoast SEO plugin v26.1.1 - https:\/\/yoast.com\/wordpress\/plugins\/seo\/ -->\n<title>Chromoden lak za parket 20m2 - Consortium<\/title>\n<meta name=\"robots\" content=\"index, follow, max-snippet:-1, max-image-preview:large, max-video-preview:-1\" \/>\n<link rel=\"canonical\" href=\"https:\/\/consortium.hr\/sl\/product\/chromoden-lak-za-parket-20m2\/\" \/>\n<meta property=\"og:locale\" content=\"sl_SI\" \/>\n<meta property=\"og:type\" content=\"article\" \/>\n<meta property=\"og:title\" content=\"Chromoden lak za parket 20m2 - Consortium\" \/>\n<meta property=\"og:description\" content=\"Poliuretanski dvokomponentni bezbojni lakovi sa specijalnim dodacima za visokokvalitetnu za\u0161titu i dekoraciju parketa i drugih drvenih podloga. Pri posebnim uvjetima (visoke temperature, velike povr\u0161ine uz manji broj izvo\u0111a\u010da) preporu\u010duje se razrje\u0111enje s do 10% Chromoden usporiva\u010da. Karakteristike: Izuzetno dugotrajni i otporni na habanje Odlikuju se visokom tvrdo\u0107om Lako se odr\u017eavaju i otporni na utjecaje bla\u017eih [&hellip;]\" \/>\n<meta property=\"og:url\" content=\"https:\/\/consortium.hr\/sl\/product\/chromoden-lak-za-parket-20m2\/\" \/>\n<meta property=\"og:site_name\" content=\"Consortium\" \/>\n<meta property=\"article:modified_time\" content=\"2026-03-23T10:13:02+00:00\" \/>\n<meta property=\"og:image\" content=\"https:\/\/consortium.hr\/wp-content\/uploads\/2024\/05\/Chromoden-lak-za-parket-20m2.jpg\" \/>\n\t<meta property=\"og:image:width\" content=\"800\" \/>\n\t<meta property=\"og:image:height\" content=\"800\" \/>\n\t<meta property=\"og:image:type\" content=\"image\/jpeg\" \/>\n<meta name=\"twitter:card\" content=\"summary_large_image\" \/>\n<script type=\"application\/ld+json\" class=\"yoast-schema-graph\">{\"@context\":\"https:\/\/schema.org\",\"@graph\":[{\"@type\":\"WebPage\",\"@id\":\"https:\/\/consortium.hr\/product\/chromoden-lak-za-parket-20m2\/\",\"url\":\"https:\/\/consortium.hr\/product\/chromoden-lak-za-parket-20m2\/\",\"name\":\"Chromoden lak za parket 20m2 - Consortium\",\"isPartOf\":{\"@id\":\"https:\/\/consortium.hr\/#website\"},\"primaryImageOfPage\":{\"@id\":\"https:\/\/consortium.hr\/product\/chromoden-lak-za-parket-20m2\/#primaryimage\"},\"image\":{\"@id\":\"https:\/\/consortium.hr\/product\/chromoden-lak-za-parket-20m2\/#primaryimage\"},\"thumbnailUrl\":\"https:\/\/consortium.hr\/wp-content\/uploads\/2024\/05\/Chromoden-lak-za-parket-20m2.jpg\",\"datePublished\":\"2024-05-27T14:38:38+00:00\",\"dateModified\":\"2026-03-23T10:13:02+00:00\",\"breadcrumb\":{\"@id\":\"https:\/\/consortium.hr\/product\/chromoden-lak-za-parket-20m2\/#breadcrumb\"},\"inLanguage\":\"sl-SI\",\"potentialAction\":[{\"@type\":\"ReadAction\",\"target\":[\"https:\/\/consortium.hr\/product\/chromoden-lak-za-parket-20m2\/\"]}]},{\"@type\":\"ImageObject\",\"inLanguage\":\"sl-SI\",\"@id\":\"https:\/\/consortium.hr\/product\/chromoden-lak-za-parket-20m2\/#primaryimage\",\"url\":\"https:\/\/consortium.hr\/wp-content\/uploads\/2024\/05\/Chromoden-lak-za-parket-20m2.jpg\",\"contentUrl\":\"https:\/\/consortium.hr\/wp-content\/uploads\/2024\/05\/Chromoden-lak-za-parket-20m2.jpg\",\"width\":800,\"height\":800},{\"@type\":\"BreadcrumbList\",\"@id\":\"https:\/\/consortium.hr\/product\/chromoden-lak-za-parket-20m2\/#breadcrumb\",\"itemListElement\":[{\"@type\":\"ListItem\",\"position\":1,\"name\":\"Po\u010detna stranica\",\"item\":\"https:\/\/consortium.hr\/sl\/\"},{\"@type\":\"ListItem\",\"position\":2,\"name\":\"Shop\",\"item\":\"https:\/\/consortium.hr\/sl\/shop\/\"},{\"@type\":\"ListItem\",\"position\":3,\"name\":\"Chromoden lak za parket 20m2\"}]},{\"@type\":\"WebSite\",\"@id\":\"https:\/\/consortium.hr\/#website\",\"url\":\"https:\/\/consortium.hr\/\",\"name\":\"Consortium\",\"description\":\"Gra\u0111evinski Materijal - Odli\u010dna Ponuda i Cijena\",\"alternateName\":\"Gra\u0111evinski Materijal - Odli\u010dna Ponuda i Cijena\",\"potentialAction\":[{\"@type\":\"SearchAction\",\"target\":{\"@type\":\"EntryPoint\",\"urlTemplate\":\"https:\/\/consortium.hr\/?s={search_term_string}\"},\"query-input\":{\"@type\":\"PropertyValueSpecification\",\"valueRequired\":true,\"valueName\":\"search_term_string\"}}],\"inLanguage\":\"sl-SI\"}]}<\/script>\n<!-- \/ Yoast SEO plugin. -->","yoast_head_json":{"title":"Chromoden lak za parket 20m2 - Consortium","robots":{"index":"index","follow":"follow","max-snippet":"max-snippet:-1","max-image-preview":"max-image-preview:large","max-video-preview":"max-video-preview:-1"},"canonical":"https:\/\/consortium.hr\/sl\/product\/chromoden-lak-za-parket-20m2\/","og_locale":"sl_SI","og_type":"article","og_title":"Chromoden lak za parket 20m2 - Consortium","og_description":"Poliuretanski dvokomponentni bezbojni lakovi sa specijalnim dodacima za visokokvalitetnu za\u0161titu i dekoraciju parketa i drugih drvenih podloga. Pri posebnim uvjetima (visoke temperature, velike povr\u0161ine uz manji broj izvo\u0111a\u010da) preporu\u010duje se razrje\u0111enje s do 10% Chromoden usporiva\u010da. Karakteristike: Izuzetno dugotrajni i otporni na habanje Odlikuju se visokom tvrdo\u0107om Lako se odr\u017eavaju i otporni na utjecaje bla\u017eih [&hellip;]","og_url":"https:\/\/consortium.hr\/sl\/product\/chromoden-lak-za-parket-20m2\/","og_site_name":"Consortium","article_modified_time":"2026-03-23T10:13:02+00:00","og_image":[{"width":800,"height":800,"url":"https:\/\/consortium.hr\/wp-content\/uploads\/2024\/05\/Chromoden-lak-za-parket-20m2.jpg","type":"image\/jpeg"}],"twitter_card":"summary_large_image","schema":{"@context":"https:\/\/schema.org","@graph":[{"@type":"WebPage","@id":"https:\/\/consortium.hr\/product\/chromoden-lak-za-parket-20m2\/","url":"https:\/\/consortium.hr\/product\/chromoden-lak-za-parket-20m2\/","name":"Chromoden lak za parket 20m2 - Consortium","isPartOf":{"@id":"https:\/\/consortium.hr\/#website"},"primaryImageOfPage":{"@id":"https:\/\/consortium.hr\/product\/chromoden-lak-za-parket-20m2\/#primaryimage"},"image":{"@id":"https:\/\/consortium.hr\/product\/chromoden-lak-za-parket-20m2\/#primaryimage"},"thumbnailUrl":"https:\/\/consortium.hr\/wp-content\/uploads\/2024\/05\/Chromoden-lak-za-parket-20m2.jpg","datePublished":"2024-05-27T14:38:38+00:00","dateModified":"2026-03-23T10:13:02+00:00","breadcrumb":{"@id":"https:\/\/consortium.hr\/product\/chromoden-lak-za-parket-20m2\/#breadcrumb"},"inLanguage":"sl-SI","potentialAction":[{"@type":"ReadAction","target":["https:\/\/consortium.hr\/product\/chromoden-lak-za-parket-20m2\/"]}]},{"@type":"ImageObject","inLanguage":"sl-SI","@id":"https:\/\/consortium.hr\/product\/chromoden-lak-za-parket-20m2\/#primaryimage","url":"https:\/\/consortium.hr\/wp-content\/uploads\/2024\/05\/Chromoden-lak-za-parket-20m2.jpg","contentUrl":"https:\/\/consortium.hr\/wp-content\/uploads\/2024\/05\/Chromoden-lak-za-parket-20m2.jpg","width":800,"height":800},{"@type":"BreadcrumbList","@id":"https:\/\/consortium.hr\/product\/chromoden-lak-za-parket-20m2\/#breadcrumb","itemListElement":[{"@type":"ListItem","position":1,"name":"Po\u010detna stranica","item":"https:\/\/consortium.hr\/sl\/"},{"@type":"ListItem","position":2,"name":"Shop","item":"https:\/\/consortium.hr\/sl\/shop\/"},{"@type":"ListItem","position":3,"name":"Chromoden lak za parket 20m2"}]},{"@type":"WebSite","@id":"https:\/\/consortium.hr\/#website","url":"https:\/\/consortium.hr\/","name":"Consortium","description":"Gra\u0111evinski Materijal - Odli\u010dna Ponuda i Cijena","alternateName":"Gra\u0111evinski Materijal - Odli\u010dna Ponuda i Cijena","potentialAction":[{"@type":"SearchAction","target":{"@type":"EntryPoint","urlTemplate":"https:\/\/consortium.hr\/?s={search_term_string}"},"query-input":{"@type":"PropertyValueSpecification","valueRequired":true,"valueName":"search_term_string"}}],"inLanguage":"sl-SI"}]}},"_links":{"self":[{"href":"https:\/\/consortium.hr\/sl\/wp-json\/wp\/v2\/product\/7492","targetHints":{"allow":["GET"]}}],"collection":[{"href":"https:\/\/consortium.hr\/sl\/wp-json\/wp\/v2\/product"}],"about":[{"href":"https:\/\/consortium.hr\/sl\/wp-json\/wp\/v2\/types\/product"}],"wp:featuredmedia":[{"embeddable":true,"href":"https:\/\/consortium.hr\/sl\/wp-json\/wp\/v2\/media\/7493"}],"wp:attachment":[{"href":"https:\/\/consortium.hr\/sl\/wp-json\/wp\/v2\/media?parent=7492"}],"wp:term":[{"taxonomy":"product_brand","embeddable":true,"href":"https:\/\/consortium.hr\/sl\/wp-json\/wp\/v2\/product_brand?post=7492"},{"taxonomy":"product_cat","embeddable":true,"href":"https:\/\/consortium.hr\/sl\/wp-json\/wp\/v2\/product_cat?post=7492"},{"taxonomy":"product_tag","embeddable":true,"href":"https:\/\/consortium.hr\/sl\/wp-json\/wp\/v2\/product_tag?post=7492"}],"curies":[{"name":"wp","href":"https:\/\/api.w.org\/{rel}","templated":true}]}}