{"id":7497,"date":"2024-05-27T14:47:33","date_gmt":"2024-05-27T14:47:33","guid":{"rendered":"https:\/\/consortium.hr\/?post_type=product&#038;p=7497"},"modified":"2025-10-22T10:04:10","modified_gmt":"2025-10-22T10:04:10","slug":"happy-color-fluorescentni-400-ml","status":"publish","type":"product","link":"https:\/\/consortium.hr\/sl\/product\/happy-color-fluorescentni-400-ml\/","title":{"rendered":"Happy Color fluorescentni 400 ml"},"content":{"rendered":"<p><strong>Happy Color FLUORESCENT je sijajni emajl za notranje prostore, ki povr\u0161inam daje svetlost in vidljivost na daljavo, tudi ob pomanjkanju svetlobe. <\/strong><\/p>\n<p>Nepogre\u0161ljiv za postavitev smerokazov ter za sijajne in privla\u010dne okraske na kolesih, mopedih, \u010deladah, modelih, obvestilih in podobno.<\/p>\n<p>Na dotik se posu\u0161i v 15 minutah, popolnoma pa v 45 minutah.<\/p>\n<p>Lahko se uporablja na: povr\u0161inah iz kovine, plastike, lesa, stekla, keramike, terakote, MDF-ja, ometa itd.<\/p>","protected":false},"excerpt":{"rendered":"<p>Happy Color FLUORESCENT je sjajni emajl za interijere koji povr\u0161ine \u010dini svijetlima i vidljivima iz daljine, \u010dak i u nedostatku svjetla. Neophodan za postavljanje putokaza i za sjajne i privla\u010dne ukrase na biciklima, mopedima, kacigama, modelima, obavijestima i sl. Su\u0161i se na dodir za 15 minuta, a potpuno za 45 minuta. Mo\u017ee se koristiti na: [&hellip;]<\/p>","protected":false},"featured_media":7498,"template":"","meta":{"_acf_changed":false},"product_brand":[],"product_cat":[169,180],"product_tag":[],"class_list":{"0":"post-7497","1":"product","2":"type-product","3":"status-publish","4":"has-post-thumbnail","6":"product_cat-boje-i-lakovi","7":"product_cat-sprejevi-kat","9":"first","10":"outofstock","11":"shipping-taxable","12":"purchasable","13":"product-type-variable","14":"wvs-archive-product-wrapper"},"acf":[],"yoast_head":"<!-- This site is optimized with the Yoast SEO plugin v26.1.1 - https:\/\/yoast.com\/wordpress\/plugins\/seo\/ -->\n<title>Happy Color fluorescentni 400 ml - Consortium<\/title>\n<meta name=\"robots\" content=\"index, follow, max-snippet:-1, max-image-preview:large, max-video-preview:-1\" \/>\n<link rel=\"canonical\" href=\"https:\/\/consortium.hr\/sl\/product\/happy-color-fluorescentni-400-ml\/\" \/>\n<meta property=\"og:locale\" content=\"sl_SI\" \/>\n<meta property=\"og:type\" content=\"article\" \/>\n<meta property=\"og:title\" content=\"Happy Color fluorescentni 400 ml - Consortium\" \/>\n<meta property=\"og:description\" content=\"Happy Color FLUORESCENT je sjajni emajl za interijere koji povr\u0161ine \u010dini svijetlima i vidljivima iz daljine, \u010dak i u nedostatku svjetla. Neophodan za postavljanje putokaza i za sjajne i privla\u010dne ukrase na biciklima, mopedima, kacigama, modelima, obavijestima i sl. Su\u0161i se na dodir za 15 minuta, a potpuno za 45 minuta. Mo\u017ee se koristiti na: [&hellip;]\" \/>\n<meta property=\"og:url\" content=\"https:\/\/consortium.hr\/sl\/product\/happy-color-fluorescentni-400-ml\/\" \/>\n<meta property=\"og:site_name\" content=\"Consortium\" \/>\n<meta property=\"article:modified_time\" content=\"2025-10-22T10:04:10+00:00\" \/>\n<meta property=\"og:image\" content=\"https:\/\/consortium.hr\/wp-content\/uploads\/2024\/05\/Happy-Color-fluorescentni-400ml.jpg\" \/>\n\t<meta property=\"og:image:width\" content=\"800\" \/>\n\t<meta property=\"og:image:height\" content=\"800\" \/>\n\t<meta property=\"og:image:type\" content=\"image\/jpeg\" \/>\n<meta name=\"twitter:card\" content=\"summary_large_image\" \/>\n<script type=\"application\/ld+json\" class=\"yoast-schema-graph\">{\"@context\":\"https:\/\/schema.org\",\"@graph\":[{\"@type\":\"WebPage\",\"@id\":\"https:\/\/consortium.hr\/product\/happy-color-fluorescentni-400-ml\/\",\"url\":\"https:\/\/consortium.hr\/product\/happy-color-fluorescentni-400-ml\/\",\"name\":\"Happy Color fluorescentni 400 ml - Consortium\",\"isPartOf\":{\"@id\":\"https:\/\/consortium.hr\/#website\"},\"primaryImageOfPage\":{\"@id\":\"https:\/\/consortium.hr\/product\/happy-color-fluorescentni-400-ml\/#primaryimage\"},\"image\":{\"@id\":\"https:\/\/consortium.hr\/product\/happy-color-fluorescentni-400-ml\/#primaryimage\"},\"thumbnailUrl\":\"https:\/\/consortium.hr\/wp-content\/uploads\/2024\/05\/Happy-Color-fluorescentni-400ml.jpg\",\"datePublished\":\"2024-05-27T14:47:33+00:00\",\"dateModified\":\"2025-10-22T10:04:10+00:00\",\"breadcrumb\":{\"@id\":\"https:\/\/consortium.hr\/product\/happy-color-fluorescentni-400-ml\/#breadcrumb\"},\"inLanguage\":\"sl-SI\",\"potentialAction\":[{\"@type\":\"ReadAction\",\"target\":[\"https:\/\/consortium.hr\/product\/happy-color-fluorescentni-400-ml\/\"]}]},{\"@type\":\"ImageObject\",\"inLanguage\":\"sl-SI\",\"@id\":\"https:\/\/consortium.hr\/product\/happy-color-fluorescentni-400-ml\/#primaryimage\",\"url\":\"https:\/\/consortium.hr\/wp-content\/uploads\/2024\/05\/Happy-Color-fluorescentni-400ml.jpg\",\"contentUrl\":\"https:\/\/consortium.hr\/wp-content\/uploads\/2024\/05\/Happy-Color-fluorescentni-400ml.jpg\",\"width\":800,\"height\":800},{\"@type\":\"BreadcrumbList\",\"@id\":\"https:\/\/consortium.hr\/product\/happy-color-fluorescentni-400-ml\/#breadcrumb\",\"itemListElement\":[{\"@type\":\"ListItem\",\"position\":1,\"name\":\"Po\u010detna stranica\",\"item\":\"https:\/\/consortium.hr\/sl\/\"},{\"@type\":\"ListItem\",\"position\":2,\"name\":\"Shop\",\"item\":\"https:\/\/consortium.hr\/sl\/shop\/\"},{\"@type\":\"ListItem\",\"position\":3,\"name\":\"Happy Color fluorescentni 400 ml\"}]},{\"@type\":\"WebSite\",\"@id\":\"https:\/\/consortium.hr\/#website\",\"url\":\"https:\/\/consortium.hr\/\",\"name\":\"Consortium\",\"description\":\"Gra\u0111evinski Materijal - Odli\u010dna Ponuda i Cijena\",\"alternateName\":\"Gra\u0111evinski Materijal - Odli\u010dna Ponuda i Cijena\",\"potentialAction\":[{\"@type\":\"SearchAction\",\"target\":{\"@type\":\"EntryPoint\",\"urlTemplate\":\"https:\/\/consortium.hr\/?s={search_term_string}\"},\"query-input\":{\"@type\":\"PropertyValueSpecification\",\"valueRequired\":true,\"valueName\":\"search_term_string\"}}],\"inLanguage\":\"sl-SI\"}]}<\/script>\n<!-- \/ Yoast SEO plugin. -->","yoast_head_json":{"title":"Happy Color fluorescentni 400 ml - Consortium","robots":{"index":"index","follow":"follow","max-snippet":"max-snippet:-1","max-image-preview":"max-image-preview:large","max-video-preview":"max-video-preview:-1"},"canonical":"https:\/\/consortium.hr\/sl\/product\/happy-color-fluorescentni-400-ml\/","og_locale":"sl_SI","og_type":"article","og_title":"Happy Color fluorescentni 400 ml - Consortium","og_description":"Happy Color FLUORESCENT je sjajni emajl za interijere koji povr\u0161ine \u010dini svijetlima i vidljivima iz daljine, \u010dak i u nedostatku svjetla. Neophodan za postavljanje putokaza i za sjajne i privla\u010dne ukrase na biciklima, mopedima, kacigama, modelima, obavijestima i sl. Su\u0161i se na dodir za 15 minuta, a potpuno za 45 minuta. Mo\u017ee se koristiti na: [&hellip;]","og_url":"https:\/\/consortium.hr\/sl\/product\/happy-color-fluorescentni-400-ml\/","og_site_name":"Consortium","article_modified_time":"2025-10-22T10:04:10+00:00","og_image":[{"width":800,"height":800,"url":"https:\/\/consortium.hr\/wp-content\/uploads\/2024\/05\/Happy-Color-fluorescentni-400ml.jpg","type":"image\/jpeg"}],"twitter_card":"summary_large_image","schema":{"@context":"https:\/\/schema.org","@graph":[{"@type":"WebPage","@id":"https:\/\/consortium.hr\/product\/happy-color-fluorescentni-400-ml\/","url":"https:\/\/consortium.hr\/product\/happy-color-fluorescentni-400-ml\/","name":"Happy Color fluorescentni 400 ml - Consortium","isPartOf":{"@id":"https:\/\/consortium.hr\/#website"},"primaryImageOfPage":{"@id":"https:\/\/consortium.hr\/product\/happy-color-fluorescentni-400-ml\/#primaryimage"},"image":{"@id":"https:\/\/consortium.hr\/product\/happy-color-fluorescentni-400-ml\/#primaryimage"},"thumbnailUrl":"https:\/\/consortium.hr\/wp-content\/uploads\/2024\/05\/Happy-Color-fluorescentni-400ml.jpg","datePublished":"2024-05-27T14:47:33+00:00","dateModified":"2025-10-22T10:04:10+00:00","breadcrumb":{"@id":"https:\/\/consortium.hr\/product\/happy-color-fluorescentni-400-ml\/#breadcrumb"},"inLanguage":"sl-SI","potentialAction":[{"@type":"ReadAction","target":["https:\/\/consortium.hr\/product\/happy-color-fluorescentni-400-ml\/"]}]},{"@type":"ImageObject","inLanguage":"sl-SI","@id":"https:\/\/consortium.hr\/product\/happy-color-fluorescentni-400-ml\/#primaryimage","url":"https:\/\/consortium.hr\/wp-content\/uploads\/2024\/05\/Happy-Color-fluorescentni-400ml.jpg","contentUrl":"https:\/\/consortium.hr\/wp-content\/uploads\/2024\/05\/Happy-Color-fluorescentni-400ml.jpg","width":800,"height":800},{"@type":"BreadcrumbList","@id":"https:\/\/consortium.hr\/product\/happy-color-fluorescentni-400-ml\/#breadcrumb","itemListElement":[{"@type":"ListItem","position":1,"name":"Po\u010detna stranica","item":"https:\/\/consortium.hr\/sl\/"},{"@type":"ListItem","position":2,"name":"Shop","item":"https:\/\/consortium.hr\/sl\/shop\/"},{"@type":"ListItem","position":3,"name":"Happy Color fluorescentni 400 ml"}]},{"@type":"WebSite","@id":"https:\/\/consortium.hr\/#website","url":"https:\/\/consortium.hr\/","name":"Consortium","description":"Gra\u0111evinski Materijal - Odli\u010dna Ponuda i Cijena","alternateName":"Gra\u0111evinski Materijal - Odli\u010dna Ponuda i Cijena","potentialAction":[{"@type":"SearchAction","target":{"@type":"EntryPoint","urlTemplate":"https:\/\/consortium.hr\/?s={search_term_string}"},"query-input":{"@type":"PropertyValueSpecification","valueRequired":true,"valueName":"search_term_string"}}],"inLanguage":"sl-SI"}]}},"_links":{"self":[{"href":"https:\/\/consortium.hr\/sl\/wp-json\/wp\/v2\/product\/7497","targetHints":{"allow":["GET"]}}],"collection":[{"href":"https:\/\/consortium.hr\/sl\/wp-json\/wp\/v2\/product"}],"about":[{"href":"https:\/\/consortium.hr\/sl\/wp-json\/wp\/v2\/types\/product"}],"wp:featuredmedia":[{"embeddable":true,"href":"https:\/\/consortium.hr\/sl\/wp-json\/wp\/v2\/media\/7498"}],"wp:attachment":[{"href":"https:\/\/consortium.hr\/sl\/wp-json\/wp\/v2\/media?parent=7497"}],"wp:term":[{"taxonomy":"product_brand","embeddable":true,"href":"https:\/\/consortium.hr\/sl\/wp-json\/wp\/v2\/product_brand?post=7497"},{"taxonomy":"product_cat","embeddable":true,"href":"https:\/\/consortium.hr\/sl\/wp-json\/wp\/v2\/product_cat?post=7497"},{"taxonomy":"product_tag","embeddable":true,"href":"https:\/\/consortium.hr\/sl\/wp-json\/wp\/v2\/product_tag?post=7497"}],"curies":[{"name":"wp","href":"https:\/\/api.w.org\/{rel}","templated":true}]}}