{"id":7531,"date":"2024-06-14T14:42:22","date_gmt":"2024-06-14T14:42:22","guid":{"rendered":"https:\/\/consortium.hr\/?post_type=product&#038;p=7531"},"modified":"2026-04-02T12:43:10","modified_gmt":"2026-04-02T12:43:10","slug":"ciscenje-interijera-vozila-i-plovila-500-ml","status":"publish","type":"product","link":"https:\/\/consortium.hr\/sl\/product\/ciscenje-interijera-vozila-i-plovila-500-ml\/","title":{"rendered":"\u010ci\u0161\u010denje notranjosti vozil in plovil 500 ml"},"content":{"rendered":"<div class=\"elementor-element elementor-element-f042feb elementor-widget elementor-widget-heading\" data-id=\"f042feb\" data-element_type=\"widget\" data-widget_type=\"heading.default\">\n<div class=\"elementor-widget-container\"><\/div>\n<\/div>\n<div class=\"elementor-widget-container\">\n<ul class=\"elementor-icon-list-items\">\n<li class=\"elementor-icon-list-item\"><i class=\"fas fa-check\" aria-hidden=\"true\"><\/i><span class=\"elementor-icon-list-text\">Izjemen u\u010dinek \u010di\u0161\u010denja in odma\u0161\u010devanja VSEH POVR\u0160IN v vozilu\/plovilu<\/span><\/li>\n<li class=\"elementor-icon-list-item\"><i class=\"fas fa-check\" aria-hidden=\"true\"><\/i><span class=\"elementor-icon-list-text\">Zelo u\u010dinkovit, ekonomi\u010den in POPOLNOMA VARNO za vse povr\u0161ine<\/span><\/li>\n<li class=\"elementor-icon-list-item\"><i class=\"fas fa-check\" aria-hidden=\"true\"><\/i><span class=\"elementor-icon-list-text\">Popolnoma \u010disti tkanino, usnje, plastiko, les, gumo, lakirane in kovinske povr\u0161ine<\/span><\/li>\n<li class=\"elementor-icon-list-item\"><i class=\"fas fa-check\" aria-hidden=\"true\"><\/i><span class=\"elementor-icon-list-text\">Odstrani tudi najtr\u0161e made\u017ee na tkaninah (hrana, nikotin, ...)<\/span><\/li>\n<li class=\"elementor-icon-list-item\"><i class=\"fas fa-check\" aria-hidden=\"true\"><\/i><span class=\"elementor-icon-list-text\">Ni potrebno izpiranje in ne pu\u0161\u010da sledi<\/span><\/li>\n<\/ul>\n<\/div>\n<div class=\"elementor-widget-container\">\n<p class=\"elementor-heading-title elementor-size-default\"><strong>Uporaba:<\/strong><\/p>\n<\/div>\n<div class=\"elementor-element elementor-element-47e965f elementor-icon-list--layout-traditional elementor-list-item-link-full_width elementor-widget elementor-widget-icon-list\" data-id=\"47e965f\" data-element_type=\"widget\" data-widget_type=\"icon-list.default\">\n<div class=\"elementor-widget-container\">\n<ul class=\"elementor-icon-list-items\">\n<li class=\"elementor-icon-list-item\"><i class=\"fas fa-arrow-right\" aria-hidden=\"true\"><\/i><span class=\"elementor-icon-list-text\">Red\u010di se z vodo v razmerju 1:10 \u2013 1:20, odvisno od stopnje umazanosti<\/span><\/li>\n<li class=\"elementor-icon-list-item\"><i class=\"fas fa-arrow-right\" aria-hidden=\"true\"><\/i><span class=\"elementor-icon-list-text\">Nanesite na \u017eeleno povr\u0161ino<\/span><\/li>\n<li class=\"elementor-icon-list-item\"><i class=\"fas fa-arrow-right\" aria-hidden=\"true\"><\/i><span class=\"elementor-icon-list-text\">Pustite, da deluje kratek \u010das<\/span><\/li>\n<li class=\"elementor-icon-list-item\"><i class=\"fas fa-arrow-right\" aria-hidden=\"true\"><\/i><span class=\"elementor-icon-list-text\">Ni potrebno izpiranje in ne pu\u0161\u010da sledi<\/span><\/li>\n<\/ul>\n<\/div>\n<\/div>","protected":false},"excerpt":{"rendered":"<p>Izuzetan efekt \u010di\u0161\u0107enja i odma\u0161\u0107ivanja SVIH POVR\u0160INA u vozilu\/plovilu Vrlo u\u010dinkovit, ekonomi\u010dan i POTPUNO SIGURAN za sve povr\u0161ine Savr\u0161eno \u010disti tkaninu, ko\u017eu, plastiku, drvo, gumu, lakirane i metalne povr\u0161ine Uklanja i najte\u017ee mrlje na tkaninama (hrana, nikotin,\u2026) Nije potrebno ispiranje i ne ostavlja tragove Primjena: Razrje\u0111uje se vodom u omjeru 1:10 \u2013 1:20 zavisno o [&hellip;]<\/p>","protected":false},"featured_media":7532,"template":"","meta":{"_acf_changed":false},"product_brand":[],"product_cat":[169,175],"product_tag":[],"class_list":{"0":"post-7531","1":"product","2":"type-product","3":"status-publish","4":"has-post-thumbnail","6":"product_cat-boje-i-lakovi","7":"product_cat-razrjedivaci-i-cistila","9":"first","10":"instock","11":"shipping-taxable","12":"purchasable","13":"product-type-simple"},"acf":[],"yoast_head":"<!-- This site is optimized with the Yoast SEO plugin v26.1.1 - https:\/\/yoast.com\/wordpress\/plugins\/seo\/ -->\n<title>\u010ci\u0161\u0107enje interijera vozila i plovila 500 ml - Consortium<\/title>\n<meta name=\"robots\" content=\"index, follow, max-snippet:-1, max-image-preview:large, max-video-preview:-1\" \/>\n<link rel=\"canonical\" href=\"https:\/\/consortium.hr\/sl\/product\/ciscenje-interijera-vozila-i-plovila-500-ml\/\" \/>\n<meta property=\"og:locale\" content=\"sl_SI\" \/>\n<meta property=\"og:type\" content=\"article\" \/>\n<meta property=\"og:title\" content=\"\u010ci\u0161\u0107enje interijera vozila i plovila 500 ml - Consortium\" \/>\n<meta property=\"og:description\" content=\"Izuzetan efekt \u010di\u0161\u0107enja i odma\u0161\u0107ivanja SVIH POVR\u0160INA u vozilu\/plovilu Vrlo u\u010dinkovit, ekonomi\u010dan i POTPUNO SIGURAN za sve povr\u0161ine Savr\u0161eno \u010disti tkaninu, ko\u017eu, plastiku, drvo, gumu, lakirane i metalne povr\u0161ine Uklanja i najte\u017ee mrlje na tkaninama (hrana, nikotin,\u2026) Nije potrebno ispiranje i ne ostavlja tragove Primjena: Razrje\u0111uje se vodom u omjeru 1:10 \u2013 1:20 zavisno o [&hellip;]\" \/>\n<meta property=\"og:url\" content=\"https:\/\/consortium.hr\/sl\/product\/ciscenje-interijera-vozila-i-plovila-500-ml\/\" \/>\n<meta property=\"og:site_name\" content=\"Consortium\" \/>\n<meta property=\"article:modified_time\" content=\"2026-04-02T12:43:10+00:00\" \/>\n<meta property=\"og:image\" content=\"https:\/\/consortium.hr\/wp-content\/uploads\/2024\/06\/Ciscenje-interijera-vozila-i-plovila-500ml.jpg\" \/>\n\t<meta property=\"og:image:width\" content=\"800\" \/>\n\t<meta property=\"og:image:height\" content=\"800\" \/>\n\t<meta property=\"og:image:type\" content=\"image\/jpeg\" \/>\n<meta name=\"twitter:card\" content=\"summary_large_image\" \/>\n<script type=\"application\/ld+json\" class=\"yoast-schema-graph\">{\"@context\":\"https:\/\/schema.org\",\"@graph\":[{\"@type\":\"WebPage\",\"@id\":\"https:\/\/consortium.hr\/product\/ciscenje-interijera-vozila-i-plovila-500-ml\/\",\"url\":\"https:\/\/consortium.hr\/product\/ciscenje-interijera-vozila-i-plovila-500-ml\/\",\"name\":\"\u010ci\u0161\u0107enje interijera vozila i plovila 500 ml - Consortium\",\"isPartOf\":{\"@id\":\"https:\/\/consortium.hr\/#website\"},\"primaryImageOfPage\":{\"@id\":\"https:\/\/consortium.hr\/product\/ciscenje-interijera-vozila-i-plovila-500-ml\/#primaryimage\"},\"image\":{\"@id\":\"https:\/\/consortium.hr\/product\/ciscenje-interijera-vozila-i-plovila-500-ml\/#primaryimage\"},\"thumbnailUrl\":\"https:\/\/consortium.hr\/wp-content\/uploads\/2024\/06\/Ciscenje-interijera-vozila-i-plovila-500ml.jpg\",\"datePublished\":\"2024-06-14T14:42:22+00:00\",\"dateModified\":\"2026-04-02T12:43:10+00:00\",\"breadcrumb\":{\"@id\":\"https:\/\/consortium.hr\/product\/ciscenje-interijera-vozila-i-plovila-500-ml\/#breadcrumb\"},\"inLanguage\":\"sl-SI\",\"potentialAction\":[{\"@type\":\"ReadAction\",\"target\":[\"https:\/\/consortium.hr\/product\/ciscenje-interijera-vozila-i-plovila-500-ml\/\"]}]},{\"@type\":\"ImageObject\",\"inLanguage\":\"sl-SI\",\"@id\":\"https:\/\/consortium.hr\/product\/ciscenje-interijera-vozila-i-plovila-500-ml\/#primaryimage\",\"url\":\"https:\/\/consortium.hr\/wp-content\/uploads\/2024\/06\/Ciscenje-interijera-vozila-i-plovila-500ml.jpg\",\"contentUrl\":\"https:\/\/consortium.hr\/wp-content\/uploads\/2024\/06\/Ciscenje-interijera-vozila-i-plovila-500ml.jpg\",\"width\":800,\"height\":800},{\"@type\":\"BreadcrumbList\",\"@id\":\"https:\/\/consortium.hr\/product\/ciscenje-interijera-vozila-i-plovila-500-ml\/#breadcrumb\",\"itemListElement\":[{\"@type\":\"ListItem\",\"position\":1,\"name\":\"Po\u010detna stranica\",\"item\":\"https:\/\/consortium.hr\/sl\/\"},{\"@type\":\"ListItem\",\"position\":2,\"name\":\"Shop\",\"item\":\"https:\/\/consortium.hr\/sl\/shop\/\"},{\"@type\":\"ListItem\",\"position\":3,\"name\":\"\u010ci\u0161\u0107enje interijera vozila i plovila 500 ml\"}]},{\"@type\":\"WebSite\",\"@id\":\"https:\/\/consortium.hr\/#website\",\"url\":\"https:\/\/consortium.hr\/\",\"name\":\"Consortium\",\"description\":\"Gra\u0111evinski Materijal - Odli\u010dna Ponuda i Cijena\",\"alternateName\":\"Gra\u0111evinski Materijal - Odli\u010dna Ponuda i Cijena\",\"potentialAction\":[{\"@type\":\"SearchAction\",\"target\":{\"@type\":\"EntryPoint\",\"urlTemplate\":\"https:\/\/consortium.hr\/?s={search_term_string}\"},\"query-input\":{\"@type\":\"PropertyValueSpecification\",\"valueRequired\":true,\"valueName\":\"search_term_string\"}}],\"inLanguage\":\"sl-SI\"}]}<\/script>\n<!-- \/ Yoast SEO plugin. -->","yoast_head_json":{"title":"\u010ci\u0161\u0107enje interijera vozila i plovila 500 ml - Consortium","robots":{"index":"index","follow":"follow","max-snippet":"max-snippet:-1","max-image-preview":"max-image-preview:large","max-video-preview":"max-video-preview:-1"},"canonical":"https:\/\/consortium.hr\/sl\/product\/ciscenje-interijera-vozila-i-plovila-500-ml\/","og_locale":"sl_SI","og_type":"article","og_title":"\u010ci\u0161\u0107enje interijera vozila i plovila 500 ml - Consortium","og_description":"Izuzetan efekt \u010di\u0161\u0107enja i odma\u0161\u0107ivanja SVIH POVR\u0160INA u vozilu\/plovilu Vrlo u\u010dinkovit, ekonomi\u010dan i POTPUNO SIGURAN za sve povr\u0161ine Savr\u0161eno \u010disti tkaninu, ko\u017eu, plastiku, drvo, gumu, lakirane i metalne povr\u0161ine Uklanja i najte\u017ee mrlje na tkaninama (hrana, nikotin,\u2026) Nije potrebno ispiranje i ne ostavlja tragove Primjena: Razrje\u0111uje se vodom u omjeru 1:10 \u2013 1:20 zavisno o [&hellip;]","og_url":"https:\/\/consortium.hr\/sl\/product\/ciscenje-interijera-vozila-i-plovila-500-ml\/","og_site_name":"Consortium","article_modified_time":"2026-04-02T12:43:10+00:00","og_image":[{"width":800,"height":800,"url":"https:\/\/consortium.hr\/wp-content\/uploads\/2024\/06\/Ciscenje-interijera-vozila-i-plovila-500ml.jpg","type":"image\/jpeg"}],"twitter_card":"summary_large_image","schema":{"@context":"https:\/\/schema.org","@graph":[{"@type":"WebPage","@id":"https:\/\/consortium.hr\/product\/ciscenje-interijera-vozila-i-plovila-500-ml\/","url":"https:\/\/consortium.hr\/product\/ciscenje-interijera-vozila-i-plovila-500-ml\/","name":"\u010ci\u0161\u0107enje interijera vozila i plovila 500 ml - Consortium","isPartOf":{"@id":"https:\/\/consortium.hr\/#website"},"primaryImageOfPage":{"@id":"https:\/\/consortium.hr\/product\/ciscenje-interijera-vozila-i-plovila-500-ml\/#primaryimage"},"image":{"@id":"https:\/\/consortium.hr\/product\/ciscenje-interijera-vozila-i-plovila-500-ml\/#primaryimage"},"thumbnailUrl":"https:\/\/consortium.hr\/wp-content\/uploads\/2024\/06\/Ciscenje-interijera-vozila-i-plovila-500ml.jpg","datePublished":"2024-06-14T14:42:22+00:00","dateModified":"2026-04-02T12:43:10+00:00","breadcrumb":{"@id":"https:\/\/consortium.hr\/product\/ciscenje-interijera-vozila-i-plovila-500-ml\/#breadcrumb"},"inLanguage":"sl-SI","potentialAction":[{"@type":"ReadAction","target":["https:\/\/consortium.hr\/product\/ciscenje-interijera-vozila-i-plovila-500-ml\/"]}]},{"@type":"ImageObject","inLanguage":"sl-SI","@id":"https:\/\/consortium.hr\/product\/ciscenje-interijera-vozila-i-plovila-500-ml\/#primaryimage","url":"https:\/\/consortium.hr\/wp-content\/uploads\/2024\/06\/Ciscenje-interijera-vozila-i-plovila-500ml.jpg","contentUrl":"https:\/\/consortium.hr\/wp-content\/uploads\/2024\/06\/Ciscenje-interijera-vozila-i-plovila-500ml.jpg","width":800,"height":800},{"@type":"BreadcrumbList","@id":"https:\/\/consortium.hr\/product\/ciscenje-interijera-vozila-i-plovila-500-ml\/#breadcrumb","itemListElement":[{"@type":"ListItem","position":1,"name":"Po\u010detna stranica","item":"https:\/\/consortium.hr\/sl\/"},{"@type":"ListItem","position":2,"name":"Shop","item":"https:\/\/consortium.hr\/sl\/shop\/"},{"@type":"ListItem","position":3,"name":"\u010ci\u0161\u0107enje interijera vozila i plovila 500 ml"}]},{"@type":"WebSite","@id":"https:\/\/consortium.hr\/#website","url":"https:\/\/consortium.hr\/","name":"Consortium","description":"Gra\u0111evinski Materijal - Odli\u010dna Ponuda i Cijena","alternateName":"Gra\u0111evinski Materijal - Odli\u010dna Ponuda i Cijena","potentialAction":[{"@type":"SearchAction","target":{"@type":"EntryPoint","urlTemplate":"https:\/\/consortium.hr\/?s={search_term_string}"},"query-input":{"@type":"PropertyValueSpecification","valueRequired":true,"valueName":"search_term_string"}}],"inLanguage":"sl-SI"}]}},"_links":{"self":[{"href":"https:\/\/consortium.hr\/sl\/wp-json\/wp\/v2\/product\/7531","targetHints":{"allow":["GET"]}}],"collection":[{"href":"https:\/\/consortium.hr\/sl\/wp-json\/wp\/v2\/product"}],"about":[{"href":"https:\/\/consortium.hr\/sl\/wp-json\/wp\/v2\/types\/product"}],"wp:featuredmedia":[{"embeddable":true,"href":"https:\/\/consortium.hr\/sl\/wp-json\/wp\/v2\/media\/7532"}],"wp:attachment":[{"href":"https:\/\/consortium.hr\/sl\/wp-json\/wp\/v2\/media?parent=7531"}],"wp:term":[{"taxonomy":"product_brand","embeddable":true,"href":"https:\/\/consortium.hr\/sl\/wp-json\/wp\/v2\/product_brand?post=7531"},{"taxonomy":"product_cat","embeddable":true,"href":"https:\/\/consortium.hr\/sl\/wp-json\/wp\/v2\/product_cat?post=7531"},{"taxonomy":"product_tag","embeddable":true,"href":"https:\/\/consortium.hr\/sl\/wp-json\/wp\/v2\/product_tag?post=7531"}],"curies":[{"name":"wp","href":"https:\/\/api.w.org\/{rel}","templated":true}]}}