{"id":7541,"date":"2024-06-14T14:48:26","date_gmt":"2024-06-14T14:48:26","guid":{"rendered":"https:\/\/consortium.hr\/?post_type=product&#038;p=7541"},"modified":"2026-02-27T07:23:34","modified_gmt":"2026-02-27T07:23:34","slug":"zastita-i-obnavljanje-drvenih-povrsina-500-ml","status":"publish","type":"product","link":"https:\/\/consortium.hr\/sl\/product\/zastita-i-obnavljanje-drvenih-povrsina-500-ml\/","title":{"rendered":"Za\u0161\u010dita in obnova lesenih povr\u0161in 500 ml"},"content":{"rendered":"<div class=\"elementor-element elementor-element-f042feb elementor-widget elementor-widget-heading\" data-id=\"f042feb\" data-element_type=\"widget\" data-widget_type=\"heading.default\">\n<div class=\"elementor-widget-container\"><\/div>\n<\/div>\n<div class=\"elementor-element elementor-element-b8a4e01 elementor-icon-list--layout-traditional elementor-list-item-link-full_width elementor-widget elementor-widget-icon-list\" data-id=\"b8a4e01\" data-element_type=\"widget\" data-widget_type=\"icon-list.default\">\n<div class=\"elementor-widget-container\">\n<ul class=\"elementor-icon-list-items\">\n<li class=\"elementor-icon-list-item\"><i class=\"fa fa-check\" aria-hidden=\"true\"><\/i><span class=\"elementor-icon-list-text\">Obnavlja in vra\u010da \u201enov\u201c videz ve\u010dini lesenih povr\u0161in, po\u0161kodovanih zaradi vremenskih vplivov (sonce, de\u017e, sol itd.)<\/span><\/li>\n<li class=\"elementor-icon-list-item\"><i class=\"fa fa-check\" aria-hidden=\"true\"><\/i><span class=\"elementor-icon-list-text\">Ustvari za\u0161\u010ditni sloj in upo\u010dasni pokanje ter staranje lesenih povr\u0161in<\/span><\/li>\n<li class=\"elementor-icon-list-item\"><i class=\"fa fa-check\" aria-hidden=\"true\"><\/i><span class=\"elementor-icon-list-text\">Nana\u0161a se zelo enostavno in je enostaven za uporabo<\/span><\/li>\n<li class=\"elementor-icon-list-item\"><i class=\"fa fa-check\" aria-hidden=\"true\"><\/i><span class=\"elementor-icon-list-text\">Dolgotrajen (odvisno od obremenitve povr\u0161ine z zunanjimi vplivi)<\/span><\/li>\n<\/ul>\n<\/div>\n<\/div>\n<div class=\"elementor-element elementor-element-ed7e9ee elementor-widget elementor-widget-heading\" data-id=\"ed7e9ee\" data-element_type=\"widget\" data-widget_type=\"heading.default\">\n<div class=\"elementor-widget-container\">\n<p class=\"elementor-heading-title elementor-size-default\"><strong>Uporaba:<\/strong><\/p>\n<\/div>\n<\/div>\n<div class=\"elementor-element elementor-element-47e965f elementor-icon-list--layout-traditional elementor-list-item-link-full_width elementor-widget elementor-widget-icon-list\" data-id=\"47e965f\" data-element_type=\"widget\" data-widget_type=\"icon-list.default\">\n<div class=\"elementor-widget-container\">\n<ul class=\"elementor-icon-list-items\">\n<li class=\"elementor-icon-list-item\"><i class=\"fa fa-arrow-right\" aria-hidden=\"true\"><\/i><span class=\"elementor-icon-list-text\">\u010ce je povr\u0161ina mo\u010dno umazana, jo je treba obvezno o\u010distiti pred nanosom<\/span><\/li>\n<li class=\"elementor-icon-list-item\"><i class=\"fa fa-arrow-right\" aria-hidden=\"true\"><\/i><span class=\"elementor-icon-list-text\">Nanesite na \u017eeleno povr\u0161ino s pr\u0161ilko ali namo\u010deno krpo<\/span><\/li>\n<li class=\"elementor-icon-list-item\"><i class=\"fa fa-arrow-right\" aria-hidden=\"true\"><\/i><span class=\"elementor-icon-list-text\">S krpo dobro vtrite izdelek na \u017eeleno povr\u0161ino<\/span><\/li>\n<\/ul>\n<\/div>\n<\/div>","protected":false},"excerpt":{"rendered":"<p>Obnavlja i vra\u0107a \u201enovi\u201c izgled ve\u0107ini drvenih povr\u0161ina o\u0161te\u0107enih vremenskim utjecajima (sunce, ki\u0161a, sol i dr.) Stvara za\u0161titni sloj i usporava pucanje i starenje drvenih povr\u0161ina Nanosi se vrlo lako i jednostavan je za upotrebu Dugotrajan (ovisno o optere\u0107enosti povr\u0161ine vanjskim utjecajima) Primjena: Ako je povr\u0161ina jako zaprljana, obavezno ju je oprati prije nano\u0161enja Nanijeti [&hellip;]<\/p>","protected":false},"featured_media":7542,"template":"","meta":{"_acf_changed":false},"product_brand":[],"product_cat":[169,175],"product_tag":[],"class_list":{"0":"post-7541","1":"product","2":"type-product","3":"status-publish","4":"has-post-thumbnail","6":"product_cat-boje-i-lakovi","7":"product_cat-razrjedivaci-i-cistila","9":"first","10":"instock","11":"shipping-taxable","12":"purchasable","13":"product-type-simple"},"acf":[],"yoast_head":"<!-- This site is optimized with the Yoast SEO plugin v26.1.1 - https:\/\/yoast.com\/wordpress\/plugins\/seo\/ -->\n<title>Za\u0161tita i obnavljanje drvenih povr\u0161ina 500 ml - Consortium<\/title>\n<meta name=\"robots\" content=\"index, follow, max-snippet:-1, max-image-preview:large, max-video-preview:-1\" \/>\n<link rel=\"canonical\" href=\"https:\/\/consortium.hr\/sl\/product\/zastita-i-obnavljanje-drvenih-povrsina-500-ml\/\" \/>\n<meta property=\"og:locale\" content=\"sl_SI\" \/>\n<meta property=\"og:type\" content=\"article\" \/>\n<meta property=\"og:title\" content=\"Za\u0161tita i obnavljanje drvenih povr\u0161ina 500 ml - Consortium\" \/>\n<meta property=\"og:description\" content=\"Obnavlja i vra\u0107a \u201enovi\u201c izgled ve\u0107ini drvenih povr\u0161ina o\u0161te\u0107enih vremenskim utjecajima (sunce, ki\u0161a, sol i dr.) Stvara za\u0161titni sloj i usporava pucanje i starenje drvenih povr\u0161ina Nanosi se vrlo lako i jednostavan je za upotrebu Dugotrajan (ovisno o optere\u0107enosti povr\u0161ine vanjskim utjecajima) Primjena: Ako je povr\u0161ina jako zaprljana, obavezno ju je oprati prije nano\u0161enja Nanijeti [&hellip;]\" \/>\n<meta property=\"og:url\" content=\"https:\/\/consortium.hr\/sl\/product\/zastita-i-obnavljanje-drvenih-povrsina-500-ml\/\" \/>\n<meta property=\"og:site_name\" content=\"Consortium\" \/>\n<meta property=\"article:modified_time\" content=\"2026-02-27T07:23:34+00:00\" \/>\n<meta property=\"og:image\" content=\"https:\/\/consortium.hr\/wp-content\/uploads\/2024\/06\/Zastita-i-obnavljanje-drvenih-povrsina-500ml.jpg\" \/>\n\t<meta property=\"og:image:width\" content=\"800\" \/>\n\t<meta property=\"og:image:height\" content=\"800\" \/>\n\t<meta property=\"og:image:type\" content=\"image\/jpeg\" \/>\n<meta name=\"twitter:card\" content=\"summary_large_image\" \/>\n<script type=\"application\/ld+json\" class=\"yoast-schema-graph\">{\"@context\":\"https:\/\/schema.org\",\"@graph\":[{\"@type\":\"WebPage\",\"@id\":\"https:\/\/consortium.hr\/product\/zastita-i-obnavljanje-drvenih-povrsina-500-ml\/\",\"url\":\"https:\/\/consortium.hr\/product\/zastita-i-obnavljanje-drvenih-povrsina-500-ml\/\",\"name\":\"Za\u0161tita i obnavljanje drvenih povr\u0161ina 500 ml - Consortium\",\"isPartOf\":{\"@id\":\"https:\/\/consortium.hr\/#website\"},\"primaryImageOfPage\":{\"@id\":\"https:\/\/consortium.hr\/product\/zastita-i-obnavljanje-drvenih-povrsina-500-ml\/#primaryimage\"},\"image\":{\"@id\":\"https:\/\/consortium.hr\/product\/zastita-i-obnavljanje-drvenih-povrsina-500-ml\/#primaryimage\"},\"thumbnailUrl\":\"https:\/\/consortium.hr\/wp-content\/uploads\/2024\/06\/Zastita-i-obnavljanje-drvenih-povrsina-500ml.jpg\",\"datePublished\":\"2024-06-14T14:48:26+00:00\",\"dateModified\":\"2026-02-27T07:23:34+00:00\",\"breadcrumb\":{\"@id\":\"https:\/\/consortium.hr\/product\/zastita-i-obnavljanje-drvenih-povrsina-500-ml\/#breadcrumb\"},\"inLanguage\":\"sl-SI\",\"potentialAction\":[{\"@type\":\"ReadAction\",\"target\":[\"https:\/\/consortium.hr\/product\/zastita-i-obnavljanje-drvenih-povrsina-500-ml\/\"]}]},{\"@type\":\"ImageObject\",\"inLanguage\":\"sl-SI\",\"@id\":\"https:\/\/consortium.hr\/product\/zastita-i-obnavljanje-drvenih-povrsina-500-ml\/#primaryimage\",\"url\":\"https:\/\/consortium.hr\/wp-content\/uploads\/2024\/06\/Zastita-i-obnavljanje-drvenih-povrsina-500ml.jpg\",\"contentUrl\":\"https:\/\/consortium.hr\/wp-content\/uploads\/2024\/06\/Zastita-i-obnavljanje-drvenih-povrsina-500ml.jpg\",\"width\":800,\"height\":800},{\"@type\":\"BreadcrumbList\",\"@id\":\"https:\/\/consortium.hr\/product\/zastita-i-obnavljanje-drvenih-povrsina-500-ml\/#breadcrumb\",\"itemListElement\":[{\"@type\":\"ListItem\",\"position\":1,\"name\":\"Po\u010detna stranica\",\"item\":\"https:\/\/consortium.hr\/sl\/\"},{\"@type\":\"ListItem\",\"position\":2,\"name\":\"Shop\",\"item\":\"https:\/\/consortium.hr\/sl\/shop\/\"},{\"@type\":\"ListItem\",\"position\":3,\"name\":\"Za\u0161tita i obnavljanje drvenih povr\u0161ina 500 ml\"}]},{\"@type\":\"WebSite\",\"@id\":\"https:\/\/consortium.hr\/#website\",\"url\":\"https:\/\/consortium.hr\/\",\"name\":\"Consortium\",\"description\":\"Gra\u0111evinski Materijal - Odli\u010dna Ponuda i Cijena\",\"alternateName\":\"Gra\u0111evinski Materijal - Odli\u010dna Ponuda i Cijena\",\"potentialAction\":[{\"@type\":\"SearchAction\",\"target\":{\"@type\":\"EntryPoint\",\"urlTemplate\":\"https:\/\/consortium.hr\/?s={search_term_string}\"},\"query-input\":{\"@type\":\"PropertyValueSpecification\",\"valueRequired\":true,\"valueName\":\"search_term_string\"}}],\"inLanguage\":\"sl-SI\"}]}<\/script>\n<!-- \/ Yoast SEO plugin. -->","yoast_head_json":{"title":"Za\u0161tita i obnavljanje drvenih povr\u0161ina 500 ml - Consortium","robots":{"index":"index","follow":"follow","max-snippet":"max-snippet:-1","max-image-preview":"max-image-preview:large","max-video-preview":"max-video-preview:-1"},"canonical":"https:\/\/consortium.hr\/sl\/product\/zastita-i-obnavljanje-drvenih-povrsina-500-ml\/","og_locale":"sl_SI","og_type":"article","og_title":"Za\u0161tita i obnavljanje drvenih povr\u0161ina 500 ml - Consortium","og_description":"Obnavlja i vra\u0107a \u201enovi\u201c izgled ve\u0107ini drvenih povr\u0161ina o\u0161te\u0107enih vremenskim utjecajima (sunce, ki\u0161a, sol i dr.) Stvara za\u0161titni sloj i usporava pucanje i starenje drvenih povr\u0161ina Nanosi se vrlo lako i jednostavan je za upotrebu Dugotrajan (ovisno o optere\u0107enosti povr\u0161ine vanjskim utjecajima) Primjena: Ako je povr\u0161ina jako zaprljana, obavezno ju je oprati prije nano\u0161enja Nanijeti [&hellip;]","og_url":"https:\/\/consortium.hr\/sl\/product\/zastita-i-obnavljanje-drvenih-povrsina-500-ml\/","og_site_name":"Consortium","article_modified_time":"2026-02-27T07:23:34+00:00","og_image":[{"width":800,"height":800,"url":"https:\/\/consortium.hr\/wp-content\/uploads\/2024\/06\/Zastita-i-obnavljanje-drvenih-povrsina-500ml.jpg","type":"image\/jpeg"}],"twitter_card":"summary_large_image","schema":{"@context":"https:\/\/schema.org","@graph":[{"@type":"WebPage","@id":"https:\/\/consortium.hr\/product\/zastita-i-obnavljanje-drvenih-povrsina-500-ml\/","url":"https:\/\/consortium.hr\/product\/zastita-i-obnavljanje-drvenih-povrsina-500-ml\/","name":"Za\u0161tita i obnavljanje drvenih povr\u0161ina 500 ml - Consortium","isPartOf":{"@id":"https:\/\/consortium.hr\/#website"},"primaryImageOfPage":{"@id":"https:\/\/consortium.hr\/product\/zastita-i-obnavljanje-drvenih-povrsina-500-ml\/#primaryimage"},"image":{"@id":"https:\/\/consortium.hr\/product\/zastita-i-obnavljanje-drvenih-povrsina-500-ml\/#primaryimage"},"thumbnailUrl":"https:\/\/consortium.hr\/wp-content\/uploads\/2024\/06\/Zastita-i-obnavljanje-drvenih-povrsina-500ml.jpg","datePublished":"2024-06-14T14:48:26+00:00","dateModified":"2026-02-27T07:23:34+00:00","breadcrumb":{"@id":"https:\/\/consortium.hr\/product\/zastita-i-obnavljanje-drvenih-povrsina-500-ml\/#breadcrumb"},"inLanguage":"sl-SI","potentialAction":[{"@type":"ReadAction","target":["https:\/\/consortium.hr\/product\/zastita-i-obnavljanje-drvenih-povrsina-500-ml\/"]}]},{"@type":"ImageObject","inLanguage":"sl-SI","@id":"https:\/\/consortium.hr\/product\/zastita-i-obnavljanje-drvenih-povrsina-500-ml\/#primaryimage","url":"https:\/\/consortium.hr\/wp-content\/uploads\/2024\/06\/Zastita-i-obnavljanje-drvenih-povrsina-500ml.jpg","contentUrl":"https:\/\/consortium.hr\/wp-content\/uploads\/2024\/06\/Zastita-i-obnavljanje-drvenih-povrsina-500ml.jpg","width":800,"height":800},{"@type":"BreadcrumbList","@id":"https:\/\/consortium.hr\/product\/zastita-i-obnavljanje-drvenih-povrsina-500-ml\/#breadcrumb","itemListElement":[{"@type":"ListItem","position":1,"name":"Po\u010detna stranica","item":"https:\/\/consortium.hr\/sl\/"},{"@type":"ListItem","position":2,"name":"Shop","item":"https:\/\/consortium.hr\/sl\/shop\/"},{"@type":"ListItem","position":3,"name":"Za\u0161tita i obnavljanje drvenih povr\u0161ina 500 ml"}]},{"@type":"WebSite","@id":"https:\/\/consortium.hr\/#website","url":"https:\/\/consortium.hr\/","name":"Consortium","description":"Gra\u0111evinski Materijal - Odli\u010dna Ponuda i Cijena","alternateName":"Gra\u0111evinski Materijal - Odli\u010dna Ponuda i Cijena","potentialAction":[{"@type":"SearchAction","target":{"@type":"EntryPoint","urlTemplate":"https:\/\/consortium.hr\/?s={search_term_string}"},"query-input":{"@type":"PropertyValueSpecification","valueRequired":true,"valueName":"search_term_string"}}],"inLanguage":"sl-SI"}]}},"_links":{"self":[{"href":"https:\/\/consortium.hr\/sl\/wp-json\/wp\/v2\/product\/7541","targetHints":{"allow":["GET"]}}],"collection":[{"href":"https:\/\/consortium.hr\/sl\/wp-json\/wp\/v2\/product"}],"about":[{"href":"https:\/\/consortium.hr\/sl\/wp-json\/wp\/v2\/types\/product"}],"wp:featuredmedia":[{"embeddable":true,"href":"https:\/\/consortium.hr\/sl\/wp-json\/wp\/v2\/media\/7542"}],"wp:attachment":[{"href":"https:\/\/consortium.hr\/sl\/wp-json\/wp\/v2\/media?parent=7541"}],"wp:term":[{"taxonomy":"product_brand","embeddable":true,"href":"https:\/\/consortium.hr\/sl\/wp-json\/wp\/v2\/product_brand?post=7541"},{"taxonomy":"product_cat","embeddable":true,"href":"https:\/\/consortium.hr\/sl\/wp-json\/wp\/v2\/product_cat?post=7541"},{"taxonomy":"product_tag","embeddable":true,"href":"https:\/\/consortium.hr\/sl\/wp-json\/wp\/v2\/product_tag?post=7541"}],"curies":[{"name":"wp","href":"https:\/\/api.w.org\/{rel}","templated":true}]}}