{"id":7543,"date":"2024-06-14T14:49:31","date_gmt":"2024-06-14T14:49:31","guid":{"rendered":"https:\/\/consortium.hr\/?post_type=product&#038;p=7543"},"modified":"2026-04-22T17:22:44","modified_gmt":"2026-04-22T17:22:44","slug":"profesionalno-odcepljivanje-odvoda-500-ml","status":"publish","type":"product","link":"https:\/\/consortium.hr\/sl\/product\/profesionalno-odcepljivanje-odvoda-500-ml\/","title":{"rendered":"Profesionalno od\u010depljivanje odvoda"},"content":{"rendered":"<ul>\n<li>V 1 minuti naredi odvod prehodno pro\u017een<\/li>\n<li>Zelo hitro in izjemno u\u010dinkovito odma\u0161i odvode<\/li>\n<li>Biorazgradljivo \u2013 ne po\u0161koduje bakterijske flore in favne v \u010distilnih napravah, septi\u010dnih jama in separatorjih<\/li>\n<li>U\u010dinkovito odstrani ma\u0161\u010dobo, lase, milo, papir, higienske vlo\u017eke in vse druge organske in mineralne usedline<\/li>\n<li>Ne po\u0161koduje plastike, kovine, svinca, gume \u2013 varen za vse vodovodne in kanalizacijske instalacije<\/li>\n<\/ul>\n<p><strong>Uporaba:<\/strong><\/p>\n<ul>\n<li><b>OBAVEZNO KORISTITI LATEKS ILI PVC RUKAVICE I DR\u017dATI SE <\/b><strong>UPUTA<\/strong><\/li>\n<li>Odstranite vi\u0161ek vode iz kuhinjskih lavaboa, kadi, wc-lovornjih sudopera i sli\u010dno, dok voda ne ostane samo u odvodu<\/li>\n<li><b>PO\u010cASI IN NE\u017dNO<\/b>\u00a0vle\u010di direktno v odvod (ne nagibati se nad odvodom zaradi mo\u017enosti povratnih par in kapljica)<\/li>\n<li>Pustite da deluje 30 sekund, in nato dodajte 500 ml hladne vode v odvod<\/li>\n<li>Odvisno od stopnje zama\u0161itve pustite da deluje 1-3 minute, nato pa dodajte \u0161e vodo da se zama\u0161itev popolnoma izpere.<\/li>\n<\/ul>","protected":false},"excerpt":{"rendered":"<p>U 1 minuti \u010dini odvod prohodnim Vrlo brzo i ekstremno u\u010dinkovito od\u010depljuje odvode Biorazgradivo \u2013 ne o\u0161te\u0107uje bakterijsku floru i faunu u pro\u010di\u0161\u0107iva\u010dima, septi\u010dkim jamama i separatorima U\u010dinkovito uklanja masno\u0107u, kosu, sapun, papir, higijenske ulo\u0161ke i sve druge organske i mineralne taloge Ne o\u0161te\u0107uje plastiku, metal, olovo, gumu \u2013 siguran za sve vodovodne i kanalizacijske [&hellip;]<\/p>","protected":false},"featured_media":7544,"template":"","meta":{"_acf_changed":false},"product_brand":[],"product_cat":[169,175],"product_tag":[],"class_list":{"0":"post-7543","1":"product","2":"type-product","3":"status-publish","4":"has-post-thumbnail","6":"product_cat-boje-i-lakovi","7":"product_cat-razrjedivaci-i-cistila","9":"first","10":"instock","11":"shipping-taxable","12":"purchasable","13":"product-type-variable","14":"wvs-archive-product-wrapper"},"acf":[],"yoast_head":"<!-- This site is optimized with the Yoast SEO plugin v26.1.1 - https:\/\/yoast.com\/wordpress\/plugins\/seo\/ -->\n<title>Profesionalno od\u010depljivanje odvoda - Consortium<\/title>\n<meta name=\"robots\" content=\"index, follow, max-snippet:-1, max-image-preview:large, max-video-preview:-1\" \/>\n<link rel=\"canonical\" href=\"https:\/\/consortium.hr\/sl\/product\/profesionalno-odcepljivanje-odvoda-500-ml\/\" \/>\n<meta property=\"og:locale\" content=\"sl_SI\" \/>\n<meta property=\"og:type\" content=\"article\" \/>\n<meta property=\"og:title\" content=\"Profesionalno od\u010depljivanje odvoda - Consortium\" \/>\n<meta property=\"og:description\" content=\"U 1 minuti \u010dini odvod prohodnim Vrlo brzo i ekstremno u\u010dinkovito od\u010depljuje odvode Biorazgradivo \u2013 ne o\u0161te\u0107uje bakterijsku floru i faunu u pro\u010di\u0161\u0107iva\u010dima, septi\u010dkim jamama i separatorima U\u010dinkovito uklanja masno\u0107u, kosu, sapun, papir, higijenske ulo\u0161ke i sve druge organske i mineralne taloge Ne o\u0161te\u0107uje plastiku, metal, olovo, gumu \u2013 siguran za sve vodovodne i kanalizacijske [&hellip;]\" \/>\n<meta property=\"og:url\" content=\"https:\/\/consortium.hr\/sl\/product\/profesionalno-odcepljivanje-odvoda-500-ml\/\" \/>\n<meta property=\"og:site_name\" content=\"Consortium\" \/>\n<meta property=\"article:modified_time\" content=\"2026-04-22T17:22:44+00:00\" \/>\n<meta property=\"og:image\" content=\"https:\/\/consortium.hr\/wp-content\/uploads\/2024\/06\/Profesionalno-odcepljivanje-odvoda-500ml.jpg\" \/>\n\t<meta property=\"og:image:width\" content=\"800\" \/>\n\t<meta property=\"og:image:height\" content=\"800\" \/>\n\t<meta property=\"og:image:type\" content=\"image\/jpeg\" \/>\n<meta name=\"twitter:card\" content=\"summary_large_image\" \/>\n<meta name=\"twitter:label1\" content=\"Est. reading time\" \/>\n\t<meta name=\"twitter:data1\" content=\"1 minuta\" \/>\n<script type=\"application\/ld+json\" class=\"yoast-schema-graph\">{\"@context\":\"https:\/\/schema.org\",\"@graph\":[{\"@type\":\"WebPage\",\"@id\":\"https:\/\/consortium.hr\/product\/profesionalno-odcepljivanje-odvoda-500-ml\/\",\"url\":\"https:\/\/consortium.hr\/product\/profesionalno-odcepljivanje-odvoda-500-ml\/\",\"name\":\"Profesionalno od\u010depljivanje odvoda - Consortium\",\"isPartOf\":{\"@id\":\"https:\/\/consortium.hr\/#website\"},\"primaryImageOfPage\":{\"@id\":\"https:\/\/consortium.hr\/product\/profesionalno-odcepljivanje-odvoda-500-ml\/#primaryimage\"},\"image\":{\"@id\":\"https:\/\/consortium.hr\/product\/profesionalno-odcepljivanje-odvoda-500-ml\/#primaryimage\"},\"thumbnailUrl\":\"https:\/\/consortium.hr\/wp-content\/uploads\/2024\/06\/Profesionalno-odcepljivanje-odvoda-500ml.jpg\",\"datePublished\":\"2024-06-14T14:49:31+00:00\",\"dateModified\":\"2026-04-22T17:22:44+00:00\",\"breadcrumb\":{\"@id\":\"https:\/\/consortium.hr\/product\/profesionalno-odcepljivanje-odvoda-500-ml\/#breadcrumb\"},\"inLanguage\":\"sl-SI\",\"potentialAction\":[{\"@type\":\"ReadAction\",\"target\":[\"https:\/\/consortium.hr\/product\/profesionalno-odcepljivanje-odvoda-500-ml\/\"]}]},{\"@type\":\"ImageObject\",\"inLanguage\":\"sl-SI\",\"@id\":\"https:\/\/consortium.hr\/product\/profesionalno-odcepljivanje-odvoda-500-ml\/#primaryimage\",\"url\":\"https:\/\/consortium.hr\/wp-content\/uploads\/2024\/06\/Profesionalno-odcepljivanje-odvoda-500ml.jpg\",\"contentUrl\":\"https:\/\/consortium.hr\/wp-content\/uploads\/2024\/06\/Profesionalno-odcepljivanje-odvoda-500ml.jpg\",\"width\":800,\"height\":800},{\"@type\":\"BreadcrumbList\",\"@id\":\"https:\/\/consortium.hr\/product\/profesionalno-odcepljivanje-odvoda-500-ml\/#breadcrumb\",\"itemListElement\":[{\"@type\":\"ListItem\",\"position\":1,\"name\":\"Po\u010detna stranica\",\"item\":\"https:\/\/consortium.hr\/sl\/\"},{\"@type\":\"ListItem\",\"position\":2,\"name\":\"Shop\",\"item\":\"https:\/\/consortium.hr\/sl\/shop\/\"},{\"@type\":\"ListItem\",\"position\":3,\"name\":\"Profesionalno od\u010depljivanje odvoda\"}]},{\"@type\":\"WebSite\",\"@id\":\"https:\/\/consortium.hr\/#website\",\"url\":\"https:\/\/consortium.hr\/\",\"name\":\"Consortium\",\"description\":\"Gra\u0111evinski Materijal - Odli\u010dna Ponuda i Cijena\",\"alternateName\":\"Gra\u0111evinski Materijal - Odli\u010dna Ponuda i Cijena\",\"potentialAction\":[{\"@type\":\"SearchAction\",\"target\":{\"@type\":\"EntryPoint\",\"urlTemplate\":\"https:\/\/consortium.hr\/?s={search_term_string}\"},\"query-input\":{\"@type\":\"PropertyValueSpecification\",\"valueRequired\":true,\"valueName\":\"search_term_string\"}}],\"inLanguage\":\"sl-SI\"}]}<\/script>\n<!-- \/ Yoast SEO plugin. -->","yoast_head_json":{"title":"Profesionalno od\u010depljivanje odvoda - Consortium","robots":{"index":"index","follow":"follow","max-snippet":"max-snippet:-1","max-image-preview":"max-image-preview:large","max-video-preview":"max-video-preview:-1"},"canonical":"https:\/\/consortium.hr\/sl\/product\/profesionalno-odcepljivanje-odvoda-500-ml\/","og_locale":"sl_SI","og_type":"article","og_title":"Profesionalno od\u010depljivanje odvoda - Consortium","og_description":"U 1 minuti \u010dini odvod prohodnim Vrlo brzo i ekstremno u\u010dinkovito od\u010depljuje odvode Biorazgradivo \u2013 ne o\u0161te\u0107uje bakterijsku floru i faunu u pro\u010di\u0161\u0107iva\u010dima, septi\u010dkim jamama i separatorima U\u010dinkovito uklanja masno\u0107u, kosu, sapun, papir, higijenske ulo\u0161ke i sve druge organske i mineralne taloge Ne o\u0161te\u0107uje plastiku, metal, olovo, gumu \u2013 siguran za sve vodovodne i kanalizacijske [&hellip;]","og_url":"https:\/\/consortium.hr\/sl\/product\/profesionalno-odcepljivanje-odvoda-500-ml\/","og_site_name":"Consortium","article_modified_time":"2026-04-22T17:22:44+00:00","og_image":[{"width":800,"height":800,"url":"https:\/\/consortium.hr\/wp-content\/uploads\/2024\/06\/Profesionalno-odcepljivanje-odvoda-500ml.jpg","type":"image\/jpeg"}],"twitter_card":"summary_large_image","twitter_misc":{"Est. reading time":"1 minuta"},"schema":{"@context":"https:\/\/schema.org","@graph":[{"@type":"WebPage","@id":"https:\/\/consortium.hr\/product\/profesionalno-odcepljivanje-odvoda-500-ml\/","url":"https:\/\/consortium.hr\/product\/profesionalno-odcepljivanje-odvoda-500-ml\/","name":"Profesionalno od\u010depljivanje odvoda - Consortium","isPartOf":{"@id":"https:\/\/consortium.hr\/#website"},"primaryImageOfPage":{"@id":"https:\/\/consortium.hr\/product\/profesionalno-odcepljivanje-odvoda-500-ml\/#primaryimage"},"image":{"@id":"https:\/\/consortium.hr\/product\/profesionalno-odcepljivanje-odvoda-500-ml\/#primaryimage"},"thumbnailUrl":"https:\/\/consortium.hr\/wp-content\/uploads\/2024\/06\/Profesionalno-odcepljivanje-odvoda-500ml.jpg","datePublished":"2024-06-14T14:49:31+00:00","dateModified":"2026-04-22T17:22:44+00:00","breadcrumb":{"@id":"https:\/\/consortium.hr\/product\/profesionalno-odcepljivanje-odvoda-500-ml\/#breadcrumb"},"inLanguage":"sl-SI","potentialAction":[{"@type":"ReadAction","target":["https:\/\/consortium.hr\/product\/profesionalno-odcepljivanje-odvoda-500-ml\/"]}]},{"@type":"ImageObject","inLanguage":"sl-SI","@id":"https:\/\/consortium.hr\/product\/profesionalno-odcepljivanje-odvoda-500-ml\/#primaryimage","url":"https:\/\/consortium.hr\/wp-content\/uploads\/2024\/06\/Profesionalno-odcepljivanje-odvoda-500ml.jpg","contentUrl":"https:\/\/consortium.hr\/wp-content\/uploads\/2024\/06\/Profesionalno-odcepljivanje-odvoda-500ml.jpg","width":800,"height":800},{"@type":"BreadcrumbList","@id":"https:\/\/consortium.hr\/product\/profesionalno-odcepljivanje-odvoda-500-ml\/#breadcrumb","itemListElement":[{"@type":"ListItem","position":1,"name":"Po\u010detna stranica","item":"https:\/\/consortium.hr\/sl\/"},{"@type":"ListItem","position":2,"name":"Shop","item":"https:\/\/consortium.hr\/sl\/shop\/"},{"@type":"ListItem","position":3,"name":"Profesionalno od\u010depljivanje odvoda"}]},{"@type":"WebSite","@id":"https:\/\/consortium.hr\/#website","url":"https:\/\/consortium.hr\/","name":"Consortium","description":"Gra\u0111evinski Materijal - Odli\u010dna Ponuda i Cijena","alternateName":"Gra\u0111evinski Materijal - Odli\u010dna Ponuda i Cijena","potentialAction":[{"@type":"SearchAction","target":{"@type":"EntryPoint","urlTemplate":"https:\/\/consortium.hr\/?s={search_term_string}"},"query-input":{"@type":"PropertyValueSpecification","valueRequired":true,"valueName":"search_term_string"}}],"inLanguage":"sl-SI"}]}},"_links":{"self":[{"href":"https:\/\/consortium.hr\/sl\/wp-json\/wp\/v2\/product\/7543","targetHints":{"allow":["GET"]}}],"collection":[{"href":"https:\/\/consortium.hr\/sl\/wp-json\/wp\/v2\/product"}],"about":[{"href":"https:\/\/consortium.hr\/sl\/wp-json\/wp\/v2\/types\/product"}],"wp:featuredmedia":[{"embeddable":true,"href":"https:\/\/consortium.hr\/sl\/wp-json\/wp\/v2\/media\/7544"}],"wp:attachment":[{"href":"https:\/\/consortium.hr\/sl\/wp-json\/wp\/v2\/media?parent=7543"}],"wp:term":[{"taxonomy":"product_brand","embeddable":true,"href":"https:\/\/consortium.hr\/sl\/wp-json\/wp\/v2\/product_brand?post=7543"},{"taxonomy":"product_cat","embeddable":true,"href":"https:\/\/consortium.hr\/sl\/wp-json\/wp\/v2\/product_cat?post=7543"},{"taxonomy":"product_tag","embeddable":true,"href":"https:\/\/consortium.hr\/sl\/wp-json\/wp\/v2\/product_tag?post=7543"}],"curies":[{"name":"wp","href":"https:\/\/api.w.org\/{rel}","templated":true}]}}