{"id":7565,"date":"2024-06-14T14:57:46","date_gmt":"2024-06-14T14:57:46","guid":{"rendered":"https:\/\/consortium.hr\/?post_type=product&#038;p=7565"},"modified":"2026-04-07T12:38:07","modified_gmt":"2026-04-07T12:38:07","slug":"ciscenje-i-dezinfekcija-podova-500-ml","status":"publish","type":"product","link":"https:\/\/consortium.hr\/sl\/product\/ciscenje-i-dezinfekcija-podova-500-ml\/","title":{"rendered":"\u010ci\u0161\u010denje in dezinfekcija tal 500 ml"},"content":{"rendered":"<div class=\"elementor-element elementor-element-f042feb elementor-widget elementor-widget-heading\" data-id=\"f042feb\" data-element_type=\"widget\" data-widget_type=\"heading.default\">\n<div class=\"elementor-widget-container\"><\/div>\n<\/div>\n<div class=\"elementor-element elementor-element-b8a4e01 elementor-icon-list--layout-traditional elementor-list-item-link-full_width elementor-widget elementor-widget-icon-list\" data-id=\"b8a4e01\" data-element_type=\"widget\" data-widget_type=\"icon-list.default\">\n<div class=\"elementor-widget-container\">\n<ul class=\"elementor-icon-list-items\">\n<li class=\"elementor-icon-list-item\"><i class=\"fa fa-check\" aria-hidden=\"true\"><\/i><span class=\"elementor-icon-list-text\">Dezinficiranje in \u010di\u0161\u010denje vseh vrst talnih oblog: keramika, marmor, kamen, epoksi, les, laminat, parket, PVC, PU guma in drugi umetni materiali<\/span><\/li>\n<li class=\"elementor-icon-list-item\"><i class=\"fa fa-check\" aria-hidden=\"true\"><\/i><span class=\"elementor-icon-list-text\">Uni\u010duje infekcijske delce - bakterije, viruse in glivice<\/span><\/li>\n<li class=\"elementor-icon-list-item\"><i class=\"fa fa-check\" aria-hidden=\"true\"><\/i><span class=\"elementor-icon-list-text\">Mo\u010dno odstrani umazanijo in ne\u010disto\u010de<\/span><\/li>\n<li class=\"elementor-icon-list-item\"><i class=\"fa fa-check\" aria-hidden=\"true\"><\/i><span class=\"elementor-icon-list-text\">Osve\u017ei prostor z prijetnim bogatim vonjem<\/span><\/li>\n<li class=\"elementor-icon-list-item\"><i class=\"fa fa-check\" aria-hidden=\"true\"><\/i><span class=\"elementor-icon-list-text\">Prepre\u010duje spolzke povr\u0161ine po \u010di\u0161\u010denju<\/span><\/li>\n<li class=\"elementor-icon-list-item\"><i class=\"fa fa-check\" aria-hidden=\"true\"><\/i><span class=\"elementor-icon-list-text\">Ekonomi\u010den in enostaven za uporabo<\/span><\/li>\n<\/ul>\n<\/div>\n<\/div>\n<div class=\"elementor-element elementor-element-ed7e9ee elementor-widget elementor-widget-heading\" data-id=\"ed7e9ee\" data-element_type=\"widget\" data-widget_type=\"heading.default\">\n<div class=\"elementor-widget-container\">\n<p class=\"elementor-heading-title elementor-size-default\"><strong>Uporaba:<\/strong><\/p>\n<\/div>\n<\/div>\n<div class=\"elementor-element elementor-element-47e965f elementor-icon-list--layout-traditional elementor-list-item-link-full_width elementor-widget elementor-widget-icon-list\" data-id=\"47e965f\" data-element_type=\"widget\" data-widget_type=\"icon-list.default\">\n<div class=\"elementor-widget-container\">\n<ul class=\"elementor-icon-list-items\">\n<li class=\"elementor-icon-list-item\"><i class=\"fa fa-arrow-right\" aria-hidden=\"true\"><\/i><span class=\"elementor-icon-list-text\">Za normalno \u010di\u0161\u010denje, vlijte 80 ml v 4 litre tople vode<\/span><\/li>\n<li class=\"elementor-icon-list-item\"><i class=\"fa fa-arrow-right\" aria-hidden=\"true\"><\/i><span class=\"elementor-icon-list-text\">Pri globinskem \u010di\u0161\u010denju in dezinfekciji vlijte 250 ml v liter vode<\/span><\/li>\n<li class=\"elementor-icon-list-item\"><i class=\"fa fa-arrow-right\" aria-hidden=\"true\"><\/i><span class=\"elementor-icon-list-text\">Nerazred\u010den izdelek uporabite z nanoso na vla\u017eno gobico ali neposredno na povr\u0161ino v primeru mo\u010dne umazanije<\/span><\/li>\n<li class=\"elementor-icon-list-item\"><i class=\"fa fa-arrow-right\" aria-hidden=\"true\"><\/i><span class=\"elementor-icon-list-text\">Pustite, da deluje 1 minuto pri \u010di\u0161\u010denju, pri dezinfekciji pa 5-15 minut<\/span><\/li>\n<li class=\"elementor-icon-list-item\"><i class=\"fa fa-arrow-right\" aria-hidden=\"true\"><\/i><span class=\"elementor-icon-list-text\">Obdelano povr\u0161ino izperite z vodo ali obri\u0161ite s \u010disto suho krpo<\/span><\/li>\n<\/ul>\n<\/div>\n<\/div>","protected":false},"excerpt":{"rendered":"<p>Dezinfekcija i \u010di\u0161\u0107enje svih vrsta podova: keramika, mramor, kamen, epoksi, drvo, laminat, parket, PVC, PU guma i dr. umjetni materijali Uni\u0161tava infektivne \u010destice - bakterije, viruse i gljivice Sna\u017eno uklanja ne\u010disto\u0107e i prljav\u0161tine Osvje\u017eava prostor ugodnim bogatim mirisom Spre\u010dava kliske povr\u0161ine nakon \u010di\u0161\u0107enja* Ekonomi\u010dan i jednostavan za upotrebu Primjena: Za normalno \u010di\u0161\u0107enje, uliti 80ml u [&hellip;]<\/p>","protected":false},"featured_media":7566,"template":"","meta":{"_acf_changed":false},"product_brand":[],"product_cat":[169,175],"product_tag":[],"class_list":{"0":"post-7565","1":"product","2":"type-product","3":"status-publish","4":"has-post-thumbnail","6":"product_cat-boje-i-lakovi","7":"product_cat-razrjedivaci-i-cistila","9":"first","10":"instock","11":"shipping-taxable","12":"purchasable","13":"product-type-simple"},"acf":[],"yoast_head":"<!-- This site is optimized with the Yoast SEO plugin v26.1.1 - https:\/\/yoast.com\/wordpress\/plugins\/seo\/ -->\n<title>\u010ci\u0161\u0107enje i dezinfekcija podova 500 ml - Consortium<\/title>\n<meta name=\"robots\" content=\"index, follow, max-snippet:-1, max-image-preview:large, max-video-preview:-1\" \/>\n<link rel=\"canonical\" href=\"https:\/\/consortium.hr\/sl\/product\/ciscenje-i-dezinfekcija-podova-500-ml\/\" \/>\n<meta property=\"og:locale\" content=\"sl_SI\" \/>\n<meta property=\"og:type\" content=\"article\" \/>\n<meta property=\"og:title\" content=\"\u010ci\u0161\u0107enje i dezinfekcija podova 500 ml - Consortium\" \/>\n<meta property=\"og:description\" content=\"Dezinfekcija i \u010di\u0161\u0107enje svih vrsta podova: keramika, mramor, kamen, epoksi, drvo, laminat, parket, PVC, PU guma i dr. umjetni materijali Uni\u0161tava infektivne \u010destice - bakterije, viruse i gljivice Sna\u017eno uklanja ne\u010disto\u0107e i prljav\u0161tine Osvje\u017eava prostor ugodnim bogatim mirisom Spre\u010dava kliske povr\u0161ine nakon \u010di\u0161\u0107enja* Ekonomi\u010dan i jednostavan za upotrebu Primjena: Za normalno \u010di\u0161\u0107enje, uliti 80ml u [&hellip;]\" \/>\n<meta property=\"og:url\" content=\"https:\/\/consortium.hr\/sl\/product\/ciscenje-i-dezinfekcija-podova-500-ml\/\" \/>\n<meta property=\"og:site_name\" content=\"Consortium\" \/>\n<meta property=\"article:modified_time\" content=\"2026-04-07T12:38:07+00:00\" \/>\n<meta property=\"og:image\" content=\"https:\/\/consortium.hr\/wp-content\/uploads\/2024\/06\/Ciscenje-i-dezinfekcija-podova-500ml.jpg\" \/>\n\t<meta property=\"og:image:width\" content=\"800\" \/>\n\t<meta property=\"og:image:height\" content=\"800\" \/>\n\t<meta property=\"og:image:type\" content=\"image\/jpeg\" \/>\n<meta name=\"twitter:card\" content=\"summary_large_image\" \/>\n<meta name=\"twitter:label1\" content=\"Est. reading time\" \/>\n\t<meta name=\"twitter:data1\" content=\"1 minuta\" \/>\n<script type=\"application\/ld+json\" class=\"yoast-schema-graph\">{\"@context\":\"https:\/\/schema.org\",\"@graph\":[{\"@type\":\"WebPage\",\"@id\":\"https:\/\/consortium.hr\/product\/ciscenje-i-dezinfekcija-podova-500-ml\/\",\"url\":\"https:\/\/consortium.hr\/product\/ciscenje-i-dezinfekcija-podova-500-ml\/\",\"name\":\"\u010ci\u0161\u0107enje i dezinfekcija podova 500 ml - Consortium\",\"isPartOf\":{\"@id\":\"https:\/\/consortium.hr\/#website\"},\"primaryImageOfPage\":{\"@id\":\"https:\/\/consortium.hr\/product\/ciscenje-i-dezinfekcija-podova-500-ml\/#primaryimage\"},\"image\":{\"@id\":\"https:\/\/consortium.hr\/product\/ciscenje-i-dezinfekcija-podova-500-ml\/#primaryimage\"},\"thumbnailUrl\":\"https:\/\/consortium.hr\/wp-content\/uploads\/2024\/06\/Ciscenje-i-dezinfekcija-podova-500ml.jpg\",\"datePublished\":\"2024-06-14T14:57:46+00:00\",\"dateModified\":\"2026-04-07T12:38:07+00:00\",\"breadcrumb\":{\"@id\":\"https:\/\/consortium.hr\/product\/ciscenje-i-dezinfekcija-podova-500-ml\/#breadcrumb\"},\"inLanguage\":\"sl-SI\",\"potentialAction\":[{\"@type\":\"ReadAction\",\"target\":[\"https:\/\/consortium.hr\/product\/ciscenje-i-dezinfekcija-podova-500-ml\/\"]}]},{\"@type\":\"ImageObject\",\"inLanguage\":\"sl-SI\",\"@id\":\"https:\/\/consortium.hr\/product\/ciscenje-i-dezinfekcija-podova-500-ml\/#primaryimage\",\"url\":\"https:\/\/consortium.hr\/wp-content\/uploads\/2024\/06\/Ciscenje-i-dezinfekcija-podova-500ml.jpg\",\"contentUrl\":\"https:\/\/consortium.hr\/wp-content\/uploads\/2024\/06\/Ciscenje-i-dezinfekcija-podova-500ml.jpg\",\"width\":800,\"height\":800},{\"@type\":\"BreadcrumbList\",\"@id\":\"https:\/\/consortium.hr\/product\/ciscenje-i-dezinfekcija-podova-500-ml\/#breadcrumb\",\"itemListElement\":[{\"@type\":\"ListItem\",\"position\":1,\"name\":\"Po\u010detna stranica\",\"item\":\"https:\/\/consortium.hr\/sl\/\"},{\"@type\":\"ListItem\",\"position\":2,\"name\":\"Shop\",\"item\":\"https:\/\/consortium.hr\/sl\/shop\/\"},{\"@type\":\"ListItem\",\"position\":3,\"name\":\"\u010ci\u0161\u0107enje i dezinfekcija podova 500 ml\"}]},{\"@type\":\"WebSite\",\"@id\":\"https:\/\/consortium.hr\/#website\",\"url\":\"https:\/\/consortium.hr\/\",\"name\":\"Consortium\",\"description\":\"Gra\u0111evinski Materijal - Odli\u010dna Ponuda i Cijena\",\"alternateName\":\"Gra\u0111evinski Materijal - Odli\u010dna Ponuda i Cijena\",\"potentialAction\":[{\"@type\":\"SearchAction\",\"target\":{\"@type\":\"EntryPoint\",\"urlTemplate\":\"https:\/\/consortium.hr\/?s={search_term_string}\"},\"query-input\":{\"@type\":\"PropertyValueSpecification\",\"valueRequired\":true,\"valueName\":\"search_term_string\"}}],\"inLanguage\":\"sl-SI\"}]}<\/script>\n<!-- \/ Yoast SEO plugin. -->","yoast_head_json":{"title":"\u010ci\u0161\u0107enje i dezinfekcija podova 500 ml - Consortium","robots":{"index":"index","follow":"follow","max-snippet":"max-snippet:-1","max-image-preview":"max-image-preview:large","max-video-preview":"max-video-preview:-1"},"canonical":"https:\/\/consortium.hr\/sl\/product\/ciscenje-i-dezinfekcija-podova-500-ml\/","og_locale":"sl_SI","og_type":"article","og_title":"\u010ci\u0161\u0107enje i dezinfekcija podova 500 ml - Consortium","og_description":"Dezinfekcija i \u010di\u0161\u0107enje svih vrsta podova: keramika, mramor, kamen, epoksi, drvo, laminat, parket, PVC, PU guma i dr. umjetni materijali Uni\u0161tava infektivne \u010destice - bakterije, viruse i gljivice Sna\u017eno uklanja ne\u010disto\u0107e i prljav\u0161tine Osvje\u017eava prostor ugodnim bogatim mirisom Spre\u010dava kliske povr\u0161ine nakon \u010di\u0161\u0107enja* Ekonomi\u010dan i jednostavan za upotrebu Primjena: Za normalno \u010di\u0161\u0107enje, uliti 80ml u [&hellip;]","og_url":"https:\/\/consortium.hr\/sl\/product\/ciscenje-i-dezinfekcija-podova-500-ml\/","og_site_name":"Consortium","article_modified_time":"2026-04-07T12:38:07+00:00","og_image":[{"width":800,"height":800,"url":"https:\/\/consortium.hr\/wp-content\/uploads\/2024\/06\/Ciscenje-i-dezinfekcija-podova-500ml.jpg","type":"image\/jpeg"}],"twitter_card":"summary_large_image","twitter_misc":{"Est. reading time":"1 minuta"},"schema":{"@context":"https:\/\/schema.org","@graph":[{"@type":"WebPage","@id":"https:\/\/consortium.hr\/product\/ciscenje-i-dezinfekcija-podova-500-ml\/","url":"https:\/\/consortium.hr\/product\/ciscenje-i-dezinfekcija-podova-500-ml\/","name":"\u010ci\u0161\u0107enje i dezinfekcija podova 500 ml - Consortium","isPartOf":{"@id":"https:\/\/consortium.hr\/#website"},"primaryImageOfPage":{"@id":"https:\/\/consortium.hr\/product\/ciscenje-i-dezinfekcija-podova-500-ml\/#primaryimage"},"image":{"@id":"https:\/\/consortium.hr\/product\/ciscenje-i-dezinfekcija-podova-500-ml\/#primaryimage"},"thumbnailUrl":"https:\/\/consortium.hr\/wp-content\/uploads\/2024\/06\/Ciscenje-i-dezinfekcija-podova-500ml.jpg","datePublished":"2024-06-14T14:57:46+00:00","dateModified":"2026-04-07T12:38:07+00:00","breadcrumb":{"@id":"https:\/\/consortium.hr\/product\/ciscenje-i-dezinfekcija-podova-500-ml\/#breadcrumb"},"inLanguage":"sl-SI","potentialAction":[{"@type":"ReadAction","target":["https:\/\/consortium.hr\/product\/ciscenje-i-dezinfekcija-podova-500-ml\/"]}]},{"@type":"ImageObject","inLanguage":"sl-SI","@id":"https:\/\/consortium.hr\/product\/ciscenje-i-dezinfekcija-podova-500-ml\/#primaryimage","url":"https:\/\/consortium.hr\/wp-content\/uploads\/2024\/06\/Ciscenje-i-dezinfekcija-podova-500ml.jpg","contentUrl":"https:\/\/consortium.hr\/wp-content\/uploads\/2024\/06\/Ciscenje-i-dezinfekcija-podova-500ml.jpg","width":800,"height":800},{"@type":"BreadcrumbList","@id":"https:\/\/consortium.hr\/product\/ciscenje-i-dezinfekcija-podova-500-ml\/#breadcrumb","itemListElement":[{"@type":"ListItem","position":1,"name":"Po\u010detna stranica","item":"https:\/\/consortium.hr\/sl\/"},{"@type":"ListItem","position":2,"name":"Shop","item":"https:\/\/consortium.hr\/sl\/shop\/"},{"@type":"ListItem","position":3,"name":"\u010ci\u0161\u0107enje i dezinfekcija podova 500 ml"}]},{"@type":"WebSite","@id":"https:\/\/consortium.hr\/#website","url":"https:\/\/consortium.hr\/","name":"Consortium","description":"Gra\u0111evinski Materijal - Odli\u010dna Ponuda i Cijena","alternateName":"Gra\u0111evinski Materijal - Odli\u010dna Ponuda i Cijena","potentialAction":[{"@type":"SearchAction","target":{"@type":"EntryPoint","urlTemplate":"https:\/\/consortium.hr\/?s={search_term_string}"},"query-input":{"@type":"PropertyValueSpecification","valueRequired":true,"valueName":"search_term_string"}}],"inLanguage":"sl-SI"}]}},"_links":{"self":[{"href":"https:\/\/consortium.hr\/sl\/wp-json\/wp\/v2\/product\/7565","targetHints":{"allow":["GET"]}}],"collection":[{"href":"https:\/\/consortium.hr\/sl\/wp-json\/wp\/v2\/product"}],"about":[{"href":"https:\/\/consortium.hr\/sl\/wp-json\/wp\/v2\/types\/product"}],"wp:featuredmedia":[{"embeddable":true,"href":"https:\/\/consortium.hr\/sl\/wp-json\/wp\/v2\/media\/7566"}],"wp:attachment":[{"href":"https:\/\/consortium.hr\/sl\/wp-json\/wp\/v2\/media?parent=7565"}],"wp:term":[{"taxonomy":"product_brand","embeddable":true,"href":"https:\/\/consortium.hr\/sl\/wp-json\/wp\/v2\/product_brand?post=7565"},{"taxonomy":"product_cat","embeddable":true,"href":"https:\/\/consortium.hr\/sl\/wp-json\/wp\/v2\/product_cat?post=7565"},{"taxonomy":"product_tag","embeddable":true,"href":"https:\/\/consortium.hr\/sl\/wp-json\/wp\/v2\/product_tag?post=7565"}],"curies":[{"name":"wp","href":"https:\/\/api.w.org\/{rel}","templated":true}]}}