{"id":7567,"date":"2024-06-14T15:00:24","date_gmt":"2024-06-14T15:00:24","guid":{"rendered":"https:\/\/consortium.hr\/?post_type=product&#038;p=7567"},"modified":"2026-04-20T11:23:35","modified_gmt":"2026-04-20T11:23:35","slug":"sprej-za-odbijanje-golubova-300-ml","status":"publish","type":"product","link":"https:\/\/consortium.hr\/sl\/product\/sprej-za-odbijanje-golubova-300-ml\/","title":{"rendered":"Sprej za odganjanje golobov 300 ml"},"content":{"rendered":"<p><strong>VOLA VIA prepre\u010duje zadr\u017eevanje in gnezdenje golobov ter ptic na splo\u0161no. <\/strong><\/p>\n<ul>\n<li>Sredstvo ne ubija ptic niti ogro\u017ea njihovega razmno\u017eevanja.<\/li>\n<li>Deluje izklju\u010dno kot repelent (odbijajo\u010de sredstvo).<\/li>\n<li>VOLA VIA je atoksi\u010dno in brezskrbno sredstvo, tako za ljudi kot za \u017eivali.<\/li>\n<\/ul>","protected":false},"excerpt":{"rendered":"<p>VOLA VIA prepre\u010duje zadr\u017eevanje in gnezdenje golobov ter ptic nasploh. Sredstvo ne ubija ptic niti ogro\u017ea njihovega razmno\u017eevanja. Deluje izklju\u010dno kot repelent (odbijajo\u010de sredstvo). VOLA VIA je atoksi\u010dno in ne\u0161kodljivo sredstvo, tako za ljudi kot tudi za \u017eivali.<\/p>","protected":false},"featured_media":7568,"template":"","meta":{"_acf_changed":false},"product_brand":[],"product_cat":[169,175],"product_tag":[],"class_list":{"0":"post-7567","1":"product","2":"type-product","3":"status-publish","4":"has-post-thumbnail","6":"product_cat-boje-i-lakovi","7":"product_cat-razrjedivaci-i-cistila","9":"first","10":"instock","11":"shipping-taxable","12":"purchasable","13":"product-type-simple"},"acf":[],"yoast_head":"<!-- This site is optimized with the Yoast SEO plugin v26.1.1 - https:\/\/yoast.com\/wordpress\/plugins\/seo\/ -->\n<title>Sprej za odbijanje golubova 300 ml - Consortium<\/title>\n<meta name=\"robots\" content=\"index, follow, max-snippet:-1, max-image-preview:large, max-video-preview:-1\" \/>\n<link rel=\"canonical\" href=\"https:\/\/consortium.hr\/sl\/product\/sprej-za-odbijanje-golubova-300-ml\/\" \/>\n<meta property=\"og:locale\" content=\"sl_SI\" \/>\n<meta property=\"og:type\" content=\"article\" \/>\n<meta property=\"og:title\" content=\"Sprej za odbijanje golubova 300 ml - Consortium\" \/>\n<meta property=\"og:description\" content=\"VOLA VIA sprje\u010dava zadr\u017eavanje i gnije\u017e\u0111enje golubova i ptica op\u0107enito. Sredstvo ne usmr\u0107uje ptice niti ugro\u017eava njihovo razmno\u017eavanje. Djeluje isklju\u010divo kao repelent (odbijaju\u0107e sredstvo). VOLA VIA je atoksi\u010dno i bezopasno sredstvo, kako za \u010dovjeka tako i za \u017eivotinje.\" \/>\n<meta property=\"og:url\" content=\"https:\/\/consortium.hr\/sl\/product\/sprej-za-odbijanje-golubova-300-ml\/\" \/>\n<meta property=\"og:site_name\" content=\"Consortium\" \/>\n<meta property=\"article:modified_time\" content=\"2026-04-20T11:23:35+00:00\" \/>\n<meta property=\"og:image\" content=\"https:\/\/consortium.hr\/wp-content\/uploads\/2024\/06\/Sprej-za-odbijanje-golubova-300ml.jpg\" \/>\n\t<meta property=\"og:image:width\" content=\"800\" \/>\n\t<meta property=\"og:image:height\" content=\"800\" \/>\n\t<meta property=\"og:image:type\" content=\"image\/jpeg\" \/>\n<meta name=\"twitter:card\" content=\"summary_large_image\" \/>\n<script type=\"application\/ld+json\" class=\"yoast-schema-graph\">{\"@context\":\"https:\/\/schema.org\",\"@graph\":[{\"@type\":\"WebPage\",\"@id\":\"https:\/\/consortium.hr\/product\/sprej-za-odbijanje-golubova-300-ml\/\",\"url\":\"https:\/\/consortium.hr\/product\/sprej-za-odbijanje-golubova-300-ml\/\",\"name\":\"Sprej za odbijanje golubova 300 ml - Consortium\",\"isPartOf\":{\"@id\":\"https:\/\/consortium.hr\/#website\"},\"primaryImageOfPage\":{\"@id\":\"https:\/\/consortium.hr\/product\/sprej-za-odbijanje-golubova-300-ml\/#primaryimage\"},\"image\":{\"@id\":\"https:\/\/consortium.hr\/product\/sprej-za-odbijanje-golubova-300-ml\/#primaryimage\"},\"thumbnailUrl\":\"https:\/\/consortium.hr\/wp-content\/uploads\/2024\/06\/Sprej-za-odbijanje-golubova-300ml.jpg\",\"datePublished\":\"2024-06-14T15:00:24+00:00\",\"dateModified\":\"2026-04-20T11:23:35+00:00\",\"breadcrumb\":{\"@id\":\"https:\/\/consortium.hr\/product\/sprej-za-odbijanje-golubova-300-ml\/#breadcrumb\"},\"inLanguage\":\"sl-SI\",\"potentialAction\":[{\"@type\":\"ReadAction\",\"target\":[\"https:\/\/consortium.hr\/product\/sprej-za-odbijanje-golubova-300-ml\/\"]}]},{\"@type\":\"ImageObject\",\"inLanguage\":\"sl-SI\",\"@id\":\"https:\/\/consortium.hr\/product\/sprej-za-odbijanje-golubova-300-ml\/#primaryimage\",\"url\":\"https:\/\/consortium.hr\/wp-content\/uploads\/2024\/06\/Sprej-za-odbijanje-golubova-300ml.jpg\",\"contentUrl\":\"https:\/\/consortium.hr\/wp-content\/uploads\/2024\/06\/Sprej-za-odbijanje-golubova-300ml.jpg\",\"width\":800,\"height\":800},{\"@type\":\"BreadcrumbList\",\"@id\":\"https:\/\/consortium.hr\/product\/sprej-za-odbijanje-golubova-300-ml\/#breadcrumb\",\"itemListElement\":[{\"@type\":\"ListItem\",\"position\":1,\"name\":\"Po\u010detna stranica\",\"item\":\"https:\/\/consortium.hr\/sl\/\"},{\"@type\":\"ListItem\",\"position\":2,\"name\":\"Shop\",\"item\":\"https:\/\/consortium.hr\/sl\/shop\/\"},{\"@type\":\"ListItem\",\"position\":3,\"name\":\"Sprej za odbijanje golubova 300 ml\"}]},{\"@type\":\"WebSite\",\"@id\":\"https:\/\/consortium.hr\/#website\",\"url\":\"https:\/\/consortium.hr\/\",\"name\":\"Consortium\",\"description\":\"Gra\u0111evinski Materijal - Odli\u010dna Ponuda i Cijena\",\"alternateName\":\"Gra\u0111evinski Materijal - Odli\u010dna Ponuda i Cijena\",\"potentialAction\":[{\"@type\":\"SearchAction\",\"target\":{\"@type\":\"EntryPoint\",\"urlTemplate\":\"https:\/\/consortium.hr\/?s={search_term_string}\"},\"query-input\":{\"@type\":\"PropertyValueSpecification\",\"valueRequired\":true,\"valueName\":\"search_term_string\"}}],\"inLanguage\":\"sl-SI\"}]}<\/script>\n<!-- \/ Yoast SEO plugin. -->","yoast_head_json":{"title":"Sprej za odbijanje golubova 300 ml - Consortium","robots":{"index":"index","follow":"follow","max-snippet":"max-snippet:-1","max-image-preview":"max-image-preview:large","max-video-preview":"max-video-preview:-1"},"canonical":"https:\/\/consortium.hr\/sl\/product\/sprej-za-odbijanje-golubova-300-ml\/","og_locale":"sl_SI","og_type":"article","og_title":"Sprej za odbijanje golubova 300 ml - Consortium","og_description":"VOLA VIA sprje\u010dava zadr\u017eavanje i gnije\u017e\u0111enje golubova i ptica op\u0107enito. Sredstvo ne usmr\u0107uje ptice niti ugro\u017eava njihovo razmno\u017eavanje. Djeluje isklju\u010divo kao repelent (odbijaju\u0107e sredstvo). VOLA VIA je atoksi\u010dno i bezopasno sredstvo, kako za \u010dovjeka tako i za \u017eivotinje.","og_url":"https:\/\/consortium.hr\/sl\/product\/sprej-za-odbijanje-golubova-300-ml\/","og_site_name":"Consortium","article_modified_time":"2026-04-20T11:23:35+00:00","og_image":[{"width":800,"height":800,"url":"https:\/\/consortium.hr\/wp-content\/uploads\/2024\/06\/Sprej-za-odbijanje-golubova-300ml.jpg","type":"image\/jpeg"}],"twitter_card":"summary_large_image","schema":{"@context":"https:\/\/schema.org","@graph":[{"@type":"WebPage","@id":"https:\/\/consortium.hr\/product\/sprej-za-odbijanje-golubova-300-ml\/","url":"https:\/\/consortium.hr\/product\/sprej-za-odbijanje-golubova-300-ml\/","name":"Sprej za odbijanje golubova 300 ml - Consortium","isPartOf":{"@id":"https:\/\/consortium.hr\/#website"},"primaryImageOfPage":{"@id":"https:\/\/consortium.hr\/product\/sprej-za-odbijanje-golubova-300-ml\/#primaryimage"},"image":{"@id":"https:\/\/consortium.hr\/product\/sprej-za-odbijanje-golubova-300-ml\/#primaryimage"},"thumbnailUrl":"https:\/\/consortium.hr\/wp-content\/uploads\/2024\/06\/Sprej-za-odbijanje-golubova-300ml.jpg","datePublished":"2024-06-14T15:00:24+00:00","dateModified":"2026-04-20T11:23:35+00:00","breadcrumb":{"@id":"https:\/\/consortium.hr\/product\/sprej-za-odbijanje-golubova-300-ml\/#breadcrumb"},"inLanguage":"sl-SI","potentialAction":[{"@type":"ReadAction","target":["https:\/\/consortium.hr\/product\/sprej-za-odbijanje-golubova-300-ml\/"]}]},{"@type":"ImageObject","inLanguage":"sl-SI","@id":"https:\/\/consortium.hr\/product\/sprej-za-odbijanje-golubova-300-ml\/#primaryimage","url":"https:\/\/consortium.hr\/wp-content\/uploads\/2024\/06\/Sprej-za-odbijanje-golubova-300ml.jpg","contentUrl":"https:\/\/consortium.hr\/wp-content\/uploads\/2024\/06\/Sprej-za-odbijanje-golubova-300ml.jpg","width":800,"height":800},{"@type":"BreadcrumbList","@id":"https:\/\/consortium.hr\/product\/sprej-za-odbijanje-golubova-300-ml\/#breadcrumb","itemListElement":[{"@type":"ListItem","position":1,"name":"Po\u010detna stranica","item":"https:\/\/consortium.hr\/sl\/"},{"@type":"ListItem","position":2,"name":"Shop","item":"https:\/\/consortium.hr\/sl\/shop\/"},{"@type":"ListItem","position":3,"name":"Sprej za odbijanje golubova 300 ml"}]},{"@type":"WebSite","@id":"https:\/\/consortium.hr\/#website","url":"https:\/\/consortium.hr\/","name":"Consortium","description":"Gra\u0111evinski Materijal - Odli\u010dna Ponuda i Cijena","alternateName":"Gra\u0111evinski Materijal - Odli\u010dna Ponuda i Cijena","potentialAction":[{"@type":"SearchAction","target":{"@type":"EntryPoint","urlTemplate":"https:\/\/consortium.hr\/?s={search_term_string}"},"query-input":{"@type":"PropertyValueSpecification","valueRequired":true,"valueName":"search_term_string"}}],"inLanguage":"sl-SI"}]}},"_links":{"self":[{"href":"https:\/\/consortium.hr\/sl\/wp-json\/wp\/v2\/product\/7567","targetHints":{"allow":["GET"]}}],"collection":[{"href":"https:\/\/consortium.hr\/sl\/wp-json\/wp\/v2\/product"}],"about":[{"href":"https:\/\/consortium.hr\/sl\/wp-json\/wp\/v2\/types\/product"}],"wp:featuredmedia":[{"embeddable":true,"href":"https:\/\/consortium.hr\/sl\/wp-json\/wp\/v2\/media\/7568"}],"wp:attachment":[{"href":"https:\/\/consortium.hr\/sl\/wp-json\/wp\/v2\/media?parent=7567"}],"wp:term":[{"taxonomy":"product_brand","embeddable":true,"href":"https:\/\/consortium.hr\/sl\/wp-json\/wp\/v2\/product_brand?post=7567"},{"taxonomy":"product_cat","embeddable":true,"href":"https:\/\/consortium.hr\/sl\/wp-json\/wp\/v2\/product_cat?post=7567"},{"taxonomy":"product_tag","embeddable":true,"href":"https:\/\/consortium.hr\/sl\/wp-json\/wp\/v2\/product_tag?post=7567"}],"curies":[{"name":"wp","href":"https:\/\/api.w.org\/{rel}","templated":true}]}}