{"id":7593,"date":"2024-06-14T15:09:55","date_gmt":"2024-06-14T15:09:55","guid":{"rendered":"https:\/\/consortium.hr\/?post_type=product&#038;p=7593"},"modified":"2026-04-16T09:57:59","modified_gmt":"2026-04-16T09:57:59","slug":"sc-izolacijski-sprej-za-mrlje-400-ml","status":"publish","type":"product","link":"https:\/\/consortium.hr\/sl\/product\/sc-izolacijski-sprej-za-mrlje-400-ml\/","title":{"rendered":"SC izolacijski sprej za made\u017ee 400 ml"},"content":{"rendered":"<p><strong>Pokrije made\u017ee na zidovih pred barvanjem.<\/strong><\/p>\n<p><strong>\u2713<\/strong> Kraj\u0161a \u010das priprave zidov za barvanje in zaradi tega ni potrebno ve\u010dkrat barvati istih mest.<br \/>\n<strong>\u2713<\/strong> Omogo\u010da homogenost in obstojnost barve.<br \/>\n<strong>\u2713<\/strong> Ima odli\u010dno pokrivno mo\u010d, prekriva tudi najtrdovratnej\u0161e made\u017ee, kot so tisti od cigaretnega dima, saje, plesni, vlage, umazanije, ma\u0161\u010dobe, \u010drnila, krede, risbe s svin\u010dnikom, markerji itd.<br \/>\n<strong>\u2713<\/strong> Blokira made\u017ee in prepre\u010duje da se ponovno pojavijo.<br \/>\n<strong>\u2713<\/strong> Hitro deluje, lahko se prebarva po 30 minutah.<\/p>\n<p>Nanosite pred barvanjem na notranje in zunanje zidove, cement, omet, les, pobarvane kovine itd.<\/p>","protected":false},"excerpt":{"rendered":"<p>Pokriva mrlje na zidovima prije bojanja. \u2713 Skra\u0107uje vrijeme pripreme zidova za bojanje i zahvaljuju\u0107i njemu ne morate bojati vi\u0161e puta ista mjesta. \u2713 Omogu\u0107ava homogenost i postojanost boje. \u2713 Ima izvrsnu snagu pokrivanja, prekriva i najotpornije mrlje poput onih od dima cigareta, \u010da\u0111u, gljivice, vlagu, prljav\u0161tinu, masno\u0107u, crnilo, kredu, crte olovaka, markera i sl. [&hellip;]<\/p>","protected":false},"featured_media":7594,"template":"","meta":{"_acf_changed":false},"product_brand":[],"product_cat":[169,180],"product_tag":[],"class_list":{"0":"post-7593","1":"product","2":"type-product","3":"status-publish","4":"has-post-thumbnail","6":"product_cat-boje-i-lakovi","7":"product_cat-sprejevi-kat","9":"first","10":"instock","11":"shipping-taxable","12":"purchasable","13":"product-type-simple"},"acf":[],"yoast_head":"<!-- This site is optimized with the Yoast SEO plugin v26.1.1 - https:\/\/yoast.com\/wordpress\/plugins\/seo\/ -->\n<title>SC izolacijski sprej za mrlje 400 ml - Consortium<\/title>\n<meta name=\"robots\" content=\"index, follow, max-snippet:-1, max-image-preview:large, max-video-preview:-1\" \/>\n<link rel=\"canonical\" href=\"https:\/\/consortium.hr\/sl\/product\/sc-izolacijski-sprej-za-mrlje-400-ml\/\" \/>\n<meta property=\"og:locale\" content=\"sl_SI\" \/>\n<meta property=\"og:type\" content=\"article\" \/>\n<meta property=\"og:title\" content=\"SC izolacijski sprej za mrlje 400 ml - Consortium\" \/>\n<meta property=\"og:description\" content=\"Pokriva mrlje na zidovima prije bojanja. \u2713 Skra\u0107uje vrijeme pripreme zidova za bojanje i zahvaljuju\u0107i njemu ne morate bojati vi\u0161e puta ista mjesta. \u2713 Omogu\u0107ava homogenost i postojanost boje. \u2713 Ima izvrsnu snagu pokrivanja, prekriva i najotpornije mrlje poput onih od dima cigareta, \u010da\u0111u, gljivice, vlagu, prljav\u0161tinu, masno\u0107u, crnilo, kredu, crte olovaka, markera i sl. [&hellip;]\" \/>\n<meta property=\"og:url\" content=\"https:\/\/consortium.hr\/sl\/product\/sc-izolacijski-sprej-za-mrlje-400-ml\/\" \/>\n<meta property=\"og:site_name\" content=\"Consortium\" \/>\n<meta property=\"article:modified_time\" content=\"2026-04-16T09:57:59+00:00\" \/>\n<meta property=\"og:image\" content=\"https:\/\/consortium.hr\/wp-content\/uploads\/2024\/06\/SC-izolacijski-sprej-za-mrlje-400ml.jpg\" \/>\n\t<meta property=\"og:image:width\" content=\"800\" \/>\n\t<meta property=\"og:image:height\" content=\"800\" \/>\n\t<meta property=\"og:image:type\" content=\"image\/jpeg\" \/>\n<meta name=\"twitter:card\" content=\"summary_large_image\" \/>\n<script type=\"application\/ld+json\" class=\"yoast-schema-graph\">{\"@context\":\"https:\/\/schema.org\",\"@graph\":[{\"@type\":\"WebPage\",\"@id\":\"https:\/\/consortium.hr\/product\/sc-izolacijski-sprej-za-mrlje-400-ml\/\",\"url\":\"https:\/\/consortium.hr\/product\/sc-izolacijski-sprej-za-mrlje-400-ml\/\",\"name\":\"SC izolacijski sprej za mrlje 400 ml - Consortium\",\"isPartOf\":{\"@id\":\"https:\/\/consortium.hr\/#website\"},\"primaryImageOfPage\":{\"@id\":\"https:\/\/consortium.hr\/product\/sc-izolacijski-sprej-za-mrlje-400-ml\/#primaryimage\"},\"image\":{\"@id\":\"https:\/\/consortium.hr\/product\/sc-izolacijski-sprej-za-mrlje-400-ml\/#primaryimage\"},\"thumbnailUrl\":\"https:\/\/consortium.hr\/wp-content\/uploads\/2024\/06\/SC-izolacijski-sprej-za-mrlje-400ml.jpg\",\"datePublished\":\"2024-06-14T15:09:55+00:00\",\"dateModified\":\"2026-04-16T09:57:59+00:00\",\"breadcrumb\":{\"@id\":\"https:\/\/consortium.hr\/product\/sc-izolacijski-sprej-za-mrlje-400-ml\/#breadcrumb\"},\"inLanguage\":\"sl-SI\",\"potentialAction\":[{\"@type\":\"ReadAction\",\"target\":[\"https:\/\/consortium.hr\/product\/sc-izolacijski-sprej-za-mrlje-400-ml\/\"]}]},{\"@type\":\"ImageObject\",\"inLanguage\":\"sl-SI\",\"@id\":\"https:\/\/consortium.hr\/product\/sc-izolacijski-sprej-za-mrlje-400-ml\/#primaryimage\",\"url\":\"https:\/\/consortium.hr\/wp-content\/uploads\/2024\/06\/SC-izolacijski-sprej-za-mrlje-400ml.jpg\",\"contentUrl\":\"https:\/\/consortium.hr\/wp-content\/uploads\/2024\/06\/SC-izolacijski-sprej-za-mrlje-400ml.jpg\",\"width\":800,\"height\":800},{\"@type\":\"BreadcrumbList\",\"@id\":\"https:\/\/consortium.hr\/product\/sc-izolacijski-sprej-za-mrlje-400-ml\/#breadcrumb\",\"itemListElement\":[{\"@type\":\"ListItem\",\"position\":1,\"name\":\"Po\u010detna stranica\",\"item\":\"https:\/\/consortium.hr\/sl\/\"},{\"@type\":\"ListItem\",\"position\":2,\"name\":\"Shop\",\"item\":\"https:\/\/consortium.hr\/sl\/shop\/\"},{\"@type\":\"ListItem\",\"position\":3,\"name\":\"SC izolacijski sprej za mrlje 400 ml\"}]},{\"@type\":\"WebSite\",\"@id\":\"https:\/\/consortium.hr\/#website\",\"url\":\"https:\/\/consortium.hr\/\",\"name\":\"Consortium\",\"description\":\"Gra\u0111evinski Materijal - Odli\u010dna Ponuda i Cijena\",\"alternateName\":\"Gra\u0111evinski Materijal - Odli\u010dna Ponuda i Cijena\",\"potentialAction\":[{\"@type\":\"SearchAction\",\"target\":{\"@type\":\"EntryPoint\",\"urlTemplate\":\"https:\/\/consortium.hr\/?s={search_term_string}\"},\"query-input\":{\"@type\":\"PropertyValueSpecification\",\"valueRequired\":true,\"valueName\":\"search_term_string\"}}],\"inLanguage\":\"sl-SI\"}]}<\/script>\n<!-- \/ Yoast SEO plugin. -->","yoast_head_json":{"title":"SC izolacijski sprej za mrlje 400 ml - Consortium","robots":{"index":"index","follow":"follow","max-snippet":"max-snippet:-1","max-image-preview":"max-image-preview:large","max-video-preview":"max-video-preview:-1"},"canonical":"https:\/\/consortium.hr\/sl\/product\/sc-izolacijski-sprej-za-mrlje-400-ml\/","og_locale":"sl_SI","og_type":"article","og_title":"SC izolacijski sprej za mrlje 400 ml - Consortium","og_description":"Pokriva mrlje na zidovima prije bojanja. \u2713 Skra\u0107uje vrijeme pripreme zidova za bojanje i zahvaljuju\u0107i njemu ne morate bojati vi\u0161e puta ista mjesta. \u2713 Omogu\u0107ava homogenost i postojanost boje. \u2713 Ima izvrsnu snagu pokrivanja, prekriva i najotpornije mrlje poput onih od dima cigareta, \u010da\u0111u, gljivice, vlagu, prljav\u0161tinu, masno\u0107u, crnilo, kredu, crte olovaka, markera i sl. [&hellip;]","og_url":"https:\/\/consortium.hr\/sl\/product\/sc-izolacijski-sprej-za-mrlje-400-ml\/","og_site_name":"Consortium","article_modified_time":"2026-04-16T09:57:59+00:00","og_image":[{"width":800,"height":800,"url":"https:\/\/consortium.hr\/wp-content\/uploads\/2024\/06\/SC-izolacijski-sprej-za-mrlje-400ml.jpg","type":"image\/jpeg"}],"twitter_card":"summary_large_image","schema":{"@context":"https:\/\/schema.org","@graph":[{"@type":"WebPage","@id":"https:\/\/consortium.hr\/product\/sc-izolacijski-sprej-za-mrlje-400-ml\/","url":"https:\/\/consortium.hr\/product\/sc-izolacijski-sprej-za-mrlje-400-ml\/","name":"SC izolacijski sprej za mrlje 400 ml - Consortium","isPartOf":{"@id":"https:\/\/consortium.hr\/#website"},"primaryImageOfPage":{"@id":"https:\/\/consortium.hr\/product\/sc-izolacijski-sprej-za-mrlje-400-ml\/#primaryimage"},"image":{"@id":"https:\/\/consortium.hr\/product\/sc-izolacijski-sprej-za-mrlje-400-ml\/#primaryimage"},"thumbnailUrl":"https:\/\/consortium.hr\/wp-content\/uploads\/2024\/06\/SC-izolacijski-sprej-za-mrlje-400ml.jpg","datePublished":"2024-06-14T15:09:55+00:00","dateModified":"2026-04-16T09:57:59+00:00","breadcrumb":{"@id":"https:\/\/consortium.hr\/product\/sc-izolacijski-sprej-za-mrlje-400-ml\/#breadcrumb"},"inLanguage":"sl-SI","potentialAction":[{"@type":"ReadAction","target":["https:\/\/consortium.hr\/product\/sc-izolacijski-sprej-za-mrlje-400-ml\/"]}]},{"@type":"ImageObject","inLanguage":"sl-SI","@id":"https:\/\/consortium.hr\/product\/sc-izolacijski-sprej-za-mrlje-400-ml\/#primaryimage","url":"https:\/\/consortium.hr\/wp-content\/uploads\/2024\/06\/SC-izolacijski-sprej-za-mrlje-400ml.jpg","contentUrl":"https:\/\/consortium.hr\/wp-content\/uploads\/2024\/06\/SC-izolacijski-sprej-za-mrlje-400ml.jpg","width":800,"height":800},{"@type":"BreadcrumbList","@id":"https:\/\/consortium.hr\/product\/sc-izolacijski-sprej-za-mrlje-400-ml\/#breadcrumb","itemListElement":[{"@type":"ListItem","position":1,"name":"Po\u010detna stranica","item":"https:\/\/consortium.hr\/sl\/"},{"@type":"ListItem","position":2,"name":"Shop","item":"https:\/\/consortium.hr\/sl\/shop\/"},{"@type":"ListItem","position":3,"name":"SC izolacijski sprej za mrlje 400 ml"}]},{"@type":"WebSite","@id":"https:\/\/consortium.hr\/#website","url":"https:\/\/consortium.hr\/","name":"Consortium","description":"Gra\u0111evinski Materijal - Odli\u010dna Ponuda i Cijena","alternateName":"Gra\u0111evinski Materijal - Odli\u010dna Ponuda i Cijena","potentialAction":[{"@type":"SearchAction","target":{"@type":"EntryPoint","urlTemplate":"https:\/\/consortium.hr\/?s={search_term_string}"},"query-input":{"@type":"PropertyValueSpecification","valueRequired":true,"valueName":"search_term_string"}}],"inLanguage":"sl-SI"}]}},"_links":{"self":[{"href":"https:\/\/consortium.hr\/sl\/wp-json\/wp\/v2\/product\/7593","targetHints":{"allow":["GET"]}}],"collection":[{"href":"https:\/\/consortium.hr\/sl\/wp-json\/wp\/v2\/product"}],"about":[{"href":"https:\/\/consortium.hr\/sl\/wp-json\/wp\/v2\/types\/product"}],"wp:featuredmedia":[{"embeddable":true,"href":"https:\/\/consortium.hr\/sl\/wp-json\/wp\/v2\/media\/7594"}],"wp:attachment":[{"href":"https:\/\/consortium.hr\/sl\/wp-json\/wp\/v2\/media?parent=7593"}],"wp:term":[{"taxonomy":"product_brand","embeddable":true,"href":"https:\/\/consortium.hr\/sl\/wp-json\/wp\/v2\/product_brand?post=7593"},{"taxonomy":"product_cat","embeddable":true,"href":"https:\/\/consortium.hr\/sl\/wp-json\/wp\/v2\/product_cat?post=7593"},{"taxonomy":"product_tag","embeddable":true,"href":"https:\/\/consortium.hr\/sl\/wp-json\/wp\/v2\/product_tag?post=7593"}],"curies":[{"name":"wp","href":"https:\/\/api.w.org\/{rel}","templated":true}]}}