{"id":7606,"date":"2024-07-03T12:25:50","date_gmt":"2024-07-03T12:25:50","guid":{"rendered":"https:\/\/consortium.hr\/?post_type=product&#038;p=7606"},"modified":"2026-01-16T07:17:49","modified_gmt":"2026-01-16T07:17:49","slug":"dominol-classic-mat-1l","status":"publish","type":"product","link":"https:\/\/consortium.hr\/sl\/product\/dominol-classic-mat-1l\/","title":{"rendered":"Dominol Classic Mat 1L"},"content":{"rendered":"<p><strong>DOMINOL CLASSIC MAT je vo\u0161\u010dena emulzija za za\u0161\u010dito tal in povr\u0161in, ki ne potrebujejo visokega sijaja (lesena tla, parket, teraco, PVC, vinil, linolej, marmor, granit, kamen, mozaik, klinker, plo\u0161\u010dice itd.). <\/strong><\/p>\n<ul>\n<li>Ni primeren za laminate.<\/li>\n<\/ul>","protected":false},"excerpt":{"rendered":"<p>DOMINOL CLASSIC MAT je vo\u0161\u010dena emulzija za za\u0161\u010dito tal in povr\u0161in, ki ne potrebujejo visokega sijaja (lesena tla, parket, teraco, PVC, vinil, linolej, marmor, granit, kamen, mozaik, klinker, plo\u0161\u010dice itd.). Ni primeren za laminate.<\/p>","protected":false},"featured_media":7607,"template":"","meta":{"_acf_changed":false},"product_brand":[],"product_cat":[169,177],"product_tag":[],"class_list":{"0":"post-7606","1":"product","2":"type-product","3":"status-publish","4":"has-post-thumbnail","6":"product_cat-boje-i-lakovi","7":"product_cat-premazi-za-podove","9":"first","10":"instock","11":"shipping-taxable","12":"purchasable","13":"product-type-simple"},"acf":[],"yoast_head":"<!-- This site is optimized with the Yoast SEO plugin v26.1.1 - https:\/\/yoast.com\/wordpress\/plugins\/seo\/ -->\n<title>Dominol Classic Mat 1L - Consortium<\/title>\n<meta name=\"robots\" content=\"index, follow, max-snippet:-1, max-image-preview:large, max-video-preview:-1\" \/>\n<link rel=\"canonical\" href=\"https:\/\/consortium.hr\/sl\/product\/dominol-classic-mat-1l\/\" \/>\n<meta property=\"og:locale\" content=\"sl_SI\" \/>\n<meta property=\"og:type\" content=\"article\" \/>\n<meta property=\"og:title\" content=\"Dominol Classic Mat 1L - Consortium\" \/>\n<meta property=\"og:description\" content=\"DOMINOL CLASSIC MAT je vo\u0161tana emulzija za za\u0161titu podova i povr\u0161ina koje ne trebaju visoki sjaj (drveni podovi, parket, teraco, PVC, vinas, linoleum, mramor, granit, kamen, mozaik, klinker, plo\u010dice i sl.). Nije prikladan za laminate.\" \/>\n<meta property=\"og:url\" content=\"https:\/\/consortium.hr\/sl\/product\/dominol-classic-mat-1l\/\" \/>\n<meta property=\"og:site_name\" content=\"Consortium\" \/>\n<meta property=\"article:modified_time\" content=\"2026-01-16T07:17:49+00:00\" \/>\n<meta property=\"og:image\" content=\"https:\/\/consortium.hr\/wp-content\/uploads\/2024\/07\/Dominol-Classic-Mat-1L.jpg\" \/>\n\t<meta property=\"og:image:width\" content=\"800\" \/>\n\t<meta property=\"og:image:height\" content=\"800\" \/>\n\t<meta property=\"og:image:type\" content=\"image\/jpeg\" \/>\n<meta name=\"twitter:card\" content=\"summary_large_image\" \/>\n<script type=\"application\/ld+json\" class=\"yoast-schema-graph\">{\"@context\":\"https:\/\/schema.org\",\"@graph\":[{\"@type\":\"WebPage\",\"@id\":\"https:\/\/consortium.hr\/product\/dominol-classic-mat-1l\/\",\"url\":\"https:\/\/consortium.hr\/product\/dominol-classic-mat-1l\/\",\"name\":\"Dominol Classic Mat 1L - Consortium\",\"isPartOf\":{\"@id\":\"https:\/\/consortium.hr\/#website\"},\"primaryImageOfPage\":{\"@id\":\"https:\/\/consortium.hr\/product\/dominol-classic-mat-1l\/#primaryimage\"},\"image\":{\"@id\":\"https:\/\/consortium.hr\/product\/dominol-classic-mat-1l\/#primaryimage\"},\"thumbnailUrl\":\"https:\/\/consortium.hr\/wp-content\/uploads\/2024\/07\/Dominol-Classic-Mat-1L.jpg\",\"datePublished\":\"2024-07-03T12:25:50+00:00\",\"dateModified\":\"2026-01-16T07:17:49+00:00\",\"breadcrumb\":{\"@id\":\"https:\/\/consortium.hr\/product\/dominol-classic-mat-1l\/#breadcrumb\"},\"inLanguage\":\"sl-SI\",\"potentialAction\":[{\"@type\":\"ReadAction\",\"target\":[\"https:\/\/consortium.hr\/product\/dominol-classic-mat-1l\/\"]}]},{\"@type\":\"ImageObject\",\"inLanguage\":\"sl-SI\",\"@id\":\"https:\/\/consortium.hr\/product\/dominol-classic-mat-1l\/#primaryimage\",\"url\":\"https:\/\/consortium.hr\/wp-content\/uploads\/2024\/07\/Dominol-Classic-Mat-1L.jpg\",\"contentUrl\":\"https:\/\/consortium.hr\/wp-content\/uploads\/2024\/07\/Dominol-Classic-Mat-1L.jpg\",\"width\":800,\"height\":800},{\"@type\":\"BreadcrumbList\",\"@id\":\"https:\/\/consortium.hr\/product\/dominol-classic-mat-1l\/#breadcrumb\",\"itemListElement\":[{\"@type\":\"ListItem\",\"position\":1,\"name\":\"Po\u010detna stranica\",\"item\":\"https:\/\/consortium.hr\/sl\/\"},{\"@type\":\"ListItem\",\"position\":2,\"name\":\"Shop\",\"item\":\"https:\/\/consortium.hr\/sl\/shop\/\"},{\"@type\":\"ListItem\",\"position\":3,\"name\":\"Dominol Classic Mat 1L\"}]},{\"@type\":\"WebSite\",\"@id\":\"https:\/\/consortium.hr\/#website\",\"url\":\"https:\/\/consortium.hr\/\",\"name\":\"Consortium\",\"description\":\"Gra\u0111evinski Materijal - Odli\u010dna Ponuda i Cijena\",\"alternateName\":\"Gra\u0111evinski Materijal - Odli\u010dna Ponuda i Cijena\",\"potentialAction\":[{\"@type\":\"SearchAction\",\"target\":{\"@type\":\"EntryPoint\",\"urlTemplate\":\"https:\/\/consortium.hr\/?s={search_term_string}\"},\"query-input\":{\"@type\":\"PropertyValueSpecification\",\"valueRequired\":true,\"valueName\":\"search_term_string\"}}],\"inLanguage\":\"sl-SI\"}]}<\/script>\n<!-- \/ Yoast SEO plugin. -->","yoast_head_json":{"title":"Dominol Classic Mat 1L - Consortium","robots":{"index":"index","follow":"follow","max-snippet":"max-snippet:-1","max-image-preview":"max-image-preview:large","max-video-preview":"max-video-preview:-1"},"canonical":"https:\/\/consortium.hr\/sl\/product\/dominol-classic-mat-1l\/","og_locale":"sl_SI","og_type":"article","og_title":"Dominol Classic Mat 1L - Consortium","og_description":"DOMINOL CLASSIC MAT je vo\u0161tana emulzija za za\u0161titu podova i povr\u0161ina koje ne trebaju visoki sjaj (drveni podovi, parket, teraco, PVC, vinas, linoleum, mramor, granit, kamen, mozaik, klinker, plo\u010dice i sl.). Nije prikladan za laminate.","og_url":"https:\/\/consortium.hr\/sl\/product\/dominol-classic-mat-1l\/","og_site_name":"Consortium","article_modified_time":"2026-01-16T07:17:49+00:00","og_image":[{"width":800,"height":800,"url":"https:\/\/consortium.hr\/wp-content\/uploads\/2024\/07\/Dominol-Classic-Mat-1L.jpg","type":"image\/jpeg"}],"twitter_card":"summary_large_image","schema":{"@context":"https:\/\/schema.org","@graph":[{"@type":"WebPage","@id":"https:\/\/consortium.hr\/product\/dominol-classic-mat-1l\/","url":"https:\/\/consortium.hr\/product\/dominol-classic-mat-1l\/","name":"Dominol Classic Mat 1L - Consortium","isPartOf":{"@id":"https:\/\/consortium.hr\/#website"},"primaryImageOfPage":{"@id":"https:\/\/consortium.hr\/product\/dominol-classic-mat-1l\/#primaryimage"},"image":{"@id":"https:\/\/consortium.hr\/product\/dominol-classic-mat-1l\/#primaryimage"},"thumbnailUrl":"https:\/\/consortium.hr\/wp-content\/uploads\/2024\/07\/Dominol-Classic-Mat-1L.jpg","datePublished":"2024-07-03T12:25:50+00:00","dateModified":"2026-01-16T07:17:49+00:00","breadcrumb":{"@id":"https:\/\/consortium.hr\/product\/dominol-classic-mat-1l\/#breadcrumb"},"inLanguage":"sl-SI","potentialAction":[{"@type":"ReadAction","target":["https:\/\/consortium.hr\/product\/dominol-classic-mat-1l\/"]}]},{"@type":"ImageObject","inLanguage":"sl-SI","@id":"https:\/\/consortium.hr\/product\/dominol-classic-mat-1l\/#primaryimage","url":"https:\/\/consortium.hr\/wp-content\/uploads\/2024\/07\/Dominol-Classic-Mat-1L.jpg","contentUrl":"https:\/\/consortium.hr\/wp-content\/uploads\/2024\/07\/Dominol-Classic-Mat-1L.jpg","width":800,"height":800},{"@type":"BreadcrumbList","@id":"https:\/\/consortium.hr\/product\/dominol-classic-mat-1l\/#breadcrumb","itemListElement":[{"@type":"ListItem","position":1,"name":"Po\u010detna stranica","item":"https:\/\/consortium.hr\/sl\/"},{"@type":"ListItem","position":2,"name":"Shop","item":"https:\/\/consortium.hr\/sl\/shop\/"},{"@type":"ListItem","position":3,"name":"Dominol Classic Mat 1L"}]},{"@type":"WebSite","@id":"https:\/\/consortium.hr\/#website","url":"https:\/\/consortium.hr\/","name":"Consortium","description":"Gra\u0111evinski Materijal - Odli\u010dna Ponuda i Cijena","alternateName":"Gra\u0111evinski Materijal - Odli\u010dna Ponuda i Cijena","potentialAction":[{"@type":"SearchAction","target":{"@type":"EntryPoint","urlTemplate":"https:\/\/consortium.hr\/?s={search_term_string}"},"query-input":{"@type":"PropertyValueSpecification","valueRequired":true,"valueName":"search_term_string"}}],"inLanguage":"sl-SI"}]}},"_links":{"self":[{"href":"https:\/\/consortium.hr\/sl\/wp-json\/wp\/v2\/product\/7606","targetHints":{"allow":["GET"]}}],"collection":[{"href":"https:\/\/consortium.hr\/sl\/wp-json\/wp\/v2\/product"}],"about":[{"href":"https:\/\/consortium.hr\/sl\/wp-json\/wp\/v2\/types\/product"}],"wp:featuredmedia":[{"embeddable":true,"href":"https:\/\/consortium.hr\/sl\/wp-json\/wp\/v2\/media\/7607"}],"wp:attachment":[{"href":"https:\/\/consortium.hr\/sl\/wp-json\/wp\/v2\/media?parent=7606"}],"wp:term":[{"taxonomy":"product_brand","embeddable":true,"href":"https:\/\/consortium.hr\/sl\/wp-json\/wp\/v2\/product_brand?post=7606"},{"taxonomy":"product_cat","embeddable":true,"href":"https:\/\/consortium.hr\/sl\/wp-json\/wp\/v2\/product_cat?post=7606"},{"taxonomy":"product_tag","embeddable":true,"href":"https:\/\/consortium.hr\/sl\/wp-json\/wp\/v2\/product_tag?post=7606"}],"curies":[{"name":"wp","href":"https:\/\/api.w.org\/{rel}","templated":true}]}}