{"id":7705,"date":"2024-07-11T11:40:49","date_gmt":"2024-07-11T11:40:49","guid":{"rendered":"https:\/\/consortium.hr\/?post_type=product&#038;p=7705"},"modified":"2025-05-07T14:01:09","modified_gmt":"2025-05-07T14:01:09","slug":"cool-lak-za-camce","status":"publish","type":"product","link":"https:\/\/consortium.hr\/sl\/product\/cool-lak-za-camce\/","title":{"rendered":"Cool lak za \u010dolne"},"content":{"rendered":"<p><strong>Ekstra sijajni lak za lakiranje lesenih povr\u0161in.<\/strong><\/p>\n<p>Izdelan je iz sinteti\u010dnih smol, topil in aditivov.<\/p>\n<p>Nana\u0161a se s \u010dopi\u010dem, valj\u010dkom, potapljanjem ali pi\u0161tolo, na suho, \u010disto in zbru\u0161eno povr\u0161ino, v 2-3 slojih.<\/p>\n<p>Za red\u010denje in \u010di\u0161\u010denje orodja se uporablja oljni razred\u010devalec.<\/p>\n<p>Su\u0161enje: na dotik 6 \u2013 8 ur. Za nanos naslednjega sloja - 24 ur.<\/p>\n<p>Izdatnost: s 1 litrom laka lahko prema\u017eete 10 - 12 m\u00b2 v enem sloju.<\/p>","protected":false},"excerpt":{"rendered":"<p>Ekstra sjajni lak za lakiranje drvenih povr\u0161ina. Izra\u0111en je od sintetskih smola, otapala i aditiva. Nanosi se kistom, valjkom, umakanjem ili pi\u0161toljem, na suhu, \u010distu i obru\u0161enu povr\u0161inu, u 2-3 sloja. Za razrje\u0111ivanje i pranje alata koristi se uljni razrje\u0111iva\u010d. Su\u0161enje: na dodir 6 \u2013 8 sati. Za nano\u0161enje narednog sloja - 24 sata. Izda\u0161nost: [&hellip;]<\/p>","protected":false},"featured_media":7706,"template":"","meta":{"_acf_changed":false},"product_brand":[],"product_cat":[169,174],"product_tag":[],"class_list":{"0":"post-7705","1":"product","2":"type-product","3":"status-publish","4":"has-post-thumbnail","6":"product_cat-boje-i-lakovi","7":"product_cat-premazi-za-brodove","9":"first","10":"outofstock","11":"shipping-taxable","12":"purchasable","13":"product-type-variable","14":"wvs-archive-product-wrapper"},"acf":[],"yoast_head":"<!-- This site is optimized with the Yoast SEO plugin v26.1.1 - https:\/\/yoast.com\/wordpress\/plugins\/seo\/ -->\n<title>Cool lak za \u010damce - Consortium<\/title>\n<meta name=\"robots\" content=\"index, follow, max-snippet:-1, max-image-preview:large, max-video-preview:-1\" \/>\n<link rel=\"canonical\" href=\"https:\/\/consortium.hr\/sl\/product\/cool-lak-za-camce\/\" \/>\n<meta property=\"og:locale\" content=\"sl_SI\" \/>\n<meta property=\"og:type\" content=\"article\" \/>\n<meta property=\"og:title\" content=\"Cool lak za \u010damce - Consortium\" \/>\n<meta property=\"og:description\" content=\"Ekstra sjajni lak za lakiranje drvenih povr\u0161ina. Izra\u0111en je od sintetskih smola, otapala i aditiva. Nanosi se kistom, valjkom, umakanjem ili pi\u0161toljem, na suhu, \u010distu i obru\u0161enu povr\u0161inu, u 2-3 sloja. Za razrje\u0111ivanje i pranje alata koristi se uljni razrje\u0111iva\u010d. Su\u0161enje: na dodir 6 \u2013 8 sati. Za nano\u0161enje narednog sloja - 24 sata. Izda\u0161nost: [&hellip;]\" \/>\n<meta property=\"og:url\" content=\"https:\/\/consortium.hr\/sl\/product\/cool-lak-za-camce\/\" \/>\n<meta property=\"og:site_name\" content=\"Consortium\" \/>\n<meta property=\"article:modified_time\" content=\"2025-05-07T14:01:09+00:00\" \/>\n<meta property=\"og:image\" content=\"https:\/\/consortium.hr\/wp-content\/uploads\/2024\/07\/Cool-lak-za-camce.jpg\" \/>\n\t<meta property=\"og:image:width\" content=\"800\" \/>\n\t<meta property=\"og:image:height\" content=\"800\" \/>\n\t<meta property=\"og:image:type\" content=\"image\/jpeg\" \/>\n<meta name=\"twitter:card\" content=\"summary_large_image\" \/>\n<script type=\"application\/ld+json\" class=\"yoast-schema-graph\">{\"@context\":\"https:\/\/schema.org\",\"@graph\":[{\"@type\":\"WebPage\",\"@id\":\"https:\/\/consortium.hr\/product\/cool-lak-za-camce\/\",\"url\":\"https:\/\/consortium.hr\/product\/cool-lak-za-camce\/\",\"name\":\"Cool lak za \u010damce - Consortium\",\"isPartOf\":{\"@id\":\"https:\/\/consortium.hr\/#website\"},\"primaryImageOfPage\":{\"@id\":\"https:\/\/consortium.hr\/product\/cool-lak-za-camce\/#primaryimage\"},\"image\":{\"@id\":\"https:\/\/consortium.hr\/product\/cool-lak-za-camce\/#primaryimage\"},\"thumbnailUrl\":\"https:\/\/consortium.hr\/wp-content\/uploads\/2024\/07\/Cool-lak-za-camce.jpg\",\"datePublished\":\"2024-07-11T11:40:49+00:00\",\"dateModified\":\"2025-05-07T14:01:09+00:00\",\"breadcrumb\":{\"@id\":\"https:\/\/consortium.hr\/product\/cool-lak-za-camce\/#breadcrumb\"},\"inLanguage\":\"sl-SI\",\"potentialAction\":[{\"@type\":\"ReadAction\",\"target\":[\"https:\/\/consortium.hr\/product\/cool-lak-za-camce\/\"]}]},{\"@type\":\"ImageObject\",\"inLanguage\":\"sl-SI\",\"@id\":\"https:\/\/consortium.hr\/product\/cool-lak-za-camce\/#primaryimage\",\"url\":\"https:\/\/consortium.hr\/wp-content\/uploads\/2024\/07\/Cool-lak-za-camce.jpg\",\"contentUrl\":\"https:\/\/consortium.hr\/wp-content\/uploads\/2024\/07\/Cool-lak-za-camce.jpg\",\"width\":800,\"height\":800},{\"@type\":\"BreadcrumbList\",\"@id\":\"https:\/\/consortium.hr\/product\/cool-lak-za-camce\/#breadcrumb\",\"itemListElement\":[{\"@type\":\"ListItem\",\"position\":1,\"name\":\"Po\u010detna stranica\",\"item\":\"https:\/\/consortium.hr\/sl\/\"},{\"@type\":\"ListItem\",\"position\":2,\"name\":\"Shop\",\"item\":\"https:\/\/consortium.hr\/sl\/shop\/\"},{\"@type\":\"ListItem\",\"position\":3,\"name\":\"Cool lak za \u010damce\"}]},{\"@type\":\"WebSite\",\"@id\":\"https:\/\/consortium.hr\/#website\",\"url\":\"https:\/\/consortium.hr\/\",\"name\":\"Consortium\",\"description\":\"Gra\u0111evinski Materijal - Odli\u010dna Ponuda i Cijena\",\"alternateName\":\"Gra\u0111evinski Materijal - Odli\u010dna Ponuda i Cijena\",\"potentialAction\":[{\"@type\":\"SearchAction\",\"target\":{\"@type\":\"EntryPoint\",\"urlTemplate\":\"https:\/\/consortium.hr\/?s={search_term_string}\"},\"query-input\":{\"@type\":\"PropertyValueSpecification\",\"valueRequired\":true,\"valueName\":\"search_term_string\"}}],\"inLanguage\":\"sl-SI\"}]}<\/script>\n<!-- \/ Yoast SEO plugin. -->","yoast_head_json":{"title":"Cool lak za \u010damce - Consortium","robots":{"index":"index","follow":"follow","max-snippet":"max-snippet:-1","max-image-preview":"max-image-preview:large","max-video-preview":"max-video-preview:-1"},"canonical":"https:\/\/consortium.hr\/sl\/product\/cool-lak-za-camce\/","og_locale":"sl_SI","og_type":"article","og_title":"Cool lak za \u010damce - Consortium","og_description":"Ekstra sjajni lak za lakiranje drvenih povr\u0161ina. Izra\u0111en je od sintetskih smola, otapala i aditiva. Nanosi se kistom, valjkom, umakanjem ili pi\u0161toljem, na suhu, \u010distu i obru\u0161enu povr\u0161inu, u 2-3 sloja. Za razrje\u0111ivanje i pranje alata koristi se uljni razrje\u0111iva\u010d. Su\u0161enje: na dodir 6 \u2013 8 sati. Za nano\u0161enje narednog sloja - 24 sata. Izda\u0161nost: [&hellip;]","og_url":"https:\/\/consortium.hr\/sl\/product\/cool-lak-za-camce\/","og_site_name":"Consortium","article_modified_time":"2025-05-07T14:01:09+00:00","og_image":[{"width":800,"height":800,"url":"https:\/\/consortium.hr\/wp-content\/uploads\/2024\/07\/Cool-lak-za-camce.jpg","type":"image\/jpeg"}],"twitter_card":"summary_large_image","schema":{"@context":"https:\/\/schema.org","@graph":[{"@type":"WebPage","@id":"https:\/\/consortium.hr\/product\/cool-lak-za-camce\/","url":"https:\/\/consortium.hr\/product\/cool-lak-za-camce\/","name":"Cool lak za \u010damce - Consortium","isPartOf":{"@id":"https:\/\/consortium.hr\/#website"},"primaryImageOfPage":{"@id":"https:\/\/consortium.hr\/product\/cool-lak-za-camce\/#primaryimage"},"image":{"@id":"https:\/\/consortium.hr\/product\/cool-lak-za-camce\/#primaryimage"},"thumbnailUrl":"https:\/\/consortium.hr\/wp-content\/uploads\/2024\/07\/Cool-lak-za-camce.jpg","datePublished":"2024-07-11T11:40:49+00:00","dateModified":"2025-05-07T14:01:09+00:00","breadcrumb":{"@id":"https:\/\/consortium.hr\/product\/cool-lak-za-camce\/#breadcrumb"},"inLanguage":"sl-SI","potentialAction":[{"@type":"ReadAction","target":["https:\/\/consortium.hr\/product\/cool-lak-za-camce\/"]}]},{"@type":"ImageObject","inLanguage":"sl-SI","@id":"https:\/\/consortium.hr\/product\/cool-lak-za-camce\/#primaryimage","url":"https:\/\/consortium.hr\/wp-content\/uploads\/2024\/07\/Cool-lak-za-camce.jpg","contentUrl":"https:\/\/consortium.hr\/wp-content\/uploads\/2024\/07\/Cool-lak-za-camce.jpg","width":800,"height":800},{"@type":"BreadcrumbList","@id":"https:\/\/consortium.hr\/product\/cool-lak-za-camce\/#breadcrumb","itemListElement":[{"@type":"ListItem","position":1,"name":"Po\u010detna stranica","item":"https:\/\/consortium.hr\/sl\/"},{"@type":"ListItem","position":2,"name":"Shop","item":"https:\/\/consortium.hr\/sl\/shop\/"},{"@type":"ListItem","position":3,"name":"Cool lak za \u010damce"}]},{"@type":"WebSite","@id":"https:\/\/consortium.hr\/#website","url":"https:\/\/consortium.hr\/","name":"Consortium","description":"Gra\u0111evinski Materijal - Odli\u010dna Ponuda i Cijena","alternateName":"Gra\u0111evinski Materijal - Odli\u010dna Ponuda i Cijena","potentialAction":[{"@type":"SearchAction","target":{"@type":"EntryPoint","urlTemplate":"https:\/\/consortium.hr\/?s={search_term_string}"},"query-input":{"@type":"PropertyValueSpecification","valueRequired":true,"valueName":"search_term_string"}}],"inLanguage":"sl-SI"}]}},"_links":{"self":[{"href":"https:\/\/consortium.hr\/sl\/wp-json\/wp\/v2\/product\/7705","targetHints":{"allow":["GET"]}}],"collection":[{"href":"https:\/\/consortium.hr\/sl\/wp-json\/wp\/v2\/product"}],"about":[{"href":"https:\/\/consortium.hr\/sl\/wp-json\/wp\/v2\/types\/product"}],"wp:featuredmedia":[{"embeddable":true,"href":"https:\/\/consortium.hr\/sl\/wp-json\/wp\/v2\/media\/7706"}],"wp:attachment":[{"href":"https:\/\/consortium.hr\/sl\/wp-json\/wp\/v2\/media?parent=7705"}],"wp:term":[{"taxonomy":"product_brand","embeddable":true,"href":"https:\/\/consortium.hr\/sl\/wp-json\/wp\/v2\/product_brand?post=7705"},{"taxonomy":"product_cat","embeddable":true,"href":"https:\/\/consortium.hr\/sl\/wp-json\/wp\/v2\/product_cat?post=7705"},{"taxonomy":"product_tag","embeddable":true,"href":"https:\/\/consortium.hr\/sl\/wp-json\/wp\/v2\/product_tag?post=7705"}],"curies":[{"name":"wp","href":"https:\/\/api.w.org\/{rel}","templated":true}]}}