{"id":7918,"date":"2024-07-15T10:55:17","date_gmt":"2024-07-15T10:55:17","guid":{"rendered":"https:\/\/consortium.hr\/?post_type=product&#038;p=7918"},"modified":"2026-04-17T07:53:28","modified_gmt":"2026-04-17T07:53:28","slug":"pp-brtva-sifona-50-32","status":"publish","type":"product","link":"https:\/\/consortium.hr\/sl\/product\/pp-brtva-sifona-50-32\/","title":{"rendered":"PP tesnilo sifona 50\/32"},"content":{"rendered":"<li>Gumijasti prehod iz cevi sifona \u00f8 32 na \u00f8 50 mm<\/li>\n<li>Man\u0161eta je opremljena z obesko, na katerem je \u010drtna koda<\/li>","protected":false},"excerpt":{"rendered":"<p>Gumeni prijelaz sa cijevi sifona \u00f8 32 na\u00a0\u00f8 50 mm Man\u017eeta dolazi sa privjesnicom na kojoj je bar kod<\/p>","protected":false},"featured_media":7919,"template":"","meta":{"_acf_changed":false},"product_brand":[],"product_cat":[219,283,218],"product_tag":[],"class_list":{"0":"post-7918","1":"product","2":"type-product","3":"status-publish","4":"has-post-thumbnail","6":"product_cat-odvodnja-vode","7":"product_cat-sifoni","8":"product_cat-vodovod-i-sanitarije","10":"first","11":"instock","12":"shipping-taxable","13":"purchasable","14":"product-type-simple"},"acf":[],"yoast_head":"<!-- This site is optimized with the Yoast SEO plugin v26.1.1 - https:\/\/yoast.com\/wordpress\/plugins\/seo\/ -->\n<title>PP brtva sifona 50\/32 - Consortium<\/title>\n<meta name=\"robots\" content=\"index, follow, max-snippet:-1, max-image-preview:large, max-video-preview:-1\" \/>\n<link rel=\"canonical\" href=\"https:\/\/consortium.hr\/sl\/product\/pp-brtva-sifona-50-32\/\" \/>\n<meta property=\"og:locale\" content=\"sl_SI\" \/>\n<meta property=\"og:type\" content=\"article\" \/>\n<meta property=\"og:title\" content=\"PP brtva sifona 50\/32 - Consortium\" \/>\n<meta property=\"og:description\" content=\"Gumeni prijelaz sa cijevi sifona \u00f8 32 na\u00a0\u00f8 50 mm Man\u017eeta dolazi sa privjesnicom na kojoj je bar kod\" \/>\n<meta property=\"og:url\" content=\"https:\/\/consortium.hr\/sl\/product\/pp-brtva-sifona-50-32\/\" \/>\n<meta property=\"og:site_name\" content=\"Consortium\" \/>\n<meta property=\"article:modified_time\" content=\"2026-04-17T07:53:28+00:00\" \/>\n<meta property=\"og:image\" content=\"https:\/\/consortium.hr\/wp-content\/uploads\/2024\/07\/PP-brtva-sifona-50-32.jpg\" \/>\n\t<meta property=\"og:image:width\" content=\"800\" \/>\n\t<meta property=\"og:image:height\" content=\"800\" \/>\n\t<meta property=\"og:image:type\" content=\"image\/jpeg\" \/>\n<meta name=\"twitter:card\" content=\"summary_large_image\" \/>\n<script type=\"application\/ld+json\" class=\"yoast-schema-graph\">{\"@context\":\"https:\/\/schema.org\",\"@graph\":[{\"@type\":\"WebPage\",\"@id\":\"https:\/\/consortium.hr\/product\/pp-brtva-sifona-50-32\/\",\"url\":\"https:\/\/consortium.hr\/product\/pp-brtva-sifona-50-32\/\",\"name\":\"PP brtva sifona 50\/32 - Consortium\",\"isPartOf\":{\"@id\":\"https:\/\/consortium.hr\/#website\"},\"primaryImageOfPage\":{\"@id\":\"https:\/\/consortium.hr\/product\/pp-brtva-sifona-50-32\/#primaryimage\"},\"image\":{\"@id\":\"https:\/\/consortium.hr\/product\/pp-brtva-sifona-50-32\/#primaryimage\"},\"thumbnailUrl\":\"https:\/\/consortium.hr\/wp-content\/uploads\/2024\/07\/PP-brtva-sifona-50-32.jpg\",\"datePublished\":\"2024-07-15T10:55:17+00:00\",\"dateModified\":\"2026-04-17T07:53:28+00:00\",\"breadcrumb\":{\"@id\":\"https:\/\/consortium.hr\/product\/pp-brtva-sifona-50-32\/#breadcrumb\"},\"inLanguage\":\"sl-SI\",\"potentialAction\":[{\"@type\":\"ReadAction\",\"target\":[\"https:\/\/consortium.hr\/product\/pp-brtva-sifona-50-32\/\"]}]},{\"@type\":\"ImageObject\",\"inLanguage\":\"sl-SI\",\"@id\":\"https:\/\/consortium.hr\/product\/pp-brtva-sifona-50-32\/#primaryimage\",\"url\":\"https:\/\/consortium.hr\/wp-content\/uploads\/2024\/07\/PP-brtva-sifona-50-32.jpg\",\"contentUrl\":\"https:\/\/consortium.hr\/wp-content\/uploads\/2024\/07\/PP-brtva-sifona-50-32.jpg\",\"width\":800,\"height\":800},{\"@type\":\"BreadcrumbList\",\"@id\":\"https:\/\/consortium.hr\/product\/pp-brtva-sifona-50-32\/#breadcrumb\",\"itemListElement\":[{\"@type\":\"ListItem\",\"position\":1,\"name\":\"Po\u010detna stranica\",\"item\":\"https:\/\/consortium.hr\/sl\/\"},{\"@type\":\"ListItem\",\"position\":2,\"name\":\"Shop\",\"item\":\"https:\/\/consortium.hr\/sl\/shop\/\"},{\"@type\":\"ListItem\",\"position\":3,\"name\":\"PP brtva sifona 50\/32\"}]},{\"@type\":\"WebSite\",\"@id\":\"https:\/\/consortium.hr\/#website\",\"url\":\"https:\/\/consortium.hr\/\",\"name\":\"Consortium\",\"description\":\"Gra\u0111evinski Materijal - Odli\u010dna Ponuda i Cijena\",\"alternateName\":\"Gra\u0111evinski Materijal - Odli\u010dna Ponuda i Cijena\",\"potentialAction\":[{\"@type\":\"SearchAction\",\"target\":{\"@type\":\"EntryPoint\",\"urlTemplate\":\"https:\/\/consortium.hr\/?s={search_term_string}\"},\"query-input\":{\"@type\":\"PropertyValueSpecification\",\"valueRequired\":true,\"valueName\":\"search_term_string\"}}],\"inLanguage\":\"sl-SI\"}]}<\/script>\n<!-- \/ Yoast SEO plugin. -->","yoast_head_json":{"title":"PP brtva sifona 50\/32 - Consortium","robots":{"index":"index","follow":"follow","max-snippet":"max-snippet:-1","max-image-preview":"max-image-preview:large","max-video-preview":"max-video-preview:-1"},"canonical":"https:\/\/consortium.hr\/sl\/product\/pp-brtva-sifona-50-32\/","og_locale":"sl_SI","og_type":"article","og_title":"PP brtva sifona 50\/32 - Consortium","og_description":"Gumeni prijelaz sa cijevi sifona \u00f8 32 na\u00a0\u00f8 50 mm Man\u017eeta dolazi sa privjesnicom na kojoj je bar kod","og_url":"https:\/\/consortium.hr\/sl\/product\/pp-brtva-sifona-50-32\/","og_site_name":"Consortium","article_modified_time":"2026-04-17T07:53:28+00:00","og_image":[{"width":800,"height":800,"url":"https:\/\/consortium.hr\/wp-content\/uploads\/2024\/07\/PP-brtva-sifona-50-32.jpg","type":"image\/jpeg"}],"twitter_card":"summary_large_image","schema":{"@context":"https:\/\/schema.org","@graph":[{"@type":"WebPage","@id":"https:\/\/consortium.hr\/product\/pp-brtva-sifona-50-32\/","url":"https:\/\/consortium.hr\/product\/pp-brtva-sifona-50-32\/","name":"PP brtva sifona 50\/32 - Consortium","isPartOf":{"@id":"https:\/\/consortium.hr\/#website"},"primaryImageOfPage":{"@id":"https:\/\/consortium.hr\/product\/pp-brtva-sifona-50-32\/#primaryimage"},"image":{"@id":"https:\/\/consortium.hr\/product\/pp-brtva-sifona-50-32\/#primaryimage"},"thumbnailUrl":"https:\/\/consortium.hr\/wp-content\/uploads\/2024\/07\/PP-brtva-sifona-50-32.jpg","datePublished":"2024-07-15T10:55:17+00:00","dateModified":"2026-04-17T07:53:28+00:00","breadcrumb":{"@id":"https:\/\/consortium.hr\/product\/pp-brtva-sifona-50-32\/#breadcrumb"},"inLanguage":"sl-SI","potentialAction":[{"@type":"ReadAction","target":["https:\/\/consortium.hr\/product\/pp-brtva-sifona-50-32\/"]}]},{"@type":"ImageObject","inLanguage":"sl-SI","@id":"https:\/\/consortium.hr\/product\/pp-brtva-sifona-50-32\/#primaryimage","url":"https:\/\/consortium.hr\/wp-content\/uploads\/2024\/07\/PP-brtva-sifona-50-32.jpg","contentUrl":"https:\/\/consortium.hr\/wp-content\/uploads\/2024\/07\/PP-brtva-sifona-50-32.jpg","width":800,"height":800},{"@type":"BreadcrumbList","@id":"https:\/\/consortium.hr\/product\/pp-brtva-sifona-50-32\/#breadcrumb","itemListElement":[{"@type":"ListItem","position":1,"name":"Po\u010detna stranica","item":"https:\/\/consortium.hr\/sl\/"},{"@type":"ListItem","position":2,"name":"Shop","item":"https:\/\/consortium.hr\/sl\/shop\/"},{"@type":"ListItem","position":3,"name":"PP brtva sifona 50\/32"}]},{"@type":"WebSite","@id":"https:\/\/consortium.hr\/#website","url":"https:\/\/consortium.hr\/","name":"Consortium","description":"Gra\u0111evinski Materijal - Odli\u010dna Ponuda i Cijena","alternateName":"Gra\u0111evinski Materijal - Odli\u010dna Ponuda i Cijena","potentialAction":[{"@type":"SearchAction","target":{"@type":"EntryPoint","urlTemplate":"https:\/\/consortium.hr\/?s={search_term_string}"},"query-input":{"@type":"PropertyValueSpecification","valueRequired":true,"valueName":"search_term_string"}}],"inLanguage":"sl-SI"}]}},"_links":{"self":[{"href":"https:\/\/consortium.hr\/sl\/wp-json\/wp\/v2\/product\/7918","targetHints":{"allow":["GET"]}}],"collection":[{"href":"https:\/\/consortium.hr\/sl\/wp-json\/wp\/v2\/product"}],"about":[{"href":"https:\/\/consortium.hr\/sl\/wp-json\/wp\/v2\/types\/product"}],"wp:featuredmedia":[{"embeddable":true,"href":"https:\/\/consortium.hr\/sl\/wp-json\/wp\/v2\/media\/7919"}],"wp:attachment":[{"href":"https:\/\/consortium.hr\/sl\/wp-json\/wp\/v2\/media?parent=7918"}],"wp:term":[{"taxonomy":"product_brand","embeddable":true,"href":"https:\/\/consortium.hr\/sl\/wp-json\/wp\/v2\/product_brand?post=7918"},{"taxonomy":"product_cat","embeddable":true,"href":"https:\/\/consortium.hr\/sl\/wp-json\/wp\/v2\/product_cat?post=7918"},{"taxonomy":"product_tag","embeddable":true,"href":"https:\/\/consortium.hr\/sl\/wp-json\/wp\/v2\/product_tag?post=7918"}],"curies":[{"name":"wp","href":"https:\/\/api.w.org\/{rel}","templated":true}]}}