{"id":7949,"date":"2024-07-15T11:23:50","date_gmt":"2024-07-15T11:23:50","guid":{"rendered":"https:\/\/consortium.hr\/?post_type=product&#038;p=7949"},"modified":"2026-04-17T14:32:53","modified_gmt":"2026-04-17T14:32:53","slug":"sikaflex-crystal-clear","status":"publish","type":"product","link":"https:\/\/consortium.hr\/sl\/product\/sikaflex-crystal-clear\/","title":{"rendered":"Sikaflex Crystal Clear"},"content":{"rendered":"<div class=\"cmp-product__description cmp-font--light\">\n<div class=\"cmp-text\">\n<p class=\"cmp-text__paragraph cmp-line-clamp cmp-line-clamp--3\" data-lines=\"3\" data-read-more=\"Pro\u0161iri +\" data-read-less=\"Sa\u017emi -\"><strong>Sikaflex\u00ae Crystal Clear je prozoren, elasti\u010den, enokomponentni tesnilni in lepilni izdelek brez topil, ki se strdi s pomo\u010djo vlage iz zraka. <\/strong><\/p>\n<ul>\n<li class=\"cmp-text__paragraph cmp-line-clamp cmp-line-clamp--3\" data-lines=\"3\" data-read-more=\"Pro\u0161iri +\" data-read-less=\"Sa\u017emi -\">Odlikuje se z dobro oprijemljivostjo na \u0161irok spekter podlag v gradbeni\u0161tvu, zato je primeren za ve\u010dino tesnjenja spojev in lepljenja v gradbeni\u0161tvu ali doma\u010di rabi.<\/li>\n<\/ul>\n<\/div>\n<\/div>\n<div class=\"cmp-product__attributes\">\n<ul>\n<li>Odli\u010den oprijem na ve\u010dino gradbenih podlag<\/li>\n<li>Brez topil, brez vonja<\/li>\n<li>100% kristalno prozorno<\/li>\n<\/ul>\n<\/div>","protected":false},"excerpt":{"rendered":"<p>Sikaflex\u00ae Crystal Clear je transparentno, elasti\u010dno, jednokomponentno brtvilo i ljepilo bez otapala, koje otvrdnjava upijanjem vlage iz zraka. Odlikuje se dobrom prionjivo\u0161\u0107u na \u0161irok spektar podloga u gra\u0111evinarstvu te je zbog toga prikladan za ve\u0107inu brtvljenja spojeva i lijepljenja u gra\u0111evinarstvu ili ku\u0107noj upotrebi. Odli\u010dna prionjivost na ve\u0107inu podloga koje se koriste u gra\u0111evinarstvu Bez [&hellip;]<\/p>","protected":false},"featured_media":7950,"template":"","meta":{"_acf_changed":false},"product_brand":[],"product_cat":[307,197],"product_tag":[],"class_list":{"0":"post-7949","1":"product","2":"type-product","3":"status-publish","4":"has-post-thumbnail","6":"product_cat-ljepila-silikoni","7":"product_cat-silikoni","9":"first","10":"instock","11":"shipping-taxable","12":"purchasable","13":"product-type-variable","14":"wvs-archive-product-wrapper"},"acf":[],"yoast_head":"<!-- This site is optimized with the Yoast SEO plugin v26.1.1 - https:\/\/yoast.com\/wordpress\/plugins\/seo\/ -->\n<title>Sikaflex Crystal Clear - Consortium<\/title>\n<meta name=\"robots\" content=\"index, follow, max-snippet:-1, max-image-preview:large, max-video-preview:-1\" \/>\n<link rel=\"canonical\" href=\"https:\/\/consortium.hr\/sl\/product\/sikaflex-crystal-clear\/\" \/>\n<meta property=\"og:locale\" content=\"sl_SI\" \/>\n<meta property=\"og:type\" content=\"article\" \/>\n<meta property=\"og:title\" content=\"Sikaflex Crystal Clear - Consortium\" \/>\n<meta property=\"og:description\" content=\"Sikaflex\u00ae Crystal Clear je transparentno, elasti\u010dno, jednokomponentno brtvilo i ljepilo bez otapala, koje otvrdnjava upijanjem vlage iz zraka. Odlikuje se dobrom prionjivo\u0161\u0107u na \u0161irok spektar podloga u gra\u0111evinarstvu te je zbog toga prikladan za ve\u0107inu brtvljenja spojeva i lijepljenja u gra\u0111evinarstvu ili ku\u0107noj upotrebi. Odli\u010dna prionjivost na ve\u0107inu podloga koje se koriste u gra\u0111evinarstvu Bez [&hellip;]\" \/>\n<meta property=\"og:url\" content=\"https:\/\/consortium.hr\/sl\/product\/sikaflex-crystal-clear\/\" \/>\n<meta property=\"og:site_name\" content=\"Consortium\" \/>\n<meta property=\"article:modified_time\" content=\"2026-04-17T14:32:53+00:00\" \/>\n<meta property=\"og:image\" content=\"https:\/\/consortium.hr\/wp-content\/uploads\/2024\/07\/Sikaflex-Crystal-Clear.jpg\" \/>\n\t<meta property=\"og:image:width\" content=\"800\" \/>\n\t<meta property=\"og:image:height\" content=\"800\" \/>\n\t<meta property=\"og:image:type\" content=\"image\/jpeg\" \/>\n<meta name=\"twitter:card\" content=\"summary_large_image\" \/>\n<script type=\"application\/ld+json\" class=\"yoast-schema-graph\">{\"@context\":\"https:\/\/schema.org\",\"@graph\":[{\"@type\":\"WebPage\",\"@id\":\"https:\/\/consortium.hr\/product\/sikaflex-crystal-clear\/\",\"url\":\"https:\/\/consortium.hr\/product\/sikaflex-crystal-clear\/\",\"name\":\"Sikaflex Crystal Clear - Consortium\",\"isPartOf\":{\"@id\":\"https:\/\/consortium.hr\/#website\"},\"primaryImageOfPage\":{\"@id\":\"https:\/\/consortium.hr\/product\/sikaflex-crystal-clear\/#primaryimage\"},\"image\":{\"@id\":\"https:\/\/consortium.hr\/product\/sikaflex-crystal-clear\/#primaryimage\"},\"thumbnailUrl\":\"https:\/\/consortium.hr\/wp-content\/uploads\/2024\/07\/Sikaflex-Crystal-Clear.jpg\",\"datePublished\":\"2024-07-15T11:23:50+00:00\",\"dateModified\":\"2026-04-17T14:32:53+00:00\",\"breadcrumb\":{\"@id\":\"https:\/\/consortium.hr\/product\/sikaflex-crystal-clear\/#breadcrumb\"},\"inLanguage\":\"sl-SI\",\"potentialAction\":[{\"@type\":\"ReadAction\",\"target\":[\"https:\/\/consortium.hr\/product\/sikaflex-crystal-clear\/\"]}]},{\"@type\":\"ImageObject\",\"inLanguage\":\"sl-SI\",\"@id\":\"https:\/\/consortium.hr\/product\/sikaflex-crystal-clear\/#primaryimage\",\"url\":\"https:\/\/consortium.hr\/wp-content\/uploads\/2024\/07\/Sikaflex-Crystal-Clear.jpg\",\"contentUrl\":\"https:\/\/consortium.hr\/wp-content\/uploads\/2024\/07\/Sikaflex-Crystal-Clear.jpg\",\"width\":800,\"height\":800},{\"@type\":\"BreadcrumbList\",\"@id\":\"https:\/\/consortium.hr\/product\/sikaflex-crystal-clear\/#breadcrumb\",\"itemListElement\":[{\"@type\":\"ListItem\",\"position\":1,\"name\":\"Po\u010detna stranica\",\"item\":\"https:\/\/consortium.hr\/sl\/\"},{\"@type\":\"ListItem\",\"position\":2,\"name\":\"Shop\",\"item\":\"https:\/\/consortium.hr\/sl\/shop\/\"},{\"@type\":\"ListItem\",\"position\":3,\"name\":\"Sikaflex Crystal Clear\"}]},{\"@type\":\"WebSite\",\"@id\":\"https:\/\/consortium.hr\/#website\",\"url\":\"https:\/\/consortium.hr\/\",\"name\":\"Consortium\",\"description\":\"Gra\u0111evinski Materijal - Odli\u010dna Ponuda i Cijena\",\"alternateName\":\"Gra\u0111evinski Materijal - Odli\u010dna Ponuda i Cijena\",\"potentialAction\":[{\"@type\":\"SearchAction\",\"target\":{\"@type\":\"EntryPoint\",\"urlTemplate\":\"https:\/\/consortium.hr\/?s={search_term_string}\"},\"query-input\":{\"@type\":\"PropertyValueSpecification\",\"valueRequired\":true,\"valueName\":\"search_term_string\"}}],\"inLanguage\":\"sl-SI\"}]}<\/script>\n<!-- \/ Yoast SEO plugin. -->","yoast_head_json":{"title":"Sikaflex Crystal Clear - Consortium","robots":{"index":"index","follow":"follow","max-snippet":"max-snippet:-1","max-image-preview":"max-image-preview:large","max-video-preview":"max-video-preview:-1"},"canonical":"https:\/\/consortium.hr\/sl\/product\/sikaflex-crystal-clear\/","og_locale":"sl_SI","og_type":"article","og_title":"Sikaflex Crystal Clear - Consortium","og_description":"Sikaflex\u00ae Crystal Clear je transparentno, elasti\u010dno, jednokomponentno brtvilo i ljepilo bez otapala, koje otvrdnjava upijanjem vlage iz zraka. Odlikuje se dobrom prionjivo\u0161\u0107u na \u0161irok spektar podloga u gra\u0111evinarstvu te je zbog toga prikladan za ve\u0107inu brtvljenja spojeva i lijepljenja u gra\u0111evinarstvu ili ku\u0107noj upotrebi. Odli\u010dna prionjivost na ve\u0107inu podloga koje se koriste u gra\u0111evinarstvu Bez [&hellip;]","og_url":"https:\/\/consortium.hr\/sl\/product\/sikaflex-crystal-clear\/","og_site_name":"Consortium","article_modified_time":"2026-04-17T14:32:53+00:00","og_image":[{"width":800,"height":800,"url":"https:\/\/consortium.hr\/wp-content\/uploads\/2024\/07\/Sikaflex-Crystal-Clear.jpg","type":"image\/jpeg"}],"twitter_card":"summary_large_image","schema":{"@context":"https:\/\/schema.org","@graph":[{"@type":"WebPage","@id":"https:\/\/consortium.hr\/product\/sikaflex-crystal-clear\/","url":"https:\/\/consortium.hr\/product\/sikaflex-crystal-clear\/","name":"Sikaflex Crystal Clear - Consortium","isPartOf":{"@id":"https:\/\/consortium.hr\/#website"},"primaryImageOfPage":{"@id":"https:\/\/consortium.hr\/product\/sikaflex-crystal-clear\/#primaryimage"},"image":{"@id":"https:\/\/consortium.hr\/product\/sikaflex-crystal-clear\/#primaryimage"},"thumbnailUrl":"https:\/\/consortium.hr\/wp-content\/uploads\/2024\/07\/Sikaflex-Crystal-Clear.jpg","datePublished":"2024-07-15T11:23:50+00:00","dateModified":"2026-04-17T14:32:53+00:00","breadcrumb":{"@id":"https:\/\/consortium.hr\/product\/sikaflex-crystal-clear\/#breadcrumb"},"inLanguage":"sl-SI","potentialAction":[{"@type":"ReadAction","target":["https:\/\/consortium.hr\/product\/sikaflex-crystal-clear\/"]}]},{"@type":"ImageObject","inLanguage":"sl-SI","@id":"https:\/\/consortium.hr\/product\/sikaflex-crystal-clear\/#primaryimage","url":"https:\/\/consortium.hr\/wp-content\/uploads\/2024\/07\/Sikaflex-Crystal-Clear.jpg","contentUrl":"https:\/\/consortium.hr\/wp-content\/uploads\/2024\/07\/Sikaflex-Crystal-Clear.jpg","width":800,"height":800},{"@type":"BreadcrumbList","@id":"https:\/\/consortium.hr\/product\/sikaflex-crystal-clear\/#breadcrumb","itemListElement":[{"@type":"ListItem","position":1,"name":"Po\u010detna stranica","item":"https:\/\/consortium.hr\/sl\/"},{"@type":"ListItem","position":2,"name":"Shop","item":"https:\/\/consortium.hr\/sl\/shop\/"},{"@type":"ListItem","position":3,"name":"Sikaflex Crystal Clear"}]},{"@type":"WebSite","@id":"https:\/\/consortium.hr\/#website","url":"https:\/\/consortium.hr\/","name":"Consortium","description":"Gra\u0111evinski Materijal - Odli\u010dna Ponuda i Cijena","alternateName":"Gra\u0111evinski Materijal - Odli\u010dna Ponuda i Cijena","potentialAction":[{"@type":"SearchAction","target":{"@type":"EntryPoint","urlTemplate":"https:\/\/consortium.hr\/?s={search_term_string}"},"query-input":{"@type":"PropertyValueSpecification","valueRequired":true,"valueName":"search_term_string"}}],"inLanguage":"sl-SI"}]}},"_links":{"self":[{"href":"https:\/\/consortium.hr\/sl\/wp-json\/wp\/v2\/product\/7949","targetHints":{"allow":["GET"]}}],"collection":[{"href":"https:\/\/consortium.hr\/sl\/wp-json\/wp\/v2\/product"}],"about":[{"href":"https:\/\/consortium.hr\/sl\/wp-json\/wp\/v2\/types\/product"}],"wp:featuredmedia":[{"embeddable":true,"href":"https:\/\/consortium.hr\/sl\/wp-json\/wp\/v2\/media\/7950"}],"wp:attachment":[{"href":"https:\/\/consortium.hr\/sl\/wp-json\/wp\/v2\/media?parent=7949"}],"wp:term":[{"taxonomy":"product_brand","embeddable":true,"href":"https:\/\/consortium.hr\/sl\/wp-json\/wp\/v2\/product_brand?post=7949"},{"taxonomy":"product_cat","embeddable":true,"href":"https:\/\/consortium.hr\/sl\/wp-json\/wp\/v2\/product_cat?post=7949"},{"taxonomy":"product_tag","embeddable":true,"href":"https:\/\/consortium.hr\/sl\/wp-json\/wp\/v2\/product_tag?post=7949"}],"curies":[{"name":"wp","href":"https:\/\/api.w.org\/{rel}","templated":true}]}}