{"id":8162,"date":"2024-07-17T13:10:06","date_gmt":"2024-07-17T13:10:06","guid":{"rendered":"https:\/\/consortium.hr\/?post_type=product&#038;p=8162"},"modified":"2026-03-03T12:58:15","modified_gmt":"2026-03-03T12:58:15","slug":"noz-za-stiropor-420-corona","status":"publish","type":"product","link":"https:\/\/consortium.hr\/sl\/product\/noz-za-stiropor-420-corona\/","title":{"rendered":"No\u017e za stiropor 420mm"},"content":{"rendered":"<p>Univerzalni no\u017e 2-v-1 dol\u017eine 420 mm za rezanje polistirena in mineralne volne.<br \/>\nIzjemno uporaben pri delu z izolacijskimi materiali.<br \/>\nZaklju\u010den s posebej oblikovanim rezilom za hitro sesanje.<br \/>\nDelovna dol\u017eina 300 mm je opremljena s posebnimi zobmi, na eni strani 5 mm (polistiren), na drugi 20 mm (mineralna volna), prilagojena naju\u010dinkovitej\u0161emu rezanju posameznega materiala.<br \/>\nProtidrsni ro\u010daj z odprtino za obe\u0161anje na kavelj.<br \/>\nPolirano rezilo za gladek rez in pove\u010dano odpornost proti koroziji.<\/p>","protected":false},"excerpt":{"rendered":"<p>Univerzalni no\u017e 2-u-1 du\u017eine 420 mm za rezanje polistirena i mineralne vune. Izuzetno korisna pri radu s izolacijskim materijalima. Zavr\u0161ava posebno oblikovanom o\u0161tricom za brzo usisavanje. Radni dio du\u017eine 300 mm opremljen je specijalnim zubima, s jedne strane 5 mm (polistiren), a s druge 20 mm (mineralna vuna), prilago\u0111en naju\u010dinkovitijem rezanju svakog materijala. Ru\u010dica protiv [&hellip;]<\/p>","protected":false},"featured_media":8163,"template":"","meta":{"_acf_changed":false},"product_brand":[],"product_cat":[222,313,224],"product_tag":[],"class_list":{"0":"post-8162","1":"product","2":"type-product","3":"status-publish","4":"has-post-thumbnail","6":"product_cat-alati","7":"product_cat-ostali-rucni-pribor","8":"product_cat-rucni-alati","10":"first","11":"instock","12":"shipping-taxable","13":"purchasable","14":"product-type-simple"},"acf":[],"yoast_head":"<!-- This site is optimized with the Yoast SEO plugin v26.1.1 - https:\/\/yoast.com\/wordpress\/plugins\/seo\/ -->\n<title>No\u017e za stiropor 420mm - Consortium<\/title>\n<meta name=\"robots\" content=\"index, follow, max-snippet:-1, max-image-preview:large, max-video-preview:-1\" \/>\n<link rel=\"canonical\" href=\"https:\/\/consortium.hr\/sl\/product\/noz-za-stiropor-420-corona\/\" \/>\n<meta property=\"og:locale\" content=\"sl_SI\" \/>\n<meta property=\"og:type\" content=\"article\" \/>\n<meta property=\"og:title\" content=\"No\u017e za stiropor 420mm - Consortium\" \/>\n<meta property=\"og:description\" content=\"Univerzalni no\u017e 2-u-1 du\u017eine 420 mm za rezanje polistirena i mineralne vune. Izuzetno korisna pri radu s izolacijskim materijalima. Zavr\u0161ava posebno oblikovanom o\u0161tricom za brzo usisavanje. Radni dio du\u017eine 300 mm opremljen je specijalnim zubima, s jedne strane 5 mm (polistiren), a s druge 20 mm (mineralna vuna), prilago\u0111en naju\u010dinkovitijem rezanju svakog materijala. Ru\u010dica protiv [&hellip;]\" \/>\n<meta property=\"og:url\" content=\"https:\/\/consortium.hr\/sl\/product\/noz-za-stiropor-420-corona\/\" \/>\n<meta property=\"og:site_name\" content=\"Consortium\" \/>\n<meta property=\"article:modified_time\" content=\"2026-03-03T12:58:15+00:00\" \/>\n<meta property=\"og:image\" content=\"https:\/\/consortium.hr\/wp-content\/uploads\/2024\/07\/Noz-za-stiropor-420-Corona.jpg\" \/>\n\t<meta property=\"og:image:width\" content=\"800\" \/>\n\t<meta property=\"og:image:height\" content=\"800\" \/>\n\t<meta property=\"og:image:type\" content=\"image\/jpeg\" \/>\n<meta name=\"twitter:card\" content=\"summary_large_image\" \/>\n<script type=\"application\/ld+json\" class=\"yoast-schema-graph\">{\"@context\":\"https:\/\/schema.org\",\"@graph\":[{\"@type\":\"WebPage\",\"@id\":\"https:\/\/consortium.hr\/product\/noz-za-stiropor-420-corona\/\",\"url\":\"https:\/\/consortium.hr\/product\/noz-za-stiropor-420-corona\/\",\"name\":\"No\u017e za stiropor 420mm - Consortium\",\"isPartOf\":{\"@id\":\"https:\/\/consortium.hr\/#website\"},\"primaryImageOfPage\":{\"@id\":\"https:\/\/consortium.hr\/product\/noz-za-stiropor-420-corona\/#primaryimage\"},\"image\":{\"@id\":\"https:\/\/consortium.hr\/product\/noz-za-stiropor-420-corona\/#primaryimage\"},\"thumbnailUrl\":\"https:\/\/consortium.hr\/wp-content\/uploads\/2024\/07\/Noz-za-stiropor-420-Corona.jpg\",\"datePublished\":\"2024-07-17T13:10:06+00:00\",\"dateModified\":\"2026-03-03T12:58:15+00:00\",\"breadcrumb\":{\"@id\":\"https:\/\/consortium.hr\/product\/noz-za-stiropor-420-corona\/#breadcrumb\"},\"inLanguage\":\"sl-SI\",\"potentialAction\":[{\"@type\":\"ReadAction\",\"target\":[\"https:\/\/consortium.hr\/product\/noz-za-stiropor-420-corona\/\"]}]},{\"@type\":\"ImageObject\",\"inLanguage\":\"sl-SI\",\"@id\":\"https:\/\/consortium.hr\/product\/noz-za-stiropor-420-corona\/#primaryimage\",\"url\":\"https:\/\/consortium.hr\/wp-content\/uploads\/2024\/07\/Noz-za-stiropor-420-Corona.jpg\",\"contentUrl\":\"https:\/\/consortium.hr\/wp-content\/uploads\/2024\/07\/Noz-za-stiropor-420-Corona.jpg\",\"width\":800,\"height\":800},{\"@type\":\"BreadcrumbList\",\"@id\":\"https:\/\/consortium.hr\/product\/noz-za-stiropor-420-corona\/#breadcrumb\",\"itemListElement\":[{\"@type\":\"ListItem\",\"position\":1,\"name\":\"Po\u010detna stranica\",\"item\":\"https:\/\/consortium.hr\/sl\/\"},{\"@type\":\"ListItem\",\"position\":2,\"name\":\"Shop\",\"item\":\"https:\/\/consortium.hr\/sl\/shop\/\"},{\"@type\":\"ListItem\",\"position\":3,\"name\":\"No\u017e za stiropor 420mm\"}]},{\"@type\":\"WebSite\",\"@id\":\"https:\/\/consortium.hr\/#website\",\"url\":\"https:\/\/consortium.hr\/\",\"name\":\"Consortium\",\"description\":\"Gra\u0111evinski Materijal - Odli\u010dna Ponuda i Cijena\",\"alternateName\":\"Gra\u0111evinski Materijal - Odli\u010dna Ponuda i Cijena\",\"potentialAction\":[{\"@type\":\"SearchAction\",\"target\":{\"@type\":\"EntryPoint\",\"urlTemplate\":\"https:\/\/consortium.hr\/?s={search_term_string}\"},\"query-input\":{\"@type\":\"PropertyValueSpecification\",\"valueRequired\":true,\"valueName\":\"search_term_string\"}}],\"inLanguage\":\"sl-SI\"}]}<\/script>\n<!-- \/ Yoast SEO plugin. -->","yoast_head_json":{"title":"No\u017e za stiropor 420mm - Consortium","robots":{"index":"index","follow":"follow","max-snippet":"max-snippet:-1","max-image-preview":"max-image-preview:large","max-video-preview":"max-video-preview:-1"},"canonical":"https:\/\/consortium.hr\/sl\/product\/noz-za-stiropor-420-corona\/","og_locale":"sl_SI","og_type":"article","og_title":"No\u017e za stiropor 420mm - Consortium","og_description":"Univerzalni no\u017e 2-u-1 du\u017eine 420 mm za rezanje polistirena i mineralne vune. Izuzetno korisna pri radu s izolacijskim materijalima. Zavr\u0161ava posebno oblikovanom o\u0161tricom za brzo usisavanje. Radni dio du\u017eine 300 mm opremljen je specijalnim zubima, s jedne strane 5 mm (polistiren), a s druge 20 mm (mineralna vuna), prilago\u0111en naju\u010dinkovitijem rezanju svakog materijala. Ru\u010dica protiv [&hellip;]","og_url":"https:\/\/consortium.hr\/sl\/product\/noz-za-stiropor-420-corona\/","og_site_name":"Consortium","article_modified_time":"2026-03-03T12:58:15+00:00","og_image":[{"width":800,"height":800,"url":"https:\/\/consortium.hr\/wp-content\/uploads\/2024\/07\/Noz-za-stiropor-420-Corona.jpg","type":"image\/jpeg"}],"twitter_card":"summary_large_image","schema":{"@context":"https:\/\/schema.org","@graph":[{"@type":"WebPage","@id":"https:\/\/consortium.hr\/product\/noz-za-stiropor-420-corona\/","url":"https:\/\/consortium.hr\/product\/noz-za-stiropor-420-corona\/","name":"No\u017e za stiropor 420mm - Consortium","isPartOf":{"@id":"https:\/\/consortium.hr\/#website"},"primaryImageOfPage":{"@id":"https:\/\/consortium.hr\/product\/noz-za-stiropor-420-corona\/#primaryimage"},"image":{"@id":"https:\/\/consortium.hr\/product\/noz-za-stiropor-420-corona\/#primaryimage"},"thumbnailUrl":"https:\/\/consortium.hr\/wp-content\/uploads\/2024\/07\/Noz-za-stiropor-420-Corona.jpg","datePublished":"2024-07-17T13:10:06+00:00","dateModified":"2026-03-03T12:58:15+00:00","breadcrumb":{"@id":"https:\/\/consortium.hr\/product\/noz-za-stiropor-420-corona\/#breadcrumb"},"inLanguage":"sl-SI","potentialAction":[{"@type":"ReadAction","target":["https:\/\/consortium.hr\/product\/noz-za-stiropor-420-corona\/"]}]},{"@type":"ImageObject","inLanguage":"sl-SI","@id":"https:\/\/consortium.hr\/product\/noz-za-stiropor-420-corona\/#primaryimage","url":"https:\/\/consortium.hr\/wp-content\/uploads\/2024\/07\/Noz-za-stiropor-420-Corona.jpg","contentUrl":"https:\/\/consortium.hr\/wp-content\/uploads\/2024\/07\/Noz-za-stiropor-420-Corona.jpg","width":800,"height":800},{"@type":"BreadcrumbList","@id":"https:\/\/consortium.hr\/product\/noz-za-stiropor-420-corona\/#breadcrumb","itemListElement":[{"@type":"ListItem","position":1,"name":"Po\u010detna stranica","item":"https:\/\/consortium.hr\/sl\/"},{"@type":"ListItem","position":2,"name":"Shop","item":"https:\/\/consortium.hr\/sl\/shop\/"},{"@type":"ListItem","position":3,"name":"No\u017e za stiropor 420mm"}]},{"@type":"WebSite","@id":"https:\/\/consortium.hr\/#website","url":"https:\/\/consortium.hr\/","name":"Consortium","description":"Gra\u0111evinski Materijal - Odli\u010dna Ponuda i Cijena","alternateName":"Gra\u0111evinski Materijal - Odli\u010dna Ponuda i Cijena","potentialAction":[{"@type":"SearchAction","target":{"@type":"EntryPoint","urlTemplate":"https:\/\/consortium.hr\/?s={search_term_string}"},"query-input":{"@type":"PropertyValueSpecification","valueRequired":true,"valueName":"search_term_string"}}],"inLanguage":"sl-SI"}]}},"_links":{"self":[{"href":"https:\/\/consortium.hr\/sl\/wp-json\/wp\/v2\/product\/8162","targetHints":{"allow":["GET"]}}],"collection":[{"href":"https:\/\/consortium.hr\/sl\/wp-json\/wp\/v2\/product"}],"about":[{"href":"https:\/\/consortium.hr\/sl\/wp-json\/wp\/v2\/types\/product"}],"wp:featuredmedia":[{"embeddable":true,"href":"https:\/\/consortium.hr\/sl\/wp-json\/wp\/v2\/media\/8163"}],"wp:attachment":[{"href":"https:\/\/consortium.hr\/sl\/wp-json\/wp\/v2\/media?parent=8162"}],"wp:term":[{"taxonomy":"product_brand","embeddable":true,"href":"https:\/\/consortium.hr\/sl\/wp-json\/wp\/v2\/product_brand?post=8162"},{"taxonomy":"product_cat","embeddable":true,"href":"https:\/\/consortium.hr\/sl\/wp-json\/wp\/v2\/product_cat?post=8162"},{"taxonomy":"product_tag","embeddable":true,"href":"https:\/\/consortium.hr\/sl\/wp-json\/wp\/v2\/product_tag?post=8162"}],"curies":[{"name":"wp","href":"https:\/\/api.w.org\/{rel}","templated":true}]}}