{"id":8224,"date":"2024-07-17T14:13:34","date_gmt":"2024-07-17T14:13:34","guid":{"rendered":"https:\/\/consortium.hr\/?post_type=product&#038;p=8224"},"modified":"2026-04-29T13:34:40","modified_gmt":"2026-04-29T13:34:40","slug":"spahtla-lopatica-profesional-max","status":"publish","type":"product","link":"https:\/\/consortium.hr\/sl\/product\/spahtla-lopatica-profesional-max\/","title":{"rendered":"Gladilka-lopatka profesional MAX"},"content":{"rendered":"<li>\u0160pahtla lopatica pro\u00a0iz serije\u00a0MAX\u00a0je visokokvalitetna lopatica namijenjena profesionalnoj uporabi.<\/li>\n<li>Ova lopatica dolazi kao dio serije\u00a0MAX\u00a0koja predstavlja vrhunac kvalitete i funkcionalnosti u svijetu alata.<\/li>\n<li>Opremljen je sna\u017enom i izdr\u017eljivom \u010deli\u010dnom o\u0161tricom koja je izuzetno otporna na habanje i omogu\u0107uje jednostavno nano\u0161enje i izravnavanje razli\u010ditih vrsta materijala.<\/li>\n<li>Tako\u0111er, profesionalna lopatica ima ergonomski oblikovanu dr\u0161ku koja osigurava \u010dvrst i udoban zahvat, \u010dime se smanjuje zamor ruku tijekom dugotrajnog kori\u0161tenja.<\/li>\n<li>\u0160pahtla lopatica pro\u00a0iz serije\u00a0MAX\u00a0izra\u0111ena je od visokokvalitetnih materijala koji osiguravaju izdr\u017eljivost i pouzdanost u svakoj situaciji.<\/li>\n<li>S ovom lopaticom mo\u017eete biti sigurni da \u0107e va\u0161i projekti biti zavr\u0161eni s profesionalnim izgledom i kvalitetom.<\/li>","protected":false},"excerpt":{"rendered":"<p>\u0160pahtla lopatica pro\u00a0iz serije\u00a0MAX\u00a0je visokokvalitetna lopatica namijenjena profesionalnoj uporabi. Ova lopatica dolazi kao dio serije\u00a0MAX\u00a0koja predstavlja vrhunac kvalitete i funkcionalnosti u svijetu alata. Opremljen je sna\u017enom i izdr\u017eljivom \u010deli\u010dnom o\u0161tricom koja je izuzetno otporna na habanje i omogu\u0107uje jednostavno nano\u0161enje i izravnavanje razli\u010ditih vrsta materijala. Tako\u0111er, profesionalna lopatica ima ergonomski oblikovanu dr\u0161ku koja osigurava \u010dvrst [&hellip;]<\/p>","protected":false},"featured_media":8225,"template":"","meta":{"_acf_changed":false},"product_brand":[],"product_cat":[222,231,223],"product_tag":[],"class_list":{"0":"post-8224","1":"product","2":"type-product","3":"status-publish","4":"has-post-thumbnail","6":"product_cat-alati","7":"product_cat-spahtle-i-zidarske-zlice","8":"product_cat-zidarski-alati","10":"first","11":"instock","12":"shipping-taxable","13":"purchasable","14":"product-type-variable","15":"wvs-archive-product-wrapper"},"acf":[],"yoast_head":"<!-- This site is optimized with the Yoast SEO plugin v26.1.1 - https:\/\/yoast.com\/wordpress\/plugins\/seo\/ -->\n<title>\u0160pahtla-lopatica profesional MAX - Consortium<\/title>\n<meta name=\"robots\" content=\"index, follow, max-snippet:-1, max-image-preview:large, max-video-preview:-1\" \/>\n<link rel=\"canonical\" href=\"https:\/\/consortium.hr\/sl\/product\/spahtla-lopatica-profesional-max\/\" \/>\n<meta property=\"og:locale\" content=\"sl_SI\" \/>\n<meta property=\"og:type\" content=\"article\" \/>\n<meta property=\"og:title\" content=\"\u0160pahtla-lopatica profesional MAX - Consortium\" \/>\n<meta property=\"og:description\" content=\"\u0160pahtla lopatica pro\u00a0iz serije\u00a0MAX\u00a0je visokokvalitetna lopatica namijenjena profesionalnoj uporabi. Ova lopatica dolazi kao dio serije\u00a0MAX\u00a0koja predstavlja vrhunac kvalitete i funkcionalnosti u svijetu alata. Opremljen je sna\u017enom i izdr\u017eljivom \u010deli\u010dnom o\u0161tricom koja je izuzetno otporna na habanje i omogu\u0107uje jednostavno nano\u0161enje i izravnavanje razli\u010ditih vrsta materijala. Tako\u0111er, profesionalna lopatica ima ergonomski oblikovanu dr\u0161ku koja osigurava \u010dvrst [&hellip;]\" \/>\n<meta property=\"og:url\" content=\"https:\/\/consortium.hr\/sl\/product\/spahtla-lopatica-profesional-max\/\" \/>\n<meta property=\"og:site_name\" content=\"Consortium\" \/>\n<meta property=\"article:modified_time\" content=\"2026-04-29T13:34:40+00:00\" \/>\n<meta property=\"og:image\" content=\"https:\/\/consortium.hr\/wp-content\/uploads\/2024\/07\/Spahtla-lopatica-profesional-MAX.jpg\" \/>\n\t<meta property=\"og:image:width\" content=\"800\" \/>\n\t<meta property=\"og:image:height\" content=\"800\" \/>\n\t<meta property=\"og:image:type\" content=\"image\/jpeg\" \/>\n<meta name=\"twitter:card\" content=\"summary_large_image\" \/>\n<meta name=\"twitter:label1\" content=\"Est. reading time\" \/>\n\t<meta name=\"twitter:data1\" content=\"1 minuta\" \/>\n<script type=\"application\/ld+json\" class=\"yoast-schema-graph\">{\"@context\":\"https:\/\/schema.org\",\"@graph\":[{\"@type\":\"WebPage\",\"@id\":\"https:\/\/consortium.hr\/product\/spahtla-lopatica-profesional-max\/\",\"url\":\"https:\/\/consortium.hr\/product\/spahtla-lopatica-profesional-max\/\",\"name\":\"\u0160pahtla-lopatica profesional MAX - Consortium\",\"isPartOf\":{\"@id\":\"https:\/\/consortium.hr\/#website\"},\"primaryImageOfPage\":{\"@id\":\"https:\/\/consortium.hr\/product\/spahtla-lopatica-profesional-max\/#primaryimage\"},\"image\":{\"@id\":\"https:\/\/consortium.hr\/product\/spahtla-lopatica-profesional-max\/#primaryimage\"},\"thumbnailUrl\":\"https:\/\/consortium.hr\/wp-content\/uploads\/2024\/07\/Spahtla-lopatica-profesional-MAX.jpg\",\"datePublished\":\"2024-07-17T14:13:34+00:00\",\"dateModified\":\"2026-04-29T13:34:40+00:00\",\"breadcrumb\":{\"@id\":\"https:\/\/consortium.hr\/product\/spahtla-lopatica-profesional-max\/#breadcrumb\"},\"inLanguage\":\"sl-SI\",\"potentialAction\":[{\"@type\":\"ReadAction\",\"target\":[\"https:\/\/consortium.hr\/product\/spahtla-lopatica-profesional-max\/\"]}]},{\"@type\":\"ImageObject\",\"inLanguage\":\"sl-SI\",\"@id\":\"https:\/\/consortium.hr\/product\/spahtla-lopatica-profesional-max\/#primaryimage\",\"url\":\"https:\/\/consortium.hr\/wp-content\/uploads\/2024\/07\/Spahtla-lopatica-profesional-MAX.jpg\",\"contentUrl\":\"https:\/\/consortium.hr\/wp-content\/uploads\/2024\/07\/Spahtla-lopatica-profesional-MAX.jpg\",\"width\":800,\"height\":800},{\"@type\":\"BreadcrumbList\",\"@id\":\"https:\/\/consortium.hr\/product\/spahtla-lopatica-profesional-max\/#breadcrumb\",\"itemListElement\":[{\"@type\":\"ListItem\",\"position\":1,\"name\":\"Po\u010detna stranica\",\"item\":\"https:\/\/consortium.hr\/sl\/\"},{\"@type\":\"ListItem\",\"position\":2,\"name\":\"Shop\",\"item\":\"https:\/\/consortium.hr\/sl\/shop\/\"},{\"@type\":\"ListItem\",\"position\":3,\"name\":\"\u0160pahtla-lopatica profesional MAX\"}]},{\"@type\":\"WebSite\",\"@id\":\"https:\/\/consortium.hr\/#website\",\"url\":\"https:\/\/consortium.hr\/\",\"name\":\"Consortium\",\"description\":\"Gra\u0111evinski Materijal - Odli\u010dna Ponuda i Cijena\",\"alternateName\":\"Gra\u0111evinski Materijal - Odli\u010dna Ponuda i Cijena\",\"potentialAction\":[{\"@type\":\"SearchAction\",\"target\":{\"@type\":\"EntryPoint\",\"urlTemplate\":\"https:\/\/consortium.hr\/?s={search_term_string}\"},\"query-input\":{\"@type\":\"PropertyValueSpecification\",\"valueRequired\":true,\"valueName\":\"search_term_string\"}}],\"inLanguage\":\"sl-SI\"}]}<\/script>\n<!-- \/ Yoast SEO plugin. -->","yoast_head_json":{"title":"\u0160pahtla-lopatica profesional MAX - Consortium","robots":{"index":"index","follow":"follow","max-snippet":"max-snippet:-1","max-image-preview":"max-image-preview:large","max-video-preview":"max-video-preview:-1"},"canonical":"https:\/\/consortium.hr\/sl\/product\/spahtla-lopatica-profesional-max\/","og_locale":"sl_SI","og_type":"article","og_title":"\u0160pahtla-lopatica profesional MAX - Consortium","og_description":"\u0160pahtla lopatica pro\u00a0iz serije\u00a0MAX\u00a0je visokokvalitetna lopatica namijenjena profesionalnoj uporabi. Ova lopatica dolazi kao dio serije\u00a0MAX\u00a0koja predstavlja vrhunac kvalitete i funkcionalnosti u svijetu alata. Opremljen je sna\u017enom i izdr\u017eljivom \u010deli\u010dnom o\u0161tricom koja je izuzetno otporna na habanje i omogu\u0107uje jednostavno nano\u0161enje i izravnavanje razli\u010ditih vrsta materijala. Tako\u0111er, profesionalna lopatica ima ergonomski oblikovanu dr\u0161ku koja osigurava \u010dvrst [&hellip;]","og_url":"https:\/\/consortium.hr\/sl\/product\/spahtla-lopatica-profesional-max\/","og_site_name":"Consortium","article_modified_time":"2026-04-29T13:34:40+00:00","og_image":[{"width":800,"height":800,"url":"https:\/\/consortium.hr\/wp-content\/uploads\/2024\/07\/Spahtla-lopatica-profesional-MAX.jpg","type":"image\/jpeg"}],"twitter_card":"summary_large_image","twitter_misc":{"Est. reading time":"1 minuta"},"schema":{"@context":"https:\/\/schema.org","@graph":[{"@type":"WebPage","@id":"https:\/\/consortium.hr\/product\/spahtla-lopatica-profesional-max\/","url":"https:\/\/consortium.hr\/product\/spahtla-lopatica-profesional-max\/","name":"\u0160pahtla-lopatica profesional MAX - Consortium","isPartOf":{"@id":"https:\/\/consortium.hr\/#website"},"primaryImageOfPage":{"@id":"https:\/\/consortium.hr\/product\/spahtla-lopatica-profesional-max\/#primaryimage"},"image":{"@id":"https:\/\/consortium.hr\/product\/spahtla-lopatica-profesional-max\/#primaryimage"},"thumbnailUrl":"https:\/\/consortium.hr\/wp-content\/uploads\/2024\/07\/Spahtla-lopatica-profesional-MAX.jpg","datePublished":"2024-07-17T14:13:34+00:00","dateModified":"2026-04-29T13:34:40+00:00","breadcrumb":{"@id":"https:\/\/consortium.hr\/product\/spahtla-lopatica-profesional-max\/#breadcrumb"},"inLanguage":"sl-SI","potentialAction":[{"@type":"ReadAction","target":["https:\/\/consortium.hr\/product\/spahtla-lopatica-profesional-max\/"]}]},{"@type":"ImageObject","inLanguage":"sl-SI","@id":"https:\/\/consortium.hr\/product\/spahtla-lopatica-profesional-max\/#primaryimage","url":"https:\/\/consortium.hr\/wp-content\/uploads\/2024\/07\/Spahtla-lopatica-profesional-MAX.jpg","contentUrl":"https:\/\/consortium.hr\/wp-content\/uploads\/2024\/07\/Spahtla-lopatica-profesional-MAX.jpg","width":800,"height":800},{"@type":"BreadcrumbList","@id":"https:\/\/consortium.hr\/product\/spahtla-lopatica-profesional-max\/#breadcrumb","itemListElement":[{"@type":"ListItem","position":1,"name":"Po\u010detna stranica","item":"https:\/\/consortium.hr\/sl\/"},{"@type":"ListItem","position":2,"name":"Shop","item":"https:\/\/consortium.hr\/sl\/shop\/"},{"@type":"ListItem","position":3,"name":"\u0160pahtla-lopatica profesional MAX"}]},{"@type":"WebSite","@id":"https:\/\/consortium.hr\/#website","url":"https:\/\/consortium.hr\/","name":"Consortium","description":"Gra\u0111evinski Materijal - Odli\u010dna Ponuda i Cijena","alternateName":"Gra\u0111evinski Materijal - Odli\u010dna Ponuda i Cijena","potentialAction":[{"@type":"SearchAction","target":{"@type":"EntryPoint","urlTemplate":"https:\/\/consortium.hr\/?s={search_term_string}"},"query-input":{"@type":"PropertyValueSpecification","valueRequired":true,"valueName":"search_term_string"}}],"inLanguage":"sl-SI"}]}},"_links":{"self":[{"href":"https:\/\/consortium.hr\/sl\/wp-json\/wp\/v2\/product\/8224","targetHints":{"allow":["GET"]}}],"collection":[{"href":"https:\/\/consortium.hr\/sl\/wp-json\/wp\/v2\/product"}],"about":[{"href":"https:\/\/consortium.hr\/sl\/wp-json\/wp\/v2\/types\/product"}],"wp:featuredmedia":[{"embeddable":true,"href":"https:\/\/consortium.hr\/sl\/wp-json\/wp\/v2\/media\/8225"}],"wp:attachment":[{"href":"https:\/\/consortium.hr\/sl\/wp-json\/wp\/v2\/media?parent=8224"}],"wp:term":[{"taxonomy":"product_brand","embeddable":true,"href":"https:\/\/consortium.hr\/sl\/wp-json\/wp\/v2\/product_brand?post=8224"},{"taxonomy":"product_cat","embeddable":true,"href":"https:\/\/consortium.hr\/sl\/wp-json\/wp\/v2\/product_cat?post=8224"},{"taxonomy":"product_tag","embeddable":true,"href":"https:\/\/consortium.hr\/sl\/wp-json\/wp\/v2\/product_tag?post=8224"}],"curies":[{"name":"wp","href":"https:\/\/api.w.org\/{rel}","templated":true}]}}