{"id":8233,"date":"2024-07-17T14:15:44","date_gmt":"2024-07-17T14:15:44","guid":{"rendered":"https:\/\/consortium.hr\/?post_type=product&#038;p=8233"},"modified":"2026-04-15T13:53:16","modified_gmt":"2026-04-15T13:53:16","slug":"sola-libela-az","status":"publish","type":"product","link":"https:\/\/consortium.hr\/sl\/product\/sola-libela-az\/","title":{"rendered":"SOLA libela AZ"},"content":{"rendered":"<li>Bolj\u0161e, hitrej\u0161e in natan\u010dnej\u0161e od\u010ditavanje s patentiranimi SOLA FOCUS libelami.<\/li>\n<li>Bolj\u0161a berljivost pri slab\u0161i osvetlitvi z optimizirano SOLA svetlobno oblogo.<\/li>\n<li>Zelo visoka natan\u010dnost merjenja v vertikalnem ali horizontalnem polo\u017eaju.<\/li>\n<li>Nerazlomljive blok-libele iz akrilnega stekla z pove\u010devalno le\u010do (+20 %) in 30-letno garancijo na zaprtost.<\/li>\n<li>Izjemno robusten profil iz aluminijeve zlitine za dolgo \u017eivljenjsko dobo.<\/li>\n<li>Amortizirajo\u010de za\u0161\u010ditne kapice.<\/li>","protected":false},"excerpt":{"rendered":"<p>Bolje, br\u017ee i preciznije o\u010ditavanje sa patentiranim SOLA FOCUS libelama Bolja \u010ditljivost pri slabom osvjetljenju kroz optimiziranu SOLA svjetlosnu oblogu Vrlo visoka preciznost mjerenja u vertikalnom ili horizontalnom polo\u017eaju Nesalomive blok-libele od akrilnog stakla sa uveli\u010davaju\u0107om le\u0107om (+20 %) i jamstvom od 30 godina na zatvorenost. Izuzetno robustan profil od legure aluminija visoke otpornosti za [&hellip;]<\/p>","protected":false},"featured_media":8234,"template":"","meta":{"_acf_changed":false},"product_brand":[],"product_cat":[222,358,223],"product_tag":[],"class_list":{"0":"post-8233","1":"product","2":"type-product","3":"status-publish","4":"has-post-thumbnail","6":"product_cat-alati","7":"product_cat-libele","8":"product_cat-zidarski-alati","10":"first","11":"instock","12":"shipping-taxable","13":"purchasable","14":"product-type-variable","15":"wvs-archive-product-wrapper"},"acf":[],"yoast_head":"<!-- This site is optimized with the Yoast SEO plugin v26.1.1 - https:\/\/yoast.com\/wordpress\/plugins\/seo\/ -->\n<title>SOLA libela AZ - Consortium<\/title>\n<meta name=\"robots\" content=\"index, follow, max-snippet:-1, max-image-preview:large, max-video-preview:-1\" \/>\n<link rel=\"canonical\" href=\"https:\/\/consortium.hr\/sl\/product\/sola-libela-az\/\" \/>\n<meta property=\"og:locale\" content=\"sl_SI\" \/>\n<meta property=\"og:type\" content=\"article\" \/>\n<meta property=\"og:title\" content=\"SOLA libela AZ - Consortium\" \/>\n<meta property=\"og:description\" content=\"Bolje, br\u017ee i preciznije o\u010ditavanje sa patentiranim SOLA FOCUS libelama Bolja \u010ditljivost pri slabom osvjetljenju kroz optimiziranu SOLA svjetlosnu oblogu Vrlo visoka preciznost mjerenja u vertikalnom ili horizontalnom polo\u017eaju Nesalomive blok-libele od akrilnog stakla sa uveli\u010davaju\u0107om le\u0107om (+20 %) i jamstvom od 30 godina na zatvorenost. Izuzetno robustan profil od legure aluminija visoke otpornosti za [&hellip;]\" \/>\n<meta property=\"og:url\" content=\"https:\/\/consortium.hr\/sl\/product\/sola-libela-az\/\" \/>\n<meta property=\"og:site_name\" content=\"Consortium\" \/>\n<meta property=\"article:modified_time\" content=\"2026-04-15T13:53:16+00:00\" \/>\n<meta property=\"og:image\" content=\"https:\/\/consortium.hr\/wp-content\/uploads\/2024\/07\/SOLA-libela-AZ.jpg\" \/>\n\t<meta property=\"og:image:width\" content=\"800\" \/>\n\t<meta property=\"og:image:height\" content=\"800\" \/>\n\t<meta property=\"og:image:type\" content=\"image\/jpeg\" \/>\n<meta name=\"twitter:card\" content=\"summary_large_image\" \/>\n<script type=\"application\/ld+json\" class=\"yoast-schema-graph\">{\"@context\":\"https:\/\/schema.org\",\"@graph\":[{\"@type\":\"WebPage\",\"@id\":\"https:\/\/consortium.hr\/product\/sola-libela-az\/\",\"url\":\"https:\/\/consortium.hr\/product\/sola-libela-az\/\",\"name\":\"SOLA libela AZ - Consortium\",\"isPartOf\":{\"@id\":\"https:\/\/consortium.hr\/#website\"},\"primaryImageOfPage\":{\"@id\":\"https:\/\/consortium.hr\/product\/sola-libela-az\/#primaryimage\"},\"image\":{\"@id\":\"https:\/\/consortium.hr\/product\/sola-libela-az\/#primaryimage\"},\"thumbnailUrl\":\"https:\/\/consortium.hr\/wp-content\/uploads\/2024\/07\/SOLA-libela-AZ.jpg\",\"datePublished\":\"2024-07-17T14:15:44+00:00\",\"dateModified\":\"2026-04-15T13:53:16+00:00\",\"breadcrumb\":{\"@id\":\"https:\/\/consortium.hr\/product\/sola-libela-az\/#breadcrumb\"},\"inLanguage\":\"sl-SI\",\"potentialAction\":[{\"@type\":\"ReadAction\",\"target\":[\"https:\/\/consortium.hr\/product\/sola-libela-az\/\"]}]},{\"@type\":\"ImageObject\",\"inLanguage\":\"sl-SI\",\"@id\":\"https:\/\/consortium.hr\/product\/sola-libela-az\/#primaryimage\",\"url\":\"https:\/\/consortium.hr\/wp-content\/uploads\/2024\/07\/SOLA-libela-AZ.jpg\",\"contentUrl\":\"https:\/\/consortium.hr\/wp-content\/uploads\/2024\/07\/SOLA-libela-AZ.jpg\",\"width\":800,\"height\":800},{\"@type\":\"BreadcrumbList\",\"@id\":\"https:\/\/consortium.hr\/product\/sola-libela-az\/#breadcrumb\",\"itemListElement\":[{\"@type\":\"ListItem\",\"position\":1,\"name\":\"Po\u010detna stranica\",\"item\":\"https:\/\/consortium.hr\/sl\/\"},{\"@type\":\"ListItem\",\"position\":2,\"name\":\"Shop\",\"item\":\"https:\/\/consortium.hr\/sl\/shop\/\"},{\"@type\":\"ListItem\",\"position\":3,\"name\":\"SOLA libela AZ\"}]},{\"@type\":\"WebSite\",\"@id\":\"https:\/\/consortium.hr\/#website\",\"url\":\"https:\/\/consortium.hr\/\",\"name\":\"Consortium\",\"description\":\"Gra\u0111evinski Materijal - Odli\u010dna Ponuda i Cijena\",\"alternateName\":\"Gra\u0111evinski Materijal - Odli\u010dna Ponuda i Cijena\",\"potentialAction\":[{\"@type\":\"SearchAction\",\"target\":{\"@type\":\"EntryPoint\",\"urlTemplate\":\"https:\/\/consortium.hr\/?s={search_term_string}\"},\"query-input\":{\"@type\":\"PropertyValueSpecification\",\"valueRequired\":true,\"valueName\":\"search_term_string\"}}],\"inLanguage\":\"sl-SI\"}]}<\/script>\n<!-- \/ Yoast SEO plugin. -->","yoast_head_json":{"title":"SOLA libela AZ - Consortium","robots":{"index":"index","follow":"follow","max-snippet":"max-snippet:-1","max-image-preview":"max-image-preview:large","max-video-preview":"max-video-preview:-1"},"canonical":"https:\/\/consortium.hr\/sl\/product\/sola-libela-az\/","og_locale":"sl_SI","og_type":"article","og_title":"SOLA libela AZ - Consortium","og_description":"Bolje, br\u017ee i preciznije o\u010ditavanje sa patentiranim SOLA FOCUS libelama Bolja \u010ditljivost pri slabom osvjetljenju kroz optimiziranu SOLA svjetlosnu oblogu Vrlo visoka preciznost mjerenja u vertikalnom ili horizontalnom polo\u017eaju Nesalomive blok-libele od akrilnog stakla sa uveli\u010davaju\u0107om le\u0107om (+20 %) i jamstvom od 30 godina na zatvorenost. Izuzetno robustan profil od legure aluminija visoke otpornosti za [&hellip;]","og_url":"https:\/\/consortium.hr\/sl\/product\/sola-libela-az\/","og_site_name":"Consortium","article_modified_time":"2026-04-15T13:53:16+00:00","og_image":[{"width":800,"height":800,"url":"https:\/\/consortium.hr\/wp-content\/uploads\/2024\/07\/SOLA-libela-AZ.jpg","type":"image\/jpeg"}],"twitter_card":"summary_large_image","schema":{"@context":"https:\/\/schema.org","@graph":[{"@type":"WebPage","@id":"https:\/\/consortium.hr\/product\/sola-libela-az\/","url":"https:\/\/consortium.hr\/product\/sola-libela-az\/","name":"SOLA libela AZ - Consortium","isPartOf":{"@id":"https:\/\/consortium.hr\/#website"},"primaryImageOfPage":{"@id":"https:\/\/consortium.hr\/product\/sola-libela-az\/#primaryimage"},"image":{"@id":"https:\/\/consortium.hr\/product\/sola-libela-az\/#primaryimage"},"thumbnailUrl":"https:\/\/consortium.hr\/wp-content\/uploads\/2024\/07\/SOLA-libela-AZ.jpg","datePublished":"2024-07-17T14:15:44+00:00","dateModified":"2026-04-15T13:53:16+00:00","breadcrumb":{"@id":"https:\/\/consortium.hr\/product\/sola-libela-az\/#breadcrumb"},"inLanguage":"sl-SI","potentialAction":[{"@type":"ReadAction","target":["https:\/\/consortium.hr\/product\/sola-libela-az\/"]}]},{"@type":"ImageObject","inLanguage":"sl-SI","@id":"https:\/\/consortium.hr\/product\/sola-libela-az\/#primaryimage","url":"https:\/\/consortium.hr\/wp-content\/uploads\/2024\/07\/SOLA-libela-AZ.jpg","contentUrl":"https:\/\/consortium.hr\/wp-content\/uploads\/2024\/07\/SOLA-libela-AZ.jpg","width":800,"height":800},{"@type":"BreadcrumbList","@id":"https:\/\/consortium.hr\/product\/sola-libela-az\/#breadcrumb","itemListElement":[{"@type":"ListItem","position":1,"name":"Po\u010detna stranica","item":"https:\/\/consortium.hr\/sl\/"},{"@type":"ListItem","position":2,"name":"Shop","item":"https:\/\/consortium.hr\/sl\/shop\/"},{"@type":"ListItem","position":3,"name":"SOLA libela AZ"}]},{"@type":"WebSite","@id":"https:\/\/consortium.hr\/#website","url":"https:\/\/consortium.hr\/","name":"Consortium","description":"Gra\u0111evinski Materijal - Odli\u010dna Ponuda i Cijena","alternateName":"Gra\u0111evinski Materijal - Odli\u010dna Ponuda i Cijena","potentialAction":[{"@type":"SearchAction","target":{"@type":"EntryPoint","urlTemplate":"https:\/\/consortium.hr\/?s={search_term_string}"},"query-input":{"@type":"PropertyValueSpecification","valueRequired":true,"valueName":"search_term_string"}}],"inLanguage":"sl-SI"}]}},"_links":{"self":[{"href":"https:\/\/consortium.hr\/sl\/wp-json\/wp\/v2\/product\/8233","targetHints":{"allow":["GET"]}}],"collection":[{"href":"https:\/\/consortium.hr\/sl\/wp-json\/wp\/v2\/product"}],"about":[{"href":"https:\/\/consortium.hr\/sl\/wp-json\/wp\/v2\/types\/product"}],"wp:featuredmedia":[{"embeddable":true,"href":"https:\/\/consortium.hr\/sl\/wp-json\/wp\/v2\/media\/8234"}],"wp:attachment":[{"href":"https:\/\/consortium.hr\/sl\/wp-json\/wp\/v2\/media?parent=8233"}],"wp:term":[{"taxonomy":"product_brand","embeddable":true,"href":"https:\/\/consortium.hr\/sl\/wp-json\/wp\/v2\/product_brand?post=8233"},{"taxonomy":"product_cat","embeddable":true,"href":"https:\/\/consortium.hr\/sl\/wp-json\/wp\/v2\/product_cat?post=8233"},{"taxonomy":"product_tag","embeddable":true,"href":"https:\/\/consortium.hr\/sl\/wp-json\/wp\/v2\/product_tag?post=8233"}],"curies":[{"name":"wp","href":"https:\/\/api.w.org\/{rel}","templated":true}]}}