{"id":8252,"date":"2024-07-17T14:28:17","date_gmt":"2024-07-17T14:28:17","guid":{"rendered":"https:\/\/consortium.hr\/?post_type=product&#038;p=8252"},"modified":"2026-03-19T15:27:56","modified_gmt":"2026-03-19T15:27:56","slug":"bihui-dijamantna-brusno-rezna-ploca-125mm","status":"publish","type":"product","link":"https:\/\/consortium.hr\/sl\/product\/bihui-dijamantna-brusno-rezna-ploca-125mm\/","title":{"rendered":"Bihui diamantna brusno-rezalna plo\u0161\u010da 125mm"},"content":{"rendered":"<li>Inovativna ve\u010dnamenska diamantna plo\u0161\u010da.<\/li>\n<li>Zasnovana za zaklju\u010dna dela na plo\u0161\u010dicah: majhni rezi, bru\u0161enje, zaobljenje in oblikovanje robov ter vogalov.<\/li>\n<li>Lahko se uporablja z vsako brusilko M14.<\/li>\n<p>Velikost: 125 mm<\/p>","protected":false},"excerpt":{"rendered":"<p>Inovativna vi\u0161enamjenska dijamantna plo\u010da. Dizajnirana za zavr\u0161nu obradu plo\u010dica: mali rezovi, bru\u0161enje, zaobljivanje i oblikovanje rubova i uglova. Mo\u017ee se koristiti s bilo kojom brusilicom M14. Veli\u010dina: 125mm<\/p>","protected":false},"featured_media":8253,"template":"","meta":{"_acf_changed":false},"product_brand":[],"product_cat":[222,314,225],"product_tag":[],"class_list":{"0":"post-8252","1":"product","2":"type-product","3":"status-publish","4":"has-post-thumbnail","6":"product_cat-alati","7":"product_cat-pribor-za-brusenje-i-rezanje","8":"product_cat-specijalni-alati","10":"first","11":"instock","12":"shipping-taxable","13":"purchasable","14":"product-type-simple"},"acf":[],"yoast_head":"<!-- This site is optimized with the Yoast SEO plugin v26.1.1 - https:\/\/yoast.com\/wordpress\/plugins\/seo\/ -->\n<title>Bihui dijamantna brusno-rezna plo\u010da 125mm - Consortium<\/title>\n<meta name=\"robots\" content=\"index, follow, max-snippet:-1, max-image-preview:large, max-video-preview:-1\" \/>\n<link rel=\"canonical\" href=\"https:\/\/consortium.hr\/sl\/product\/bihui-dijamantna-brusno-rezna-ploca-125mm\/\" \/>\n<meta property=\"og:locale\" content=\"sl_SI\" \/>\n<meta property=\"og:type\" content=\"article\" \/>\n<meta property=\"og:title\" content=\"Bihui dijamantna brusno-rezna plo\u010da 125mm - Consortium\" \/>\n<meta property=\"og:description\" content=\"Inovativna vi\u0161enamjenska dijamantna plo\u010da. Dizajnirana za zavr\u0161nu obradu plo\u010dica: mali rezovi, bru\u0161enje, zaobljivanje i oblikovanje rubova i uglova. Mo\u017ee se koristiti s bilo kojom brusilicom M14. Veli\u010dina: 125mm\" \/>\n<meta property=\"og:url\" content=\"https:\/\/consortium.hr\/sl\/product\/bihui-dijamantna-brusno-rezna-ploca-125mm\/\" \/>\n<meta property=\"og:site_name\" content=\"Consortium\" \/>\n<meta property=\"article:modified_time\" content=\"2026-03-19T15:27:56+00:00\" \/>\n<meta property=\"og:image\" content=\"https:\/\/consortium.hr\/wp-content\/uploads\/2024\/07\/Bihui-dijamantna-brusno-rezna-ploca-125mm.jpg\" \/>\n\t<meta property=\"og:image:width\" content=\"800\" \/>\n\t<meta property=\"og:image:height\" content=\"800\" \/>\n\t<meta property=\"og:image:type\" content=\"image\/jpeg\" \/>\n<meta name=\"twitter:card\" content=\"summary_large_image\" \/>\n<script type=\"application\/ld+json\" class=\"yoast-schema-graph\">{\"@context\":\"https:\/\/schema.org\",\"@graph\":[{\"@type\":\"WebPage\",\"@id\":\"https:\/\/consortium.hr\/product\/bihui-dijamantna-brusno-rezna-ploca-125mm\/\",\"url\":\"https:\/\/consortium.hr\/product\/bihui-dijamantna-brusno-rezna-ploca-125mm\/\",\"name\":\"Bihui dijamantna brusno-rezna plo\u010da 125mm - Consortium\",\"isPartOf\":{\"@id\":\"https:\/\/consortium.hr\/#website\"},\"primaryImageOfPage\":{\"@id\":\"https:\/\/consortium.hr\/product\/bihui-dijamantna-brusno-rezna-ploca-125mm\/#primaryimage\"},\"image\":{\"@id\":\"https:\/\/consortium.hr\/product\/bihui-dijamantna-brusno-rezna-ploca-125mm\/#primaryimage\"},\"thumbnailUrl\":\"https:\/\/consortium.hr\/wp-content\/uploads\/2024\/07\/Bihui-dijamantna-brusno-rezna-ploca-125mm.jpg\",\"datePublished\":\"2024-07-17T14:28:17+00:00\",\"dateModified\":\"2026-03-19T15:27:56+00:00\",\"breadcrumb\":{\"@id\":\"https:\/\/consortium.hr\/product\/bihui-dijamantna-brusno-rezna-ploca-125mm\/#breadcrumb\"},\"inLanguage\":\"sl-SI\",\"potentialAction\":[{\"@type\":\"ReadAction\",\"target\":[\"https:\/\/consortium.hr\/product\/bihui-dijamantna-brusno-rezna-ploca-125mm\/\"]}]},{\"@type\":\"ImageObject\",\"inLanguage\":\"sl-SI\",\"@id\":\"https:\/\/consortium.hr\/product\/bihui-dijamantna-brusno-rezna-ploca-125mm\/#primaryimage\",\"url\":\"https:\/\/consortium.hr\/wp-content\/uploads\/2024\/07\/Bihui-dijamantna-brusno-rezna-ploca-125mm.jpg\",\"contentUrl\":\"https:\/\/consortium.hr\/wp-content\/uploads\/2024\/07\/Bihui-dijamantna-brusno-rezna-ploca-125mm.jpg\",\"width\":800,\"height\":800},{\"@type\":\"BreadcrumbList\",\"@id\":\"https:\/\/consortium.hr\/product\/bihui-dijamantna-brusno-rezna-ploca-125mm\/#breadcrumb\",\"itemListElement\":[{\"@type\":\"ListItem\",\"position\":1,\"name\":\"Po\u010detna stranica\",\"item\":\"https:\/\/consortium.hr\/sl\/\"},{\"@type\":\"ListItem\",\"position\":2,\"name\":\"Shop\",\"item\":\"https:\/\/consortium.hr\/sl\/shop\/\"},{\"@type\":\"ListItem\",\"position\":3,\"name\":\"Bihui dijamantna brusno-rezna plo\u010da 125mm\"}]},{\"@type\":\"WebSite\",\"@id\":\"https:\/\/consortium.hr\/#website\",\"url\":\"https:\/\/consortium.hr\/\",\"name\":\"Consortium\",\"description\":\"Gra\u0111evinski Materijal - Odli\u010dna Ponuda i Cijena\",\"alternateName\":\"Gra\u0111evinski Materijal - Odli\u010dna Ponuda i Cijena\",\"potentialAction\":[{\"@type\":\"SearchAction\",\"target\":{\"@type\":\"EntryPoint\",\"urlTemplate\":\"https:\/\/consortium.hr\/?s={search_term_string}\"},\"query-input\":{\"@type\":\"PropertyValueSpecification\",\"valueRequired\":true,\"valueName\":\"search_term_string\"}}],\"inLanguage\":\"sl-SI\"}]}<\/script>\n<!-- \/ Yoast SEO plugin. -->","yoast_head_json":{"title":"Bihui dijamantna brusno-rezna plo\u010da 125mm - Consortium","robots":{"index":"index","follow":"follow","max-snippet":"max-snippet:-1","max-image-preview":"max-image-preview:large","max-video-preview":"max-video-preview:-1"},"canonical":"https:\/\/consortium.hr\/sl\/product\/bihui-dijamantna-brusno-rezna-ploca-125mm\/","og_locale":"sl_SI","og_type":"article","og_title":"Bihui dijamantna brusno-rezna plo\u010da 125mm - Consortium","og_description":"Inovativna vi\u0161enamjenska dijamantna plo\u010da. Dizajnirana za zavr\u0161nu obradu plo\u010dica: mali rezovi, bru\u0161enje, zaobljivanje i oblikovanje rubova i uglova. Mo\u017ee se koristiti s bilo kojom brusilicom M14. Veli\u010dina: 125mm","og_url":"https:\/\/consortium.hr\/sl\/product\/bihui-dijamantna-brusno-rezna-ploca-125mm\/","og_site_name":"Consortium","article_modified_time":"2026-03-19T15:27:56+00:00","og_image":[{"width":800,"height":800,"url":"https:\/\/consortium.hr\/wp-content\/uploads\/2024\/07\/Bihui-dijamantna-brusno-rezna-ploca-125mm.jpg","type":"image\/jpeg"}],"twitter_card":"summary_large_image","schema":{"@context":"https:\/\/schema.org","@graph":[{"@type":"WebPage","@id":"https:\/\/consortium.hr\/product\/bihui-dijamantna-brusno-rezna-ploca-125mm\/","url":"https:\/\/consortium.hr\/product\/bihui-dijamantna-brusno-rezna-ploca-125mm\/","name":"Bihui dijamantna brusno-rezna plo\u010da 125mm - Consortium","isPartOf":{"@id":"https:\/\/consortium.hr\/#website"},"primaryImageOfPage":{"@id":"https:\/\/consortium.hr\/product\/bihui-dijamantna-brusno-rezna-ploca-125mm\/#primaryimage"},"image":{"@id":"https:\/\/consortium.hr\/product\/bihui-dijamantna-brusno-rezna-ploca-125mm\/#primaryimage"},"thumbnailUrl":"https:\/\/consortium.hr\/wp-content\/uploads\/2024\/07\/Bihui-dijamantna-brusno-rezna-ploca-125mm.jpg","datePublished":"2024-07-17T14:28:17+00:00","dateModified":"2026-03-19T15:27:56+00:00","breadcrumb":{"@id":"https:\/\/consortium.hr\/product\/bihui-dijamantna-brusno-rezna-ploca-125mm\/#breadcrumb"},"inLanguage":"sl-SI","potentialAction":[{"@type":"ReadAction","target":["https:\/\/consortium.hr\/product\/bihui-dijamantna-brusno-rezna-ploca-125mm\/"]}]},{"@type":"ImageObject","inLanguage":"sl-SI","@id":"https:\/\/consortium.hr\/product\/bihui-dijamantna-brusno-rezna-ploca-125mm\/#primaryimage","url":"https:\/\/consortium.hr\/wp-content\/uploads\/2024\/07\/Bihui-dijamantna-brusno-rezna-ploca-125mm.jpg","contentUrl":"https:\/\/consortium.hr\/wp-content\/uploads\/2024\/07\/Bihui-dijamantna-brusno-rezna-ploca-125mm.jpg","width":800,"height":800},{"@type":"BreadcrumbList","@id":"https:\/\/consortium.hr\/product\/bihui-dijamantna-brusno-rezna-ploca-125mm\/#breadcrumb","itemListElement":[{"@type":"ListItem","position":1,"name":"Po\u010detna stranica","item":"https:\/\/consortium.hr\/sl\/"},{"@type":"ListItem","position":2,"name":"Shop","item":"https:\/\/consortium.hr\/sl\/shop\/"},{"@type":"ListItem","position":3,"name":"Bihui dijamantna brusno-rezna plo\u010da 125mm"}]},{"@type":"WebSite","@id":"https:\/\/consortium.hr\/#website","url":"https:\/\/consortium.hr\/","name":"Consortium","description":"Gra\u0111evinski Materijal - Odli\u010dna Ponuda i Cijena","alternateName":"Gra\u0111evinski Materijal - Odli\u010dna Ponuda i Cijena","potentialAction":[{"@type":"SearchAction","target":{"@type":"EntryPoint","urlTemplate":"https:\/\/consortium.hr\/?s={search_term_string}"},"query-input":{"@type":"PropertyValueSpecification","valueRequired":true,"valueName":"search_term_string"}}],"inLanguage":"sl-SI"}]}},"_links":{"self":[{"href":"https:\/\/consortium.hr\/sl\/wp-json\/wp\/v2\/product\/8252","targetHints":{"allow":["GET"]}}],"collection":[{"href":"https:\/\/consortium.hr\/sl\/wp-json\/wp\/v2\/product"}],"about":[{"href":"https:\/\/consortium.hr\/sl\/wp-json\/wp\/v2\/types\/product"}],"wp:featuredmedia":[{"embeddable":true,"href":"https:\/\/consortium.hr\/sl\/wp-json\/wp\/v2\/media\/8253"}],"wp:attachment":[{"href":"https:\/\/consortium.hr\/sl\/wp-json\/wp\/v2\/media?parent=8252"}],"wp:term":[{"taxonomy":"product_brand","embeddable":true,"href":"https:\/\/consortium.hr\/sl\/wp-json\/wp\/v2\/product_brand?post=8252"},{"taxonomy":"product_cat","embeddable":true,"href":"https:\/\/consortium.hr\/sl\/wp-json\/wp\/v2\/product_cat?post=8252"},{"taxonomy":"product_tag","embeddable":true,"href":"https:\/\/consortium.hr\/sl\/wp-json\/wp\/v2\/product_tag?post=8252"}],"curies":[{"name":"wp","href":"https:\/\/api.w.org\/{rel}","templated":true}]}}