{"id":8254,"date":"2024-07-17T14:30:52","date_gmt":"2024-07-17T14:30:52","guid":{"rendered":"https:\/\/consortium.hr\/?post_type=product&#038;p=8254"},"modified":"2026-01-16T07:22:21","modified_gmt":"2026-01-16T07:22:21","slug":"bihui-stroj-za-rezanje-pod-kutom-jolly-edge","status":"publish","type":"product","link":"https:\/\/consortium.hr\/sl\/product\/bihui-stroj-za-rezanje-pod-kutom-jolly-edge\/","title":{"rendered":"Bihui Stroj za rezanje pod kotom Jolly Edge"},"content":{"rendered":"<li>Vklju\u010duje rezalni okvir in BIHUI kotni brusilnik<\/li>\n<li>Izdelano iz nerjave\u010dega jekla z oblazinjenjem<\/li>\n<li>Kot rezanja: 45-48\u00b0<\/li>\n<li>Najve\u010dja dol\u017eina rezanja: neomejena<\/li>\n<li>Najve\u010dja debelina rezanja: 19 mm<\/li>\n<li>Diamantna rezalna plo\u0161\u010da: 125 mm<\/li>\n<li>Te\u017ea izdelka: 5,2 kg<\/li>\n<li>Primerno za kotni brusilnik z M14 in 5\/8\"-11 priklju\u010dkom<\/li>","protected":false},"excerpt":{"rendered":"<p>Uklju\u010duje rezni okvir i BIHUI kutnu brusilicu Izra\u0111en od nehr\u0111aju\u0107eg \u010delika s jastu\u010di\u0107ima Raspon kuta rezanja 45-48\u00b0 Maksimalna duljina rezanja je neograni\u010dena Maks. debljina rezanja 19 mm Dijamantna o\u0161trica 125 mm Te\u017eina proizvoda: 5,2 Kg Prikladno za kutnu brusilicu M14 i 5\/8\"-11<\/p>","protected":false},"featured_media":8255,"template":"","meta":{"_acf_changed":false},"product_brand":[],"product_cat":[222,314,225],"product_tag":[],"class_list":{"0":"post-8254","1":"product","2":"type-product","3":"status-publish","4":"has-post-thumbnail","6":"product_cat-alati","7":"product_cat-pribor-za-brusenje-i-rezanje","8":"product_cat-specijalni-alati","10":"first","11":"instock","12":"shipping-taxable","13":"purchasable","14":"product-type-simple"},"acf":[],"yoast_head":"<!-- This site is optimized with the Yoast SEO plugin v26.1.1 - https:\/\/yoast.com\/wordpress\/plugins\/seo\/ -->\n<title>Bihui Stroj za rezanje pod kutom Jolly Edge - Consortium<\/title>\n<meta name=\"robots\" content=\"index, follow, max-snippet:-1, max-image-preview:large, max-video-preview:-1\" \/>\n<link rel=\"canonical\" href=\"https:\/\/consortium.hr\/sl\/product\/bihui-stroj-za-rezanje-pod-kutom-jolly-edge\/\" \/>\n<meta property=\"og:locale\" content=\"sl_SI\" \/>\n<meta property=\"og:type\" content=\"article\" \/>\n<meta property=\"og:title\" content=\"Bihui Stroj za rezanje pod kutom Jolly Edge - Consortium\" \/>\n<meta property=\"og:description\" content=\"Uklju\u010duje rezni okvir i BIHUI kutnu brusilicu Izra\u0111en od nehr\u0111aju\u0107eg \u010delika s jastu\u010di\u0107ima Raspon kuta rezanja 45-48\u00b0 Maksimalna duljina rezanja je neograni\u010dena Maks. debljina rezanja 19 mm Dijamantna o\u0161trica 125 mm Te\u017eina proizvoda: 5,2 Kg Prikladno za kutnu brusilicu M14 i 5\/8&quot;-11\" \/>\n<meta property=\"og:url\" content=\"https:\/\/consortium.hr\/sl\/product\/bihui-stroj-za-rezanje-pod-kutom-jolly-edge\/\" \/>\n<meta property=\"og:site_name\" content=\"Consortium\" \/>\n<meta property=\"article:modified_time\" content=\"2026-01-16T07:22:21+00:00\" \/>\n<meta property=\"og:image\" content=\"https:\/\/consortium.hr\/wp-content\/uploads\/2024\/07\/Bihui-Stroj-za-rezanje-pod-kutom-Jolly-Edge.jpg\" \/>\n\t<meta property=\"og:image:width\" content=\"800\" \/>\n\t<meta property=\"og:image:height\" content=\"800\" \/>\n\t<meta property=\"og:image:type\" content=\"image\/jpeg\" \/>\n<meta name=\"twitter:card\" content=\"summary_large_image\" \/>\n<script type=\"application\/ld+json\" class=\"yoast-schema-graph\">{\"@context\":\"https:\/\/schema.org\",\"@graph\":[{\"@type\":\"WebPage\",\"@id\":\"https:\/\/consortium.hr\/product\/bihui-stroj-za-rezanje-pod-kutom-jolly-edge\/\",\"url\":\"https:\/\/consortium.hr\/product\/bihui-stroj-za-rezanje-pod-kutom-jolly-edge\/\",\"name\":\"Bihui Stroj za rezanje pod kutom Jolly Edge - Consortium\",\"isPartOf\":{\"@id\":\"https:\/\/consortium.hr\/#website\"},\"primaryImageOfPage\":{\"@id\":\"https:\/\/consortium.hr\/product\/bihui-stroj-za-rezanje-pod-kutom-jolly-edge\/#primaryimage\"},\"image\":{\"@id\":\"https:\/\/consortium.hr\/product\/bihui-stroj-za-rezanje-pod-kutom-jolly-edge\/#primaryimage\"},\"thumbnailUrl\":\"https:\/\/consortium.hr\/wp-content\/uploads\/2024\/07\/Bihui-Stroj-za-rezanje-pod-kutom-Jolly-Edge.jpg\",\"datePublished\":\"2024-07-17T14:30:52+00:00\",\"dateModified\":\"2026-01-16T07:22:21+00:00\",\"breadcrumb\":{\"@id\":\"https:\/\/consortium.hr\/product\/bihui-stroj-za-rezanje-pod-kutom-jolly-edge\/#breadcrumb\"},\"inLanguage\":\"sl-SI\",\"potentialAction\":[{\"@type\":\"ReadAction\",\"target\":[\"https:\/\/consortium.hr\/product\/bihui-stroj-za-rezanje-pod-kutom-jolly-edge\/\"]}]},{\"@type\":\"ImageObject\",\"inLanguage\":\"sl-SI\",\"@id\":\"https:\/\/consortium.hr\/product\/bihui-stroj-za-rezanje-pod-kutom-jolly-edge\/#primaryimage\",\"url\":\"https:\/\/consortium.hr\/wp-content\/uploads\/2024\/07\/Bihui-Stroj-za-rezanje-pod-kutom-Jolly-Edge.jpg\",\"contentUrl\":\"https:\/\/consortium.hr\/wp-content\/uploads\/2024\/07\/Bihui-Stroj-za-rezanje-pod-kutom-Jolly-Edge.jpg\",\"width\":800,\"height\":800},{\"@type\":\"BreadcrumbList\",\"@id\":\"https:\/\/consortium.hr\/product\/bihui-stroj-za-rezanje-pod-kutom-jolly-edge\/#breadcrumb\",\"itemListElement\":[{\"@type\":\"ListItem\",\"position\":1,\"name\":\"Po\u010detna stranica\",\"item\":\"https:\/\/consortium.hr\/sl\/\"},{\"@type\":\"ListItem\",\"position\":2,\"name\":\"Shop\",\"item\":\"https:\/\/consortium.hr\/sl\/shop\/\"},{\"@type\":\"ListItem\",\"position\":3,\"name\":\"Bihui Stroj za rezanje pod kutom Jolly Edge\"}]},{\"@type\":\"WebSite\",\"@id\":\"https:\/\/consortium.hr\/#website\",\"url\":\"https:\/\/consortium.hr\/\",\"name\":\"Consortium\",\"description\":\"Gra\u0111evinski Materijal - Odli\u010dna Ponuda i Cijena\",\"alternateName\":\"Gra\u0111evinski Materijal - Odli\u010dna Ponuda i Cijena\",\"potentialAction\":[{\"@type\":\"SearchAction\",\"target\":{\"@type\":\"EntryPoint\",\"urlTemplate\":\"https:\/\/consortium.hr\/?s={search_term_string}\"},\"query-input\":{\"@type\":\"PropertyValueSpecification\",\"valueRequired\":true,\"valueName\":\"search_term_string\"}}],\"inLanguage\":\"sl-SI\"}]}<\/script>\n<!-- \/ Yoast SEO plugin. -->","yoast_head_json":{"title":"Bihui Stroj za rezanje pod kutom Jolly Edge - Consortium","robots":{"index":"index","follow":"follow","max-snippet":"max-snippet:-1","max-image-preview":"max-image-preview:large","max-video-preview":"max-video-preview:-1"},"canonical":"https:\/\/consortium.hr\/sl\/product\/bihui-stroj-za-rezanje-pod-kutom-jolly-edge\/","og_locale":"sl_SI","og_type":"article","og_title":"Bihui Stroj za rezanje pod kutom Jolly Edge - Consortium","og_description":"Uklju\u010duje rezni okvir i BIHUI kutnu brusilicu Izra\u0111en od nehr\u0111aju\u0107eg \u010delika s jastu\u010di\u0107ima Raspon kuta rezanja 45-48\u00b0 Maksimalna duljina rezanja je neograni\u010dena Maks. debljina rezanja 19 mm Dijamantna o\u0161trica 125 mm Te\u017eina proizvoda: 5,2 Kg Prikladno za kutnu brusilicu M14 i 5\/8\"-11","og_url":"https:\/\/consortium.hr\/sl\/product\/bihui-stroj-za-rezanje-pod-kutom-jolly-edge\/","og_site_name":"Consortium","article_modified_time":"2026-01-16T07:22:21+00:00","og_image":[{"width":800,"height":800,"url":"https:\/\/consortium.hr\/wp-content\/uploads\/2024\/07\/Bihui-Stroj-za-rezanje-pod-kutom-Jolly-Edge.jpg","type":"image\/jpeg"}],"twitter_card":"summary_large_image","schema":{"@context":"https:\/\/schema.org","@graph":[{"@type":"WebPage","@id":"https:\/\/consortium.hr\/product\/bihui-stroj-za-rezanje-pod-kutom-jolly-edge\/","url":"https:\/\/consortium.hr\/product\/bihui-stroj-za-rezanje-pod-kutom-jolly-edge\/","name":"Bihui Stroj za rezanje pod kutom Jolly Edge - Consortium","isPartOf":{"@id":"https:\/\/consortium.hr\/#website"},"primaryImageOfPage":{"@id":"https:\/\/consortium.hr\/product\/bihui-stroj-za-rezanje-pod-kutom-jolly-edge\/#primaryimage"},"image":{"@id":"https:\/\/consortium.hr\/product\/bihui-stroj-za-rezanje-pod-kutom-jolly-edge\/#primaryimage"},"thumbnailUrl":"https:\/\/consortium.hr\/wp-content\/uploads\/2024\/07\/Bihui-Stroj-za-rezanje-pod-kutom-Jolly-Edge.jpg","datePublished":"2024-07-17T14:30:52+00:00","dateModified":"2026-01-16T07:22:21+00:00","breadcrumb":{"@id":"https:\/\/consortium.hr\/product\/bihui-stroj-za-rezanje-pod-kutom-jolly-edge\/#breadcrumb"},"inLanguage":"sl-SI","potentialAction":[{"@type":"ReadAction","target":["https:\/\/consortium.hr\/product\/bihui-stroj-za-rezanje-pod-kutom-jolly-edge\/"]}]},{"@type":"ImageObject","inLanguage":"sl-SI","@id":"https:\/\/consortium.hr\/product\/bihui-stroj-za-rezanje-pod-kutom-jolly-edge\/#primaryimage","url":"https:\/\/consortium.hr\/wp-content\/uploads\/2024\/07\/Bihui-Stroj-za-rezanje-pod-kutom-Jolly-Edge.jpg","contentUrl":"https:\/\/consortium.hr\/wp-content\/uploads\/2024\/07\/Bihui-Stroj-za-rezanje-pod-kutom-Jolly-Edge.jpg","width":800,"height":800},{"@type":"BreadcrumbList","@id":"https:\/\/consortium.hr\/product\/bihui-stroj-za-rezanje-pod-kutom-jolly-edge\/#breadcrumb","itemListElement":[{"@type":"ListItem","position":1,"name":"Po\u010detna stranica","item":"https:\/\/consortium.hr\/sl\/"},{"@type":"ListItem","position":2,"name":"Shop","item":"https:\/\/consortium.hr\/sl\/shop\/"},{"@type":"ListItem","position":3,"name":"Bihui Stroj za rezanje pod kutom Jolly Edge"}]},{"@type":"WebSite","@id":"https:\/\/consortium.hr\/#website","url":"https:\/\/consortium.hr\/","name":"Consortium","description":"Gra\u0111evinski Materijal - Odli\u010dna Ponuda i Cijena","alternateName":"Gra\u0111evinski Materijal - Odli\u010dna Ponuda i Cijena","potentialAction":[{"@type":"SearchAction","target":{"@type":"EntryPoint","urlTemplate":"https:\/\/consortium.hr\/?s={search_term_string}"},"query-input":{"@type":"PropertyValueSpecification","valueRequired":true,"valueName":"search_term_string"}}],"inLanguage":"sl-SI"}]}},"_links":{"self":[{"href":"https:\/\/consortium.hr\/sl\/wp-json\/wp\/v2\/product\/8254","targetHints":{"allow":["GET"]}}],"collection":[{"href":"https:\/\/consortium.hr\/sl\/wp-json\/wp\/v2\/product"}],"about":[{"href":"https:\/\/consortium.hr\/sl\/wp-json\/wp\/v2\/types\/product"}],"wp:featuredmedia":[{"embeddable":true,"href":"https:\/\/consortium.hr\/sl\/wp-json\/wp\/v2\/media\/8255"}],"wp:attachment":[{"href":"https:\/\/consortium.hr\/sl\/wp-json\/wp\/v2\/media?parent=8254"}],"wp:term":[{"taxonomy":"product_brand","embeddable":true,"href":"https:\/\/consortium.hr\/sl\/wp-json\/wp\/v2\/product_brand?post=8254"},{"taxonomy":"product_cat","embeddable":true,"href":"https:\/\/consortium.hr\/sl\/wp-json\/wp\/v2\/product_cat?post=8254"},{"taxonomy":"product_tag","embeddable":true,"href":"https:\/\/consortium.hr\/sl\/wp-json\/wp\/v2\/product_tag?post=8254"}],"curies":[{"name":"wp","href":"https:\/\/api.w.org\/{rel}","templated":true}]}}