{"id":8323,"date":"2024-07-18T12:27:06","date_gmt":"2024-07-18T12:27:06","guid":{"rendered":"https:\/\/consortium.hr\/?post_type=product&#038;p=8323"},"modified":"2026-04-17T12:12:45","modified_gmt":"2026-04-17T12:12:45","slug":"cijano-ljepilo","status":"publish","type":"product","link":"https:\/\/consortium.hr\/sl\/product\/cijano-ljepilo\/","title":{"rendered":"Ciano lepilo"},"content":{"rendered":"<p><strong>Ciano-akrilatno lepilo za univerzalno uporabo v embala\u017ei, ki omogo\u010da super enostavno, \u010disto in nadzorovano doziranje lepila.<\/strong><\/p>\n<ul>\n<li>UPORABA: Namenjeno za manj\u0161a popravila, za takoj\u0161nje lepljenje: keramike, plastike, lesa, gume, usnja, kovine.<\/li>\n<li>Takoj\u0161nje lepilo \u2013 lepi v 10 sekundah.<\/li>\n<\/ul>","protected":false},"excerpt":{"rendered":"<p>Cijano-akrilatno ljepilo za univerzalnu upotrebu, u pakiranju koje pru\u017ea super jednostavno, \u010disto i kontrolirano doziranje ljepila. UPOTREBA: Namijenjen za manje popravke, za trenuta\u010dno lijepljenje: keramike \/ plastike \/ drva \/ gume \/ ko\u017ee \/ metala. Trenuta\u010dno ljepilo - lijepi u 10 sekundi.<\/p>","protected":false},"featured_media":8324,"template":"","meta":{"_acf_changed":false},"product_brand":[],"product_cat":[369],"product_tag":[],"class_list":{"0":"post-8323","1":"product","2":"type-product","3":"status-publish","4":"has-post-thumbnail","6":"product_cat-ljepila","8":"first","9":"instock","10":"shipping-taxable","11":"purchasable","12":"product-type-simple"},"acf":[],"yoast_head":"<!-- This site is optimized with the Yoast SEO plugin v26.1.1 - https:\/\/yoast.com\/wordpress\/plugins\/seo\/ -->\n<title>Cijano ljepilo - Consortium<\/title>\n<meta name=\"robots\" content=\"index, follow, max-snippet:-1, max-image-preview:large, max-video-preview:-1\" \/>\n<link rel=\"canonical\" href=\"https:\/\/consortium.hr\/sl\/product\/cijano-ljepilo\/\" \/>\n<meta property=\"og:locale\" content=\"sl_SI\" \/>\n<meta property=\"og:type\" content=\"article\" \/>\n<meta property=\"og:title\" content=\"Cijano ljepilo - Consortium\" \/>\n<meta property=\"og:description\" content=\"Cijano-akrilatno ljepilo za univerzalnu upotrebu, u pakiranju koje pru\u017ea super jednostavno, \u010disto i kontrolirano doziranje ljepila. UPOTREBA: Namijenjen za manje popravke, za trenuta\u010dno lijepljenje: keramike \/ plastike \/ drva \/ gume \/ ko\u017ee \/ metala. Trenuta\u010dno ljepilo - lijepi u 10 sekundi.\" \/>\n<meta property=\"og:url\" content=\"https:\/\/consortium.hr\/sl\/product\/cijano-ljepilo\/\" \/>\n<meta property=\"og:site_name\" content=\"Consortium\" \/>\n<meta property=\"article:modified_time\" content=\"2026-04-17T12:12:45+00:00\" \/>\n<meta property=\"og:image\" content=\"https:\/\/consortium.hr\/wp-content\/uploads\/2024\/07\/Cijano-ljepilo.jpg\" \/>\n\t<meta property=\"og:image:width\" content=\"800\" \/>\n\t<meta property=\"og:image:height\" content=\"800\" \/>\n\t<meta property=\"og:image:type\" content=\"image\/jpeg\" \/>\n<meta name=\"twitter:card\" content=\"summary_large_image\" \/>\n<script type=\"application\/ld+json\" class=\"yoast-schema-graph\">{\"@context\":\"https:\/\/schema.org\",\"@graph\":[{\"@type\":\"WebPage\",\"@id\":\"https:\/\/consortium.hr\/product\/cijano-ljepilo\/\",\"url\":\"https:\/\/consortium.hr\/product\/cijano-ljepilo\/\",\"name\":\"Cijano ljepilo - Consortium\",\"isPartOf\":{\"@id\":\"https:\/\/consortium.hr\/#website\"},\"primaryImageOfPage\":{\"@id\":\"https:\/\/consortium.hr\/product\/cijano-ljepilo\/#primaryimage\"},\"image\":{\"@id\":\"https:\/\/consortium.hr\/product\/cijano-ljepilo\/#primaryimage\"},\"thumbnailUrl\":\"https:\/\/consortium.hr\/wp-content\/uploads\/2024\/07\/Cijano-ljepilo.jpg\",\"datePublished\":\"2024-07-18T12:27:06+00:00\",\"dateModified\":\"2026-04-17T12:12:45+00:00\",\"breadcrumb\":{\"@id\":\"https:\/\/consortium.hr\/product\/cijano-ljepilo\/#breadcrumb\"},\"inLanguage\":\"sl-SI\",\"potentialAction\":[{\"@type\":\"ReadAction\",\"target\":[\"https:\/\/consortium.hr\/product\/cijano-ljepilo\/\"]}]},{\"@type\":\"ImageObject\",\"inLanguage\":\"sl-SI\",\"@id\":\"https:\/\/consortium.hr\/product\/cijano-ljepilo\/#primaryimage\",\"url\":\"https:\/\/consortium.hr\/wp-content\/uploads\/2024\/07\/Cijano-ljepilo.jpg\",\"contentUrl\":\"https:\/\/consortium.hr\/wp-content\/uploads\/2024\/07\/Cijano-ljepilo.jpg\",\"width\":800,\"height\":800},{\"@type\":\"BreadcrumbList\",\"@id\":\"https:\/\/consortium.hr\/product\/cijano-ljepilo\/#breadcrumb\",\"itemListElement\":[{\"@type\":\"ListItem\",\"position\":1,\"name\":\"Po\u010detna stranica\",\"item\":\"https:\/\/consortium.hr\/sl\/\"},{\"@type\":\"ListItem\",\"position\":2,\"name\":\"Shop\",\"item\":\"https:\/\/consortium.hr\/sl\/shop\/\"},{\"@type\":\"ListItem\",\"position\":3,\"name\":\"Cijano ljepilo\"}]},{\"@type\":\"WebSite\",\"@id\":\"https:\/\/consortium.hr\/#website\",\"url\":\"https:\/\/consortium.hr\/\",\"name\":\"Consortium\",\"description\":\"Gra\u0111evinski Materijal - Odli\u010dna Ponuda i Cijena\",\"alternateName\":\"Gra\u0111evinski Materijal - Odli\u010dna Ponuda i Cijena\",\"potentialAction\":[{\"@type\":\"SearchAction\",\"target\":{\"@type\":\"EntryPoint\",\"urlTemplate\":\"https:\/\/consortium.hr\/?s={search_term_string}\"},\"query-input\":{\"@type\":\"PropertyValueSpecification\",\"valueRequired\":true,\"valueName\":\"search_term_string\"}}],\"inLanguage\":\"sl-SI\"}]}<\/script>\n<!-- \/ Yoast SEO plugin. -->","yoast_head_json":{"title":"Cijano ljepilo - Consortium","robots":{"index":"index","follow":"follow","max-snippet":"max-snippet:-1","max-image-preview":"max-image-preview:large","max-video-preview":"max-video-preview:-1"},"canonical":"https:\/\/consortium.hr\/sl\/product\/cijano-ljepilo\/","og_locale":"sl_SI","og_type":"article","og_title":"Cijano ljepilo - Consortium","og_description":"Cijano-akrilatno ljepilo za univerzalnu upotrebu, u pakiranju koje pru\u017ea super jednostavno, \u010disto i kontrolirano doziranje ljepila. UPOTREBA: Namijenjen za manje popravke, za trenuta\u010dno lijepljenje: keramike \/ plastike \/ drva \/ gume \/ ko\u017ee \/ metala. Trenuta\u010dno ljepilo - lijepi u 10 sekundi.","og_url":"https:\/\/consortium.hr\/sl\/product\/cijano-ljepilo\/","og_site_name":"Consortium","article_modified_time":"2026-04-17T12:12:45+00:00","og_image":[{"width":800,"height":800,"url":"https:\/\/consortium.hr\/wp-content\/uploads\/2024\/07\/Cijano-ljepilo.jpg","type":"image\/jpeg"}],"twitter_card":"summary_large_image","schema":{"@context":"https:\/\/schema.org","@graph":[{"@type":"WebPage","@id":"https:\/\/consortium.hr\/product\/cijano-ljepilo\/","url":"https:\/\/consortium.hr\/product\/cijano-ljepilo\/","name":"Cijano ljepilo - Consortium","isPartOf":{"@id":"https:\/\/consortium.hr\/#website"},"primaryImageOfPage":{"@id":"https:\/\/consortium.hr\/product\/cijano-ljepilo\/#primaryimage"},"image":{"@id":"https:\/\/consortium.hr\/product\/cijano-ljepilo\/#primaryimage"},"thumbnailUrl":"https:\/\/consortium.hr\/wp-content\/uploads\/2024\/07\/Cijano-ljepilo.jpg","datePublished":"2024-07-18T12:27:06+00:00","dateModified":"2026-04-17T12:12:45+00:00","breadcrumb":{"@id":"https:\/\/consortium.hr\/product\/cijano-ljepilo\/#breadcrumb"},"inLanguage":"sl-SI","potentialAction":[{"@type":"ReadAction","target":["https:\/\/consortium.hr\/product\/cijano-ljepilo\/"]}]},{"@type":"ImageObject","inLanguage":"sl-SI","@id":"https:\/\/consortium.hr\/product\/cijano-ljepilo\/#primaryimage","url":"https:\/\/consortium.hr\/wp-content\/uploads\/2024\/07\/Cijano-ljepilo.jpg","contentUrl":"https:\/\/consortium.hr\/wp-content\/uploads\/2024\/07\/Cijano-ljepilo.jpg","width":800,"height":800},{"@type":"BreadcrumbList","@id":"https:\/\/consortium.hr\/product\/cijano-ljepilo\/#breadcrumb","itemListElement":[{"@type":"ListItem","position":1,"name":"Po\u010detna stranica","item":"https:\/\/consortium.hr\/sl\/"},{"@type":"ListItem","position":2,"name":"Shop","item":"https:\/\/consortium.hr\/sl\/shop\/"},{"@type":"ListItem","position":3,"name":"Cijano ljepilo"}]},{"@type":"WebSite","@id":"https:\/\/consortium.hr\/#website","url":"https:\/\/consortium.hr\/","name":"Consortium","description":"Gra\u0111evinski Materijal - Odli\u010dna Ponuda i Cijena","alternateName":"Gra\u0111evinski Materijal - Odli\u010dna Ponuda i Cijena","potentialAction":[{"@type":"SearchAction","target":{"@type":"EntryPoint","urlTemplate":"https:\/\/consortium.hr\/?s={search_term_string}"},"query-input":{"@type":"PropertyValueSpecification","valueRequired":true,"valueName":"search_term_string"}}],"inLanguage":"sl-SI"}]}},"_links":{"self":[{"href":"https:\/\/consortium.hr\/sl\/wp-json\/wp\/v2\/product\/8323","targetHints":{"allow":["GET"]}}],"collection":[{"href":"https:\/\/consortium.hr\/sl\/wp-json\/wp\/v2\/product"}],"about":[{"href":"https:\/\/consortium.hr\/sl\/wp-json\/wp\/v2\/types\/product"}],"wp:featuredmedia":[{"embeddable":true,"href":"https:\/\/consortium.hr\/sl\/wp-json\/wp\/v2\/media\/8324"}],"wp:attachment":[{"href":"https:\/\/consortium.hr\/sl\/wp-json\/wp\/v2\/media?parent=8323"}],"wp:term":[{"taxonomy":"product_brand","embeddable":true,"href":"https:\/\/consortium.hr\/sl\/wp-json\/wp\/v2\/product_brand?post=8323"},{"taxonomy":"product_cat","embeddable":true,"href":"https:\/\/consortium.hr\/sl\/wp-json\/wp\/v2\/product_cat?post=8323"},{"taxonomy":"product_tag","embeddable":true,"href":"https:\/\/consortium.hr\/sl\/wp-json\/wp\/v2\/product_tag?post=8323"}],"curies":[{"name":"wp","href":"https:\/\/api.w.org\/{rel}","templated":true}]}}