{"id":8716,"date":"2024-07-22T13:05:27","date_gmt":"2024-07-22T13:05:27","guid":{"rendered":"https:\/\/consortium.hr\/?post_type=product&#038;p=8716"},"modified":"2026-04-15T13:23:54","modified_gmt":"2026-04-15T13:23:54","slug":"color-kit-za-drvo","status":"publish","type":"product","link":"https:\/\/consortium.hr\/sl\/product\/color-kit-za-drvo\/","title":{"rendered":"Color kit za les"},"content":{"rendered":"<p><strong>COLOR kit za les je namenjen za popravilo napak in po\u0161kodb na lesenih povr\u0161inah, ki so v ve\u010dji ali manj\u0161i meri izpostavljene vremenskim obremenitvam (okna, vrata, krila vrat itd.).<\/strong><\/p>\n<p>Uporabljamo ga za kitanje manj\u0161ih razpok in neravnin pred nanosom COLOR temelja za les.<\/p>\n<p>Omogo\u010da dosego najbolj\u0161e mo\u017ene obdelave lesenih povr\u0161in, enostavno se nana\u0161a, dobro se bru\u0161i in zagotavlja lepo gladko povr\u0161ino, potrebno za nanos temelja za les in  emajla.<\/p>\n<p>Kit nanesemo s \u0161patulo na \u010disto in suho podlago, v dveh tankih slojih, odvisno od po\u0161kodbe lesa, po su\u0161enju pa obrusimo z brusnim papirjem \u0161tevilka 180 \u2013 220.<\/p>\n<p>Mezoslojni \u010das za bru\u0161enje in nanos naslednjega sloja kita je 24 ur.<\/p>\n<p>Orodje po uporabi o\u010distimo z razred\u010devalcem.<\/p>","protected":false},"excerpt":{"rendered":"<p>COLOR kit za drvo je namijenjen za popravljanje gre\u0161aka i o\u0161te\u0107enja na drvenim povr\u0161inama koje su, u ve\u0107oj ili manjoj mjeri, izlo\u017eene vremenskim optere\u0107enjima (prozori, vrata, vratnice itd). Upotrebljavamo ga za kitanje manjih pukotina i neravnina prije nano\u0161enja temelja za drvo. Omogu\u0107ava postizanje najboljeg mogu\u0107eg u\u010dinka prilikom obra\u0111ivanja drvene povr\u0161ine, nanosi se jednostavno, dobro se [&hellip;]<\/p>","protected":false},"featured_media":8719,"template":"","meta":{"_acf_changed":false},"product_brand":[],"product_cat":[169,179,366],"product_tag":[],"class_list":{"0":"post-8716","1":"product","2":"type-product","3":"status-publish","4":"has-post-thumbnail","6":"product_cat-boje-i-lakovi","7":"product_cat-kitovi","8":"product_cat-kitovi-za-drvo","10":"first","11":"instock","12":"shipping-taxable","13":"purchasable","14":"product-type-variable","15":"wvs-archive-product-wrapper"},"acf":[],"yoast_head":"<!-- This site is optimized with the Yoast SEO plugin v26.1.1 - https:\/\/yoast.com\/wordpress\/plugins\/seo\/ -->\n<title>Color kit za drvo - Consortium<\/title>\n<meta name=\"robots\" content=\"index, follow, max-snippet:-1, max-image-preview:large, max-video-preview:-1\" \/>\n<link rel=\"canonical\" href=\"https:\/\/consortium.hr\/sl\/product\/color-kit-za-drvo\/\" \/>\n<meta property=\"og:locale\" content=\"sl_SI\" \/>\n<meta property=\"og:type\" content=\"article\" \/>\n<meta property=\"og:title\" content=\"Color kit za drvo - Consortium\" \/>\n<meta property=\"og:description\" content=\"COLOR kit za drvo je namijenjen za popravljanje gre\u0161aka i o\u0161te\u0107enja na drvenim povr\u0161inama koje su, u ve\u0107oj ili manjoj mjeri, izlo\u017eene vremenskim optere\u0107enjima (prozori, vrata, vratnice itd). Upotrebljavamo ga za kitanje manjih pukotina i neravnina prije nano\u0161enja temelja za drvo. Omogu\u0107ava postizanje najboljeg mogu\u0107eg u\u010dinka prilikom obra\u0111ivanja drvene povr\u0161ine, nanosi se jednostavno, dobro se [&hellip;]\" \/>\n<meta property=\"og:url\" content=\"https:\/\/consortium.hr\/sl\/product\/color-kit-za-drvo\/\" \/>\n<meta property=\"og:site_name\" content=\"Consortium\" \/>\n<meta property=\"article:modified_time\" content=\"2026-04-15T13:23:54+00:00\" \/>\n<meta property=\"og:image\" content=\"https:\/\/consortium.hr\/wp-content\/uploads\/2024\/07\/Color-kit-za-drvo.jpg\" \/>\n\t<meta property=\"og:image:width\" content=\"800\" \/>\n\t<meta property=\"og:image:height\" content=\"800\" \/>\n\t<meta property=\"og:image:type\" content=\"image\/jpeg\" \/>\n<meta name=\"twitter:card\" content=\"summary_large_image\" \/>\n<meta name=\"twitter:label1\" content=\"Est. reading time\" \/>\n\t<meta name=\"twitter:data1\" content=\"1 minuta\" \/>\n<script type=\"application\/ld+json\" class=\"yoast-schema-graph\">{\"@context\":\"https:\/\/schema.org\",\"@graph\":[{\"@type\":\"WebPage\",\"@id\":\"https:\/\/consortium.hr\/product\/color-kit-za-drvo\/\",\"url\":\"https:\/\/consortium.hr\/product\/color-kit-za-drvo\/\",\"name\":\"Color kit za drvo - Consortium\",\"isPartOf\":{\"@id\":\"https:\/\/consortium.hr\/#website\"},\"primaryImageOfPage\":{\"@id\":\"https:\/\/consortium.hr\/product\/color-kit-za-drvo\/#primaryimage\"},\"image\":{\"@id\":\"https:\/\/consortium.hr\/product\/color-kit-za-drvo\/#primaryimage\"},\"thumbnailUrl\":\"https:\/\/consortium.hr\/wp-content\/uploads\/2024\/07\/Color-kit-za-drvo.jpg\",\"datePublished\":\"2024-07-22T13:05:27+00:00\",\"dateModified\":\"2026-04-15T13:23:54+00:00\",\"breadcrumb\":{\"@id\":\"https:\/\/consortium.hr\/product\/color-kit-za-drvo\/#breadcrumb\"},\"inLanguage\":\"sl-SI\",\"potentialAction\":[{\"@type\":\"ReadAction\",\"target\":[\"https:\/\/consortium.hr\/product\/color-kit-za-drvo\/\"]}]},{\"@type\":\"ImageObject\",\"inLanguage\":\"sl-SI\",\"@id\":\"https:\/\/consortium.hr\/product\/color-kit-za-drvo\/#primaryimage\",\"url\":\"https:\/\/consortium.hr\/wp-content\/uploads\/2024\/07\/Color-kit-za-drvo.jpg\",\"contentUrl\":\"https:\/\/consortium.hr\/wp-content\/uploads\/2024\/07\/Color-kit-za-drvo.jpg\",\"width\":800,\"height\":800},{\"@type\":\"BreadcrumbList\",\"@id\":\"https:\/\/consortium.hr\/product\/color-kit-za-drvo\/#breadcrumb\",\"itemListElement\":[{\"@type\":\"ListItem\",\"position\":1,\"name\":\"Po\u010detna stranica\",\"item\":\"https:\/\/consortium.hr\/sl\/\"},{\"@type\":\"ListItem\",\"position\":2,\"name\":\"Shop\",\"item\":\"https:\/\/consortium.hr\/sl\/shop\/\"},{\"@type\":\"ListItem\",\"position\":3,\"name\":\"Color kit za drvo\"}]},{\"@type\":\"WebSite\",\"@id\":\"https:\/\/consortium.hr\/#website\",\"url\":\"https:\/\/consortium.hr\/\",\"name\":\"Consortium\",\"description\":\"Gra\u0111evinski Materijal - Odli\u010dna Ponuda i Cijena\",\"alternateName\":\"Gra\u0111evinski Materijal - Odli\u010dna Ponuda i Cijena\",\"potentialAction\":[{\"@type\":\"SearchAction\",\"target\":{\"@type\":\"EntryPoint\",\"urlTemplate\":\"https:\/\/consortium.hr\/?s={search_term_string}\"},\"query-input\":{\"@type\":\"PropertyValueSpecification\",\"valueRequired\":true,\"valueName\":\"search_term_string\"}}],\"inLanguage\":\"sl-SI\"}]}<\/script>\n<!-- \/ Yoast SEO plugin. -->","yoast_head_json":{"title":"Color kit za drvo - Consortium","robots":{"index":"index","follow":"follow","max-snippet":"max-snippet:-1","max-image-preview":"max-image-preview:large","max-video-preview":"max-video-preview:-1"},"canonical":"https:\/\/consortium.hr\/sl\/product\/color-kit-za-drvo\/","og_locale":"sl_SI","og_type":"article","og_title":"Color kit za drvo - Consortium","og_description":"COLOR kit za drvo je namijenjen za popravljanje gre\u0161aka i o\u0161te\u0107enja na drvenim povr\u0161inama koje su, u ve\u0107oj ili manjoj mjeri, izlo\u017eene vremenskim optere\u0107enjima (prozori, vrata, vratnice itd). Upotrebljavamo ga za kitanje manjih pukotina i neravnina prije nano\u0161enja temelja za drvo. Omogu\u0107ava postizanje najboljeg mogu\u0107eg u\u010dinka prilikom obra\u0111ivanja drvene povr\u0161ine, nanosi se jednostavno, dobro se [&hellip;]","og_url":"https:\/\/consortium.hr\/sl\/product\/color-kit-za-drvo\/","og_site_name":"Consortium","article_modified_time":"2026-04-15T13:23:54+00:00","og_image":[{"width":800,"height":800,"url":"https:\/\/consortium.hr\/wp-content\/uploads\/2024\/07\/Color-kit-za-drvo.jpg","type":"image\/jpeg"}],"twitter_card":"summary_large_image","twitter_misc":{"Est. reading time":"1 minuta"},"schema":{"@context":"https:\/\/schema.org","@graph":[{"@type":"WebPage","@id":"https:\/\/consortium.hr\/product\/color-kit-za-drvo\/","url":"https:\/\/consortium.hr\/product\/color-kit-za-drvo\/","name":"Color kit za drvo - Consortium","isPartOf":{"@id":"https:\/\/consortium.hr\/#website"},"primaryImageOfPage":{"@id":"https:\/\/consortium.hr\/product\/color-kit-za-drvo\/#primaryimage"},"image":{"@id":"https:\/\/consortium.hr\/product\/color-kit-za-drvo\/#primaryimage"},"thumbnailUrl":"https:\/\/consortium.hr\/wp-content\/uploads\/2024\/07\/Color-kit-za-drvo.jpg","datePublished":"2024-07-22T13:05:27+00:00","dateModified":"2026-04-15T13:23:54+00:00","breadcrumb":{"@id":"https:\/\/consortium.hr\/product\/color-kit-za-drvo\/#breadcrumb"},"inLanguage":"sl-SI","potentialAction":[{"@type":"ReadAction","target":["https:\/\/consortium.hr\/product\/color-kit-za-drvo\/"]}]},{"@type":"ImageObject","inLanguage":"sl-SI","@id":"https:\/\/consortium.hr\/product\/color-kit-za-drvo\/#primaryimage","url":"https:\/\/consortium.hr\/wp-content\/uploads\/2024\/07\/Color-kit-za-drvo.jpg","contentUrl":"https:\/\/consortium.hr\/wp-content\/uploads\/2024\/07\/Color-kit-za-drvo.jpg","width":800,"height":800},{"@type":"BreadcrumbList","@id":"https:\/\/consortium.hr\/product\/color-kit-za-drvo\/#breadcrumb","itemListElement":[{"@type":"ListItem","position":1,"name":"Po\u010detna stranica","item":"https:\/\/consortium.hr\/sl\/"},{"@type":"ListItem","position":2,"name":"Shop","item":"https:\/\/consortium.hr\/sl\/shop\/"},{"@type":"ListItem","position":3,"name":"Color kit za drvo"}]},{"@type":"WebSite","@id":"https:\/\/consortium.hr\/#website","url":"https:\/\/consortium.hr\/","name":"Consortium","description":"Gra\u0111evinski Materijal - Odli\u010dna Ponuda i Cijena","alternateName":"Gra\u0111evinski Materijal - Odli\u010dna Ponuda i Cijena","potentialAction":[{"@type":"SearchAction","target":{"@type":"EntryPoint","urlTemplate":"https:\/\/consortium.hr\/?s={search_term_string}"},"query-input":{"@type":"PropertyValueSpecification","valueRequired":true,"valueName":"search_term_string"}}],"inLanguage":"sl-SI"}]}},"_links":{"self":[{"href":"https:\/\/consortium.hr\/sl\/wp-json\/wp\/v2\/product\/8716","targetHints":{"allow":["GET"]}}],"collection":[{"href":"https:\/\/consortium.hr\/sl\/wp-json\/wp\/v2\/product"}],"about":[{"href":"https:\/\/consortium.hr\/sl\/wp-json\/wp\/v2\/types\/product"}],"wp:featuredmedia":[{"embeddable":true,"href":"https:\/\/consortium.hr\/sl\/wp-json\/wp\/v2\/media\/8719"}],"wp:attachment":[{"href":"https:\/\/consortium.hr\/sl\/wp-json\/wp\/v2\/media?parent=8716"}],"wp:term":[{"taxonomy":"product_brand","embeddable":true,"href":"https:\/\/consortium.hr\/sl\/wp-json\/wp\/v2\/product_brand?post=8716"},{"taxonomy":"product_cat","embeddable":true,"href":"https:\/\/consortium.hr\/sl\/wp-json\/wp\/v2\/product_cat?post=8716"},{"taxonomy":"product_tag","embeddable":true,"href":"https:\/\/consortium.hr\/sl\/wp-json\/wp\/v2\/product_tag?post=8716"}],"curies":[{"name":"wp","href":"https:\/\/api.w.org\/{rel}","templated":true}]}}