{"id":9020,"date":"2024-08-12T12:11:07","date_gmt":"2024-08-12T12:11:07","guid":{"rendered":"https:\/\/consortium.hr\/?post_type=product&#038;p=9020"},"modified":"2026-03-05T10:12:55","modified_gmt":"2026-03-05T10:12:55","slug":"epoxy-set","status":"publish","type":"product","link":"https:\/\/consortium.hr\/sl\/product\/epoxy-set\/","title":{"rendered":"Epoxy set"},"content":{"rendered":"<p class=\"my-0\"><strong>Epoksi sistem za gradnjo \u010dolnov: lepljenje, laminacija in premazovanje lesa. <\/strong><\/p>\n<ul>\n<li class=\"my-0\">Svetla barva, teko\u010d.<\/li>\n<li class=\"my-0\">Polimerizira pri sobni temperaturi, nelepljiva povr\u0161ina, sijajna.<\/li>\n<li class=\"my-0\">Prijema se na vse vrste lesa.<\/li>\n<li class=\"my-0\">Enostavno se bru\u0161i.<\/li>\n<li class=\"my-0\">Odli\u010dna odpornost v morskem okolju, pri potopitvi.<\/li>\n<li class=\"my-0\">Brez toksi\u010dnih fenolov ali aminov, ne povzro\u010da alergij.<\/li>\n<li class=\"my-0\">Razred\u010dilo EP 217 za razred\u010denje prvega sloja pri nanosu premaza.<\/li>\n<\/ul>\n<p class=\"my-0\">Utrjevalec SD 5503 je zelo po\u010dasen in omogo\u010da \u010das za laminiranje, lepljenje in polnila.<\/p>\n<p class=\"my-0\"><strong>FIZI\u010cNE LASTNOSTI:<\/strong><\/p>\n<p class=\"my-0\">Razmerje me\u0161anja po te\u017ei: 100 \/ 29<br \/>\nRazmerje me\u0161anja po volumnu: 3 \/ 1<br \/>\nViskoznost me\u0161anice pri 20\u00b0C: 690 + 100 (cPs ali mPa.s)<br \/>\n\u010cas uporabe 100 g me\u0161anice pri 20\u00b0C: 38 min.<br \/>\nReaktivnost: Po\u010dasna<br \/>\nTg1 max: 64 \u00b0C<\/p>","protected":false},"excerpt":{"rendered":"<p>Epoksi sistem za gradnju \u010damaca: lijepljenje, laminacija i premazivanje drva. Svijetla boja, teku\u0107. Polimerizira na sobnoj temperaturi, neljepljiva povr\u0161ina, sjajna. Prianja na sve vrste drva. Lako se brusi. Odli\u010dna otpornost u morskom okru\u017eenju, pri uranjanju. Bez toksi\u010dnih fenola ili amina, ne izaziva alergije. Razrje\u0111iva\u010d EP 217 za razrje\u0111ivanje prvog sloja pri nano\u0161enju premaza. O\u010dvr\u0161\u0107iva\u010d SD [&hellip;]<\/p>","protected":false},"featured_media":9021,"template":"","meta":{"_acf_changed":false},"product_brand":[],"product_cat":[169,329],"product_tag":[],"class_list":{"0":"post-9020","1":"product","2":"type-product","3":"status-publish","4":"has-post-thumbnail","6":"product_cat-boje-i-lakovi","7":"product_cat-ostali-materijali","9":"first","10":"instock","11":"shipping-taxable","12":"purchasable","13":"product-type-variable","14":"wvs-archive-product-wrapper"},"acf":[],"yoast_head":"<!-- This site is optimized with the Yoast SEO plugin v26.1.1 - https:\/\/yoast.com\/wordpress\/plugins\/seo\/ -->\n<title>Epoxy set - Consortium<\/title>\n<meta name=\"robots\" content=\"index, follow, max-snippet:-1, max-image-preview:large, max-video-preview:-1\" \/>\n<link rel=\"canonical\" href=\"https:\/\/consortium.hr\/sl\/product\/epoxy-set\/\" \/>\n<meta property=\"og:locale\" content=\"sl_SI\" \/>\n<meta property=\"og:type\" content=\"article\" \/>\n<meta property=\"og:title\" content=\"Epoxy set - Consortium\" \/>\n<meta property=\"og:description\" content=\"Epoksi sistem za gradnju \u010damaca: lijepljenje, laminacija i premazivanje drva. Svijetla boja, teku\u0107. Polimerizira na sobnoj temperaturi, neljepljiva povr\u0161ina, sjajna. Prianja na sve vrste drva. Lako se brusi. Odli\u010dna otpornost u morskom okru\u017eenju, pri uranjanju. Bez toksi\u010dnih fenola ili amina, ne izaziva alergije. Razrje\u0111iva\u010d EP 217 za razrje\u0111ivanje prvog sloja pri nano\u0161enju premaza. O\u010dvr\u0161\u0107iva\u010d SD [&hellip;]\" \/>\n<meta property=\"og:url\" content=\"https:\/\/consortium.hr\/sl\/product\/epoxy-set\/\" \/>\n<meta property=\"og:site_name\" content=\"Consortium\" \/>\n<meta property=\"article:modified_time\" content=\"2026-03-05T10:12:55+00:00\" \/>\n<meta property=\"og:image\" content=\"https:\/\/consortium.hr\/wp-content\/uploads\/2024\/08\/Epoxy-set.jpg\" \/>\n\t<meta property=\"og:image:width\" content=\"800\" \/>\n\t<meta property=\"og:image:height\" content=\"800\" \/>\n\t<meta property=\"og:image:type\" content=\"image\/jpeg\" \/>\n<meta name=\"twitter:card\" content=\"summary_large_image\" \/>\n<meta name=\"twitter:label1\" content=\"Est. reading time\" \/>\n\t<meta name=\"twitter:data1\" content=\"1 minuta\" \/>\n<script type=\"application\/ld+json\" class=\"yoast-schema-graph\">{\"@context\":\"https:\/\/schema.org\",\"@graph\":[{\"@type\":\"WebPage\",\"@id\":\"https:\/\/consortium.hr\/product\/epoxy-set\/\",\"url\":\"https:\/\/consortium.hr\/product\/epoxy-set\/\",\"name\":\"Epoxy set - Consortium\",\"isPartOf\":{\"@id\":\"https:\/\/consortium.hr\/#website\"},\"primaryImageOfPage\":{\"@id\":\"https:\/\/consortium.hr\/product\/epoxy-set\/#primaryimage\"},\"image\":{\"@id\":\"https:\/\/consortium.hr\/product\/epoxy-set\/#primaryimage\"},\"thumbnailUrl\":\"https:\/\/consortium.hr\/wp-content\/uploads\/2024\/08\/Epoxy-set.jpg\",\"datePublished\":\"2024-08-12T12:11:07+00:00\",\"dateModified\":\"2026-03-05T10:12:55+00:00\",\"breadcrumb\":{\"@id\":\"https:\/\/consortium.hr\/product\/epoxy-set\/#breadcrumb\"},\"inLanguage\":\"sl-SI\",\"potentialAction\":[{\"@type\":\"ReadAction\",\"target\":[\"https:\/\/consortium.hr\/product\/epoxy-set\/\"]}]},{\"@type\":\"ImageObject\",\"inLanguage\":\"sl-SI\",\"@id\":\"https:\/\/consortium.hr\/product\/epoxy-set\/#primaryimage\",\"url\":\"https:\/\/consortium.hr\/wp-content\/uploads\/2024\/08\/Epoxy-set.jpg\",\"contentUrl\":\"https:\/\/consortium.hr\/wp-content\/uploads\/2024\/08\/Epoxy-set.jpg\",\"width\":800,\"height\":800},{\"@type\":\"BreadcrumbList\",\"@id\":\"https:\/\/consortium.hr\/product\/epoxy-set\/#breadcrumb\",\"itemListElement\":[{\"@type\":\"ListItem\",\"position\":1,\"name\":\"Po\u010detna stranica\",\"item\":\"https:\/\/consortium.hr\/sl\/\"},{\"@type\":\"ListItem\",\"position\":2,\"name\":\"Shop\",\"item\":\"https:\/\/consortium.hr\/sl\/shop\/\"},{\"@type\":\"ListItem\",\"position\":3,\"name\":\"Epoxy set\"}]},{\"@type\":\"WebSite\",\"@id\":\"https:\/\/consortium.hr\/#website\",\"url\":\"https:\/\/consortium.hr\/\",\"name\":\"Consortium\",\"description\":\"Gra\u0111evinski Materijal - Odli\u010dna Ponuda i Cijena\",\"alternateName\":\"Gra\u0111evinski Materijal - Odli\u010dna Ponuda i Cijena\",\"potentialAction\":[{\"@type\":\"SearchAction\",\"target\":{\"@type\":\"EntryPoint\",\"urlTemplate\":\"https:\/\/consortium.hr\/?s={search_term_string}\"},\"query-input\":{\"@type\":\"PropertyValueSpecification\",\"valueRequired\":true,\"valueName\":\"search_term_string\"}}],\"inLanguage\":\"sl-SI\"}]}<\/script>\n<!-- \/ Yoast SEO plugin. -->","yoast_head_json":{"title":"Epoxy set - Consortium","robots":{"index":"index","follow":"follow","max-snippet":"max-snippet:-1","max-image-preview":"max-image-preview:large","max-video-preview":"max-video-preview:-1"},"canonical":"https:\/\/consortium.hr\/sl\/product\/epoxy-set\/","og_locale":"sl_SI","og_type":"article","og_title":"Epoxy set - Consortium","og_description":"Epoksi sistem za gradnju \u010damaca: lijepljenje, laminacija i premazivanje drva. Svijetla boja, teku\u0107. Polimerizira na sobnoj temperaturi, neljepljiva povr\u0161ina, sjajna. Prianja na sve vrste drva. Lako se brusi. Odli\u010dna otpornost u morskom okru\u017eenju, pri uranjanju. Bez toksi\u010dnih fenola ili amina, ne izaziva alergije. Razrje\u0111iva\u010d EP 217 za razrje\u0111ivanje prvog sloja pri nano\u0161enju premaza. O\u010dvr\u0161\u0107iva\u010d SD [&hellip;]","og_url":"https:\/\/consortium.hr\/sl\/product\/epoxy-set\/","og_site_name":"Consortium","article_modified_time":"2026-03-05T10:12:55+00:00","og_image":[{"width":800,"height":800,"url":"https:\/\/consortium.hr\/wp-content\/uploads\/2024\/08\/Epoxy-set.jpg","type":"image\/jpeg"}],"twitter_card":"summary_large_image","twitter_misc":{"Est. reading time":"1 minuta"},"schema":{"@context":"https:\/\/schema.org","@graph":[{"@type":"WebPage","@id":"https:\/\/consortium.hr\/product\/epoxy-set\/","url":"https:\/\/consortium.hr\/product\/epoxy-set\/","name":"Epoxy set - Consortium","isPartOf":{"@id":"https:\/\/consortium.hr\/#website"},"primaryImageOfPage":{"@id":"https:\/\/consortium.hr\/product\/epoxy-set\/#primaryimage"},"image":{"@id":"https:\/\/consortium.hr\/product\/epoxy-set\/#primaryimage"},"thumbnailUrl":"https:\/\/consortium.hr\/wp-content\/uploads\/2024\/08\/Epoxy-set.jpg","datePublished":"2024-08-12T12:11:07+00:00","dateModified":"2026-03-05T10:12:55+00:00","breadcrumb":{"@id":"https:\/\/consortium.hr\/product\/epoxy-set\/#breadcrumb"},"inLanguage":"sl-SI","potentialAction":[{"@type":"ReadAction","target":["https:\/\/consortium.hr\/product\/epoxy-set\/"]}]},{"@type":"ImageObject","inLanguage":"sl-SI","@id":"https:\/\/consortium.hr\/product\/epoxy-set\/#primaryimage","url":"https:\/\/consortium.hr\/wp-content\/uploads\/2024\/08\/Epoxy-set.jpg","contentUrl":"https:\/\/consortium.hr\/wp-content\/uploads\/2024\/08\/Epoxy-set.jpg","width":800,"height":800},{"@type":"BreadcrumbList","@id":"https:\/\/consortium.hr\/product\/epoxy-set\/#breadcrumb","itemListElement":[{"@type":"ListItem","position":1,"name":"Po\u010detna stranica","item":"https:\/\/consortium.hr\/sl\/"},{"@type":"ListItem","position":2,"name":"Shop","item":"https:\/\/consortium.hr\/sl\/shop\/"},{"@type":"ListItem","position":3,"name":"Epoxy set"}]},{"@type":"WebSite","@id":"https:\/\/consortium.hr\/#website","url":"https:\/\/consortium.hr\/","name":"Consortium","description":"Gra\u0111evinski Materijal - Odli\u010dna Ponuda i Cijena","alternateName":"Gra\u0111evinski Materijal - Odli\u010dna Ponuda i Cijena","potentialAction":[{"@type":"SearchAction","target":{"@type":"EntryPoint","urlTemplate":"https:\/\/consortium.hr\/?s={search_term_string}"},"query-input":{"@type":"PropertyValueSpecification","valueRequired":true,"valueName":"search_term_string"}}],"inLanguage":"sl-SI"}]}},"_links":{"self":[{"href":"https:\/\/consortium.hr\/sl\/wp-json\/wp\/v2\/product\/9020","targetHints":{"allow":["GET"]}}],"collection":[{"href":"https:\/\/consortium.hr\/sl\/wp-json\/wp\/v2\/product"}],"about":[{"href":"https:\/\/consortium.hr\/sl\/wp-json\/wp\/v2\/types\/product"}],"wp:featuredmedia":[{"embeddable":true,"href":"https:\/\/consortium.hr\/sl\/wp-json\/wp\/v2\/media\/9021"}],"wp:attachment":[{"href":"https:\/\/consortium.hr\/sl\/wp-json\/wp\/v2\/media?parent=9020"}],"wp:term":[{"taxonomy":"product_brand","embeddable":true,"href":"https:\/\/consortium.hr\/sl\/wp-json\/wp\/v2\/product_brand?post=9020"},{"taxonomy":"product_cat","embeddable":true,"href":"https:\/\/consortium.hr\/sl\/wp-json\/wp\/v2\/product_cat?post=9020"},{"taxonomy":"product_tag","embeddable":true,"href":"https:\/\/consortium.hr\/sl\/wp-json\/wp\/v2\/product_tag?post=9020"}],"curies":[{"name":"wp","href":"https:\/\/api.w.org\/{rel}","templated":true}]}}