{"id":9207,"date":"2024-08-13T12:40:08","date_gmt":"2024-08-13T12:40:08","guid":{"rendered":"https:\/\/consortium.hr\/?post_type=product&#038;p=9207"},"modified":"2026-04-29T06:08:11","modified_gmt":"2026-04-29T06:08:11","slug":"mirka-abranet-225mm-grip-brusna-mrezica","status":"publish","type":"product","link":"https:\/\/consortium.hr\/sl\/product\/mirka-abranet-225mm-grip-brusna-mrezica\/","title":{"rendered":"Mirka Abranet 225mm Grip - brusna mre\u017eica"},"content":{"rendered":"<li>Multifunkcionalni i klasi\u010dni Abranet posebno je razvijen za bru\u0161enje kitova, temeljnih premaza, lakova, kompozitnih materijala i \u0161irokog spektra drugih materijala za industrijsku upotrebu. Abranet kombinira visoke performanse i dug \u017eivotni vijek, \u0161to ga \u010dini isplativim rje\u0161enjem.<\/li>\n<li>Dizajnirano za suho bru\u0161enje, ru\u010dno ili strojno, istinske karakteristike bru\u0161enja bez pra\u0161ine rezultiraju \u010di\u0161\u0107im radnim okru\u017eenjem, kao i boljom zavr\u0161nom obradom povr\u0161ine.<\/li>","protected":false},"excerpt":{"rendered":"<p>Multifunkcionalni i klasi\u010dni Abranet posebno je razvijen za bru\u0161enje kitova, temeljnih premaza, lakova, kompozitnih materijala i \u0161irokog spektra drugih materijala za industrijsku upotrebu. Abranet kombinira visoke performanse i dug \u017eivotni vijek, \u0161to ga \u010dini isplativim rje\u0161enjem. Dizajnirano za suho bru\u0161enje, ru\u010dno ili strojno, istinske karakteristike bru\u0161enja bez pra\u0161ine rezultiraju \u010di\u0161\u0107im radnim okru\u017eenjem, kao i boljom [&hellip;]<\/p>","protected":false},"featured_media":9208,"template":"","meta":{"_acf_changed":false},"product_brand":[],"product_cat":[222,314,225],"product_tag":[],"class_list":{"0":"post-9207","1":"product","2":"type-product","3":"status-publish","4":"has-post-thumbnail","6":"product_cat-alati","7":"product_cat-pribor-za-brusenje-i-rezanje","8":"product_cat-specijalni-alati","10":"first","11":"instock","12":"shipping-taxable","13":"purchasable","14":"product-type-variable","15":"wvs-archive-product-wrapper"},"acf":[],"yoast_head":"<!-- This site is optimized with the Yoast SEO plugin v26.1.1 - https:\/\/yoast.com\/wordpress\/plugins\/seo\/ -->\n<title>Mirka Abranet 225mm Grip - brusna mre\u017eica - Consortium<\/title>\n<meta name=\"robots\" content=\"index, follow, max-snippet:-1, max-image-preview:large, max-video-preview:-1\" \/>\n<link rel=\"canonical\" href=\"https:\/\/consortium.hr\/sl\/product\/mirka-abranet-225mm-grip-brusna-mrezica\/\" \/>\n<meta property=\"og:locale\" content=\"sl_SI\" \/>\n<meta property=\"og:type\" content=\"article\" \/>\n<meta property=\"og:title\" content=\"Mirka Abranet 225mm Grip - brusna mre\u017eica - Consortium\" \/>\n<meta property=\"og:description\" content=\"Multifunkcionalni i klasi\u010dni Abranet posebno je razvijen za bru\u0161enje kitova, temeljnih premaza, lakova, kompozitnih materijala i \u0161irokog spektra drugih materijala za industrijsku upotrebu. Abranet kombinira visoke performanse i dug \u017eivotni vijek, \u0161to ga \u010dini isplativim rje\u0161enjem. Dizajnirano za suho bru\u0161enje, ru\u010dno ili strojno, istinske karakteristike bru\u0161enja bez pra\u0161ine rezultiraju \u010di\u0161\u0107im radnim okru\u017eenjem, kao i boljom [&hellip;]\" \/>\n<meta property=\"og:url\" content=\"https:\/\/consortium.hr\/sl\/product\/mirka-abranet-225mm-grip-brusna-mrezica\/\" \/>\n<meta property=\"og:site_name\" content=\"Consortium\" \/>\n<meta property=\"article:modified_time\" content=\"2026-04-29T06:08:11+00:00\" \/>\n<meta property=\"og:image\" content=\"https:\/\/consortium.hr\/wp-content\/uploads\/2024\/08\/Mirka-Abranet-225mm-Grip-brusna-mrezica.jpg\" \/>\n\t<meta property=\"og:image:width\" content=\"800\" \/>\n\t<meta property=\"og:image:height\" content=\"800\" \/>\n\t<meta property=\"og:image:type\" content=\"image\/jpeg\" \/>\n<meta name=\"twitter:card\" content=\"summary_large_image\" \/>\n<script type=\"application\/ld+json\" class=\"yoast-schema-graph\">{\"@context\":\"https:\/\/schema.org\",\"@graph\":[{\"@type\":\"WebPage\",\"@id\":\"https:\/\/consortium.hr\/product\/mirka-abranet-225mm-grip-brusna-mrezica\/\",\"url\":\"https:\/\/consortium.hr\/product\/mirka-abranet-225mm-grip-brusna-mrezica\/\",\"name\":\"Mirka Abranet 225mm Grip - brusna mre\u017eica - Consortium\",\"isPartOf\":{\"@id\":\"https:\/\/consortium.hr\/#website\"},\"primaryImageOfPage\":{\"@id\":\"https:\/\/consortium.hr\/product\/mirka-abranet-225mm-grip-brusna-mrezica\/#primaryimage\"},\"image\":{\"@id\":\"https:\/\/consortium.hr\/product\/mirka-abranet-225mm-grip-brusna-mrezica\/#primaryimage\"},\"thumbnailUrl\":\"https:\/\/consortium.hr\/wp-content\/uploads\/2024\/08\/Mirka-Abranet-225mm-Grip-brusna-mrezica.jpg\",\"datePublished\":\"2024-08-13T12:40:08+00:00\",\"dateModified\":\"2026-04-29T06:08:11+00:00\",\"breadcrumb\":{\"@id\":\"https:\/\/consortium.hr\/product\/mirka-abranet-225mm-grip-brusna-mrezica\/#breadcrumb\"},\"inLanguage\":\"sl-SI\",\"potentialAction\":[{\"@type\":\"ReadAction\",\"target\":[\"https:\/\/consortium.hr\/product\/mirka-abranet-225mm-grip-brusna-mrezica\/\"]}]},{\"@type\":\"ImageObject\",\"inLanguage\":\"sl-SI\",\"@id\":\"https:\/\/consortium.hr\/product\/mirka-abranet-225mm-grip-brusna-mrezica\/#primaryimage\",\"url\":\"https:\/\/consortium.hr\/wp-content\/uploads\/2024\/08\/Mirka-Abranet-225mm-Grip-brusna-mrezica.jpg\",\"contentUrl\":\"https:\/\/consortium.hr\/wp-content\/uploads\/2024\/08\/Mirka-Abranet-225mm-Grip-brusna-mrezica.jpg\",\"width\":800,\"height\":800},{\"@type\":\"BreadcrumbList\",\"@id\":\"https:\/\/consortium.hr\/product\/mirka-abranet-225mm-grip-brusna-mrezica\/#breadcrumb\",\"itemListElement\":[{\"@type\":\"ListItem\",\"position\":1,\"name\":\"Po\u010detna stranica\",\"item\":\"https:\/\/consortium.hr\/sl\/\"},{\"@type\":\"ListItem\",\"position\":2,\"name\":\"Shop\",\"item\":\"https:\/\/consortium.hr\/sl\/shop\/\"},{\"@type\":\"ListItem\",\"position\":3,\"name\":\"Mirka Abranet 225mm Grip - brusna mre\u017eica\"}]},{\"@type\":\"WebSite\",\"@id\":\"https:\/\/consortium.hr\/#website\",\"url\":\"https:\/\/consortium.hr\/\",\"name\":\"Consortium\",\"description\":\"Gra\u0111evinski Materijal - Odli\u010dna Ponuda i Cijena\",\"alternateName\":\"Gra\u0111evinski Materijal - Odli\u010dna Ponuda i Cijena\",\"potentialAction\":[{\"@type\":\"SearchAction\",\"target\":{\"@type\":\"EntryPoint\",\"urlTemplate\":\"https:\/\/consortium.hr\/?s={search_term_string}\"},\"query-input\":{\"@type\":\"PropertyValueSpecification\",\"valueRequired\":true,\"valueName\":\"search_term_string\"}}],\"inLanguage\":\"sl-SI\"}]}<\/script>\n<!-- \/ Yoast SEO plugin. -->","yoast_head_json":{"title":"Mirka Abranet 225mm Grip - brusna mre\u017eica - Consortium","robots":{"index":"index","follow":"follow","max-snippet":"max-snippet:-1","max-image-preview":"max-image-preview:large","max-video-preview":"max-video-preview:-1"},"canonical":"https:\/\/consortium.hr\/sl\/product\/mirka-abranet-225mm-grip-brusna-mrezica\/","og_locale":"sl_SI","og_type":"article","og_title":"Mirka Abranet 225mm Grip - brusna mre\u017eica - Consortium","og_description":"Multifunkcionalni i klasi\u010dni Abranet posebno je razvijen za bru\u0161enje kitova, temeljnih premaza, lakova, kompozitnih materijala i \u0161irokog spektra drugih materijala za industrijsku upotrebu. Abranet kombinira visoke performanse i dug \u017eivotni vijek, \u0161to ga \u010dini isplativim rje\u0161enjem. Dizajnirano za suho bru\u0161enje, ru\u010dno ili strojno, istinske karakteristike bru\u0161enja bez pra\u0161ine rezultiraju \u010di\u0161\u0107im radnim okru\u017eenjem, kao i boljom [&hellip;]","og_url":"https:\/\/consortium.hr\/sl\/product\/mirka-abranet-225mm-grip-brusna-mrezica\/","og_site_name":"Consortium","article_modified_time":"2026-04-29T06:08:11+00:00","og_image":[{"width":800,"height":800,"url":"https:\/\/consortium.hr\/wp-content\/uploads\/2024\/08\/Mirka-Abranet-225mm-Grip-brusna-mrezica.jpg","type":"image\/jpeg"}],"twitter_card":"summary_large_image","schema":{"@context":"https:\/\/schema.org","@graph":[{"@type":"WebPage","@id":"https:\/\/consortium.hr\/product\/mirka-abranet-225mm-grip-brusna-mrezica\/","url":"https:\/\/consortium.hr\/product\/mirka-abranet-225mm-grip-brusna-mrezica\/","name":"Mirka Abranet 225mm Grip - brusna mre\u017eica - Consortium","isPartOf":{"@id":"https:\/\/consortium.hr\/#website"},"primaryImageOfPage":{"@id":"https:\/\/consortium.hr\/product\/mirka-abranet-225mm-grip-brusna-mrezica\/#primaryimage"},"image":{"@id":"https:\/\/consortium.hr\/product\/mirka-abranet-225mm-grip-brusna-mrezica\/#primaryimage"},"thumbnailUrl":"https:\/\/consortium.hr\/wp-content\/uploads\/2024\/08\/Mirka-Abranet-225mm-Grip-brusna-mrezica.jpg","datePublished":"2024-08-13T12:40:08+00:00","dateModified":"2026-04-29T06:08:11+00:00","breadcrumb":{"@id":"https:\/\/consortium.hr\/product\/mirka-abranet-225mm-grip-brusna-mrezica\/#breadcrumb"},"inLanguage":"sl-SI","potentialAction":[{"@type":"ReadAction","target":["https:\/\/consortium.hr\/product\/mirka-abranet-225mm-grip-brusna-mrezica\/"]}]},{"@type":"ImageObject","inLanguage":"sl-SI","@id":"https:\/\/consortium.hr\/product\/mirka-abranet-225mm-grip-brusna-mrezica\/#primaryimage","url":"https:\/\/consortium.hr\/wp-content\/uploads\/2024\/08\/Mirka-Abranet-225mm-Grip-brusna-mrezica.jpg","contentUrl":"https:\/\/consortium.hr\/wp-content\/uploads\/2024\/08\/Mirka-Abranet-225mm-Grip-brusna-mrezica.jpg","width":800,"height":800},{"@type":"BreadcrumbList","@id":"https:\/\/consortium.hr\/product\/mirka-abranet-225mm-grip-brusna-mrezica\/#breadcrumb","itemListElement":[{"@type":"ListItem","position":1,"name":"Po\u010detna stranica","item":"https:\/\/consortium.hr\/sl\/"},{"@type":"ListItem","position":2,"name":"Shop","item":"https:\/\/consortium.hr\/sl\/shop\/"},{"@type":"ListItem","position":3,"name":"Mirka Abranet 225mm Grip - brusna mre\u017eica"}]},{"@type":"WebSite","@id":"https:\/\/consortium.hr\/#website","url":"https:\/\/consortium.hr\/","name":"Consortium","description":"Gra\u0111evinski Materijal - Odli\u010dna Ponuda i Cijena","alternateName":"Gra\u0111evinski Materijal - Odli\u010dna Ponuda i Cijena","potentialAction":[{"@type":"SearchAction","target":{"@type":"EntryPoint","urlTemplate":"https:\/\/consortium.hr\/?s={search_term_string}"},"query-input":{"@type":"PropertyValueSpecification","valueRequired":true,"valueName":"search_term_string"}}],"inLanguage":"sl-SI"}]}},"_links":{"self":[{"href":"https:\/\/consortium.hr\/sl\/wp-json\/wp\/v2\/product\/9207","targetHints":{"allow":["GET"]}}],"collection":[{"href":"https:\/\/consortium.hr\/sl\/wp-json\/wp\/v2\/product"}],"about":[{"href":"https:\/\/consortium.hr\/sl\/wp-json\/wp\/v2\/types\/product"}],"wp:featuredmedia":[{"embeddable":true,"href":"https:\/\/consortium.hr\/sl\/wp-json\/wp\/v2\/media\/9208"}],"wp:attachment":[{"href":"https:\/\/consortium.hr\/sl\/wp-json\/wp\/v2\/media?parent=9207"}],"wp:term":[{"taxonomy":"product_brand","embeddable":true,"href":"https:\/\/consortium.hr\/sl\/wp-json\/wp\/v2\/product_brand?post=9207"},{"taxonomy":"product_cat","embeddable":true,"href":"https:\/\/consortium.hr\/sl\/wp-json\/wp\/v2\/product_cat?post=9207"},{"taxonomy":"product_tag","embeddable":true,"href":"https:\/\/consortium.hr\/sl\/wp-json\/wp\/v2\/product_tag?post=9207"}],"curies":[{"name":"wp","href":"https:\/\/api.w.org\/{rel}","templated":true}]}}