{"id":9277,"date":"2024-08-13T13:13:09","date_gmt":"2024-08-13T13:13:09","guid":{"rendered":"https:\/\/consortium.hr\/?post_type=product&#038;p=9277"},"modified":"2026-01-16T07:22:12","modified_gmt":"2026-01-16T07:22:12","slug":"mirka-polarshine-20-polishing-compound-1l-polirna-pasta","status":"publish","type":"product","link":"https:\/\/consortium.hr\/sl\/product\/mirka-polarshine-20-polishing-compound-1l-polirna-pasta\/","title":{"rendered":"Mirka Polarshine 20 Polishing Compound - 1L polirna pasta"},"content":{"rendered":"<p><strong>Polarshine\u00ae 20 je srednje groba me\u0161anica za poliranje, zasnovana za odstranjevanje prask, optimizirana za delo na sve\u017eih in mehkih prozornih lakih. <\/strong><\/p>\n<ul>\n<li>Ta me\u0161anica za poliranje, topna v vodi, zagotavlja odli\u010den rez in pu\u0161\u010da povr\u0161ino z zelo visokim sijajem.<\/li>\n<li>Za dosego vrhunske povr\u0161ine z visokim sijajem brez hologramov, \u0161e posebej na temnej\u0161ih barvah, se priporo\u010da uporaba Polarshine\u00ae 5 kot zadnjega koraka v procesu poliranja.<\/li>\n<\/ul>","protected":false},"excerpt":{"rendered":"<p>Polarshine\u00ae 20 je srednje gruba smjesa za poliranje za uklanjanje ogrebotina, optimizirana za rad na svje\u017eim i mekim prozirnim lakovima. Ova smjesa za poliranje topljiva u vodi daje izvrstan rez i ostavlja povr\u0161inu vrlo visokog sjaja. Kako bi se dobila vrhunska povr\u0161ina visokog sjaja bez holograma, posebno na tamnijim bojama, preporu\u010duje se kori\u0161tenje Polarshine\u00ae 5 [&hellip;]<\/p>","protected":false},"featured_media":9278,"template":"","meta":{"_acf_changed":false},"product_brand":[],"product_cat":[330,201],"product_tag":[],"class_list":{"0":"post-9277","1":"product","2":"type-product","3":"status-publish","4":"has-post-thumbnail","6":"product_cat-auto-kitovi-i-pribor","7":"product_cat-auto-program","9":"first","10":"instock","11":"shipping-taxable","12":"purchasable","13":"product-type-simple"},"acf":[],"yoast_head":"<!-- This site is optimized with the Yoast SEO plugin v26.1.1 - https:\/\/yoast.com\/wordpress\/plugins\/seo\/ -->\n<title>Mirka Polarshine 20 Polishing Compound - 1L polirna pasta - Consortium<\/title>\n<meta name=\"robots\" content=\"index, follow, max-snippet:-1, max-image-preview:large, max-video-preview:-1\" \/>\n<link rel=\"canonical\" href=\"https:\/\/consortium.hr\/sl\/product\/mirka-polarshine-20-polishing-compound-1l-polirna-pasta\/\" \/>\n<meta property=\"og:locale\" content=\"sl_SI\" \/>\n<meta property=\"og:type\" content=\"article\" \/>\n<meta property=\"og:title\" content=\"Mirka Polarshine 20 Polishing Compound - 1L polirna pasta - Consortium\" \/>\n<meta property=\"og:description\" content=\"Polarshine\u00ae 20 je srednje gruba smjesa za poliranje za uklanjanje ogrebotina, optimizirana za rad na svje\u017eim i mekim prozirnim lakovima. Ova smjesa za poliranje topljiva u vodi daje izvrstan rez i ostavlja povr\u0161inu vrlo visokog sjaja. Kako bi se dobila vrhunska povr\u0161ina visokog sjaja bez holograma, posebno na tamnijim bojama, preporu\u010duje se kori\u0161tenje Polarshine\u00ae 5 [&hellip;]\" \/>\n<meta property=\"og:url\" content=\"https:\/\/consortium.hr\/sl\/product\/mirka-polarshine-20-polishing-compound-1l-polirna-pasta\/\" \/>\n<meta property=\"og:site_name\" content=\"Consortium\" \/>\n<meta property=\"article:modified_time\" content=\"2026-01-16T07:22:12+00:00\" \/>\n<meta property=\"og:image\" content=\"https:\/\/consortium.hr\/wp-content\/uploads\/2024\/08\/Mirka-Polarshine-20-Polishing-Compound-1L-polirna-pasta.jpg\" \/>\n\t<meta property=\"og:image:width\" content=\"800\" \/>\n\t<meta property=\"og:image:height\" content=\"800\" \/>\n\t<meta property=\"og:image:type\" content=\"image\/jpeg\" \/>\n<meta name=\"twitter:card\" content=\"summary_large_image\" \/>\n<script type=\"application\/ld+json\" class=\"yoast-schema-graph\">{\"@context\":\"https:\/\/schema.org\",\"@graph\":[{\"@type\":\"WebPage\",\"@id\":\"https:\/\/consortium.hr\/product\/mirka-polarshine-20-polishing-compound-1l-polirna-pasta\/\",\"url\":\"https:\/\/consortium.hr\/product\/mirka-polarshine-20-polishing-compound-1l-polirna-pasta\/\",\"name\":\"Mirka Polarshine 20 Polishing Compound - 1L polirna pasta - Consortium\",\"isPartOf\":{\"@id\":\"https:\/\/consortium.hr\/#website\"},\"primaryImageOfPage\":{\"@id\":\"https:\/\/consortium.hr\/product\/mirka-polarshine-20-polishing-compound-1l-polirna-pasta\/#primaryimage\"},\"image\":{\"@id\":\"https:\/\/consortium.hr\/product\/mirka-polarshine-20-polishing-compound-1l-polirna-pasta\/#primaryimage\"},\"thumbnailUrl\":\"https:\/\/consortium.hr\/wp-content\/uploads\/2024\/08\/Mirka-Polarshine-20-Polishing-Compound-1L-polirna-pasta.jpg\",\"datePublished\":\"2024-08-13T13:13:09+00:00\",\"dateModified\":\"2026-01-16T07:22:12+00:00\",\"breadcrumb\":{\"@id\":\"https:\/\/consortium.hr\/product\/mirka-polarshine-20-polishing-compound-1l-polirna-pasta\/#breadcrumb\"},\"inLanguage\":\"sl-SI\",\"potentialAction\":[{\"@type\":\"ReadAction\",\"target\":[\"https:\/\/consortium.hr\/product\/mirka-polarshine-20-polishing-compound-1l-polirna-pasta\/\"]}]},{\"@type\":\"ImageObject\",\"inLanguage\":\"sl-SI\",\"@id\":\"https:\/\/consortium.hr\/product\/mirka-polarshine-20-polishing-compound-1l-polirna-pasta\/#primaryimage\",\"url\":\"https:\/\/consortium.hr\/wp-content\/uploads\/2024\/08\/Mirka-Polarshine-20-Polishing-Compound-1L-polirna-pasta.jpg\",\"contentUrl\":\"https:\/\/consortium.hr\/wp-content\/uploads\/2024\/08\/Mirka-Polarshine-20-Polishing-Compound-1L-polirna-pasta.jpg\",\"width\":800,\"height\":800},{\"@type\":\"BreadcrumbList\",\"@id\":\"https:\/\/consortium.hr\/product\/mirka-polarshine-20-polishing-compound-1l-polirna-pasta\/#breadcrumb\",\"itemListElement\":[{\"@type\":\"ListItem\",\"position\":1,\"name\":\"Po\u010detna stranica\",\"item\":\"https:\/\/consortium.hr\/sl\/\"},{\"@type\":\"ListItem\",\"position\":2,\"name\":\"Shop\",\"item\":\"https:\/\/consortium.hr\/sl\/shop\/\"},{\"@type\":\"ListItem\",\"position\":3,\"name\":\"Mirka Polarshine 20 Polishing Compound - 1L polirna pasta\"}]},{\"@type\":\"WebSite\",\"@id\":\"https:\/\/consortium.hr\/#website\",\"url\":\"https:\/\/consortium.hr\/\",\"name\":\"Consortium\",\"description\":\"Gra\u0111evinski Materijal - Odli\u010dna Ponuda i Cijena\",\"alternateName\":\"Gra\u0111evinski Materijal - Odli\u010dna Ponuda i Cijena\",\"potentialAction\":[{\"@type\":\"SearchAction\",\"target\":{\"@type\":\"EntryPoint\",\"urlTemplate\":\"https:\/\/consortium.hr\/?s={search_term_string}\"},\"query-input\":{\"@type\":\"PropertyValueSpecification\",\"valueRequired\":true,\"valueName\":\"search_term_string\"}}],\"inLanguage\":\"sl-SI\"}]}<\/script>\n<!-- \/ Yoast SEO plugin. -->","yoast_head_json":{"title":"Mirka Polarshine 20 Polishing Compound - 1L polirna pasta - Consortium","robots":{"index":"index","follow":"follow","max-snippet":"max-snippet:-1","max-image-preview":"max-image-preview:large","max-video-preview":"max-video-preview:-1"},"canonical":"https:\/\/consortium.hr\/sl\/product\/mirka-polarshine-20-polishing-compound-1l-polirna-pasta\/","og_locale":"sl_SI","og_type":"article","og_title":"Mirka Polarshine 20 Polishing Compound - 1L polirna pasta - Consortium","og_description":"Polarshine\u00ae 20 je srednje gruba smjesa za poliranje za uklanjanje ogrebotina, optimizirana za rad na svje\u017eim i mekim prozirnim lakovima. Ova smjesa za poliranje topljiva u vodi daje izvrstan rez i ostavlja povr\u0161inu vrlo visokog sjaja. Kako bi se dobila vrhunska povr\u0161ina visokog sjaja bez holograma, posebno na tamnijim bojama, preporu\u010duje se kori\u0161tenje Polarshine\u00ae 5 [&hellip;]","og_url":"https:\/\/consortium.hr\/sl\/product\/mirka-polarshine-20-polishing-compound-1l-polirna-pasta\/","og_site_name":"Consortium","article_modified_time":"2026-01-16T07:22:12+00:00","og_image":[{"width":800,"height":800,"url":"https:\/\/consortium.hr\/wp-content\/uploads\/2024\/08\/Mirka-Polarshine-20-Polishing-Compound-1L-polirna-pasta.jpg","type":"image\/jpeg"}],"twitter_card":"summary_large_image","schema":{"@context":"https:\/\/schema.org","@graph":[{"@type":"WebPage","@id":"https:\/\/consortium.hr\/product\/mirka-polarshine-20-polishing-compound-1l-polirna-pasta\/","url":"https:\/\/consortium.hr\/product\/mirka-polarshine-20-polishing-compound-1l-polirna-pasta\/","name":"Mirka Polarshine 20 Polishing Compound - 1L polirna pasta - Consortium","isPartOf":{"@id":"https:\/\/consortium.hr\/#website"},"primaryImageOfPage":{"@id":"https:\/\/consortium.hr\/product\/mirka-polarshine-20-polishing-compound-1l-polirna-pasta\/#primaryimage"},"image":{"@id":"https:\/\/consortium.hr\/product\/mirka-polarshine-20-polishing-compound-1l-polirna-pasta\/#primaryimage"},"thumbnailUrl":"https:\/\/consortium.hr\/wp-content\/uploads\/2024\/08\/Mirka-Polarshine-20-Polishing-Compound-1L-polirna-pasta.jpg","datePublished":"2024-08-13T13:13:09+00:00","dateModified":"2026-01-16T07:22:12+00:00","breadcrumb":{"@id":"https:\/\/consortium.hr\/product\/mirka-polarshine-20-polishing-compound-1l-polirna-pasta\/#breadcrumb"},"inLanguage":"sl-SI","potentialAction":[{"@type":"ReadAction","target":["https:\/\/consortium.hr\/product\/mirka-polarshine-20-polishing-compound-1l-polirna-pasta\/"]}]},{"@type":"ImageObject","inLanguage":"sl-SI","@id":"https:\/\/consortium.hr\/product\/mirka-polarshine-20-polishing-compound-1l-polirna-pasta\/#primaryimage","url":"https:\/\/consortium.hr\/wp-content\/uploads\/2024\/08\/Mirka-Polarshine-20-Polishing-Compound-1L-polirna-pasta.jpg","contentUrl":"https:\/\/consortium.hr\/wp-content\/uploads\/2024\/08\/Mirka-Polarshine-20-Polishing-Compound-1L-polirna-pasta.jpg","width":800,"height":800},{"@type":"BreadcrumbList","@id":"https:\/\/consortium.hr\/product\/mirka-polarshine-20-polishing-compound-1l-polirna-pasta\/#breadcrumb","itemListElement":[{"@type":"ListItem","position":1,"name":"Po\u010detna stranica","item":"https:\/\/consortium.hr\/sl\/"},{"@type":"ListItem","position":2,"name":"Shop","item":"https:\/\/consortium.hr\/sl\/shop\/"},{"@type":"ListItem","position":3,"name":"Mirka Polarshine 20 Polishing Compound - 1L polirna pasta"}]},{"@type":"WebSite","@id":"https:\/\/consortium.hr\/#website","url":"https:\/\/consortium.hr\/","name":"Consortium","description":"Gra\u0111evinski Materijal - Odli\u010dna Ponuda i Cijena","alternateName":"Gra\u0111evinski Materijal - Odli\u010dna Ponuda i Cijena","potentialAction":[{"@type":"SearchAction","target":{"@type":"EntryPoint","urlTemplate":"https:\/\/consortium.hr\/?s={search_term_string}"},"query-input":{"@type":"PropertyValueSpecification","valueRequired":true,"valueName":"search_term_string"}}],"inLanguage":"sl-SI"}]}},"_links":{"self":[{"href":"https:\/\/consortium.hr\/sl\/wp-json\/wp\/v2\/product\/9277","targetHints":{"allow":["GET"]}}],"collection":[{"href":"https:\/\/consortium.hr\/sl\/wp-json\/wp\/v2\/product"}],"about":[{"href":"https:\/\/consortium.hr\/sl\/wp-json\/wp\/v2\/types\/product"}],"wp:featuredmedia":[{"embeddable":true,"href":"https:\/\/consortium.hr\/sl\/wp-json\/wp\/v2\/media\/9278"}],"wp:attachment":[{"href":"https:\/\/consortium.hr\/sl\/wp-json\/wp\/v2\/media?parent=9277"}],"wp:term":[{"taxonomy":"product_brand","embeddable":true,"href":"https:\/\/consortium.hr\/sl\/wp-json\/wp\/v2\/product_brand?post=9277"},{"taxonomy":"product_cat","embeddable":true,"href":"https:\/\/consortium.hr\/sl\/wp-json\/wp\/v2\/product_cat?post=9277"},{"taxonomy":"product_tag","embeddable":true,"href":"https:\/\/consortium.hr\/sl\/wp-json\/wp\/v2\/product_tag?post=9277"}],"curies":[{"name":"wp","href":"https:\/\/api.w.org\/{rel}","templated":true}]}}