{"id":9425,"date":"2024-09-16T10:24:24","date_gmt":"2024-09-16T10:24:24","guid":{"rendered":"https:\/\/consortium.hr\/?post_type=product&#038;p=9425"},"modified":"2026-04-28T17:33:42","modified_gmt":"2026-04-28T17:33:42","slug":"pufas-instant-glet-masa","status":"publish","type":"product","link":"https:\/\/consortium.hr\/sl\/product\/pufas-instant-glet-masa\/","title":{"rendered":"Pufas Instant glet masa"},"content":{"rendered":"<p><strong>Pripravljena masa na osnovi umetne smole za glajenje zidnih in stropnih povr\u0161in, ki je zaradi svoje odpornosti na vse vremenske razmere primerna za uporabo v notranjih in zunanjih prostorih.<\/strong><\/p>\n<p>Idealna je za hitra popravila, kot so sanacija razpok in lukenj, ter za izravnavo neravnih povr\u0161in.<\/p>\n<p>Lahko se nana\u0161a na vse mineralne povr\u0161ine (npr. beton, omete na osnovi mavca, apna ali cementa) ter na disperzijske podlage.<\/p>\n<p>Zaradi velikega dele\u017ea umetne smole in dejstva, da je oja\u010dana z vlakni, je PUFAS \u2013 instant masa za glajenje popolnoma varna za uporabo v notranjih in zunanjih prostorih, pa tudi v vla\u017enih prostorih, kot so kleti, gara\u017ee ali kopalnice.<\/p>","protected":false},"excerpt":{"rendered":"<p>Gotova masa na bazi umjetne smole, za izgla\u0111ivanje zidnih i stropnih povr\u0161ina, koja je zbog svoje otpornosti na sve vremenske uvjete, pogodna za uporabu u unutarnjim i vanjskim prostorima. Idealna za brze popravke, poput sanacije pukotina i rupa, kao i za ujedna\u010davanje neravnih povr\u0161ina. Mo\u017ee se primijeniti na svim mineralnim povr\u0161inama (npr. betonu, \u017ebukama na [&hellip;]<\/p>","protected":false},"featured_media":10174,"template":"","meta":{"_acf_changed":false},"product_brand":[],"product_cat":[184,347],"product_tag":[],"class_list":{"0":"post-9425","1":"product","2":"type-product","3":"status-publish","4":"has-post-thumbnail","6":"product_cat-suha-gradnja","7":"product_cat-unutarnje-glet-mase","9":"first","10":"instock","11":"shipping-taxable","12":"purchasable","13":"product-type-variable","14":"wvs-archive-product-wrapper"},"acf":[],"yoast_head":"<!-- This site is optimized with the Yoast SEO plugin v26.1.1 - https:\/\/yoast.com\/wordpress\/plugins\/seo\/ -->\n<title>Pufas Instant glet masa - Consortium<\/title>\n<meta name=\"robots\" content=\"index, follow, max-snippet:-1, max-image-preview:large, max-video-preview:-1\" \/>\n<link rel=\"canonical\" href=\"https:\/\/consortium.hr\/sl\/product\/pufas-instant-glet-masa\/\" \/>\n<meta property=\"og:locale\" content=\"sl_SI\" \/>\n<meta property=\"og:type\" content=\"article\" \/>\n<meta property=\"og:title\" content=\"Pufas Instant glet masa - Consortium\" \/>\n<meta property=\"og:description\" content=\"Gotova masa na bazi umjetne smole, za izgla\u0111ivanje zidnih i stropnih povr\u0161ina, koja je zbog svoje otpornosti na sve vremenske uvjete, pogodna za uporabu u unutarnjim i vanjskim prostorima. Idealna za brze popravke, poput sanacije pukotina i rupa, kao i za ujedna\u010davanje neravnih povr\u0161ina. Mo\u017ee se primijeniti na svim mineralnim povr\u0161inama (npr. betonu, \u017ebukama na [&hellip;]\" \/>\n<meta property=\"og:url\" content=\"https:\/\/consortium.hr\/sl\/product\/pufas-instant-glet-masa\/\" \/>\n<meta property=\"og:site_name\" content=\"Consortium\" \/>\n<meta property=\"article:modified_time\" content=\"2026-04-28T17:33:42+00:00\" \/>\n<meta property=\"og:image\" content=\"https:\/\/consortium.hr\/wp-content\/uploads\/2024\/04\/Pufas-instant-glet-masa.jpg\" \/>\n\t<meta property=\"og:image:width\" content=\"800\" \/>\n\t<meta property=\"og:image:height\" content=\"800\" \/>\n\t<meta property=\"og:image:type\" content=\"image\/jpeg\" \/>\n<meta name=\"twitter:card\" content=\"summary_large_image\" \/>\n<meta name=\"twitter:label1\" content=\"Est. reading time\" \/>\n\t<meta name=\"twitter:data1\" content=\"1 minuta\" \/>\n<script type=\"application\/ld+json\" class=\"yoast-schema-graph\">{\"@context\":\"https:\/\/schema.org\",\"@graph\":[{\"@type\":\"WebPage\",\"@id\":\"https:\/\/consortium.hr\/product\/pufas-instant-glet-masa\/\",\"url\":\"https:\/\/consortium.hr\/product\/pufas-instant-glet-masa\/\",\"name\":\"Pufas Instant glet masa - Consortium\",\"isPartOf\":{\"@id\":\"https:\/\/consortium.hr\/#website\"},\"primaryImageOfPage\":{\"@id\":\"https:\/\/consortium.hr\/product\/pufas-instant-glet-masa\/#primaryimage\"},\"image\":{\"@id\":\"https:\/\/consortium.hr\/product\/pufas-instant-glet-masa\/#primaryimage\"},\"thumbnailUrl\":\"https:\/\/consortium.hr\/wp-content\/uploads\/2024\/04\/Pufas-instant-glet-masa.jpg\",\"datePublished\":\"2024-09-16T10:24:24+00:00\",\"dateModified\":\"2026-04-28T17:33:42+00:00\",\"breadcrumb\":{\"@id\":\"https:\/\/consortium.hr\/product\/pufas-instant-glet-masa\/#breadcrumb\"},\"inLanguage\":\"sl-SI\",\"potentialAction\":[{\"@type\":\"ReadAction\",\"target\":[\"https:\/\/consortium.hr\/product\/pufas-instant-glet-masa\/\"]}]},{\"@type\":\"ImageObject\",\"inLanguage\":\"sl-SI\",\"@id\":\"https:\/\/consortium.hr\/product\/pufas-instant-glet-masa\/#primaryimage\",\"url\":\"https:\/\/consortium.hr\/wp-content\/uploads\/2024\/04\/Pufas-instant-glet-masa.jpg\",\"contentUrl\":\"https:\/\/consortium.hr\/wp-content\/uploads\/2024\/04\/Pufas-instant-glet-masa.jpg\",\"width\":800,\"height\":800},{\"@type\":\"BreadcrumbList\",\"@id\":\"https:\/\/consortium.hr\/product\/pufas-instant-glet-masa\/#breadcrumb\",\"itemListElement\":[{\"@type\":\"ListItem\",\"position\":1,\"name\":\"Po\u010detna stranica\",\"item\":\"https:\/\/consortium.hr\/sl\/\"},{\"@type\":\"ListItem\",\"position\":2,\"name\":\"Shop\",\"item\":\"https:\/\/consortium.hr\/sl\/shop\/\"},{\"@type\":\"ListItem\",\"position\":3,\"name\":\"Pufas Instant glet masa\"}]},{\"@type\":\"WebSite\",\"@id\":\"https:\/\/consortium.hr\/#website\",\"url\":\"https:\/\/consortium.hr\/\",\"name\":\"Consortium\",\"description\":\"Gra\u0111evinski Materijal - Odli\u010dna Ponuda i Cijena\",\"alternateName\":\"Gra\u0111evinski Materijal - Odli\u010dna Ponuda i Cijena\",\"potentialAction\":[{\"@type\":\"SearchAction\",\"target\":{\"@type\":\"EntryPoint\",\"urlTemplate\":\"https:\/\/consortium.hr\/?s={search_term_string}\"},\"query-input\":{\"@type\":\"PropertyValueSpecification\",\"valueRequired\":true,\"valueName\":\"search_term_string\"}}],\"inLanguage\":\"sl-SI\"}]}<\/script>\n<!-- \/ Yoast SEO plugin. -->","yoast_head_json":{"title":"Pufas Instant glet masa - Consortium","robots":{"index":"index","follow":"follow","max-snippet":"max-snippet:-1","max-image-preview":"max-image-preview:large","max-video-preview":"max-video-preview:-1"},"canonical":"https:\/\/consortium.hr\/sl\/product\/pufas-instant-glet-masa\/","og_locale":"sl_SI","og_type":"article","og_title":"Pufas Instant glet masa - Consortium","og_description":"Gotova masa na bazi umjetne smole, za izgla\u0111ivanje zidnih i stropnih povr\u0161ina, koja je zbog svoje otpornosti na sve vremenske uvjete, pogodna za uporabu u unutarnjim i vanjskim prostorima. Idealna za brze popravke, poput sanacije pukotina i rupa, kao i za ujedna\u010davanje neravnih povr\u0161ina. Mo\u017ee se primijeniti na svim mineralnim povr\u0161inama (npr. betonu, \u017ebukama na [&hellip;]","og_url":"https:\/\/consortium.hr\/sl\/product\/pufas-instant-glet-masa\/","og_site_name":"Consortium","article_modified_time":"2026-04-28T17:33:42+00:00","og_image":[{"width":800,"height":800,"url":"https:\/\/consortium.hr\/wp-content\/uploads\/2024\/04\/Pufas-instant-glet-masa.jpg","type":"image\/jpeg"}],"twitter_card":"summary_large_image","twitter_misc":{"Est. reading time":"1 minuta"},"schema":{"@context":"https:\/\/schema.org","@graph":[{"@type":"WebPage","@id":"https:\/\/consortium.hr\/product\/pufas-instant-glet-masa\/","url":"https:\/\/consortium.hr\/product\/pufas-instant-glet-masa\/","name":"Pufas Instant glet masa - Consortium","isPartOf":{"@id":"https:\/\/consortium.hr\/#website"},"primaryImageOfPage":{"@id":"https:\/\/consortium.hr\/product\/pufas-instant-glet-masa\/#primaryimage"},"image":{"@id":"https:\/\/consortium.hr\/product\/pufas-instant-glet-masa\/#primaryimage"},"thumbnailUrl":"https:\/\/consortium.hr\/wp-content\/uploads\/2024\/04\/Pufas-instant-glet-masa.jpg","datePublished":"2024-09-16T10:24:24+00:00","dateModified":"2026-04-28T17:33:42+00:00","breadcrumb":{"@id":"https:\/\/consortium.hr\/product\/pufas-instant-glet-masa\/#breadcrumb"},"inLanguage":"sl-SI","potentialAction":[{"@type":"ReadAction","target":["https:\/\/consortium.hr\/product\/pufas-instant-glet-masa\/"]}]},{"@type":"ImageObject","inLanguage":"sl-SI","@id":"https:\/\/consortium.hr\/product\/pufas-instant-glet-masa\/#primaryimage","url":"https:\/\/consortium.hr\/wp-content\/uploads\/2024\/04\/Pufas-instant-glet-masa.jpg","contentUrl":"https:\/\/consortium.hr\/wp-content\/uploads\/2024\/04\/Pufas-instant-glet-masa.jpg","width":800,"height":800},{"@type":"BreadcrumbList","@id":"https:\/\/consortium.hr\/product\/pufas-instant-glet-masa\/#breadcrumb","itemListElement":[{"@type":"ListItem","position":1,"name":"Po\u010detna stranica","item":"https:\/\/consortium.hr\/sl\/"},{"@type":"ListItem","position":2,"name":"Shop","item":"https:\/\/consortium.hr\/sl\/shop\/"},{"@type":"ListItem","position":3,"name":"Pufas Instant glet masa"}]},{"@type":"WebSite","@id":"https:\/\/consortium.hr\/#website","url":"https:\/\/consortium.hr\/","name":"Consortium","description":"Gra\u0111evinski Materijal - Odli\u010dna Ponuda i Cijena","alternateName":"Gra\u0111evinski Materijal - Odli\u010dna Ponuda i Cijena","potentialAction":[{"@type":"SearchAction","target":{"@type":"EntryPoint","urlTemplate":"https:\/\/consortium.hr\/?s={search_term_string}"},"query-input":{"@type":"PropertyValueSpecification","valueRequired":true,"valueName":"search_term_string"}}],"inLanguage":"sl-SI"}]}},"_links":{"self":[{"href":"https:\/\/consortium.hr\/sl\/wp-json\/wp\/v2\/product\/9425","targetHints":{"allow":["GET"]}}],"collection":[{"href":"https:\/\/consortium.hr\/sl\/wp-json\/wp\/v2\/product"}],"about":[{"href":"https:\/\/consortium.hr\/sl\/wp-json\/wp\/v2\/types\/product"}],"wp:featuredmedia":[{"embeddable":true,"href":"https:\/\/consortium.hr\/sl\/wp-json\/wp\/v2\/media\/10174"}],"wp:attachment":[{"href":"https:\/\/consortium.hr\/sl\/wp-json\/wp\/v2\/media?parent=9425"}],"wp:term":[{"taxonomy":"product_brand","embeddable":true,"href":"https:\/\/consortium.hr\/sl\/wp-json\/wp\/v2\/product_brand?post=9425"},{"taxonomy":"product_cat","embeddable":true,"href":"https:\/\/consortium.hr\/sl\/wp-json\/wp\/v2\/product_cat?post=9425"},{"taxonomy":"product_tag","embeddable":true,"href":"https:\/\/consortium.hr\/sl\/wp-json\/wp\/v2\/product_tag?post=9425"}],"curies":[{"name":"wp","href":"https:\/\/api.w.org\/{rel}","templated":true}]}}