{"id":9557,"date":"2024-09-16T12:54:12","date_gmt":"2024-09-16T12:54:12","guid":{"rendered":"https:\/\/consortium.hr\/?post_type=product&#038;p=9557"},"modified":"2026-04-20T14:28:21","modified_gmt":"2026-04-20T14:28:21","slug":"dezinfekcija-i-odstranjivanje-plijesni-i-gljivica","status":"publish","type":"product","link":"https:\/\/consortium.hr\/sl\/product\/dezinfekcija-i-odstranjivanje-plijesni-i-gljivica\/","title":{"rendered":"Dezinfekcija in odstranjevanje plesni in glivic"},"content":{"rendered":"<p><strong>Uspe\u0161no bel\u00ed povr\u0161ine in u\u010dinkovito odstranjuje plesen ter glivice.<\/strong><\/p>\n<p>Idealen je za vse prostore, \u0161e posebej za sanitarne prostore, kopalnice, silikone in fuge na plo\u0161\u010dicah ter stenske povr\u0161ine, premazane s klasi\u010dno zidno barvo, pa tudi za lesene povr\u0161ine.<\/p>\n<ul>\n<li>vsebuje aktivni klor<\/li>\n<li>beljenje povr\u0161ine<\/li>\n<li>hitro deluje<\/li>\n<li>\u201eready to use\u201c (pripravljeno za uporabo)<\/li>\n<\/ul>\n<p><strong>UPORABA<\/strong><\/p>\n<ol>\n<li>\u00a0Nanesite na obmo\u010dje, prekrit s plesenjo, iz razdalje pribli\u017eno 15 cm<\/li>\n<li>\u00a0Pustite delovati 10-20 minut<\/li>\n<li>\u00a0O\u010distite povr\u0161ino s krpo ali gobico po potrebi<\/li>\n<li>\u00a0V primeru mo\u010dnej\u0161e plesni postopek ponovite<\/li>\n<\/ol>\n<p>Rok uporabe: 3 leta od datuma proizvodnje<\/p>\n<p>Dr\u017eava porekla: Hrva\u0161ka<\/p>\n<p>SHRANJEVANJE<br \/>\nShranjujte samo v originalnem pakiranju. Odlo\u017eite vsebino\/posodo v skladu z veljavnimi zakonskimi predpisi. V stiku s kislinami spro\u0161\u010da strupene pline (klor).<br \/>\nShranjujte v originalni, dobro zaprti embala\u017ei, na suhem, hladnem in prezra\u010devanem prostoru. Za\u0161\u010ditite pred mehanskimi po\u0161kodbami in neposredno son\u010dno svetlobo.<\/p>","protected":false},"excerpt":{"rendered":"<p>Uspje\u0161no izbjeljuje povr\u0161ine i u\u010dinkovito uklanja plijesan i gljivice Idealan je za sve prostore, a posebice za sanitarne prostorije, kupaone, silikone i fuge na plo\u010dicama te zidne povr\u0161ine premazane klasi\u010dnom zidnom bojom, te drvene povr\u0161ine. sadr\u017ei aktivni klor izbjeljuje povr\u0161inu promptno djeluje \u201eready to use\u201c (gotov za uporabu) PRIMJENA \u00a0Nanijeti na podru\u010dje prekriveno sa plijesni [&hellip;]<\/p>","protected":false},"featured_media":9559,"template":"","meta":{"_acf_changed":false},"product_brand":[],"product_cat":[169,178],"product_tag":[],"class_list":{"0":"post-9557","1":"product","2":"type-product","3":"status-publish","4":"has-post-thumbnail","6":"product_cat-boje-i-lakovi","7":"product_cat-sredstva-protiv-plijesni-i-vlage","9":"first","10":"instock","11":"shipping-taxable","12":"purchasable","13":"product-type-variable","14":"wvs-archive-product-wrapper"},"acf":[],"yoast_head":"<!-- This site is optimized with the Yoast SEO plugin v26.1.1 - https:\/\/yoast.com\/wordpress\/plugins\/seo\/ -->\n<title>Dezinfekcija i odstranjivanje plijesni i gljivica - Consortium<\/title>\n<meta name=\"robots\" content=\"index, follow, max-snippet:-1, max-image-preview:large, max-video-preview:-1\" \/>\n<link rel=\"canonical\" href=\"https:\/\/consortium.hr\/sl\/product\/dezinfekcija-i-odstranjivanje-plijesni-i-gljivica\/\" \/>\n<meta property=\"og:locale\" content=\"sl_SI\" \/>\n<meta property=\"og:type\" content=\"article\" \/>\n<meta property=\"og:title\" content=\"Dezinfekcija i odstranjivanje plijesni i gljivica - Consortium\" \/>\n<meta property=\"og:description\" content=\"Uspje\u0161no izbjeljuje povr\u0161ine i u\u010dinkovito uklanja plijesan i gljivice Idealan je za sve prostore, a posebice za sanitarne prostorije, kupaone, silikone i fuge na plo\u010dicama te zidne povr\u0161ine premazane klasi\u010dnom zidnom bojom, te drvene povr\u0161ine. sadr\u017ei aktivni klor izbjeljuje povr\u0161inu promptno djeluje \u201eready to use\u201c (gotov za uporabu) PRIMJENA \u00a0Nanijeti na podru\u010dje prekriveno sa plijesni [&hellip;]\" \/>\n<meta property=\"og:url\" content=\"https:\/\/consortium.hr\/sl\/product\/dezinfekcija-i-odstranjivanje-plijesni-i-gljivica\/\" \/>\n<meta property=\"og:site_name\" content=\"Consortium\" \/>\n<meta property=\"article:modified_time\" content=\"2026-04-20T14:28:21+00:00\" \/>\n<meta property=\"og:image\" content=\"https:\/\/consortium.hr\/wp-content\/uploads\/2024\/09\/Dezinfekcija-i-odstranjivanje-plijesni-i-gljivica.jpg\" \/>\n\t<meta property=\"og:image:width\" content=\"800\" \/>\n\t<meta property=\"og:image:height\" content=\"800\" \/>\n\t<meta property=\"og:image:type\" content=\"image\/jpeg\" \/>\n<meta name=\"twitter:card\" content=\"summary_large_image\" \/>\n<meta name=\"twitter:label1\" content=\"Est. reading time\" \/>\n\t<meta name=\"twitter:data1\" content=\"1 minuta\" \/>\n<script type=\"application\/ld+json\" class=\"yoast-schema-graph\">{\"@context\":\"https:\/\/schema.org\",\"@graph\":[{\"@type\":\"WebPage\",\"@id\":\"https:\/\/consortium.hr\/product\/dezinfekcija-i-odstranjivanje-plijesni-i-gljivica\/\",\"url\":\"https:\/\/consortium.hr\/product\/dezinfekcija-i-odstranjivanje-plijesni-i-gljivica\/\",\"name\":\"Dezinfekcija i odstranjivanje plijesni i gljivica - Consortium\",\"isPartOf\":{\"@id\":\"https:\/\/consortium.hr\/#website\"},\"primaryImageOfPage\":{\"@id\":\"https:\/\/consortium.hr\/product\/dezinfekcija-i-odstranjivanje-plijesni-i-gljivica\/#primaryimage\"},\"image\":{\"@id\":\"https:\/\/consortium.hr\/product\/dezinfekcija-i-odstranjivanje-plijesni-i-gljivica\/#primaryimage\"},\"thumbnailUrl\":\"https:\/\/consortium.hr\/wp-content\/uploads\/2024\/09\/Dezinfekcija-i-odstranjivanje-plijesni-i-gljivica.jpg\",\"datePublished\":\"2024-09-16T12:54:12+00:00\",\"dateModified\":\"2026-04-20T14:28:21+00:00\",\"breadcrumb\":{\"@id\":\"https:\/\/consortium.hr\/product\/dezinfekcija-i-odstranjivanje-plijesni-i-gljivica\/#breadcrumb\"},\"inLanguage\":\"sl-SI\",\"potentialAction\":[{\"@type\":\"ReadAction\",\"target\":[\"https:\/\/consortium.hr\/product\/dezinfekcija-i-odstranjivanje-plijesni-i-gljivica\/\"]}]},{\"@type\":\"ImageObject\",\"inLanguage\":\"sl-SI\",\"@id\":\"https:\/\/consortium.hr\/product\/dezinfekcija-i-odstranjivanje-plijesni-i-gljivica\/#primaryimage\",\"url\":\"https:\/\/consortium.hr\/wp-content\/uploads\/2024\/09\/Dezinfekcija-i-odstranjivanje-plijesni-i-gljivica.jpg\",\"contentUrl\":\"https:\/\/consortium.hr\/wp-content\/uploads\/2024\/09\/Dezinfekcija-i-odstranjivanje-plijesni-i-gljivica.jpg\",\"width\":800,\"height\":800},{\"@type\":\"BreadcrumbList\",\"@id\":\"https:\/\/consortium.hr\/product\/dezinfekcija-i-odstranjivanje-plijesni-i-gljivica\/#breadcrumb\",\"itemListElement\":[{\"@type\":\"ListItem\",\"position\":1,\"name\":\"Po\u010detna stranica\",\"item\":\"https:\/\/consortium.hr\/sl\/\"},{\"@type\":\"ListItem\",\"position\":2,\"name\":\"Shop\",\"item\":\"https:\/\/consortium.hr\/sl\/shop\/\"},{\"@type\":\"ListItem\",\"position\":3,\"name\":\"Dezinfekcija i odstranjivanje plijesni i gljivica\"}]},{\"@type\":\"WebSite\",\"@id\":\"https:\/\/consortium.hr\/#website\",\"url\":\"https:\/\/consortium.hr\/\",\"name\":\"Consortium\",\"description\":\"Gra\u0111evinski Materijal - Odli\u010dna Ponuda i Cijena\",\"alternateName\":\"Gra\u0111evinski Materijal - Odli\u010dna Ponuda i Cijena\",\"potentialAction\":[{\"@type\":\"SearchAction\",\"target\":{\"@type\":\"EntryPoint\",\"urlTemplate\":\"https:\/\/consortium.hr\/?s={search_term_string}\"},\"query-input\":{\"@type\":\"PropertyValueSpecification\",\"valueRequired\":true,\"valueName\":\"search_term_string\"}}],\"inLanguage\":\"sl-SI\"}]}<\/script>\n<!-- \/ Yoast SEO plugin. -->","yoast_head_json":{"title":"Dezinfekcija i odstranjivanje plijesni i gljivica - Consortium","robots":{"index":"index","follow":"follow","max-snippet":"max-snippet:-1","max-image-preview":"max-image-preview:large","max-video-preview":"max-video-preview:-1"},"canonical":"https:\/\/consortium.hr\/sl\/product\/dezinfekcija-i-odstranjivanje-plijesni-i-gljivica\/","og_locale":"sl_SI","og_type":"article","og_title":"Dezinfekcija i odstranjivanje plijesni i gljivica - Consortium","og_description":"Uspje\u0161no izbjeljuje povr\u0161ine i u\u010dinkovito uklanja plijesan i gljivice Idealan je za sve prostore, a posebice za sanitarne prostorije, kupaone, silikone i fuge na plo\u010dicama te zidne povr\u0161ine premazane klasi\u010dnom zidnom bojom, te drvene povr\u0161ine. sadr\u017ei aktivni klor izbjeljuje povr\u0161inu promptno djeluje \u201eready to use\u201c (gotov za uporabu) PRIMJENA \u00a0Nanijeti na podru\u010dje prekriveno sa plijesni [&hellip;]","og_url":"https:\/\/consortium.hr\/sl\/product\/dezinfekcija-i-odstranjivanje-plijesni-i-gljivica\/","og_site_name":"Consortium","article_modified_time":"2026-04-20T14:28:21+00:00","og_image":[{"width":800,"height":800,"url":"https:\/\/consortium.hr\/wp-content\/uploads\/2024\/09\/Dezinfekcija-i-odstranjivanje-plijesni-i-gljivica.jpg","type":"image\/jpeg"}],"twitter_card":"summary_large_image","twitter_misc":{"Est. reading time":"1 minuta"},"schema":{"@context":"https:\/\/schema.org","@graph":[{"@type":"WebPage","@id":"https:\/\/consortium.hr\/product\/dezinfekcija-i-odstranjivanje-plijesni-i-gljivica\/","url":"https:\/\/consortium.hr\/product\/dezinfekcija-i-odstranjivanje-plijesni-i-gljivica\/","name":"Dezinfekcija i odstranjivanje plijesni i gljivica - Consortium","isPartOf":{"@id":"https:\/\/consortium.hr\/#website"},"primaryImageOfPage":{"@id":"https:\/\/consortium.hr\/product\/dezinfekcija-i-odstranjivanje-plijesni-i-gljivica\/#primaryimage"},"image":{"@id":"https:\/\/consortium.hr\/product\/dezinfekcija-i-odstranjivanje-plijesni-i-gljivica\/#primaryimage"},"thumbnailUrl":"https:\/\/consortium.hr\/wp-content\/uploads\/2024\/09\/Dezinfekcija-i-odstranjivanje-plijesni-i-gljivica.jpg","datePublished":"2024-09-16T12:54:12+00:00","dateModified":"2026-04-20T14:28:21+00:00","breadcrumb":{"@id":"https:\/\/consortium.hr\/product\/dezinfekcija-i-odstranjivanje-plijesni-i-gljivica\/#breadcrumb"},"inLanguage":"sl-SI","potentialAction":[{"@type":"ReadAction","target":["https:\/\/consortium.hr\/product\/dezinfekcija-i-odstranjivanje-plijesni-i-gljivica\/"]}]},{"@type":"ImageObject","inLanguage":"sl-SI","@id":"https:\/\/consortium.hr\/product\/dezinfekcija-i-odstranjivanje-plijesni-i-gljivica\/#primaryimage","url":"https:\/\/consortium.hr\/wp-content\/uploads\/2024\/09\/Dezinfekcija-i-odstranjivanje-plijesni-i-gljivica.jpg","contentUrl":"https:\/\/consortium.hr\/wp-content\/uploads\/2024\/09\/Dezinfekcija-i-odstranjivanje-plijesni-i-gljivica.jpg","width":800,"height":800},{"@type":"BreadcrumbList","@id":"https:\/\/consortium.hr\/product\/dezinfekcija-i-odstranjivanje-plijesni-i-gljivica\/#breadcrumb","itemListElement":[{"@type":"ListItem","position":1,"name":"Po\u010detna stranica","item":"https:\/\/consortium.hr\/sl\/"},{"@type":"ListItem","position":2,"name":"Shop","item":"https:\/\/consortium.hr\/sl\/shop\/"},{"@type":"ListItem","position":3,"name":"Dezinfekcija i odstranjivanje plijesni i gljivica"}]},{"@type":"WebSite","@id":"https:\/\/consortium.hr\/#website","url":"https:\/\/consortium.hr\/","name":"Consortium","description":"Gra\u0111evinski Materijal - Odli\u010dna Ponuda i Cijena","alternateName":"Gra\u0111evinski Materijal - Odli\u010dna Ponuda i Cijena","potentialAction":[{"@type":"SearchAction","target":{"@type":"EntryPoint","urlTemplate":"https:\/\/consortium.hr\/?s={search_term_string}"},"query-input":{"@type":"PropertyValueSpecification","valueRequired":true,"valueName":"search_term_string"}}],"inLanguage":"sl-SI"}]}},"_links":{"self":[{"href":"https:\/\/consortium.hr\/sl\/wp-json\/wp\/v2\/product\/9557","targetHints":{"allow":["GET"]}}],"collection":[{"href":"https:\/\/consortium.hr\/sl\/wp-json\/wp\/v2\/product"}],"about":[{"href":"https:\/\/consortium.hr\/sl\/wp-json\/wp\/v2\/types\/product"}],"wp:featuredmedia":[{"embeddable":true,"href":"https:\/\/consortium.hr\/sl\/wp-json\/wp\/v2\/media\/9559"}],"wp:attachment":[{"href":"https:\/\/consortium.hr\/sl\/wp-json\/wp\/v2\/media?parent=9557"}],"wp:term":[{"taxonomy":"product_brand","embeddable":true,"href":"https:\/\/consortium.hr\/sl\/wp-json\/wp\/v2\/product_brand?post=9557"},{"taxonomy":"product_cat","embeddable":true,"href":"https:\/\/consortium.hr\/sl\/wp-json\/wp\/v2\/product_cat?post=9557"},{"taxonomy":"product_tag","embeddable":true,"href":"https:\/\/consortium.hr\/sl\/wp-json\/wp\/v2\/product_tag?post=9557"}],"curies":[{"name":"wp","href":"https:\/\/api.w.org\/{rel}","templated":true}]}}