{"id":9640,"date":"2024-09-16T14:06:16","date_gmt":"2024-09-16T14:06:16","guid":{"rendered":"https:\/\/consortium.hr\/?post_type=product&#038;p=9640"},"modified":"2026-03-30T09:33:12","modified_gmt":"2026-03-30T09:33:12","slug":"ventil-sigurnosni-za-bojler-1-2","status":"publish","type":"product","link":"https:\/\/consortium.hr\/sl\/product\/ventil-sigurnosni-za-bojler-1-2\/","title":{"rendered":"Varnostni ventil za bojler 1\/2\""},"content":{"rendered":"<li>Premer priklju\u010dka: m\u017e 1\/2\"<\/li>\n<li>Tlak odpiranja: 8 barov<\/li>\n<li>Namen: za za\u0161\u010dito bojlerja pred previsokim tlakom<\/li>\n<li>Pakiranje: PVC vre\u010dka<\/li>","protected":false},"excerpt":{"rendered":"<p>Promjer priklju\u010dka: m\u017e 1\/2\" Pritisak otvaranja: 8 bara Namjena: za za\u0161titu bojlera od previsokog pritiska Pakiranje: PVC vre\u0107ica<\/p>","protected":false},"featured_media":9641,"template":"","meta":{"_acf_changed":false},"product_brand":[],"product_cat":[287,218,220],"product_tag":[],"class_list":{"0":"post-9640","1":"product","2":"type-product","3":"status-publish","4":"has-post-thumbnail","6":"product_cat-ventili","7":"product_cat-vodovod-i-sanitarije","8":"product_cat-vodovodne-instalacije","10":"first","11":"instock","12":"shipping-taxable","13":"purchasable","14":"product-type-simple"},"acf":[],"yoast_head":"<!-- This site is optimized with the Yoast SEO plugin v26.1.1 - https:\/\/yoast.com\/wordpress\/plugins\/seo\/ -->\n<title>Ventil sigurnosni za bojler 1\/2&quot; - Consortium<\/title>\n<meta name=\"robots\" content=\"index, follow, max-snippet:-1, max-image-preview:large, max-video-preview:-1\" \/>\n<link rel=\"canonical\" href=\"https:\/\/consortium.hr\/sl\/product\/ventil-sigurnosni-za-bojler-1-2\/\" \/>\n<meta property=\"og:locale\" content=\"sl_SI\" \/>\n<meta property=\"og:type\" content=\"article\" \/>\n<meta property=\"og:title\" content=\"Ventil sigurnosni za bojler 1\/2&quot; - Consortium\" \/>\n<meta property=\"og:description\" content=\"Promjer priklju\u010dka: m\u017e 1\/2&quot; Pritisak otvaranja: 8 bara Namjena: za za\u0161titu bojlera od previsokog pritiska Pakiranje: PVC vre\u0107ica\" \/>\n<meta property=\"og:url\" content=\"https:\/\/consortium.hr\/sl\/product\/ventil-sigurnosni-za-bojler-1-2\/\" \/>\n<meta property=\"og:site_name\" content=\"Consortium\" \/>\n<meta property=\"article:modified_time\" content=\"2026-03-30T09:33:12+00:00\" \/>\n<meta property=\"og:image\" content=\"https:\/\/consortium.hr\/wp-content\/uploads\/2024\/09\/Ventil-sigurnosni-za-bojler-1-2.jpg\" \/>\n\t<meta property=\"og:image:width\" content=\"800\" \/>\n\t<meta property=\"og:image:height\" content=\"800\" \/>\n\t<meta property=\"og:image:type\" content=\"image\/jpeg\" \/>\n<meta name=\"twitter:card\" content=\"summary_large_image\" \/>\n<script type=\"application\/ld+json\" class=\"yoast-schema-graph\">{\"@context\":\"https:\/\/schema.org\",\"@graph\":[{\"@type\":\"WebPage\",\"@id\":\"https:\/\/consortium.hr\/product\/ventil-sigurnosni-za-bojler-1-2\/\",\"url\":\"https:\/\/consortium.hr\/product\/ventil-sigurnosni-za-bojler-1-2\/\",\"name\":\"Ventil sigurnosni za bojler 1\/2\\\" - Consortium\",\"isPartOf\":{\"@id\":\"https:\/\/consortium.hr\/#website\"},\"primaryImageOfPage\":{\"@id\":\"https:\/\/consortium.hr\/product\/ventil-sigurnosni-za-bojler-1-2\/#primaryimage\"},\"image\":{\"@id\":\"https:\/\/consortium.hr\/product\/ventil-sigurnosni-za-bojler-1-2\/#primaryimage\"},\"thumbnailUrl\":\"https:\/\/consortium.hr\/wp-content\/uploads\/2024\/09\/Ventil-sigurnosni-za-bojler-1-2.jpg\",\"datePublished\":\"2024-09-16T14:06:16+00:00\",\"dateModified\":\"2026-03-30T09:33:12+00:00\",\"breadcrumb\":{\"@id\":\"https:\/\/consortium.hr\/product\/ventil-sigurnosni-za-bojler-1-2\/#breadcrumb\"},\"inLanguage\":\"sl-SI\",\"potentialAction\":[{\"@type\":\"ReadAction\",\"target\":[\"https:\/\/consortium.hr\/product\/ventil-sigurnosni-za-bojler-1-2\/\"]}]},{\"@type\":\"ImageObject\",\"inLanguage\":\"sl-SI\",\"@id\":\"https:\/\/consortium.hr\/product\/ventil-sigurnosni-za-bojler-1-2\/#primaryimage\",\"url\":\"https:\/\/consortium.hr\/wp-content\/uploads\/2024\/09\/Ventil-sigurnosni-za-bojler-1-2.jpg\",\"contentUrl\":\"https:\/\/consortium.hr\/wp-content\/uploads\/2024\/09\/Ventil-sigurnosni-za-bojler-1-2.jpg\",\"width\":800,\"height\":800},{\"@type\":\"BreadcrumbList\",\"@id\":\"https:\/\/consortium.hr\/product\/ventil-sigurnosni-za-bojler-1-2\/#breadcrumb\",\"itemListElement\":[{\"@type\":\"ListItem\",\"position\":1,\"name\":\"Po\u010detna stranica\",\"item\":\"https:\/\/consortium.hr\/sl\/\"},{\"@type\":\"ListItem\",\"position\":2,\"name\":\"Shop\",\"item\":\"https:\/\/consortium.hr\/sl\/shop\/\"},{\"@type\":\"ListItem\",\"position\":3,\"name\":\"Ventil sigurnosni za bojler 1\/2\\\"\"}]},{\"@type\":\"WebSite\",\"@id\":\"https:\/\/consortium.hr\/#website\",\"url\":\"https:\/\/consortium.hr\/\",\"name\":\"Consortium\",\"description\":\"Gra\u0111evinski Materijal - Odli\u010dna Ponuda i Cijena\",\"alternateName\":\"Gra\u0111evinski Materijal - Odli\u010dna Ponuda i Cijena\",\"potentialAction\":[{\"@type\":\"SearchAction\",\"target\":{\"@type\":\"EntryPoint\",\"urlTemplate\":\"https:\/\/consortium.hr\/?s={search_term_string}\"},\"query-input\":{\"@type\":\"PropertyValueSpecification\",\"valueRequired\":true,\"valueName\":\"search_term_string\"}}],\"inLanguage\":\"sl-SI\"}]}<\/script>\n<!-- \/ Yoast SEO plugin. -->","yoast_head_json":{"title":"Ventil sigurnosni za bojler 1\/2\" - Consortium","robots":{"index":"index","follow":"follow","max-snippet":"max-snippet:-1","max-image-preview":"max-image-preview:large","max-video-preview":"max-video-preview:-1"},"canonical":"https:\/\/consortium.hr\/sl\/product\/ventil-sigurnosni-za-bojler-1-2\/","og_locale":"sl_SI","og_type":"article","og_title":"Ventil sigurnosni za bojler 1\/2\" - Consortium","og_description":"Promjer priklju\u010dka: m\u017e 1\/2\" Pritisak otvaranja: 8 bara Namjena: za za\u0161titu bojlera od previsokog pritiska Pakiranje: PVC vre\u0107ica","og_url":"https:\/\/consortium.hr\/sl\/product\/ventil-sigurnosni-za-bojler-1-2\/","og_site_name":"Consortium","article_modified_time":"2026-03-30T09:33:12+00:00","og_image":[{"width":800,"height":800,"url":"https:\/\/consortium.hr\/wp-content\/uploads\/2024\/09\/Ventil-sigurnosni-za-bojler-1-2.jpg","type":"image\/jpeg"}],"twitter_card":"summary_large_image","schema":{"@context":"https:\/\/schema.org","@graph":[{"@type":"WebPage","@id":"https:\/\/consortium.hr\/product\/ventil-sigurnosni-za-bojler-1-2\/","url":"https:\/\/consortium.hr\/product\/ventil-sigurnosni-za-bojler-1-2\/","name":"Ventil sigurnosni za bojler 1\/2\" - Consortium","isPartOf":{"@id":"https:\/\/consortium.hr\/#website"},"primaryImageOfPage":{"@id":"https:\/\/consortium.hr\/product\/ventil-sigurnosni-za-bojler-1-2\/#primaryimage"},"image":{"@id":"https:\/\/consortium.hr\/product\/ventil-sigurnosni-za-bojler-1-2\/#primaryimage"},"thumbnailUrl":"https:\/\/consortium.hr\/wp-content\/uploads\/2024\/09\/Ventil-sigurnosni-za-bojler-1-2.jpg","datePublished":"2024-09-16T14:06:16+00:00","dateModified":"2026-03-30T09:33:12+00:00","breadcrumb":{"@id":"https:\/\/consortium.hr\/product\/ventil-sigurnosni-za-bojler-1-2\/#breadcrumb"},"inLanguage":"sl-SI","potentialAction":[{"@type":"ReadAction","target":["https:\/\/consortium.hr\/product\/ventil-sigurnosni-za-bojler-1-2\/"]}]},{"@type":"ImageObject","inLanguage":"sl-SI","@id":"https:\/\/consortium.hr\/product\/ventil-sigurnosni-za-bojler-1-2\/#primaryimage","url":"https:\/\/consortium.hr\/wp-content\/uploads\/2024\/09\/Ventil-sigurnosni-za-bojler-1-2.jpg","contentUrl":"https:\/\/consortium.hr\/wp-content\/uploads\/2024\/09\/Ventil-sigurnosni-za-bojler-1-2.jpg","width":800,"height":800},{"@type":"BreadcrumbList","@id":"https:\/\/consortium.hr\/product\/ventil-sigurnosni-za-bojler-1-2\/#breadcrumb","itemListElement":[{"@type":"ListItem","position":1,"name":"Po\u010detna stranica","item":"https:\/\/consortium.hr\/sl\/"},{"@type":"ListItem","position":2,"name":"Shop","item":"https:\/\/consortium.hr\/sl\/shop\/"},{"@type":"ListItem","position":3,"name":"Ventil sigurnosni za bojler 1\/2\""}]},{"@type":"WebSite","@id":"https:\/\/consortium.hr\/#website","url":"https:\/\/consortium.hr\/","name":"Consortium","description":"Gra\u0111evinski Materijal - Odli\u010dna Ponuda i Cijena","alternateName":"Gra\u0111evinski Materijal - Odli\u010dna Ponuda i Cijena","potentialAction":[{"@type":"SearchAction","target":{"@type":"EntryPoint","urlTemplate":"https:\/\/consortium.hr\/?s={search_term_string}"},"query-input":{"@type":"PropertyValueSpecification","valueRequired":true,"valueName":"search_term_string"}}],"inLanguage":"sl-SI"}]}},"_links":{"self":[{"href":"https:\/\/consortium.hr\/sl\/wp-json\/wp\/v2\/product\/9640","targetHints":{"allow":["GET"]}}],"collection":[{"href":"https:\/\/consortium.hr\/sl\/wp-json\/wp\/v2\/product"}],"about":[{"href":"https:\/\/consortium.hr\/sl\/wp-json\/wp\/v2\/types\/product"}],"wp:featuredmedia":[{"embeddable":true,"href":"https:\/\/consortium.hr\/sl\/wp-json\/wp\/v2\/media\/9641"}],"wp:attachment":[{"href":"https:\/\/consortium.hr\/sl\/wp-json\/wp\/v2\/media?parent=9640"}],"wp:term":[{"taxonomy":"product_brand","embeddable":true,"href":"https:\/\/consortium.hr\/sl\/wp-json\/wp\/v2\/product_brand?post=9640"},{"taxonomy":"product_cat","embeddable":true,"href":"https:\/\/consortium.hr\/sl\/wp-json\/wp\/v2\/product_cat?post=9640"},{"taxonomy":"product_tag","embeddable":true,"href":"https:\/\/consortium.hr\/sl\/wp-json\/wp\/v2\/product_tag?post=9640"}],"curies":[{"name":"wp","href":"https:\/\/api.w.org\/{rel}","templated":true}]}}