{"id":9670,"date":"2024-09-17T09:35:45","date_gmt":"2024-09-17T09:35:45","guid":{"rendered":"https:\/\/consortium.hr\/?post_type=product&#038;p=9670"},"modified":"2026-03-26T11:09:14","modified_gmt":"2026-03-26T11:09:14","slug":"dulux-acryl-matt","status":"publish","type":"product","link":"https:\/\/consortium.hr\/sl\/product\/dulux-acryl-matt\/","title":{"rendered":"Dulux Acryl Matt"},"content":{"rendered":"<p><strong>Dulux Acryl Matt barva za notranje prostore je visoko kakovostna, visoko pokrivna disperzija na vodni osnovi, namenjena za obdelavo sten in stropov v notranjih prostorih, bele barve. <\/strong><\/p>\n<p>Odporna je na obi\u010dajne vrednosti atmosferske vlage v notranjih prostorih, prav tako pa na brisanje z vla\u017eno krpo.<\/p>\n<p>Ni primerna za uporabo na povr\u0161inah, kjer je prisotna mo\u010dna in dolgotrajna kondenzacija vlage.<\/p>\n<p><strong>Priprava povr\u0161ine: <\/strong><\/p>\n<p>Povr\u0161ine, ki jih je na\u010drtovano barvati, morajo biti nosilne, \u010diste in suhe. Odstranite nenosilne dele prej\u0161njih premazov in ometa. Plesen ali alge odstranite z ustreznim sredstvom. Neenakosti in razpoke zapolnite in poravnajte s primernim gipsom. Na nove, neobdelane podlage ali povr\u0161ine, ki prahijo, je potrebno nanesti Dulux Grunt impregnacijo.<\/p>\n<p><strong>Uporaba: <\/strong><\/p>\n<p>Po potrebi preme\u0161ajte pred uporabo. Razred\u010devanje z vodo ni potrebno, vendar je mogo\u010de razred\u010diti do 5 %. Na povr\u0161inah, kjer je potrebna pomembna sprememba odtenka, je lahko potrebno nanesti dodatni sloj. Med nana\u0161anjem posameznih slojev mora prete\u010di najmanj 2-4 ure.<\/p>\n<p><strong>Pokrivnost: <\/strong><\/p>\n<p>Pri nanosu enega premaza 1 l zadostuje za do 12 m\u00b2\/l na gladkih povr\u0161inah.<\/p>\n<p><strong>Orodja: <\/strong><\/p>\n<p>\u010copi\u010d ali valj\u010dek.<\/p>\n<p><strong>Prednosti: <\/strong><\/p>\n<p>Brez pr\u0161enja in kapljanja. Odporna na vla\u017eno brisanje, visoka pokrivna mo\u010d.<\/p>","protected":false},"excerpt":{"rendered":"<p>Dulux Acryl Matt boja za interijer je visoko kvalitetna, visokopokrivna disperzija na vodenoj bazi namijenjena za obradu zidova i stropova interijera, bijele boje. Otporna je na normalne vrijednosti atmosferske vlage u interijeru, kao i na brisanje mokrom tkaninom. Nije pogodna za upotrebu na povr\u0161inama na kojima postoji jaka i dugotrajna kondenzacija vlage. Priprema povr\u0161ine: Povr\u0161ine [&hellip;]<\/p>","protected":false},"featured_media":9671,"template":"","meta":{"_acf_changed":false},"product_brand":[],"product_cat":[169,170,181],"product_tag":[],"class_list":{"0":"post-9670","1":"product","2":"type-product","3":"status-publish","4":"has-post-thumbnail","6":"product_cat-boje-i-lakovi","7":"product_cat-unutarnje-boje","8":"product_cat-unutarnje-zidne-boje","10":"first","11":"instock","12":"shipping-taxable","13":"purchasable","14":"product-type-variable","15":"wvs-archive-product-wrapper"},"acf":[],"yoast_head":"<!-- This site is optimized with the Yoast SEO plugin v26.1.1 - https:\/\/yoast.com\/wordpress\/plugins\/seo\/ -->\n<title>Dulux Acryl Matt - Consortium<\/title>\n<meta name=\"robots\" content=\"index, follow, max-snippet:-1, max-image-preview:large, max-video-preview:-1\" \/>\n<link rel=\"canonical\" href=\"https:\/\/consortium.hr\/sl\/product\/dulux-acryl-matt\/\" \/>\n<meta property=\"og:locale\" content=\"sl_SI\" \/>\n<meta property=\"og:type\" content=\"article\" \/>\n<meta property=\"og:title\" content=\"Dulux Acryl Matt - Consortium\" \/>\n<meta property=\"og:description\" content=\"Dulux Acryl Matt boja za interijer je visoko kvalitetna, visokopokrivna disperzija na vodenoj bazi namijenjena za obradu zidova i stropova interijera, bijele boje. Otporna je na normalne vrijednosti atmosferske vlage u interijeru, kao i na brisanje mokrom tkaninom. Nije pogodna za upotrebu na povr\u0161inama na kojima postoji jaka i dugotrajna kondenzacija vlage. Priprema povr\u0161ine: Povr\u0161ine [&hellip;]\" \/>\n<meta property=\"og:url\" content=\"https:\/\/consortium.hr\/sl\/product\/dulux-acryl-matt\/\" \/>\n<meta property=\"og:site_name\" content=\"Consortium\" \/>\n<meta property=\"article:modified_time\" content=\"2026-03-26T11:09:14+00:00\" \/>\n<meta property=\"og:image\" content=\"https:\/\/consortium.hr\/wp-content\/uploads\/2024\/09\/Dulux-Acryl-Matt.jpg\" \/>\n\t<meta property=\"og:image:width\" content=\"800\" \/>\n\t<meta property=\"og:image:height\" content=\"800\" \/>\n\t<meta property=\"og:image:type\" content=\"image\/jpeg\" \/>\n<meta name=\"twitter:card\" content=\"summary_large_image\" \/>\n<meta name=\"twitter:label1\" content=\"Est. reading time\" \/>\n\t<meta name=\"twitter:data1\" content=\"1 minuta\" \/>\n<script type=\"application\/ld+json\" class=\"yoast-schema-graph\">{\"@context\":\"https:\/\/schema.org\",\"@graph\":[{\"@type\":\"WebPage\",\"@id\":\"https:\/\/consortium.hr\/product\/dulux-acryl-matt\/\",\"url\":\"https:\/\/consortium.hr\/product\/dulux-acryl-matt\/\",\"name\":\"Dulux Acryl Matt - Consortium\",\"isPartOf\":{\"@id\":\"https:\/\/consortium.hr\/#website\"},\"primaryImageOfPage\":{\"@id\":\"https:\/\/consortium.hr\/product\/dulux-acryl-matt\/#primaryimage\"},\"image\":{\"@id\":\"https:\/\/consortium.hr\/product\/dulux-acryl-matt\/#primaryimage\"},\"thumbnailUrl\":\"https:\/\/consortium.hr\/wp-content\/uploads\/2024\/09\/Dulux-Acryl-Matt.jpg\",\"datePublished\":\"2024-09-17T09:35:45+00:00\",\"dateModified\":\"2026-03-26T11:09:14+00:00\",\"breadcrumb\":{\"@id\":\"https:\/\/consortium.hr\/product\/dulux-acryl-matt\/#breadcrumb\"},\"inLanguage\":\"sl-SI\",\"potentialAction\":[{\"@type\":\"ReadAction\",\"target\":[\"https:\/\/consortium.hr\/product\/dulux-acryl-matt\/\"]}]},{\"@type\":\"ImageObject\",\"inLanguage\":\"sl-SI\",\"@id\":\"https:\/\/consortium.hr\/product\/dulux-acryl-matt\/#primaryimage\",\"url\":\"https:\/\/consortium.hr\/wp-content\/uploads\/2024\/09\/Dulux-Acryl-Matt.jpg\",\"contentUrl\":\"https:\/\/consortium.hr\/wp-content\/uploads\/2024\/09\/Dulux-Acryl-Matt.jpg\",\"width\":800,\"height\":800},{\"@type\":\"BreadcrumbList\",\"@id\":\"https:\/\/consortium.hr\/product\/dulux-acryl-matt\/#breadcrumb\",\"itemListElement\":[{\"@type\":\"ListItem\",\"position\":1,\"name\":\"Po\u010detna stranica\",\"item\":\"https:\/\/consortium.hr\/sl\/\"},{\"@type\":\"ListItem\",\"position\":2,\"name\":\"Shop\",\"item\":\"https:\/\/consortium.hr\/sl\/shop\/\"},{\"@type\":\"ListItem\",\"position\":3,\"name\":\"Dulux Acryl Matt\"}]},{\"@type\":\"WebSite\",\"@id\":\"https:\/\/consortium.hr\/#website\",\"url\":\"https:\/\/consortium.hr\/\",\"name\":\"Consortium\",\"description\":\"Gra\u0111evinski Materijal - Odli\u010dna Ponuda i Cijena\",\"alternateName\":\"Gra\u0111evinski Materijal - Odli\u010dna Ponuda i Cijena\",\"potentialAction\":[{\"@type\":\"SearchAction\",\"target\":{\"@type\":\"EntryPoint\",\"urlTemplate\":\"https:\/\/consortium.hr\/?s={search_term_string}\"},\"query-input\":{\"@type\":\"PropertyValueSpecification\",\"valueRequired\":true,\"valueName\":\"search_term_string\"}}],\"inLanguage\":\"sl-SI\"}]}<\/script>\n<!-- \/ Yoast SEO plugin. -->","yoast_head_json":{"title":"Dulux Acryl Matt - Consortium","robots":{"index":"index","follow":"follow","max-snippet":"max-snippet:-1","max-image-preview":"max-image-preview:large","max-video-preview":"max-video-preview:-1"},"canonical":"https:\/\/consortium.hr\/sl\/product\/dulux-acryl-matt\/","og_locale":"sl_SI","og_type":"article","og_title":"Dulux Acryl Matt - Consortium","og_description":"Dulux Acryl Matt boja za interijer je visoko kvalitetna, visokopokrivna disperzija na vodenoj bazi namijenjena za obradu zidova i stropova interijera, bijele boje. Otporna je na normalne vrijednosti atmosferske vlage u interijeru, kao i na brisanje mokrom tkaninom. Nije pogodna za upotrebu na povr\u0161inama na kojima postoji jaka i dugotrajna kondenzacija vlage. Priprema povr\u0161ine: Povr\u0161ine [&hellip;]","og_url":"https:\/\/consortium.hr\/sl\/product\/dulux-acryl-matt\/","og_site_name":"Consortium","article_modified_time":"2026-03-26T11:09:14+00:00","og_image":[{"width":800,"height":800,"url":"https:\/\/consortium.hr\/wp-content\/uploads\/2024\/09\/Dulux-Acryl-Matt.jpg","type":"image\/jpeg"}],"twitter_card":"summary_large_image","twitter_misc":{"Est. reading time":"1 minuta"},"schema":{"@context":"https:\/\/schema.org","@graph":[{"@type":"WebPage","@id":"https:\/\/consortium.hr\/product\/dulux-acryl-matt\/","url":"https:\/\/consortium.hr\/product\/dulux-acryl-matt\/","name":"Dulux Acryl Matt - Consortium","isPartOf":{"@id":"https:\/\/consortium.hr\/#website"},"primaryImageOfPage":{"@id":"https:\/\/consortium.hr\/product\/dulux-acryl-matt\/#primaryimage"},"image":{"@id":"https:\/\/consortium.hr\/product\/dulux-acryl-matt\/#primaryimage"},"thumbnailUrl":"https:\/\/consortium.hr\/wp-content\/uploads\/2024\/09\/Dulux-Acryl-Matt.jpg","datePublished":"2024-09-17T09:35:45+00:00","dateModified":"2026-03-26T11:09:14+00:00","breadcrumb":{"@id":"https:\/\/consortium.hr\/product\/dulux-acryl-matt\/#breadcrumb"},"inLanguage":"sl-SI","potentialAction":[{"@type":"ReadAction","target":["https:\/\/consortium.hr\/product\/dulux-acryl-matt\/"]}]},{"@type":"ImageObject","inLanguage":"sl-SI","@id":"https:\/\/consortium.hr\/product\/dulux-acryl-matt\/#primaryimage","url":"https:\/\/consortium.hr\/wp-content\/uploads\/2024\/09\/Dulux-Acryl-Matt.jpg","contentUrl":"https:\/\/consortium.hr\/wp-content\/uploads\/2024\/09\/Dulux-Acryl-Matt.jpg","width":800,"height":800},{"@type":"BreadcrumbList","@id":"https:\/\/consortium.hr\/product\/dulux-acryl-matt\/#breadcrumb","itemListElement":[{"@type":"ListItem","position":1,"name":"Po\u010detna stranica","item":"https:\/\/consortium.hr\/sl\/"},{"@type":"ListItem","position":2,"name":"Shop","item":"https:\/\/consortium.hr\/sl\/shop\/"},{"@type":"ListItem","position":3,"name":"Dulux Acryl Matt"}]},{"@type":"WebSite","@id":"https:\/\/consortium.hr\/#website","url":"https:\/\/consortium.hr\/","name":"Consortium","description":"Gra\u0111evinski Materijal - Odli\u010dna Ponuda i Cijena","alternateName":"Gra\u0111evinski Materijal - Odli\u010dna Ponuda i Cijena","potentialAction":[{"@type":"SearchAction","target":{"@type":"EntryPoint","urlTemplate":"https:\/\/consortium.hr\/?s={search_term_string}"},"query-input":{"@type":"PropertyValueSpecification","valueRequired":true,"valueName":"search_term_string"}}],"inLanguage":"sl-SI"}]}},"_links":{"self":[{"href":"https:\/\/consortium.hr\/sl\/wp-json\/wp\/v2\/product\/9670","targetHints":{"allow":["GET"]}}],"collection":[{"href":"https:\/\/consortium.hr\/sl\/wp-json\/wp\/v2\/product"}],"about":[{"href":"https:\/\/consortium.hr\/sl\/wp-json\/wp\/v2\/types\/product"}],"wp:featuredmedia":[{"embeddable":true,"href":"https:\/\/consortium.hr\/sl\/wp-json\/wp\/v2\/media\/9671"}],"wp:attachment":[{"href":"https:\/\/consortium.hr\/sl\/wp-json\/wp\/v2\/media?parent=9670"}],"wp:term":[{"taxonomy":"product_brand","embeddable":true,"href":"https:\/\/consortium.hr\/sl\/wp-json\/wp\/v2\/product_brand?post=9670"},{"taxonomy":"product_cat","embeddable":true,"href":"https:\/\/consortium.hr\/sl\/wp-json\/wp\/v2\/product_cat?post=9670"},{"taxonomy":"product_tag","embeddable":true,"href":"https:\/\/consortium.hr\/sl\/wp-json\/wp\/v2\/product_tag?post=9670"}],"curies":[{"name":"wp","href":"https:\/\/api.w.org\/{rel}","templated":true}]}}