{"id":9836,"date":"2024-10-08T13:33:14","date_gmt":"2024-10-08T13:33:14","guid":{"rendered":"https:\/\/consortium.hr\/?post_type=product&#038;p=9836"},"modified":"2026-04-29T05:37:58","modified_gmt":"2026-04-29T05:37:58","slug":"perlfix","status":"publish","type":"product","link":"https:\/\/consortium.hr\/sl\/product\/perlfix\/","title":{"rendered":"Perlfix"},"content":{"rendered":"<p><strong><span class=\"MuiTypography-root MuiTypography-body2bold ltrcache-1djslpv\" data-cy=\"NameDescriptionDIY-shortDescription\">Mav\u010dno lepilo za suho ometavanje.<\/span><\/strong><\/p>\n<ul>\n<li class=\"MuiListItemIcon-root ltrcache-12qz5v6\">25kg<\/li>\n<li class=\"MuiListItemText-root MuiListItemText-dense ltrcache-60zjf7\"><span class=\"MuiTypography-root MuiTypography-body2dense ltrcache-nvrrou\">Pra\u0161kast material, takoj pripravljen za uporabo<\/span><\/li>\n<li><span class=\"MuiTypography-root MuiTypography-body2dense ltrcache-nvrrou\">Vezan z mavcem<\/span><\/li>\n<li class=\"MuiListItemText-root MuiListItemText-dense ltrcache-60zjf7\"><span class=\"MuiTypography-root MuiTypography-body2dense ltrcache-nvrrou\">Dobro se me\u0161a<\/span><\/li>\n<li class=\"MuiListItemText-root MuiListItemText-dense ltrcache-60zjf7\"><span class=\"MuiTypography-root MuiTypography-body2dense ltrcache-nvrrou\">Pastozna konsistenca<\/span><\/li>\n<\/ul>","protected":false},"excerpt":{"rendered":"<p>Gipsano ljepilo za suhu \u017ebuku 25kg Pra\u0161kasti materijal, odmah spreman za upotrebu Vezan gipsom Dobro se mije\u0161a Pastozna konzistencija<\/p>","protected":false},"featured_media":9837,"template":"","meta":{"_acf_changed":false},"product_brand":[],"product_cat":[185,184],"product_tag":[],"class_list":{"0":"post-9836","1":"product","2":"type-product","3":"status-publish","4":"has-post-thumbnail","6":"product_cat-pribor-za-suhu-gradnju","7":"product_cat-suha-gradnja","9":"first","10":"instock","11":"shipping-taxable","12":"purchasable","13":"product-type-simple"},"acf":[],"yoast_head":"<!-- This site is optimized with the Yoast SEO plugin v26.1.1 - https:\/\/yoast.com\/wordpress\/plugins\/seo\/ -->\n<title>Perlfix - Consortium<\/title>\n<meta name=\"robots\" content=\"index, follow, max-snippet:-1, max-image-preview:large, max-video-preview:-1\" \/>\n<link rel=\"canonical\" href=\"https:\/\/consortium.hr\/sl\/product\/perlfix\/\" \/>\n<meta property=\"og:locale\" content=\"sl_SI\" \/>\n<meta property=\"og:type\" content=\"article\" \/>\n<meta property=\"og:title\" content=\"Perlfix - Consortium\" \/>\n<meta property=\"og:description\" content=\"Gipsano ljepilo za suhu \u017ebuku 25kg Pra\u0161kasti materijal, odmah spreman za upotrebu Vezan gipsom Dobro se mije\u0161a Pastozna konzistencija\" \/>\n<meta property=\"og:url\" content=\"https:\/\/consortium.hr\/sl\/product\/perlfix\/\" \/>\n<meta property=\"og:site_name\" content=\"Consortium\" \/>\n<meta property=\"article:modified_time\" content=\"2026-04-29T05:37:58+00:00\" \/>\n<meta property=\"og:image\" content=\"https:\/\/consortium.hr\/wp-content\/uploads\/2024\/10\/Perlfix.jpg\" \/>\n\t<meta property=\"og:image:width\" content=\"800\" \/>\n\t<meta property=\"og:image:height\" content=\"800\" \/>\n\t<meta property=\"og:image:type\" content=\"image\/jpeg\" \/>\n<meta name=\"twitter:card\" content=\"summary_large_image\" \/>\n<script type=\"application\/ld+json\" class=\"yoast-schema-graph\">{\"@context\":\"https:\/\/schema.org\",\"@graph\":[{\"@type\":\"WebPage\",\"@id\":\"https:\/\/consortium.hr\/product\/perlfix\/\",\"url\":\"https:\/\/consortium.hr\/product\/perlfix\/\",\"name\":\"Perlfix - Consortium\",\"isPartOf\":{\"@id\":\"https:\/\/consortium.hr\/#website\"},\"primaryImageOfPage\":{\"@id\":\"https:\/\/consortium.hr\/product\/perlfix\/#primaryimage\"},\"image\":{\"@id\":\"https:\/\/consortium.hr\/product\/perlfix\/#primaryimage\"},\"thumbnailUrl\":\"https:\/\/consortium.hr\/wp-content\/uploads\/2024\/10\/Perlfix.jpg\",\"datePublished\":\"2024-10-08T13:33:14+00:00\",\"dateModified\":\"2026-04-29T05:37:58+00:00\",\"breadcrumb\":{\"@id\":\"https:\/\/consortium.hr\/product\/perlfix\/#breadcrumb\"},\"inLanguage\":\"sl-SI\",\"potentialAction\":[{\"@type\":\"ReadAction\",\"target\":[\"https:\/\/consortium.hr\/product\/perlfix\/\"]}]},{\"@type\":\"ImageObject\",\"inLanguage\":\"sl-SI\",\"@id\":\"https:\/\/consortium.hr\/product\/perlfix\/#primaryimage\",\"url\":\"https:\/\/consortium.hr\/wp-content\/uploads\/2024\/10\/Perlfix.jpg\",\"contentUrl\":\"https:\/\/consortium.hr\/wp-content\/uploads\/2024\/10\/Perlfix.jpg\",\"width\":800,\"height\":800},{\"@type\":\"BreadcrumbList\",\"@id\":\"https:\/\/consortium.hr\/product\/perlfix\/#breadcrumb\",\"itemListElement\":[{\"@type\":\"ListItem\",\"position\":1,\"name\":\"Po\u010detna stranica\",\"item\":\"https:\/\/consortium.hr\/sl\/\"},{\"@type\":\"ListItem\",\"position\":2,\"name\":\"Shop\",\"item\":\"https:\/\/consortium.hr\/sl\/shop\/\"},{\"@type\":\"ListItem\",\"position\":3,\"name\":\"Perlfix\"}]},{\"@type\":\"WebSite\",\"@id\":\"https:\/\/consortium.hr\/#website\",\"url\":\"https:\/\/consortium.hr\/\",\"name\":\"Consortium\",\"description\":\"Gra\u0111evinski Materijal - Odli\u010dna Ponuda i Cijena\",\"alternateName\":\"Gra\u0111evinski Materijal - Odli\u010dna Ponuda i Cijena\",\"potentialAction\":[{\"@type\":\"SearchAction\",\"target\":{\"@type\":\"EntryPoint\",\"urlTemplate\":\"https:\/\/consortium.hr\/?s={search_term_string}\"},\"query-input\":{\"@type\":\"PropertyValueSpecification\",\"valueRequired\":true,\"valueName\":\"search_term_string\"}}],\"inLanguage\":\"sl-SI\"}]}<\/script>\n<!-- \/ Yoast SEO plugin. -->","yoast_head_json":{"title":"Perlfix - Consortium","robots":{"index":"index","follow":"follow","max-snippet":"max-snippet:-1","max-image-preview":"max-image-preview:large","max-video-preview":"max-video-preview:-1"},"canonical":"https:\/\/consortium.hr\/sl\/product\/perlfix\/","og_locale":"sl_SI","og_type":"article","og_title":"Perlfix - Consortium","og_description":"Gipsano ljepilo za suhu \u017ebuku 25kg Pra\u0161kasti materijal, odmah spreman za upotrebu Vezan gipsom Dobro se mije\u0161a Pastozna konzistencija","og_url":"https:\/\/consortium.hr\/sl\/product\/perlfix\/","og_site_name":"Consortium","article_modified_time":"2026-04-29T05:37:58+00:00","og_image":[{"width":800,"height":800,"url":"https:\/\/consortium.hr\/wp-content\/uploads\/2024\/10\/Perlfix.jpg","type":"image\/jpeg"}],"twitter_card":"summary_large_image","schema":{"@context":"https:\/\/schema.org","@graph":[{"@type":"WebPage","@id":"https:\/\/consortium.hr\/product\/perlfix\/","url":"https:\/\/consortium.hr\/product\/perlfix\/","name":"Perlfix - Consortium","isPartOf":{"@id":"https:\/\/consortium.hr\/#website"},"primaryImageOfPage":{"@id":"https:\/\/consortium.hr\/product\/perlfix\/#primaryimage"},"image":{"@id":"https:\/\/consortium.hr\/product\/perlfix\/#primaryimage"},"thumbnailUrl":"https:\/\/consortium.hr\/wp-content\/uploads\/2024\/10\/Perlfix.jpg","datePublished":"2024-10-08T13:33:14+00:00","dateModified":"2026-04-29T05:37:58+00:00","breadcrumb":{"@id":"https:\/\/consortium.hr\/product\/perlfix\/#breadcrumb"},"inLanguage":"sl-SI","potentialAction":[{"@type":"ReadAction","target":["https:\/\/consortium.hr\/product\/perlfix\/"]}]},{"@type":"ImageObject","inLanguage":"sl-SI","@id":"https:\/\/consortium.hr\/product\/perlfix\/#primaryimage","url":"https:\/\/consortium.hr\/wp-content\/uploads\/2024\/10\/Perlfix.jpg","contentUrl":"https:\/\/consortium.hr\/wp-content\/uploads\/2024\/10\/Perlfix.jpg","width":800,"height":800},{"@type":"BreadcrumbList","@id":"https:\/\/consortium.hr\/product\/perlfix\/#breadcrumb","itemListElement":[{"@type":"ListItem","position":1,"name":"Po\u010detna stranica","item":"https:\/\/consortium.hr\/sl\/"},{"@type":"ListItem","position":2,"name":"Shop","item":"https:\/\/consortium.hr\/sl\/shop\/"},{"@type":"ListItem","position":3,"name":"Perlfix"}]},{"@type":"WebSite","@id":"https:\/\/consortium.hr\/#website","url":"https:\/\/consortium.hr\/","name":"Consortium","description":"Gra\u0111evinski Materijal - Odli\u010dna Ponuda i Cijena","alternateName":"Gra\u0111evinski Materijal - Odli\u010dna Ponuda i Cijena","potentialAction":[{"@type":"SearchAction","target":{"@type":"EntryPoint","urlTemplate":"https:\/\/consortium.hr\/?s={search_term_string}"},"query-input":{"@type":"PropertyValueSpecification","valueRequired":true,"valueName":"search_term_string"}}],"inLanguage":"sl-SI"}]}},"_links":{"self":[{"href":"https:\/\/consortium.hr\/sl\/wp-json\/wp\/v2\/product\/9836","targetHints":{"allow":["GET"]}}],"collection":[{"href":"https:\/\/consortium.hr\/sl\/wp-json\/wp\/v2\/product"}],"about":[{"href":"https:\/\/consortium.hr\/sl\/wp-json\/wp\/v2\/types\/product"}],"wp:featuredmedia":[{"embeddable":true,"href":"https:\/\/consortium.hr\/sl\/wp-json\/wp\/v2\/media\/9837"}],"wp:attachment":[{"href":"https:\/\/consortium.hr\/sl\/wp-json\/wp\/v2\/media?parent=9836"}],"wp:term":[{"taxonomy":"product_brand","embeddable":true,"href":"https:\/\/consortium.hr\/sl\/wp-json\/wp\/v2\/product_brand?post=9836"},{"taxonomy":"product_cat","embeddable":true,"href":"https:\/\/consortium.hr\/sl\/wp-json\/wp\/v2\/product_cat?post=9836"},{"taxonomy":"product_tag","embeddable":true,"href":"https:\/\/consortium.hr\/sl\/wp-json\/wp\/v2\/product_tag?post=9836"}],"curies":[{"name":"wp","href":"https:\/\/api.w.org\/{rel}","templated":true}]}}