{"id":9838,"date":"2024-10-08T13:34:59","date_gmt":"2024-10-08T13:34:59","guid":{"rendered":"https:\/\/consortium.hr\/?post_type=product&#038;p=9838"},"modified":"2026-04-17T07:27:39","modified_gmt":"2026-04-17T07:27:39","slug":"pattex-ljepilo-za-cipele-50-ml","status":"publish","type":"product","link":"https:\/\/consortium.hr\/sl\/product\/pattex-ljepilo-za-cipele-50-ml\/","title":{"rendered":"PATTEX lepilo za \u010devlje 50 ml"},"content":{"rendered":"<p><strong>Pattex lepilo za \u010devlje je namenjeno za vse vrste \u010devljev, njegova formulacija pa omogo\u010da mo\u010dno in dolgotrajno lepljenje.<\/strong><\/p>\n<ul>\n<li>Lepi razli\u010dne materiale in je idealen za ravne povr\u0161ine.<\/li>\n<\/ul>\n<p><em>Podro\u010dje uporabe:<\/em><\/p>\n<ul>\n<li style=\"list-style-type: none;\">\n<ul>\n<li>Guma<\/li>\n<li>Usnje<\/li>\n<li>Pluta<\/li>\n<li>Filc<\/li>\n<li>Mehke pene<\/li>\n<\/ul>\n<\/li>\n<\/ul>\n<ul>\n<li>Ni primerno za polietilen, polipropilen in ekspandiran polistiren.<\/li>\n<li>Pred uporabo natan\u010dno preberite tehni\u010dni in varnostno-tehni\u010dni list.<\/li>\n<\/ul>","protected":false},"excerpt":{"rendered":"<p>Pattex ljepilo za cipele namijenjeno za sve vrste cipela, a njegova formulacija omogu\u0107ava sna\u017eno i dugotrajno lijepljenje. Lijepi razli\u010dite materijale i idealno je za ravne povr\u0161ine. Podru\u010dje primjene: Guma Ko\u017ea Pluto Filc Mekane pjene Nije prikladno za polietilen, polipropilen i ekspandirani polistiren. Prije upotrebe pa\u017eljivo pro\u010ditajte tehni\u010dki i sigurnosno tehni\u010dki list<\/p>","protected":false},"featured_media":9839,"template":"","meta":{"_acf_changed":false},"product_brand":[],"product_cat":[369],"product_tag":[],"class_list":{"0":"post-9838","1":"product","2":"type-product","3":"status-publish","4":"has-post-thumbnail","6":"product_cat-ljepila","8":"first","9":"instock","10":"shipping-taxable","11":"purchasable","12":"product-type-simple"},"acf":[],"yoast_head":"<!-- This site is optimized with the Yoast SEO plugin v26.1.1 - https:\/\/yoast.com\/wordpress\/plugins\/seo\/ -->\n<title>PATTEX Ljepilo za cipele 50 ml - Consortium<\/title>\n<meta name=\"robots\" content=\"index, follow, max-snippet:-1, max-image-preview:large, max-video-preview:-1\" \/>\n<link rel=\"canonical\" href=\"https:\/\/consortium.hr\/sl\/product\/pattex-ljepilo-za-cipele-50-ml\/\" \/>\n<meta property=\"og:locale\" content=\"sl_SI\" \/>\n<meta property=\"og:type\" content=\"article\" \/>\n<meta property=\"og:title\" content=\"PATTEX Ljepilo za cipele 50 ml - Consortium\" \/>\n<meta property=\"og:description\" content=\"Pattex ljepilo za cipele namijenjeno za sve vrste cipela, a njegova formulacija omogu\u0107ava sna\u017eno i dugotrajno lijepljenje. Lijepi razli\u010dite materijale i idealno je za ravne povr\u0161ine. Podru\u010dje primjene: Guma Ko\u017ea Pluto Filc Mekane pjene Nije prikladno za polietilen, polipropilen i ekspandirani polistiren. Prije upotrebe pa\u017eljivo pro\u010ditajte tehni\u010dki i sigurnosno tehni\u010dki list\" \/>\n<meta property=\"og:url\" content=\"https:\/\/consortium.hr\/sl\/product\/pattex-ljepilo-za-cipele-50-ml\/\" \/>\n<meta property=\"og:site_name\" content=\"Consortium\" \/>\n<meta property=\"article:modified_time\" content=\"2026-04-17T07:27:39+00:00\" \/>\n<meta property=\"og:image\" content=\"https:\/\/consortium.hr\/wp-content\/uploads\/2024\/10\/PATTEX-Ljepilo-za-cipele-50ml.jpg\" \/>\n\t<meta property=\"og:image:width\" content=\"800\" \/>\n\t<meta property=\"og:image:height\" content=\"800\" \/>\n\t<meta property=\"og:image:type\" content=\"image\/jpeg\" \/>\n<meta name=\"twitter:card\" content=\"summary_large_image\" \/>\n<script type=\"application\/ld+json\" class=\"yoast-schema-graph\">{\"@context\":\"https:\/\/schema.org\",\"@graph\":[{\"@type\":\"WebPage\",\"@id\":\"https:\/\/consortium.hr\/product\/pattex-ljepilo-za-cipele-50-ml\/\",\"url\":\"https:\/\/consortium.hr\/product\/pattex-ljepilo-za-cipele-50-ml\/\",\"name\":\"PATTEX Ljepilo za cipele 50 ml - Consortium\",\"isPartOf\":{\"@id\":\"https:\/\/consortium.hr\/#website\"},\"primaryImageOfPage\":{\"@id\":\"https:\/\/consortium.hr\/product\/pattex-ljepilo-za-cipele-50-ml\/#primaryimage\"},\"image\":{\"@id\":\"https:\/\/consortium.hr\/product\/pattex-ljepilo-za-cipele-50-ml\/#primaryimage\"},\"thumbnailUrl\":\"https:\/\/consortium.hr\/wp-content\/uploads\/2024\/10\/PATTEX-Ljepilo-za-cipele-50ml.jpg\",\"datePublished\":\"2024-10-08T13:34:59+00:00\",\"dateModified\":\"2026-04-17T07:27:39+00:00\",\"breadcrumb\":{\"@id\":\"https:\/\/consortium.hr\/product\/pattex-ljepilo-za-cipele-50-ml\/#breadcrumb\"},\"inLanguage\":\"sl-SI\",\"potentialAction\":[{\"@type\":\"ReadAction\",\"target\":[\"https:\/\/consortium.hr\/product\/pattex-ljepilo-za-cipele-50-ml\/\"]}]},{\"@type\":\"ImageObject\",\"inLanguage\":\"sl-SI\",\"@id\":\"https:\/\/consortium.hr\/product\/pattex-ljepilo-za-cipele-50-ml\/#primaryimage\",\"url\":\"https:\/\/consortium.hr\/wp-content\/uploads\/2024\/10\/PATTEX-Ljepilo-za-cipele-50ml.jpg\",\"contentUrl\":\"https:\/\/consortium.hr\/wp-content\/uploads\/2024\/10\/PATTEX-Ljepilo-za-cipele-50ml.jpg\",\"width\":800,\"height\":800},{\"@type\":\"BreadcrumbList\",\"@id\":\"https:\/\/consortium.hr\/product\/pattex-ljepilo-za-cipele-50-ml\/#breadcrumb\",\"itemListElement\":[{\"@type\":\"ListItem\",\"position\":1,\"name\":\"Po\u010detna stranica\",\"item\":\"https:\/\/consortium.hr\/sl\/\"},{\"@type\":\"ListItem\",\"position\":2,\"name\":\"Shop\",\"item\":\"https:\/\/consortium.hr\/sl\/shop\/\"},{\"@type\":\"ListItem\",\"position\":3,\"name\":\"PATTEX Ljepilo za cipele 50 ml\"}]},{\"@type\":\"WebSite\",\"@id\":\"https:\/\/consortium.hr\/#website\",\"url\":\"https:\/\/consortium.hr\/\",\"name\":\"Consortium\",\"description\":\"Gra\u0111evinski Materijal - Odli\u010dna Ponuda i Cijena\",\"alternateName\":\"Gra\u0111evinski Materijal - Odli\u010dna Ponuda i Cijena\",\"potentialAction\":[{\"@type\":\"SearchAction\",\"target\":{\"@type\":\"EntryPoint\",\"urlTemplate\":\"https:\/\/consortium.hr\/?s={search_term_string}\"},\"query-input\":{\"@type\":\"PropertyValueSpecification\",\"valueRequired\":true,\"valueName\":\"search_term_string\"}}],\"inLanguage\":\"sl-SI\"}]}<\/script>\n<!-- \/ Yoast SEO plugin. -->","yoast_head_json":{"title":"PATTEX Ljepilo za cipele 50 ml - Consortium","robots":{"index":"index","follow":"follow","max-snippet":"max-snippet:-1","max-image-preview":"max-image-preview:large","max-video-preview":"max-video-preview:-1"},"canonical":"https:\/\/consortium.hr\/sl\/product\/pattex-ljepilo-za-cipele-50-ml\/","og_locale":"sl_SI","og_type":"article","og_title":"PATTEX Ljepilo za cipele 50 ml - Consortium","og_description":"Pattex ljepilo za cipele namijenjeno za sve vrste cipela, a njegova formulacija omogu\u0107ava sna\u017eno i dugotrajno lijepljenje. Lijepi razli\u010dite materijale i idealno je za ravne povr\u0161ine. Podru\u010dje primjene: Guma Ko\u017ea Pluto Filc Mekane pjene Nije prikladno za polietilen, polipropilen i ekspandirani polistiren. Prije upotrebe pa\u017eljivo pro\u010ditajte tehni\u010dki i sigurnosno tehni\u010dki list","og_url":"https:\/\/consortium.hr\/sl\/product\/pattex-ljepilo-za-cipele-50-ml\/","og_site_name":"Consortium","article_modified_time":"2026-04-17T07:27:39+00:00","og_image":[{"width":800,"height":800,"url":"https:\/\/consortium.hr\/wp-content\/uploads\/2024\/10\/PATTEX-Ljepilo-za-cipele-50ml.jpg","type":"image\/jpeg"}],"twitter_card":"summary_large_image","schema":{"@context":"https:\/\/schema.org","@graph":[{"@type":"WebPage","@id":"https:\/\/consortium.hr\/product\/pattex-ljepilo-za-cipele-50-ml\/","url":"https:\/\/consortium.hr\/product\/pattex-ljepilo-za-cipele-50-ml\/","name":"PATTEX Ljepilo za cipele 50 ml - Consortium","isPartOf":{"@id":"https:\/\/consortium.hr\/#website"},"primaryImageOfPage":{"@id":"https:\/\/consortium.hr\/product\/pattex-ljepilo-za-cipele-50-ml\/#primaryimage"},"image":{"@id":"https:\/\/consortium.hr\/product\/pattex-ljepilo-za-cipele-50-ml\/#primaryimage"},"thumbnailUrl":"https:\/\/consortium.hr\/wp-content\/uploads\/2024\/10\/PATTEX-Ljepilo-za-cipele-50ml.jpg","datePublished":"2024-10-08T13:34:59+00:00","dateModified":"2026-04-17T07:27:39+00:00","breadcrumb":{"@id":"https:\/\/consortium.hr\/product\/pattex-ljepilo-za-cipele-50-ml\/#breadcrumb"},"inLanguage":"sl-SI","potentialAction":[{"@type":"ReadAction","target":["https:\/\/consortium.hr\/product\/pattex-ljepilo-za-cipele-50-ml\/"]}]},{"@type":"ImageObject","inLanguage":"sl-SI","@id":"https:\/\/consortium.hr\/product\/pattex-ljepilo-za-cipele-50-ml\/#primaryimage","url":"https:\/\/consortium.hr\/wp-content\/uploads\/2024\/10\/PATTEX-Ljepilo-za-cipele-50ml.jpg","contentUrl":"https:\/\/consortium.hr\/wp-content\/uploads\/2024\/10\/PATTEX-Ljepilo-za-cipele-50ml.jpg","width":800,"height":800},{"@type":"BreadcrumbList","@id":"https:\/\/consortium.hr\/product\/pattex-ljepilo-za-cipele-50-ml\/#breadcrumb","itemListElement":[{"@type":"ListItem","position":1,"name":"Po\u010detna stranica","item":"https:\/\/consortium.hr\/sl\/"},{"@type":"ListItem","position":2,"name":"Shop","item":"https:\/\/consortium.hr\/sl\/shop\/"},{"@type":"ListItem","position":3,"name":"PATTEX Ljepilo za cipele 50 ml"}]},{"@type":"WebSite","@id":"https:\/\/consortium.hr\/#website","url":"https:\/\/consortium.hr\/","name":"Consortium","description":"Gra\u0111evinski Materijal - Odli\u010dna Ponuda i Cijena","alternateName":"Gra\u0111evinski Materijal - Odli\u010dna Ponuda i Cijena","potentialAction":[{"@type":"SearchAction","target":{"@type":"EntryPoint","urlTemplate":"https:\/\/consortium.hr\/?s={search_term_string}"},"query-input":{"@type":"PropertyValueSpecification","valueRequired":true,"valueName":"search_term_string"}}],"inLanguage":"sl-SI"}]}},"_links":{"self":[{"href":"https:\/\/consortium.hr\/sl\/wp-json\/wp\/v2\/product\/9838","targetHints":{"allow":["GET"]}}],"collection":[{"href":"https:\/\/consortium.hr\/sl\/wp-json\/wp\/v2\/product"}],"about":[{"href":"https:\/\/consortium.hr\/sl\/wp-json\/wp\/v2\/types\/product"}],"wp:featuredmedia":[{"embeddable":true,"href":"https:\/\/consortium.hr\/sl\/wp-json\/wp\/v2\/media\/9839"}],"wp:attachment":[{"href":"https:\/\/consortium.hr\/sl\/wp-json\/wp\/v2\/media?parent=9838"}],"wp:term":[{"taxonomy":"product_brand","embeddable":true,"href":"https:\/\/consortium.hr\/sl\/wp-json\/wp\/v2\/product_brand?post=9838"},{"taxonomy":"product_cat","embeddable":true,"href":"https:\/\/consortium.hr\/sl\/wp-json\/wp\/v2\/product_cat?post=9838"},{"taxonomy":"product_tag","embeddable":true,"href":"https:\/\/consortium.hr\/sl\/wp-json\/wp\/v2\/product_tag?post=9838"}],"curies":[{"name":"wp","href":"https:\/\/api.w.org\/{rel}","templated":true}]}}