{"id":9858,"date":"2024-10-09T10:07:54","date_gmt":"2024-10-09T10:07:54","guid":{"rendered":"https:\/\/consortium.hr\/?post_type=product&#038;p=9858"},"modified":"2026-04-20T10:28:28","modified_gmt":"2026-04-20T10:28:28","slug":"cool-premium-emajl-lak","status":"publish","type":"product","link":"https:\/\/consortium.hr\/sl\/product\/cool-premium-emajl-lak\/","title":{"rendered":"Cool premium emajl lak"},"content":{"rendered":"<p><strong>Za\u0161\u010ditno-dekorativni premaz za les in kovino visokega sijaja.<\/strong><\/p>\n<ul>\n<li>Izjemna odpornost na UV sevanje in atmosferi\u010dne vplive.<\/li>\n<li>Izdelan iz sinteti\u010dnih smol, pigmentov in aditivov.<\/li>\n<li>Nana\u0161a se s \u010dopi\u010dem, valj\u010dkom ali pr\u0161enjem, na temeljno barvo za les ali kovino, na \u010disto in suho povr\u0161ino.<\/li>\n<li>Red\u010denje: do 10% z oljnim razred\u010dilom.<\/li>\n<li>Prekrivnost: 8 \u2013 10 m\u00b2\/lit. v enem sloju.<\/li>\n<li>Rok uporabe: 36 mesecev<\/li>\n<\/ul>","protected":false},"excerpt":{"rendered":"<p>Za\u0161titno - dekorativni premaz za drvo i metal visokog sjaja. Izuzetne otpornosti na UV zra\u010denje i atmosferske utjecaje. Izra\u0111en od sintetskih smola, pigmenata i aditiva. Nanosi se kistom, valjkom ili prskanjem, na temeljnu boju za drvo ili metal, na \u010distu i suhu povr\u0161inu. Razrje\u0111ivanje: do 10% uljnim razrje\u0111iva\u010dem. Pokrivnost: 8 \u2013 10 m2 \/lit. u [&hellip;]<\/p>","protected":false},"featured_media":9859,"template":"","meta":{"_acf_changed":false},"product_brand":[],"product_cat":[169,173,364,365],"product_tag":[],"class_list":{"0":"post-9858","1":"product","2":"type-product","3":"status-publish","4":"has-post-thumbnail","6":"product_cat-boje-i-lakovi","7":"product_cat-lakovi","8":"product_cat-lakovi-za-drvo","9":"product_cat-lakovi-za-metal","11":"first","12":"instock","13":"shipping-taxable","14":"purchasable","15":"product-type-variable","16":"wvs-archive-product-wrapper"},"acf":[],"yoast_head":"<!-- This site is optimized with the Yoast SEO plugin v26.1.1 - https:\/\/yoast.com\/wordpress\/plugins\/seo\/ -->\n<title>Cool premium emajl lak - Consortium<\/title>\n<meta name=\"robots\" content=\"index, follow, max-snippet:-1, max-image-preview:large, max-video-preview:-1\" \/>\n<link rel=\"canonical\" href=\"https:\/\/consortium.hr\/sl\/product\/cool-premium-emajl-lak\/\" \/>\n<meta property=\"og:locale\" content=\"sl_SI\" \/>\n<meta property=\"og:type\" content=\"article\" \/>\n<meta property=\"og:title\" content=\"Cool premium emajl lak - Consortium\" \/>\n<meta property=\"og:description\" content=\"Za\u0161titno - dekorativni premaz za drvo i metal visokog sjaja. Izuzetne otpornosti na UV zra\u010denje i atmosferske utjecaje. Izra\u0111en od sintetskih smola, pigmenata i aditiva. Nanosi se kistom, valjkom ili prskanjem, na temeljnu boju za drvo ili metal, na \u010distu i suhu povr\u0161inu. Razrje\u0111ivanje: do 10% uljnim razrje\u0111iva\u010dem. Pokrivnost: 8 \u2013 10 m2 \/lit. u [&hellip;]\" \/>\n<meta property=\"og:url\" content=\"https:\/\/consortium.hr\/sl\/product\/cool-premium-emajl-lak\/\" \/>\n<meta property=\"og:site_name\" content=\"Consortium\" \/>\n<meta property=\"article:modified_time\" content=\"2026-04-20T10:28:28+00:00\" \/>\n<meta property=\"og:image\" content=\"https:\/\/consortium.hr\/wp-content\/uploads\/2024\/10\/Cool-premium-emajl-lak.jpg\" \/>\n\t<meta property=\"og:image:width\" content=\"800\" \/>\n\t<meta property=\"og:image:height\" content=\"800\" \/>\n\t<meta property=\"og:image:type\" content=\"image\/jpeg\" \/>\n<meta name=\"twitter:card\" content=\"summary_large_image\" \/>\n<script type=\"application\/ld+json\" class=\"yoast-schema-graph\">{\"@context\":\"https:\/\/schema.org\",\"@graph\":[{\"@type\":\"WebPage\",\"@id\":\"https:\/\/consortium.hr\/product\/cool-premium-emajl-lak\/\",\"url\":\"https:\/\/consortium.hr\/product\/cool-premium-emajl-lak\/\",\"name\":\"Cool premium emajl lak - Consortium\",\"isPartOf\":{\"@id\":\"https:\/\/consortium.hr\/#website\"},\"primaryImageOfPage\":{\"@id\":\"https:\/\/consortium.hr\/product\/cool-premium-emajl-lak\/#primaryimage\"},\"image\":{\"@id\":\"https:\/\/consortium.hr\/product\/cool-premium-emajl-lak\/#primaryimage\"},\"thumbnailUrl\":\"https:\/\/consortium.hr\/wp-content\/uploads\/2024\/10\/Cool-premium-emajl-lak.jpg\",\"datePublished\":\"2024-10-09T10:07:54+00:00\",\"dateModified\":\"2026-04-20T10:28:28+00:00\",\"breadcrumb\":{\"@id\":\"https:\/\/consortium.hr\/product\/cool-premium-emajl-lak\/#breadcrumb\"},\"inLanguage\":\"sl-SI\",\"potentialAction\":[{\"@type\":\"ReadAction\",\"target\":[\"https:\/\/consortium.hr\/product\/cool-premium-emajl-lak\/\"]}]},{\"@type\":\"ImageObject\",\"inLanguage\":\"sl-SI\",\"@id\":\"https:\/\/consortium.hr\/product\/cool-premium-emajl-lak\/#primaryimage\",\"url\":\"https:\/\/consortium.hr\/wp-content\/uploads\/2024\/10\/Cool-premium-emajl-lak.jpg\",\"contentUrl\":\"https:\/\/consortium.hr\/wp-content\/uploads\/2024\/10\/Cool-premium-emajl-lak.jpg\",\"width\":800,\"height\":800},{\"@type\":\"BreadcrumbList\",\"@id\":\"https:\/\/consortium.hr\/product\/cool-premium-emajl-lak\/#breadcrumb\",\"itemListElement\":[{\"@type\":\"ListItem\",\"position\":1,\"name\":\"Po\u010detna stranica\",\"item\":\"https:\/\/consortium.hr\/sl\/\"},{\"@type\":\"ListItem\",\"position\":2,\"name\":\"Shop\",\"item\":\"https:\/\/consortium.hr\/sl\/shop\/\"},{\"@type\":\"ListItem\",\"position\":3,\"name\":\"Cool premium emajl lak\"}]},{\"@type\":\"WebSite\",\"@id\":\"https:\/\/consortium.hr\/#website\",\"url\":\"https:\/\/consortium.hr\/\",\"name\":\"Consortium\",\"description\":\"Gra\u0111evinski Materijal - Odli\u010dna Ponuda i Cijena\",\"alternateName\":\"Gra\u0111evinski Materijal - Odli\u010dna Ponuda i Cijena\",\"potentialAction\":[{\"@type\":\"SearchAction\",\"target\":{\"@type\":\"EntryPoint\",\"urlTemplate\":\"https:\/\/consortium.hr\/?s={search_term_string}\"},\"query-input\":{\"@type\":\"PropertyValueSpecification\",\"valueRequired\":true,\"valueName\":\"search_term_string\"}}],\"inLanguage\":\"sl-SI\"}]}<\/script>\n<!-- \/ Yoast SEO plugin. -->","yoast_head_json":{"title":"Cool premium emajl lak - Consortium","robots":{"index":"index","follow":"follow","max-snippet":"max-snippet:-1","max-image-preview":"max-image-preview:large","max-video-preview":"max-video-preview:-1"},"canonical":"https:\/\/consortium.hr\/sl\/product\/cool-premium-emajl-lak\/","og_locale":"sl_SI","og_type":"article","og_title":"Cool premium emajl lak - Consortium","og_description":"Za\u0161titno - dekorativni premaz za drvo i metal visokog sjaja. Izuzetne otpornosti na UV zra\u010denje i atmosferske utjecaje. Izra\u0111en od sintetskih smola, pigmenata i aditiva. Nanosi se kistom, valjkom ili prskanjem, na temeljnu boju za drvo ili metal, na \u010distu i suhu povr\u0161inu. Razrje\u0111ivanje: do 10% uljnim razrje\u0111iva\u010dem. Pokrivnost: 8 \u2013 10 m2 \/lit. u [&hellip;]","og_url":"https:\/\/consortium.hr\/sl\/product\/cool-premium-emajl-lak\/","og_site_name":"Consortium","article_modified_time":"2026-04-20T10:28:28+00:00","og_image":[{"width":800,"height":800,"url":"https:\/\/consortium.hr\/wp-content\/uploads\/2024\/10\/Cool-premium-emajl-lak.jpg","type":"image\/jpeg"}],"twitter_card":"summary_large_image","schema":{"@context":"https:\/\/schema.org","@graph":[{"@type":"WebPage","@id":"https:\/\/consortium.hr\/product\/cool-premium-emajl-lak\/","url":"https:\/\/consortium.hr\/product\/cool-premium-emajl-lak\/","name":"Cool premium emajl lak - Consortium","isPartOf":{"@id":"https:\/\/consortium.hr\/#website"},"primaryImageOfPage":{"@id":"https:\/\/consortium.hr\/product\/cool-premium-emajl-lak\/#primaryimage"},"image":{"@id":"https:\/\/consortium.hr\/product\/cool-premium-emajl-lak\/#primaryimage"},"thumbnailUrl":"https:\/\/consortium.hr\/wp-content\/uploads\/2024\/10\/Cool-premium-emajl-lak.jpg","datePublished":"2024-10-09T10:07:54+00:00","dateModified":"2026-04-20T10:28:28+00:00","breadcrumb":{"@id":"https:\/\/consortium.hr\/product\/cool-premium-emajl-lak\/#breadcrumb"},"inLanguage":"sl-SI","potentialAction":[{"@type":"ReadAction","target":["https:\/\/consortium.hr\/product\/cool-premium-emajl-lak\/"]}]},{"@type":"ImageObject","inLanguage":"sl-SI","@id":"https:\/\/consortium.hr\/product\/cool-premium-emajl-lak\/#primaryimage","url":"https:\/\/consortium.hr\/wp-content\/uploads\/2024\/10\/Cool-premium-emajl-lak.jpg","contentUrl":"https:\/\/consortium.hr\/wp-content\/uploads\/2024\/10\/Cool-premium-emajl-lak.jpg","width":800,"height":800},{"@type":"BreadcrumbList","@id":"https:\/\/consortium.hr\/product\/cool-premium-emajl-lak\/#breadcrumb","itemListElement":[{"@type":"ListItem","position":1,"name":"Po\u010detna stranica","item":"https:\/\/consortium.hr\/sl\/"},{"@type":"ListItem","position":2,"name":"Shop","item":"https:\/\/consortium.hr\/sl\/shop\/"},{"@type":"ListItem","position":3,"name":"Cool premium emajl lak"}]},{"@type":"WebSite","@id":"https:\/\/consortium.hr\/#website","url":"https:\/\/consortium.hr\/","name":"Consortium","description":"Gra\u0111evinski Materijal - Odli\u010dna Ponuda i Cijena","alternateName":"Gra\u0111evinski Materijal - Odli\u010dna Ponuda i Cijena","potentialAction":[{"@type":"SearchAction","target":{"@type":"EntryPoint","urlTemplate":"https:\/\/consortium.hr\/?s={search_term_string}"},"query-input":{"@type":"PropertyValueSpecification","valueRequired":true,"valueName":"search_term_string"}}],"inLanguage":"sl-SI"}]}},"_links":{"self":[{"href":"https:\/\/consortium.hr\/sl\/wp-json\/wp\/v2\/product\/9858","targetHints":{"allow":["GET"]}}],"collection":[{"href":"https:\/\/consortium.hr\/sl\/wp-json\/wp\/v2\/product"}],"about":[{"href":"https:\/\/consortium.hr\/sl\/wp-json\/wp\/v2\/types\/product"}],"wp:featuredmedia":[{"embeddable":true,"href":"https:\/\/consortium.hr\/sl\/wp-json\/wp\/v2\/media\/9859"}],"wp:attachment":[{"href":"https:\/\/consortium.hr\/sl\/wp-json\/wp\/v2\/media?parent=9858"}],"wp:term":[{"taxonomy":"product_brand","embeddable":true,"href":"https:\/\/consortium.hr\/sl\/wp-json\/wp\/v2\/product_brand?post=9858"},{"taxonomy":"product_cat","embeddable":true,"href":"https:\/\/consortium.hr\/sl\/wp-json\/wp\/v2\/product_cat?post=9858"},{"taxonomy":"product_tag","embeddable":true,"href":"https:\/\/consortium.hr\/sl\/wp-json\/wp\/v2\/product_tag?post=9858"}],"curies":[{"name":"wp","href":"https:\/\/api.w.org\/{rel}","templated":true}]}}